{"id":5703,"date":"2015-09-07T07:09:55","date_gmt":"2015-09-07T07:09:55","guid":{"rendered":"https:\/\/artes-visuales.org\/quejas-consultas-y-contacto\/"},"modified":"2026-01-08T09:33:36","modified_gmt":"2026-01-08T09:33:36","slug":"complaints-enquiries-and-contact","status":"publish","type":"page","link":"https:\/\/artes-visuales.org\/en\/complaints-enquiries-and-contact\/","title":{"rendered":"COMPLAINTS, ENQUIRIES AND CONTACT"},"content":{"rendered":"<h3 style=\"text-align: center;\">General Coordination Joaqu\u00edn Rold\u00e1n | joaquinroldan@ugr.es<\/h3>\n<div class=\"row\"  id=\"row-891332715\">\n\n\t<div id=\"col-455786824\" class=\"col medium-1\/3 large-4\"  >\n\t\t\t\t<div class=\"col-inner\"  >\n\t\t\t\n\t\t\t\n<h3 style=\"text-align: center;\"><strong>UGR<\/strong><\/h3>\n<p>Department of Music, Visual and Physical Expression Didactics at the University of Granada<\/p>\n<p><strong>Centres:<\/strong><\/p>\n<p>Faculty of Fine Arts and Faculty of Education Sciences, University of Granada<\/p>\n<p><strong>Granada Coordination (UGR):<\/strong><\/p>\n<p>Joaqu\u00edn Rold\u00e1n Ram\u00edrez | <a href=\"mailto:joaquinroldan@ugr.es\">joaquinroldan@ugr.es<\/a><\/p>\n<p>Tel. +34 958 246 259<\/p>\n<p>Fax. +34 958 246 259<\/p>\n<p><iframe loading=\"lazy\" style=\"border: 0;\" src=\"https:\/\/www.google.com\/maps\/embed?pb=!1m18!1m12!1m3!1d3178.576566773719!2d-3.6021288846992117!3d37.18653267987077!2m3!1f0!2f0!3f0!3m2!1i1024!2i768!4f13.1!3m3!1m2!1s0xd71fcdc123151a3%3A0x122a9e5cbc7ea22c!2sUniversidad+de+Granada+-+Centro+de+Ense%C3%B1anzas+Virtuales!5e0!3m2!1ses!2ses!4v1447840175980\" width=\"300\" height=\"200\" frameborder=\"0\" allowfullscreen=\"allowfullscreen\"><\/iframe><\/p>\n\t\t<\/div>\n\t\t\t\t\t<\/div>\n\n\t\n\n\t<div id=\"col-984039910\" class=\"col medium-1\/3 large-4\"  >\n\t\t\t\t<div class=\"col-inner\"  >\n\t\t\t\n\t\t\t\n<h3 style=\"text-align: center;\">UB<\/h3>\n<p>Department of Visual Arts and Design<\/p>\n<p><strong>Centres:<\/strong><\/p>\n<p>Faculty of Fine Arts, University of Barcelona<\/p>\n<p><strong>Barcelona Coordination (UB):<\/strong><\/p>\n<p>Aurelio Castro Varela<\/p>\n<p><a href=\"mailto:aurelio.castro@ub.edu\">aurelio.castro@ub.edu<\/a><\/p>\n<p>Tel. +34 934 034 092<\/p>\n<p>Fax: +34 934 021 782<\/p>\n<p>&nbsp;<\/p>\n<p><iframe loading=\"lazy\" style=\"border: 0;\" src=\"https:\/\/www.google.com\/maps\/embed?pb=!1m18!1m12!1m3!1d2993.5891044381706!2d2.1118405154256505!3d41.38301117926465!2m3!1f0!2f0!3f0!3m2!1i1024!2i768!4f13.1!3m3!1m2!1s0x12a49857c9f21e39%3A0x57024f8211a9cadc!2sFacultat+de+Belles+Arts!5e0!3m2!1ses!2ses!4v1447840365668\" width=\"300\" height=\"200\" frameborder=\"0\" allowfullscreen=\"allowfullscreen\"><\/iframe><\/p>\n\t\t<\/div>\n\t\t\t\t\t<\/div>\n\n\t\n\n\t<div id=\"col-813035970\" class=\"col medium-1\/3 large-4\"  >\n\t\t\t\t<div class=\"col-inner\"  >\n\t\t\t\n\t\t\t\n<h3 style=\"text-align: center;\">UdG<\/h3>\n<p>Department of Specific Didactics, University of Girona<\/p>\n<p><strong>Centres:<\/strong><\/p>\n<p>Faculty of Education and Psychology, University of Girona<\/p>\n<p><strong>Girona Coordination (UdG):<\/strong><\/p>\n<p>Montserrat Calvo Angrill<\/p>\n<p><a href=\"mailto:montserrat.calbo@udg.edu\">montserrat.calbo@udg.edu<\/a><\/p>\n<p>Tel. +34 972 418 318<\/p>\n<p>&nbsp;<\/p>\n<p><iframe loading=\"lazy\" style=\"border: 0;\" src=\"https:\/\/www.google.com\/maps\/embed?pb=!1m18!1m12!1m3!1d5931.369036229695!2d2.8231242348876924!3d41.9855828!2m3!1f0!2f0!3f0!3m2!1i1024!2i768!4f13.1!3m3!1m2!1s0x12bae6e7c4bdd367%3A0x98e77127ac001baf!2sUniversitat+de+Girona!5e0!3m2!1ses!2ses!4v1447840461851\" width=\"300\" height=\"200\" frameborder=\"0\" allowfullscreen=\"allowfullscreen\"><\/iframe><\/p>\n\t\t<\/div>\n\t\t\t\t\t<\/div>\n\n\t\n<\/div>\n","protected":false},"excerpt":{"rendered":"<p>General Coordination Joaqu\u00edn Rold\u00e1n | joaquinroldan@ugr.es<\/p>\n","protected":false},"author":2,"featured_media":0,"parent":0,"menu_order":0,"comment_status":"closed","ping_status":"open","template":"","meta":{"footnotes":""},"class_list":["post-5703","page","type-page","status-publish","hentry"],"yoast_head":"<!-- This site is optimized with the Yoast SEO plugin v20.5 - https:\/\/yoast.com\/wordpress\/plugins\/seo\/ -->\n<title>COMPLAINTS, ENQUIRIES AND CONTACT - Artes Visuales y Educaci\u00f3n<\/title>\n<meta name=\"description\" content=\"Contact and inquiries: solve your doubts. Suggestions, complaints box, and direct support at UGR, UB, and UdG. Contact us!\" \/>\n<meta name=\"robots\" content=\"index, follow, max-snippet:-1, max-image-preview:large, max-video-preview:-1\" \/>\n<link rel=\"canonical\" href=\"https:\/\/artes-visuales.org\/en\/complaints-enquiries-and-contact\/\" \/>\n<meta property=\"og:locale\" content=\"en_US\" \/>\n<meta property=\"og:type\" content=\"article\" \/>\n<meta property=\"og:title\" content=\"COMPLAINTS, ENQUIRIES AND CONTACT - Artes Visuales y Educaci\u00f3n\" \/>\n<meta property=\"og:description\" content=\"Contact and inquiries: solve your doubts. Suggestions, complaints box, and direct support at UGR, UB, and UdG. Contact us!\" \/>\n<meta property=\"og:url\" content=\"https:\/\/artes-visuales.org\/en\/complaints-enquiries-and-contact\/\" \/>\n<meta property=\"og:site_name\" content=\"Artes Visuales y Educaci\u00f3n\" \/>\n<meta property=\"article:modified_time\" content=\"2026-01-08T09:33:36+00:00\" \/>\n<meta name=\"twitter:card\" content=\"summary_large_image\" \/>\n<meta name=\"twitter:label1\" content=\"Est. reading time\" \/>\n\t<meta name=\"twitter:data1\" content=\"1 minute\" \/>\n<script type=\"application\/ld+json\" class=\"yoast-schema-graph\">{\"@context\":\"https:\/\/schema.org\",\"@graph\":[{\"@type\":\"WebPage\",\"@id\":\"https:\/\/artes-visuales.org\/en\/complaints-enquiries-and-contact\/\",\"url\":\"https:\/\/artes-visuales.org\/en\/complaints-enquiries-and-contact\/\",\"name\":\"COMPLAINTS, ENQUIRIES AND CONTACT - Artes Visuales y Educaci\u00f3n\",\"isPartOf\":{\"@id\":\"https:\/\/artes-visuales.org\/#website\"},\"datePublished\":\"2015-09-07T07:09:55+00:00\",\"dateModified\":\"2026-01-08T09:33:36+00:00\",\"description\":\"Contact and inquiries: solve your doubts. Suggestions, complaints box, and direct support at UGR, UB, and UdG. Contact us!\",\"breadcrumb\":{\"@id\":\"https:\/\/artes-visuales.org\/en\/complaints-enquiries-and-contact\/#breadcrumb\"},\"inLanguage\":\"en-US\",\"potentialAction\":[{\"@type\":\"ReadAction\",\"target\":[\"https:\/\/artes-visuales.org\/en\/complaints-enquiries-and-contact\/\"]}]},{\"@type\":\"BreadcrumbList\",\"@id\":\"https:\/\/artes-visuales.org\/en\/complaints-enquiries-and-contact\/#breadcrumb\",\"itemListElement\":[{\"@type\":\"ListItem\",\"position\":1,\"name\":\"Portada\",\"item\":\"https:\/\/artes-visuales.org\/en\/\"},{\"@type\":\"ListItem\",\"position\":2,\"name\":\"COMPLAINTS, ENQUIRIES AND CONTACT\"}]},{\"@type\":\"WebSite\",\"@id\":\"https:\/\/artes-visuales.org\/#website\",\"url\":\"https:\/\/artes-visuales.org\/\",\"name\":\"Artes Visuales y Educaci\u00f3n\",\"description\":\"M\u00e1ster UGR\",\"potentialAction\":[{\"@type\":\"SearchAction\",\"target\":{\"@type\":\"EntryPoint\",\"urlTemplate\":\"https:\/\/artes-visuales.org\/?s={search_term_string}\"},\"query-input\":\"required name=search_term_string\"}],\"inLanguage\":\"en-US\"}]}<\/script>\n<!-- \/ Yoast SEO plugin. -->","yoast_head_json":{"title":"COMPLAINTS, ENQUIRIES AND CONTACT - Artes Visuales y Educaci\u00f3n","description":"Contact and inquiries: solve your doubts. Suggestions, complaints box, and direct support at UGR, UB, and UdG. Contact us!","robots":{"index":"index","follow":"follow","max-snippet":"max-snippet:-1","max-image-preview":"max-image-preview:large","max-video-preview":"max-video-preview:-1"},"canonical":"https:\/\/artes-visuales.org\/en\/complaints-enquiries-and-contact\/","og_locale":"en_US","og_type":"article","og_title":"COMPLAINTS, ENQUIRIES AND CONTACT - Artes Visuales y Educaci\u00f3n","og_description":"Contact and inquiries: solve your doubts. Suggestions, complaints box, and direct support at UGR, UB, and UdG. Contact us!","og_url":"https:\/\/artes-visuales.org\/en\/complaints-enquiries-and-contact\/","og_site_name":"Artes Visuales y Educaci\u00f3n","article_modified_time":"2026-01-08T09:33:36+00:00","twitter_card":"summary_large_image","twitter_misc":{"Est. reading time":"1 minute"},"schema":{"@context":"https:\/\/schema.org","@graph":[{"@type":"WebPage","@id":"https:\/\/artes-visuales.org\/en\/complaints-enquiries-and-contact\/","url":"https:\/\/artes-visuales.org\/en\/complaints-enquiries-and-contact\/","name":"COMPLAINTS, ENQUIRIES AND CONTACT - Artes Visuales y Educaci\u00f3n","isPartOf":{"@id":"https:\/\/artes-visuales.org\/#website"},"datePublished":"2015-09-07T07:09:55+00:00","dateModified":"2026-01-08T09:33:36+00:00","description":"Contact and inquiries: solve your doubts. Suggestions, complaints box, and direct support at UGR, UB, and UdG. Contact us!","breadcrumb":{"@id":"https:\/\/artes-visuales.org\/en\/complaints-enquiries-and-contact\/#breadcrumb"},"inLanguage":"en-US","potentialAction":[{"@type":"ReadAction","target":["https:\/\/artes-visuales.org\/en\/complaints-enquiries-and-contact\/"]}]},{"@type":"BreadcrumbList","@id":"https:\/\/artes-visuales.org\/en\/complaints-enquiries-and-contact\/#breadcrumb","itemListElement":[{"@type":"ListItem","position":1,"name":"Portada","item":"https:\/\/artes-visuales.org\/en\/"},{"@type":"ListItem","position":2,"name":"COMPLAINTS, ENQUIRIES AND CONTACT"}]},{"@type":"WebSite","@id":"https:\/\/artes-visuales.org\/#website","url":"https:\/\/artes-visuales.org\/","name":"Artes Visuales y Educaci\u00f3n","description":"M\u00e1ster UGR","potentialAction":[{"@type":"SearchAction","target":{"@type":"EntryPoint","urlTemplate":"https:\/\/artes-visuales.org\/?s={search_term_string}"},"query-input":"required name=search_term_string"}],"inLanguage":"en-US"}]}},"_links":{"self":[{"href":"https:\/\/artes-visuales.org\/en\/wp-json\/wp\/v2\/pages\/5703","targetHints":{"allow":["GET"]}}],"collection":[{"href":"https:\/\/artes-visuales.org\/en\/wp-json\/wp\/v2\/pages"}],"about":[{"href":"https:\/\/artes-visuales.org\/en\/wp-json\/wp\/v2\/types\/page"}],"author":[{"embeddable":true,"href":"https:\/\/artes-visuales.org\/en\/wp-json\/wp\/v2\/users\/2"}],"replies":[{"embeddable":true,"href":"https:\/\/artes-visuales.org\/en\/wp-json\/wp\/v2\/comments?post=5703"}],"version-history":[{"count":3,"href":"https:\/\/artes-visuales.org\/en\/wp-json\/wp\/v2\/pages\/5703\/revisions"}],"predecessor-version":[{"id":5735,"href":"https:\/\/artes-visuales.org\/en\/wp-json\/wp\/v2\/pages\/5703\/revisions\/5735"}],"wp:attachment":[{"href":"https:\/\/artes-visuales.org\/en\/wp-json\/wp\/v2\/media?parent=5703"}],"curies":[{"name":"wp","href":"https:\/\/api.w.org\/{rel}","templated":true}]}}