{"id":5692,"date":"2015-11-10T17:05:43","date_gmt":"2015-11-10T17:05:43","guid":{"rendered":"https:\/\/artes-visuales.org\/evaluacion-mejora-y-seguimiento-del-master\/"},"modified":"2026-01-08T09:40:40","modified_gmt":"2026-01-08T09:40:40","slug":"evaluation-improvement-and-monitoring-of-the-masters-program","status":"publish","type":"page","link":"https:\/\/artes-visuales.org\/en\/evaluation-improvement-and-monitoring-of-the-masters-program\/","title":{"rendered":"EVALUATION, IMPROVEMENT AND MONITORING OF THE MASTER\u2019S PROGRAM"},"content":{"rendered":"<p style=\"text-align: justify;\"><a href=\"http:\/\/artes-visuales.org\/wp-content\/uploads\/2015\/11\/checklist_MAVE_DEF.pdf\" target=\"_blank\" rel=\"noopener noreferrer\"><br \/>\nCHECKLIST FOR ACCREDITATION<br \/>\n<\/a><\/p>\n<p style=\"text-align: justify;\">The University of Granada, with the aim of promoting the continuous improvement of the master\u2019s degrees it offers,<br \/>\nhas established the Internal Quality Assurance System for these programmes. The actions proposed in this system are in<br \/>\nline with the \u201cStandards and Guidelines for Quality Assurance in the EHEA\u201d developed by the<br \/>\n<i>European Network for Quality Assurance<\/i> (ENQA), as well as national and regional regulations on the matter.<\/p>\n<p>In accordance with this, the International Graduate School, together with the coordinators of the Official Master\u2019s<br \/>\nProgrammes at the UGR, commits to the following general quality-related objectives:<\/p>\n<p>1. To promote a culture of quality and continuous, systematic improvement in the administrative and academic functioning of the official master\u2019s degrees at the UGR.<\/p>\n<p>2. To ensure that effectiveness, efficiency and transparency guide the management of both the International Graduate School and the official master\u2019s degrees it oversees.<\/p>\n<p>3. To foster teaching and management innovation, as well as research aimed at improving the quality of teaching and administration of the Official Master\u2019s Degrees at the UGR.<\/p>\n<div>\n<div><strong>Verification Report, Modifications and External Reports<\/strong><\/div>\n<\/div>\n<div>\n<div>\n<div><a href=\"http:\/\/artes-visuales.org\/wp-content\/uploads\/2015\/12\/MEMORIA-VERIFICADA_artes-visuales.pdf\" target=\"_blank\" rel=\"noopener noreferrer\">&#8211; Verification Report<\/a><\/div>\n<\/div>\n<\/div>\n<div><a href=\"http:\/\/artes-visuales.org\/wp-content\/uploads\/2015\/12\/2010_APROBACION-OFICIAL_VERIFICA-Master_ANECA.pdf\" target=\"_blank\" rel=\"noopener noreferrer\">&#8211; ANECA Resolution 2010<\/a><\/div>\n<div>\n<div>\n<div><a href=\"http:\/\/artes-visuales.org\/wp-content\/uploads\/2015\/12\/2009_InformeVerificacion_ANECA.pdf\" target=\"_blank\" rel=\"noopener noreferrer\">&#8211; ANECA Verification Report, 2009<\/a><\/div>\n<\/div>\n<\/div>\n<div>\n<div>\n<div><a href=\"http:\/\/artes-visuales.org\/wp-content\/uploads\/2015\/12\/Autoinforme-de-SEGUIMIENTO_2011-12.doc\" target=\"_blank\" rel=\"noopener noreferrer\">&#8211; DEVA Monitoring Report, 2011-12<\/a><\/div>\n<\/div>\n<\/div>\n<div>\n<div>\n<div><a href=\"http:\/\/artes-visuales.org\/wp-content\/uploads\/2015\/12\/2013-14_Informe-de-Seguimiento-DEVA.pdf\" target=\"_blank\" rel=\"noopener noreferrer\">&#8211; DEVA Monitoring Report, 2013-14<\/a><\/div>\n<\/div>\n<\/div>\n<div>\n<div>\n<div><a href=\"http:\/\/artes-visuales.org\/wp-content\/uploads\/2015\/12\/2014-15_Informe-de-Seguimiento-DEVA.pdf\" target=\"_blank\" rel=\"noopener noreferrer\">&#8211; DEVA Monitoring Report, 2014-15<\/a><a href=\"http:\/\/artes-visuales.org\/wp-content\/uploads\/2020\/05\/20200505_CSGIC-Acta-3-universidades_grupo-de-trabajo.pdf\" target=\"_blank\" rel=\"noopener noreferrer\"><br \/>\n&#8211; Interuniversity Coordination<\/a><\/div>\n<\/div>\n<\/div>\n<div><\/div>\n<div><\/div>\n<p>&nbsp;<\/p>\n<p>&nbsp;<\/p>\n<p><strong>Internal Quality Assurance Committee: Composition and Regulations<\/strong><\/p>\n<p style=\"text-align: justify;\">The body responsible for integrating the Internal Quality Assurance System into the daily functioning of this<br \/>\npostgraduate programme is the Master\u2019s Internal Quality Assurance Committee (CGIC), which will be created and approved<br \/>\nby the Advisory Board for Postgraduate Studies, in consultation with the programme coordinator.<\/p>\n<ul>\n<li><a href=\"http:\/\/artes-visuales.org\/wp-content\/uploads\/2015\/12\/2015-16_ACTA-constitucio\u0301n-CSGIC.pdf\" target=\"_blank\" rel=\"noopener noreferrer\">Minutes of the CGIC Constitution<br \/>\n<\/a><\/li>\n<li><a href=\"http:\/\/artes-visuales.org\/wp-content\/uploads\/2015\/12\/Reglamento-de-Re\u0301gimen-Interno-de-la-Comisio\u0301n-para-la-Garanti\u0301a-Interna-de-la-Calidad-del-Ma\u0301ster-en-Artes-Visuales-y-Educacio\u0301n.docx\" target=\"_blank\" rel=\"noopener noreferrer\">Internal Regulations of the SGIC Committee<br \/>\n<\/a><\/li>\n<\/ul>\n<p style=\"text-align: justify;\"><strong>Composition<\/strong> The composition of the Master\u2019s Internal Quality Assurance Committee is as follows:<\/p>\n<p style=\"text-align: justify;\">Master\u2019s Coordinator: Joaqu\u00edn Rold\u00e1n Ram\u00edrez.<\/p>\n<p style=\"text-align: justify;\">A PAS (administrative and services staff) member linked to the master&#8217;s administrative management: Mar\u00eda Isabel Quesada Alameda.<\/p>\n<p style=\"text-align: justify;\">A minimum of two lecturers from the programme: Fernando Hern\u00e1ndez Hern\u00e1ndez, Ricardo Mar\u00edn Viadel, and Roser Juanola Terradellas.<\/p>\n<p style=\"text-align: justify;\">This Committee will rely, whenever considered necessary, on the advice of an external agent (a practicing professional<br \/>\nor a representative from another university), whose relationship with the CGIC will be regulated in the<br \/>\n<strong>Internal Operating Regulations of the committee.<\/strong><\/p>\n<p style=\"text-align: justify;\"><a href=\"https:\/\/artes-visuales.org\/sistema-de-garantia-de-calidad-procedimientos-indicadores-e-informes\/\" target=\"_blank\" rel=\"noopener noreferrer\">Quality Assurance System: Procedures, Indicators and Reports<br \/>\n<\/a><\/p>\n<div><strong>Annual Self-Assessment Reports and Improvement Actions<\/strong><\/div>\n<ul>\n<li><a href=\"http:\/\/artes-visuales.org\/wp-content\/uploads\/2015\/12\/Autoinforme-de-SEGUIMIENTO_2010-11.doc\" target=\"_blank\" rel=\"noopener noreferrer\">Self-assessment Report 2010-11<\/a><\/li>\n<li><a href=\"http:\/\/artes-visuales.org\/wp-content\/uploads\/2015\/12\/Autoinforme-de-SEGUIMIENTO_2011-12.doc\" target=\"_blank\" rel=\"noopener noreferrer\">Self-assessment Report 2011-12<\/a><\/li>\n<li><a href=\"http:\/\/artes-visuales.org\/wp-content\/uploads\/2015\/12\/Autoinforme-de-SEGUIMIENTO_2012-13.doc\" target=\"_blank\" rel=\"noopener noreferrer\">Self-assessment Report 2012-13<\/a><\/li>\n<li><a href=\"http:\/\/artes-visuales.org\/wp-content\/uploads\/2015\/12\/Autoinforme-de-SEGUIMIENTO_2013-14.doc\" target=\"_blank\" rel=\"noopener noreferrer\">Self-assessment Report 2013-14<\/a><\/li>\n<li><a href=\"http:\/\/artes-visuales.org\/wp-content\/uploads\/2015\/11\/2015_Autoinforme-FINAL-VERIFICACION.pdf\" target=\"_blank\" rel=\"noopener noreferrer\">Self-assessment Report 2014-15<\/a><\/li>\n<\/ul>\n<p><a href=\"http:\/\/artes-visuales.org\/wp-content\/uploads\/2015\/11\/SGIC_MAVE1516.pdf\" target=\"_blank\" rel=\"noopener noreferrer\"><br \/>\nInternal Quality Assurance System of the Master\u2019s in Visual Arts and Education<br \/>\n<\/a><\/p>\n<p style=\"text-align: left;\"><a href=\"https:\/\/artes-visuales.org\/en\/assessment-of-infrastructure-services-and-resources\/\" target=\"_blank\" rel=\"noopener noreferrer\">Assessment of the suitability of infrastructure and resources available for the degree. Evaluation of improvements and changes in infrastructure, services and resources.<br \/>\n<\/a><\/p>\n<p style=\"text-align: left;\"><a href=\"https:\/\/artes-visuales.org\/indicadores-de-rendimiento\/\" target=\"_blank\" rel=\"noopener noreferrer\">Performance Indicators<br \/>\n<\/a><\/p>\n<p style=\"text-align: left;\"><a href=\"http:\/\/artes-visuales.org\/wp-content\/uploads\/2015\/11\/SATISFACCION-COLECTIVOS.pdf\" target=\"_blank\" rel=\"noopener noreferrer\">Stakeholder Satisfaction<br \/>\n<\/a><\/p>\n","protected":false},"excerpt":{"rendered":"<p>CHECKLIST FOR ACCREDITATION The University of Granada, with the aim of promoting the continuous improvement of the master\u2019s degrees it offers, has established the Internal Quality Assurance System for these programmes. The actions proposed in this system are in line with the \u201cStandards and Guidelines for Quality Assurance in the EHEA\u201d developed by the European [&#8230;]\n","protected":false},"author":2,"featured_media":0,"parent":0,"menu_order":0,"comment_status":"closed","ping_status":"closed","template":"","meta":{"footnotes":""},"class_list":["post-5692","page","type-page","status-publish","hentry"],"yoast_head":"<!-- This site is optimized with the Yoast SEO plugin v20.5 - https:\/\/yoast.com\/wordpress\/plugins\/seo\/ -->\n<title>EVALUATION, IMPROVEMENT AND MONITORING OF THE MASTER\u2019S PROGRAM - Artes Visuales y Educaci\u00f3n<\/title>\n<meta name=\"description\" content=\"Master&#039;s Monitoring: check our quality reports, performance indicators, and continuous improvement strategies. Excellence in education.\" \/>\n<meta name=\"robots\" content=\"index, follow, max-snippet:-1, max-image-preview:large, max-video-preview:-1\" \/>\n<link rel=\"canonical\" href=\"https:\/\/artes-visuales.org\/en\/evaluation-improvement-and-monitoring-of-the-masters-program\/\" \/>\n<meta property=\"og:locale\" content=\"en_US\" \/>\n<meta property=\"og:type\" content=\"article\" \/>\n<meta property=\"og:title\" content=\"EVALUATION, IMPROVEMENT AND MONITORING OF THE MASTER\u2019S PROGRAM - Artes Visuales y Educaci\u00f3n\" \/>\n<meta property=\"og:description\" content=\"Master&#039;s Monitoring: check our quality reports, performance indicators, and continuous improvement strategies. Excellence in education.\" \/>\n<meta property=\"og:url\" content=\"https:\/\/artes-visuales.org\/en\/evaluation-improvement-and-monitoring-of-the-masters-program\/\" \/>\n<meta property=\"og:site_name\" content=\"Artes Visuales y Educaci\u00f3n\" \/>\n<meta property=\"article:modified_time\" content=\"2026-01-08T09:40:40+00:00\" \/>\n<meta name=\"twitter:card\" content=\"summary_large_image\" \/>\n<meta name=\"twitter:label1\" content=\"Est. reading time\" \/>\n\t<meta name=\"twitter:data1\" content=\"2 minutes\" \/>\n<script type=\"application\/ld+json\" class=\"yoast-schema-graph\">{\"@context\":\"https:\/\/schema.org\",\"@graph\":[{\"@type\":\"WebPage\",\"@id\":\"https:\/\/artes-visuales.org\/en\/evaluation-improvement-and-monitoring-of-the-masters-program\/\",\"url\":\"https:\/\/artes-visuales.org\/en\/evaluation-improvement-and-monitoring-of-the-masters-program\/\",\"name\":\"EVALUATION, IMPROVEMENT AND MONITORING OF THE MASTER\u2019S PROGRAM - Artes Visuales y Educaci\u00f3n\",\"isPartOf\":{\"@id\":\"https:\/\/artes-visuales.org\/#website\"},\"datePublished\":\"2015-11-10T17:05:43+00:00\",\"dateModified\":\"2026-01-08T09:40:40+00:00\",\"description\":\"Master's Monitoring: check our quality reports, performance indicators, and continuous improvement strategies. Excellence in education.\",\"breadcrumb\":{\"@id\":\"https:\/\/artes-visuales.org\/en\/evaluation-improvement-and-monitoring-of-the-masters-program\/#breadcrumb\"},\"inLanguage\":\"en-US\",\"potentialAction\":[{\"@type\":\"ReadAction\",\"target\":[\"https:\/\/artes-visuales.org\/en\/evaluation-improvement-and-monitoring-of-the-masters-program\/\"]}]},{\"@type\":\"BreadcrumbList\",\"@id\":\"https:\/\/artes-visuales.org\/en\/evaluation-improvement-and-monitoring-of-the-masters-program\/#breadcrumb\",\"itemListElement\":[{\"@type\":\"ListItem\",\"position\":1,\"name\":\"Portada\",\"item\":\"https:\/\/artes-visuales.org\/en\/\"},{\"@type\":\"ListItem\",\"position\":2,\"name\":\"EVALUATION, IMPROVEMENT AND MONITORING OF THE MASTER\u2019S PROGRAM\"}]},{\"@type\":\"WebSite\",\"@id\":\"https:\/\/artes-visuales.org\/#website\",\"url\":\"https:\/\/artes-visuales.org\/\",\"name\":\"Artes Visuales y Educaci\u00f3n\",\"description\":\"M\u00e1ster UGR\",\"potentialAction\":[{\"@type\":\"SearchAction\",\"target\":{\"@type\":\"EntryPoint\",\"urlTemplate\":\"https:\/\/artes-visuales.org\/?s={search_term_string}\"},\"query-input\":\"required name=search_term_string\"}],\"inLanguage\":\"en-US\"}]}<\/script>\n<!-- \/ Yoast SEO plugin. -->","yoast_head_json":{"title":"EVALUATION, IMPROVEMENT AND MONITORING OF THE MASTER\u2019S PROGRAM - Artes Visuales y Educaci\u00f3n","description":"Master's Monitoring: check our quality reports, performance indicators, and continuous improvement strategies. Excellence in education.","robots":{"index":"index","follow":"follow","max-snippet":"max-snippet:-1","max-image-preview":"max-image-preview:large","max-video-preview":"max-video-preview:-1"},"canonical":"https:\/\/artes-visuales.org\/en\/evaluation-improvement-and-monitoring-of-the-masters-program\/","og_locale":"en_US","og_type":"article","og_title":"EVALUATION, IMPROVEMENT AND MONITORING OF THE MASTER\u2019S PROGRAM - Artes Visuales y Educaci\u00f3n","og_description":"Master's Monitoring: check our quality reports, performance indicators, and continuous improvement strategies. Excellence in education.","og_url":"https:\/\/artes-visuales.org\/en\/evaluation-improvement-and-monitoring-of-the-masters-program\/","og_site_name":"Artes Visuales y Educaci\u00f3n","article_modified_time":"2026-01-08T09:40:40+00:00","twitter_card":"summary_large_image","twitter_misc":{"Est. reading time":"2 minutes"},"schema":{"@context":"https:\/\/schema.org","@graph":[{"@type":"WebPage","@id":"https:\/\/artes-visuales.org\/en\/evaluation-improvement-and-monitoring-of-the-masters-program\/","url":"https:\/\/artes-visuales.org\/en\/evaluation-improvement-and-monitoring-of-the-masters-program\/","name":"EVALUATION, IMPROVEMENT AND MONITORING OF THE MASTER\u2019S PROGRAM - Artes Visuales y Educaci\u00f3n","isPartOf":{"@id":"https:\/\/artes-visuales.org\/#website"},"datePublished":"2015-11-10T17:05:43+00:00","dateModified":"2026-01-08T09:40:40+00:00","description":"Master's Monitoring: check our quality reports, performance indicators, and continuous improvement strategies. Excellence in education.","breadcrumb":{"@id":"https:\/\/artes-visuales.org\/en\/evaluation-improvement-and-monitoring-of-the-masters-program\/#breadcrumb"},"inLanguage":"en-US","potentialAction":[{"@type":"ReadAction","target":["https:\/\/artes-visuales.org\/en\/evaluation-improvement-and-monitoring-of-the-masters-program\/"]}]},{"@type":"BreadcrumbList","@id":"https:\/\/artes-visuales.org\/en\/evaluation-improvement-and-monitoring-of-the-masters-program\/#breadcrumb","itemListElement":[{"@type":"ListItem","position":1,"name":"Portada","item":"https:\/\/artes-visuales.org\/en\/"},{"@type":"ListItem","position":2,"name":"EVALUATION, IMPROVEMENT AND MONITORING OF THE MASTER\u2019S PROGRAM"}]},{"@type":"WebSite","@id":"https:\/\/artes-visuales.org\/#website","url":"https:\/\/artes-visuales.org\/","name":"Artes Visuales y Educaci\u00f3n","description":"M\u00e1ster UGR","potentialAction":[{"@type":"SearchAction","target":{"@type":"EntryPoint","urlTemplate":"https:\/\/artes-visuales.org\/?s={search_term_string}"},"query-input":"required name=search_term_string"}],"inLanguage":"en-US"}]}},"_links":{"self":[{"href":"https:\/\/artes-visuales.org\/en\/wp-json\/wp\/v2\/pages\/5692","targetHints":{"allow":["GET"]}}],"collection":[{"href":"https:\/\/artes-visuales.org\/en\/wp-json\/wp\/v2\/pages"}],"about":[{"href":"https:\/\/artes-visuales.org\/en\/wp-json\/wp\/v2\/types\/page"}],"author":[{"embeddable":true,"href":"https:\/\/artes-visuales.org\/en\/wp-json\/wp\/v2\/users\/2"}],"replies":[{"embeddable":true,"href":"https:\/\/artes-visuales.org\/en\/wp-json\/wp\/v2\/comments?post=5692"}],"version-history":[{"count":7,"href":"https:\/\/artes-visuales.org\/en\/wp-json\/wp\/v2\/pages\/5692\/revisions"}],"predecessor-version":[{"id":5732,"href":"https:\/\/artes-visuales.org\/en\/wp-json\/wp\/v2\/pages\/5692\/revisions\/5732"}],"wp:attachment":[{"href":"https:\/\/artes-visuales.org\/en\/wp-json\/wp\/v2\/media?parent=5692"}],"curies":[{"name":"wp","href":"https:\/\/api.w.org\/{rel}","templated":true}]}}