{"id":5667,"date":"2015-09-16T09:41:20","date_gmt":"2015-09-16T09:41:20","guid":{"rendered":"https:\/\/artes-visuales.org\/practicas-externas\/"},"modified":"2026-01-08T09:51:30","modified_gmt":"2026-01-08T09:51:30","slug":"external-internships","status":"publish","type":"page","link":"https:\/\/artes-visuales.org\/en\/external-internships\/","title":{"rendered":"EXTERNAL INTERNSHIPS"},"content":{"rendered":"<div class=\"wpb-content-wrapper\">[vc_row][vc_column][vc_column_text css=&#8221;&#8221;]\n<p class=\"epigrafes\" style=\"text-align: justify;\" align=\"left\"><span class=\"cuerpo\"><br \/>\nEach student (or group of students, when several complete their internship in the same centre) is assigned a supervisor, with whom they must meet every two weeks to monitor the work carried out during the internship and the development of the internship report. The aim is to differentiate between methodological perspectives in order to undertake a research project on cultural practices linked to the arts, and to design educational and training materials (in both digital and analogue formats) related to visual arts.<br \/>\n<\/span><\/p>\n<p class=\"epigrafes\" style=\"text-align: justify;\" align=\"left\"><span class=\"cuerpo\"><br \/>\nMonthly group sessions are also held to share research methodologies on practices and discursive experiences related to visual arts and education, and to manage training projects connected to visual arts and education in different institutional and community contexts.<br \/>\n<\/span><\/p>\n<p align=\"left\"><a href=\"https:\/\/artes-visuales.org\/plan-de-coordinacion-de-practicas\/\">Internship Coordination Plan<\/a><\/p>\n<p align=\"left\"><a href=\"http:\/\/artes-visuales.org\/wp-content\/uploads\/2025\/11\/Perfiles-academicos-del-profesorado-tutor.pdf\">Generic Profiles for Internship Supervisors<\/a><\/p>\n<p align=\"left\"><a href=\"http:\/\/artes-visuales.org\/wp-content\/uploads\/2025\/11\/Profesorado-que-tutoriza-practicas-y-sus-perfiles.pdf\">Supervising Faculty and Their Profiles<\/a><\/p>\n<h3 class=\"accordion_title\">Number of Students and Partner Institutions for Internships<\/h3><div class=\"accordion\">\n\t<div id=\"accordion-2279147113\" class=\"accordion-item\">\n\t\t<a id=\"accordion-2279147113-label\" class=\"accordion-title plain\" href=\"#accordion-item-granada\" aria-expanded=\"false\" aria-controls=\"accordion-2279147113-content\" >\n\t\t\t<button class=\"toggle\" aria-label=\"Toggle\"><i class=\"icon-angle-down\"><\/i><\/button>\n\t\t\t<span>Granada<\/span>\n\t\t<\/a>\n\t\t<div id=\"accordion-2279147113-content\" class=\"accordion-inner\" aria-labelledby=\"accordion-2279147113-label\" >\n\t\t\t\n<p><a href=\"http:\/\/artes-visuales.org\/wp-content\/uploads\/2024\/10\/Solicitudes-Practicas-MAVE-2024-25_2.0.pdf\">INTERNSHIP APPLICATION<\/a><\/p>\n<p><strong>LIST OF INSTITUTIONS, ORGANISATIONS WITH ESTABLISHED AGREEMENTS, AND NUMBER OF AVAILABLE PLACES<\/strong><\/p>\n<p>Museo CajaGRANADA Memoria de Andaluc\u00eda (3) | <a href=\"http:\/\/www.cajagranadafundacion.es\/home.html\">https:\/\/www.cajagranadafundacion.es\/home.html<\/a><\/p>\n<p>Centro Jos\u00e9 Guerrero (Diputaci\u00f3n de Granada) (1) | <a href=\"http:\/\/www.centroguerrero.org\/\">https:\/\/www.centroguerrero.org<\/a><\/p>\n<p>Alhambra Educa (Granada) (1) | <a href=\"https:\/\/www.alhambra-patronato.es\/descubrir\/aprende\/programas\">https:\/\/www.alhambra-patronato.es\/descubrir\/aprende\/programas<\/a><\/p>\n<p>Museo Parque de las Ciencias de Granada (1) | <a href=\"http:\/\/www.parqueciencias.com\/\">https:\/\/www.parqueciencias.com<\/a><\/p>\n<p>Museo W\u00fcrth (La Rioja, Spain) (1) | <a href=\"http:\/\/www.museowurth.es\/\">https:\/\/www.museowurth.es<\/a><\/p>\n<p>CA3 Andalusian Centre for Contemporary Creation (C\u00f3rdoba) (1) | <a href=\"https:\/\/www.c3a.es\/\">https:\/\/www.c3a.es<\/a><\/p>\n<p>Sociedad Cooperativa Andaluza ZAGAL. Alquer\u00eda Primary School (1) | <a href=\"http:\/\/www.alqueria.es\/\">https:\/\/www.alqueria.es<\/a><\/p>\n<p>Colegio Santa Mar\u00eda Micaela de la Chana (1) | <a href=\"http:\/\/www.educateca.com\/centros\/maria-micaela-gr.asp\">https:\/\/www.educateca.com\/centros\/maria-micaela-gr.asp<\/a><\/p>\n<p>Colegio Juan XXIII de la Chana (1) | <a href=\"http:\/\/www.juanxxiiigranada.org\/ver_noticia.aspx?id=29158\">https:\/\/www.juanxxiiigranada.org\/ver_noticia.aspx?id=29158<\/a><\/p>\n<p>Colegio Concertado Cerrillo de Maracena (1) | <a href=\"http:\/\/colegiocerrillodemaracena.blogspot.com\/\">https:\/\/colegiocerrillodemaracena.blogspot.com<\/a><\/p>\n<p>Fundaci\u00f3n Patronato Ave Mar\u00eda de Granada (multiple centres, 1 per centre) | <a href=\"https:\/\/www.amgr.es\/web\/fundacion\/\">https:\/\/www.amgr.es\/web\/fundacion\/<\/a><\/p>\n<p>Fundaci\u00f3n P\u00fablica Local Granada Educa (1) | <a href=\"https:\/\/www.fundaciongranadaeduca.org\/\">https:\/\/www.fundaciongranadaeduca.org<\/a><\/p>\n<p>Colegio Padre Manj\u00f3n Obra Social (1) | <a href=\"https:\/\/www.padremanjon.net\/\">https:\/\/www.padremanjon.net<\/a><\/p>\n<p>Fundaci\u00f3n Trilema Madrid (1) | <a href=\"https:\/\/www.fundaciontrilema.org\/\">https:\/\/www.fundaciontrilema.org<\/a><\/p>\n<p>Faculty of Education Sciences, Ciudad Real (1) | <a href=\"http:\/\/www.uclm.es\/cr\/educacion\">https:\/\/www.uclm.es\/cr\/educacion<\/a><\/p>\n<p>School of Architecture, University of Seville (1) | <a href=\"http:\/\/www.etsa.us.es\/\">https:\/\/www.etsa.us.es<\/a><\/p>\n<p>Estaci\u00f3n Dise\u00f1o (Design School Granada S.L.) | <a href=\"http:\/\/www.estaciondiseno.es\/\">https:\/\/www.estaciondiseno.es\/<\/a><\/p>\n<p>Escuela de Arte Granada (1) | <a href=\"https:\/\/www.escuelaartegranada.com\/\">https:\/\/www.escuelaartegranada.com<\/a><\/p>\n<p>Centro de Danza Entreacto (Almer\u00eda) (1) | <a href=\"https:\/\/www.facebook.com\/entreacto.centrodedanza\/\">https:\/\/www.facebook.com\/entreacto.centrodedanza\/<\/a><\/p>\n<p>AYUNTAMIENTOS \/ CITY COUNCILS<\/p>\n<p>Mariana Pineda Women\u2019s Centre, Granada City Council (1) | <a href=\"http:\/\/www.marianapineda.com\/\">https:\/\/www.marianapineda.com\/<\/a><\/p>\n<p>Martos City Council, Ja\u00e9n (1) | <a href=\"http:\/\/www.martos.es\/\">https:\/\/www.martos.es\/<\/a><\/p>\n<p>Rute City Council, C\u00f3rdoba (1) | <a href=\"https:\/\/www.rute.es\/\">https:\/\/www.rute.es<\/a><\/p>\n<p>Lanjar\u00f3n City Council (1)<\/p>\n<p>Asociaci\u00f3n Marroqu\u00ed para la Integraci\u00f3n de Inmigrantes (1) | <a href=\"https:\/\/www.asociacionmarroqui.com\/\">https:\/\/www.asociacionmarroqui.com<\/a><\/p>\n<p>Asociaci\u00f3n ACOES Granada CREA (<a href=\"http:\/\/artes-visuales.org\/wp-content\/uploads\/2025\/11\/subgrupos-practicas_UGR.jpeg\">internship subgroup<\/a>) (7) | <a href=\"https:\/\/acoes.org\/\">https:\/\/acoes.org<\/a> <a href=\"http:\/\/www.arteparaaprender.org\/\">www.arteparaaprender.org<\/a><\/p>\n<p>Asociaci\u00f3n Vera Icono Producciones (1) | <a href=\"http:\/\/www.veraiconoproducciones.es\/\">www.veraiconoproducciones.es<\/a><\/p>\n<p>Granada BIP. Bipolar Disorder Association | <a href=\"http:\/\/www.granabip.org\/\">https:\/\/www.granabip.org<\/a><\/p>\n<p>La Ampliadora (1) | <a href=\"https:\/\/www.laampliadora.org\/\">https:\/\/www.laampliadora.org<\/a><\/p>\n<p>AFA \u201cAltaamid\u201d \u2013 Alzheimer\u2019s and Dementia Family Association (1) | <a href=\"http:\/\/www.alzheimergranada.com\/\">https:\/\/www.alzheimergranada.com<\/a><\/p>\n<p>Lainopia Art Education (1) | <a href=\"http:\/\/www.lainopia.es\/\">https:\/\/www.lainopia.es<\/a><\/p>\n<p>Perpetuo Socorro Elderly Residence (1) | <a href=\"https:\/\/www.crperpetuosocorro.org\/\">https:\/\/www.crperpetuosocorro.org<\/a><\/p>\n<p>Cultural Association Gestus. Carlos III (Madrid, Spain) (1) | <a href=\"https:\/\/www.iberinform.es\/empresa\/8611294\/asociacion-cultu-ral-gestus\">https:\/\/www.iberinform.es\/empresa\/8611294\/asociacion-cultu-ral-gestus<\/a><\/p>\n<p>Arte para Aprender Project (<a href=\"http:\/\/artes-visuales.org\/wp-content\/uploads\/2025\/11\/subgrupos-practicas_UGR.jpeg\">internship subgroup<\/a>) (5) | <a href=\"https:\/\/www.arteparaaprender.org\/\">https:\/\/www.arteparaaprender.org<\/a><\/p>\n<p>Bombearte Project (Honduras) (3) | <a href=\"http:\/\/bombearte.blogspot.com\/\">https:\/\/bombearte.blogspot.com<\/a><\/p>\n<p>International Exhibition of A\/r\/tographic Videonarration (1) | <a href=\"http:\/\/www.videonarracionartografica.es\/\">www.videonarracionartografica.es<\/a><\/p>\n<p>*The number of places offered may vary depending on the specific needs of each centre.*<\/p>\n<p><a href=\"http:\/\/artes-visuales.org\/wp-content\/uploads\/2021\/01\/Solicitudes-Practicas-MAVE-2020-21.pdf\" target=\"_blank\" rel=\"noopener noreferrer\">Internship Application for the MAVE (UGR Campus)<\/a><\/p>\n\t\t<\/div>\n\t<\/div>\n\t\n\t<div id=\"accordion-3860423022\" class=\"accordion-item\">\n\t\t<a id=\"accordion-3860423022-label\" class=\"accordion-title plain\" href=\"#accordion-item-barcelona\" aria-expanded=\"false\" aria-controls=\"accordion-3860423022-content\" >\n\t\t\t<button class=\"toggle\" aria-label=\"Toggle\"><i class=\"icon-angle-down\"><\/i><\/button>\n\t\t\t<span>Barcelona<\/span>\n\t\t<\/a>\n\t\t<div id=\"accordion-3860423022-content\" class=\"accordion-inner\" aria-labelledby=\"accordion-3860423022-label\" >\n\t\t\t\n<p>Escola d\u2019Arts El Prat (up to 2) | <a class=\"epigrafesgris\" href=\"http:\/\/escolaartsprat.blogspot.com.es\/\">https:\/\/escolaartsprat.blogspot.com.es<\/a><\/p>\n<p>Escola del Consum (up to 2) | <a class=\"epigrafesgris\" href=\"http:\/\/www.consum.cat\/escola_de_consum\/index.html\">https:\/\/www.consum.cat\/escola_de_consum\/index.html<\/a><\/p>\n<p>Teleduca (up to 2) | <a class=\"epigrafesgris\" href=\"http:\/\/www.teleduca.org\/\">https:\/\/www.teleduca.org<\/a><\/p>\n<p>Sitesize (up to 2) | <a class=\"epigrafesgris\" href=\"http:\/\/www.sitesize.net\/\">https:\/\/www.sitesize.net<\/a><\/p>\n<p>Fundaci\u00f3 Antoni T\u00e0pies (up to 2)<\/p>\n<p>MACBA (up to 2) | <a class=\"epigrafesgris\" href=\"http:\/\/www.macba.cat\/\">https:\/\/www.macba.cat<\/a><\/p>\n<p>CCCB \u2013 Centre de Cultura Contempor\u00e0nia (up to 2) | <a class=\"epigrafesgris\" href=\"http:\/\/www.cccb.org\/\">https:\/\/www.cccb.org<\/a><\/p>\n<p>Maritime Museum (up to 2) | <a class=\"epigrafesgris\" href=\"http:\/\/www.mmb.cat\/\">https:\/\/www.mmb.cat<\/a><\/p>\n<p>ACVic (up to 2) | <a class=\"epigrafesgris\" href=\"http:\/\/www.acvic.org\/\">https:\/\/www.acvic.org<\/a><\/p>\n<p>Sala d\u2019Art Jove (up to 2) | <a class=\"epigrafesgris\" href=\"http:\/\/saladartjove.wordpress.com\/\">https:\/\/saladartjove.wordpress.com<\/a><\/p>\n<p>Escola Isabel de Villena (up to 2) | <a class=\"epigrafesgris\" href=\"http:\/\/www.isabeldevillena.com\/\">https:\/\/www.isabeldevillena.com<\/a><\/p>\n<p>IES Jaume Balmes (up to 2) | <a class=\"epigrafesgris\" href=\"http:\/\/www.jaumebalmes.net\/\">https:\/\/www.jaumebalmes.net<\/a><\/p>\n<p>CEIP Escola Dovella (up to 2) | <a class=\"epigrafesgris\" href=\"http:\/\/xtec.cat\/ceipdovella\/index.html\">https:\/\/xtec.cat\/ceipdovella\/index.html<\/a><\/p>\n<p>CEIP Escola Serralavella (up to 2) | <a class=\"epigrafesgris\" href=\"https:\/\/sites.google.com\/site\/escolaserralavella\/inici\">https:\/\/sites.google.com\/site\/escolaserralavella\/inici<\/a><\/p>\n\t\t<\/div>\n\t<\/div>\n\t\n\t<div id=\"accordion-3273254407\" class=\"accordion-item\">\n\t\t<a id=\"accordion-3273254407-label\" class=\"accordion-title plain\" href=\"#accordion-item-girona\" aria-expanded=\"false\" aria-controls=\"accordion-3273254407-content\" >\n\t\t\t<button class=\"toggle\" aria-label=\"Toggle\"><i class=\"icon-angle-down\"><\/i><\/button>\n\t\t\t<span>Girona<\/span>\n\t\t<\/a>\n\t\t<div id=\"accordion-3273254407-content\" class=\"accordion-inner\" aria-labelledby=\"accordion-3273254407-label\" >\n\t\t\t\n<p class=\"cuerpo\" align=\"left\">Faculty of Education Practice Office, University of Girona | <a class=\"epigrafesgris\" href=\"http:\/\/www.udg.edu\/Default.aspx?alias=www.udg.edu\/fep\">https:\/\/www.udg.edu\/Default.aspx?alias=www.udg.edu\/fep<\/a><\/p>\n<p class=\"cuerpo\" align=\"left\">Department of Education. SSTT Girona (up to 3) | <a class=\"epigrafesgris\" href=\"http:\/\/www10.gencat.net\/pls\/ense_noti\/p03.chos_tema?v_deleg=06\">https:\/\/www10.gencat.net\/pls\/ense_noti\/p03.chos_tema?v_deleg=06<\/a><\/p>\n<p class=\"cuerpo\" align=\"left\">Girona Art Museum (up to 3) | <a class=\"epigrafesgris\" href=\"http:\/\/www.museuart.com\/\">https:\/\/www.museuart.com<\/a><\/p>\n<p class=\"cuerpo\" align=\"left\">Empord\u00e0 Museum. Figueres (up to 3) | <a class=\"epigrafesgris\" href=\"http:\/\/www.museuemporda.org\/\">https:\/\/www.museuemporda.org\/<\/a><\/p>\n<p class=\"cuerpo\" align=\"left\">Ciutadella Museum. Roses (up to 3) | <a class=\"epigrafesgris\" href=\"http:\/\/www.laciutadella.cat\/\">https:\/\/www.laciutadella.cat\/<\/a><\/p>\n<p class=\"cuerpo\" align=\"left\">Faculty of Education, Universitat Rovira i Virgili, Tarragona (up to 3) | <a class=\"epigrafesgris\" href=\"http:\/\/www.fcep.urv.cat\/\">https:\/\/www.fcep.urv.cat<\/a><\/p>\n<p class=\"cuerpo\" align=\"left\">Department of Didactics of Music, Arts and Physical Expression. Universitat de Val\u00e8ncia (up to 3) | <a class=\"epigrafesgris\" href=\"http:\/\/centros.uv.es\/web\/departamentos\/D95\/castellano\/\">https:\/\/centros.uv.es\/web\/departamentos\/D95\/castellano\/<\/a><\/p>\n<p class=\"cuerpo\" align=\"left\">ERAM \u2013 Audiovisual and Multimedia School (up to 3) | <a class=\"epigrafesgris\" href=\"http:\/\/www.eram.cat\/\">https:\/\/www.eram.cat\/<\/a><\/p>\n<p class=\"cuerpo\" align=\"left\">Maritime Museum of Barcelona (up to 3) | <a class=\"epigrafesgris\" href=\"http:\/\/mmb.cat\/\">https:\/\/mmb.cat<\/a><\/p>\n<p class=\"cuerpo\" align=\"left\">Sant Ermengol School (Principality of Andorra) (up to 3) | <a class=\"epigrafesgris\" href=\"http:\/\/www.xena.ad\/sterme\/\">https:\/\/www.xena.ad\/sterme\/<\/a><\/p>\n<p class=\"cuerpo\" align=\"left\"><a href=\"http:\/\/www.unige.ch\/\" target=\"_blank\" rel=\"noopener noreferrer\">Universit\u00e9 de Gen\u00e8ve (Switzerland)<\/a><\/p>\n\t\t<\/div>\n\t<\/div>\n\t\n<\/div>[\/vc_column_text][\/vc_column][\/vc_row]\n<\/div>","protected":false},"excerpt":{"rendered":"[vc_row][vc_column][vc_column_text css=&#8221;&#8221;] Each student (or group of students, when several complete their internship in the same centre) is assigned a supervisor, with whom they must meet every two weeks to monitor the work carried out during the internship and the development of the internship report. The aim is to differentiate between methodological perspectives in order [&#8230;]\n","protected":false},"author":2,"featured_media":0,"parent":0,"menu_order":0,"comment_status":"closed","ping_status":"closed","template":"page-blank-title-center.php","meta":{"footnotes":""},"class_list":["post-5667","page","type-page","status-publish","hentry"],"yoast_head":"<!-- This site is optimized with the Yoast SEO plugin v20.5 - https:\/\/yoast.com\/wordpress\/plugins\/seo\/ -->\n<title>EXTERNAL INTERNSHIPS - Artes Visuales y Educaci\u00f3n<\/title>\n<meta name=\"description\" content=\"External Internships: agreements with museums and cultural centers for professional and research training. Explore your destinations!\" \/>\n<meta name=\"robots\" content=\"index, follow, max-snippet:-1, max-image-preview:large, max-video-preview:-1\" \/>\n<link rel=\"canonical\" href=\"https:\/\/artes-visuales.org\/en\/external-internships\/\" \/>\n<meta property=\"og:locale\" content=\"en_US\" \/>\n<meta property=\"og:type\" content=\"article\" \/>\n<meta property=\"og:title\" content=\"EXTERNAL INTERNSHIPS - Artes Visuales y Educaci\u00f3n\" \/>\n<meta property=\"og:description\" content=\"External Internships: agreements with museums and cultural centers for professional and research training. Explore your destinations!\" \/>\n<meta property=\"og:url\" content=\"https:\/\/artes-visuales.org\/en\/external-internships\/\" \/>\n<meta property=\"og:site_name\" content=\"Artes Visuales y Educaci\u00f3n\" \/>\n<meta property=\"article:modified_time\" content=\"2026-01-08T09:51:30+00:00\" \/>\n<meta name=\"twitter:card\" content=\"summary_large_image\" \/>\n<meta name=\"twitter:label1\" content=\"Est. reading time\" \/>\n\t<meta name=\"twitter:data1\" content=\"4 minutes\" \/>\n<script type=\"application\/ld+json\" class=\"yoast-schema-graph\">{\"@context\":\"https:\/\/schema.org\",\"@graph\":[{\"@type\":\"WebPage\",\"@id\":\"https:\/\/artes-visuales.org\/en\/external-internships\/\",\"url\":\"https:\/\/artes-visuales.org\/en\/external-internships\/\",\"name\":\"EXTERNAL INTERNSHIPS - Artes Visuales y Educaci\u00f3n\",\"isPartOf\":{\"@id\":\"https:\/\/artes-visuales.org\/#website\"},\"datePublished\":\"2015-09-16T09:41:20+00:00\",\"dateModified\":\"2026-01-08T09:51:30+00:00\",\"description\":\"External Internships: agreements with museums and cultural centers for professional and research training. Explore your destinations!\",\"breadcrumb\":{\"@id\":\"https:\/\/artes-visuales.org\/en\/external-internships\/#breadcrumb\"},\"inLanguage\":\"en-US\",\"potentialAction\":[{\"@type\":\"ReadAction\",\"target\":[\"https:\/\/artes-visuales.org\/en\/external-internships\/\"]}]},{\"@type\":\"BreadcrumbList\",\"@id\":\"https:\/\/artes-visuales.org\/en\/external-internships\/#breadcrumb\",\"itemListElement\":[{\"@type\":\"ListItem\",\"position\":1,\"name\":\"Portada\",\"item\":\"https:\/\/artes-visuales.org\/en\/\"},{\"@type\":\"ListItem\",\"position\":2,\"name\":\"EXTERNAL INTERNSHIPS\"}]},{\"@type\":\"WebSite\",\"@id\":\"https:\/\/artes-visuales.org\/#website\",\"url\":\"https:\/\/artes-visuales.org\/\",\"name\":\"Artes Visuales y Educaci\u00f3n\",\"description\":\"M\u00e1ster UGR\",\"potentialAction\":[{\"@type\":\"SearchAction\",\"target\":{\"@type\":\"EntryPoint\",\"urlTemplate\":\"https:\/\/artes-visuales.org\/?s={search_term_string}\"},\"query-input\":\"required name=search_term_string\"}],\"inLanguage\":\"en-US\"}]}<\/script>\n<!-- \/ Yoast SEO plugin. -->","yoast_head_json":{"title":"EXTERNAL INTERNSHIPS - Artes Visuales y Educaci\u00f3n","description":"External Internships: agreements with museums and cultural centers for professional and research training. Explore your destinations!","robots":{"index":"index","follow":"follow","max-snippet":"max-snippet:-1","max-image-preview":"max-image-preview:large","max-video-preview":"max-video-preview:-1"},"canonical":"https:\/\/artes-visuales.org\/en\/external-internships\/","og_locale":"en_US","og_type":"article","og_title":"EXTERNAL INTERNSHIPS - Artes Visuales y Educaci\u00f3n","og_description":"External Internships: agreements with museums and cultural centers for professional and research training. Explore your destinations!","og_url":"https:\/\/artes-visuales.org\/en\/external-internships\/","og_site_name":"Artes Visuales y Educaci\u00f3n","article_modified_time":"2026-01-08T09:51:30+00:00","twitter_card":"summary_large_image","twitter_misc":{"Est. reading time":"4 minutes"},"schema":{"@context":"https:\/\/schema.org","@graph":[{"@type":"WebPage","@id":"https:\/\/artes-visuales.org\/en\/external-internships\/","url":"https:\/\/artes-visuales.org\/en\/external-internships\/","name":"EXTERNAL INTERNSHIPS - Artes Visuales y Educaci\u00f3n","isPartOf":{"@id":"https:\/\/artes-visuales.org\/#website"},"datePublished":"2015-09-16T09:41:20+00:00","dateModified":"2026-01-08T09:51:30+00:00","description":"External Internships: agreements with museums and cultural centers for professional and research training. Explore your destinations!","breadcrumb":{"@id":"https:\/\/artes-visuales.org\/en\/external-internships\/#breadcrumb"},"inLanguage":"en-US","potentialAction":[{"@type":"ReadAction","target":["https:\/\/artes-visuales.org\/en\/external-internships\/"]}]},{"@type":"BreadcrumbList","@id":"https:\/\/artes-visuales.org\/en\/external-internships\/#breadcrumb","itemListElement":[{"@type":"ListItem","position":1,"name":"Portada","item":"https:\/\/artes-visuales.org\/en\/"},{"@type":"ListItem","position":2,"name":"EXTERNAL INTERNSHIPS"}]},{"@type":"WebSite","@id":"https:\/\/artes-visuales.org\/#website","url":"https:\/\/artes-visuales.org\/","name":"Artes Visuales y Educaci\u00f3n","description":"M\u00e1ster UGR","potentialAction":[{"@type":"SearchAction","target":{"@type":"EntryPoint","urlTemplate":"https:\/\/artes-visuales.org\/?s={search_term_string}"},"query-input":"required name=search_term_string"}],"inLanguage":"en-US"}]}},"_links":{"self":[{"href":"https:\/\/artes-visuales.org\/en\/wp-json\/wp\/v2\/pages\/5667","targetHints":{"allow":["GET"]}}],"collection":[{"href":"https:\/\/artes-visuales.org\/en\/wp-json\/wp\/v2\/pages"}],"about":[{"href":"https:\/\/artes-visuales.org\/en\/wp-json\/wp\/v2\/types\/page"}],"author":[{"embeddable":true,"href":"https:\/\/artes-visuales.org\/en\/wp-json\/wp\/v2\/users\/2"}],"replies":[{"embeddable":true,"href":"https:\/\/artes-visuales.org\/en\/wp-json\/wp\/v2\/comments?post=5667"}],"version-history":[{"count":4,"href":"https:\/\/artes-visuales.org\/en\/wp-json\/wp\/v2\/pages\/5667\/revisions"}],"predecessor-version":[{"id":6228,"href":"https:\/\/artes-visuales.org\/en\/wp-json\/wp\/v2\/pages\/5667\/revisions\/6228"}],"wp:attachment":[{"href":"https:\/\/artes-visuales.org\/en\/wp-json\/wp\/v2\/media?parent=5667"}],"curies":[{"name":"wp","href":"https:\/\/api.w.org\/{rel}","templated":true}]}}