{"id":5602,"date":"2015-09-10T18:18:42","date_gmt":"2015-09-10T18:18:42","guid":{"rendered":"https:\/\/artes-visuales.org\/datos-generales\/"},"modified":"2026-01-08T09:53:38","modified_gmt":"2026-01-08T09:53:38","slug":"general-information","status":"publish","type":"page","link":"https:\/\/artes-visuales.org\/en\/general-information\/","title":{"rendered":"GENERAL INFORMATION"},"content":{"rendered":"<div class=\"wpb-content-wrapper\">[vc_row][vc_column][vc_column_text]<div class=\"row\"  id=\"row-848404060\">[\/vc_column_text][\/vc_column][\/vc_row][vc_row][vc_column][vc_column_text css=&#8221;&#8221;]\n\t<div id=\"col-715682592\" class=\"col medium-1\/2 large-6\"  >\n\t\t\t\t<div class=\"col-inner\"  >\n\t\t\t\n\t\t\t\n<p><strong>Name of the master\u2019s degree:<\/strong><br \/>\nOfficial Inter-University Master\u2019s Degree in Visual Arts and Education: A Constructionist Approach.<\/p>\n<p><strong>Mode of instruction:<\/strong><br \/>\nOn-site.<\/p>\n<p><strong>Mode of instruction:<\/strong><br \/>\nOn-site.<\/p>\n<p><strong>Languages of instruction:<\/strong><br \/>\nSpanish, Catalan and English.<\/p>\n<p><strong>Coordinating university:<\/strong><br \/>\nUniversity of Granada.<\/p>\n<p><strong>General Coordinator:<\/strong><br \/>\nJoaqu\u00edn Rold\u00e1n Ram\u00edrez | <a href=\"mailto:joaquinroldan@ugr.es\">joaquinroldan@ugr.es<\/a><\/p>\n<p><a href=\"http:\/\/artes-visuales.org\/wp-content\/uploads\/2015\/09\/Funciones-de-coordinacion.pdf\" target=\"_blank\" rel=\"noopener noreferrer\">Coordination Functions<\/a><\/p>\n<p><strong>Degree delivered at:<\/strong><\/p>\n<p><strong>University of Granada:<\/strong><\/p>\n<p>Faculty of Fine Arts and Faculty of Education Sciences.<\/p>\n<p>Coordinator of the Granada campus: Ricardo Mar\u00edn Viadel | <a href=\"mailto:ricardom@ugr.es\" target=\"_blank\" rel=\"noopener noreferrer\">ricardom@ugr.es<\/a><\/p>\n<p><strong>University of Barcelona:<\/strong><\/p>\n<p>Faculty of Fine Arts<\/p>\n<p>Coordinator of the Barcelona campus: Aurelio Castro Varela | <a href=\"mailto:aurelio.castro@ub.edu\" target=\"_blank\" rel=\"noopener noreferrer\">aurelio.castro@ub.edu<\/a><\/p>\n<p><strong>University of Girona:<\/strong><\/p>\n<p>Faculty of Education and Psychology.<\/p>\n<p>Coordinator of the Girona campus: Roser Juanola Terradellas | <a href=\"mailto:roser.juanola@udg.edu\" target=\"_blank\" rel=\"noopener noreferrer\">roser.juanola@udg.edu<\/a><\/p>\n\t\t<\/div>\n\t\t\t\t\t<\/div>\n\n\t\n\n\t<div id=\"col-1347513310\" class=\"col medium-1\/2 large-6\"  >\n\t\t\t\t<div class=\"col-inner\"  >\n\t\t\t\n\t\t\t\n<div class=\"accordion\">\n\t<div id=\"accordion-2931937262\" class=\"accordion-item\">\n\t\t<a id=\"accordion-2931937262-label\" class=\"accordion-title plain\" href=\"#accordion-item-administrative_management_\u2013_university_of_granada\" aria-expanded=\"false\" aria-controls=\"accordion-2931937262-content\" >\n\t\t\t<button class=\"toggle\" aria-label=\"Toggle\"><i class=\"icon-angle-down\"><\/i><\/button>\n\t\t\t<span>Administrative Management \u2013 University of Granada<\/span>\n\t\t<\/a>\n\t\t<div id=\"accordion-2931937262-content\" class=\"accordion-inner\" aria-labelledby=\"accordion-2931937262-label\" >\n\t\t\t\n<p>International Postgraduate School<br \/>\nDepartment of Didactics of Musical, Visual and Body Expression<br \/>\nFaculty of Education Sciences and Fine Arts<br \/>\nT: +34 958243954<br \/>\nF: +34 958249053<br \/>\nE-mail: <a href=\"mailto:epmasteres@ugr.es\">epmasteres@ugr.es<\/a><\/p>\n\t\t<\/div>\n\t<\/div>\n\t\n\t<div id=\"accordion-3905141879\" class=\"accordion-item\">\n\t\t<a id=\"accordion-3905141879-label\" class=\"accordion-title plain\" href=\"#accordion-item-administrative_management_\u2013_university_of_barcelona\" aria-expanded=\"false\" aria-controls=\"accordion-3905141879-content\" >\n\t\t\t<button class=\"toggle\" aria-label=\"Toggle\"><i class=\"icon-angle-down\"><\/i><\/button>\n\t\t\t<span>Administrative Management \u2013 University of Barcelona<\/span>\n\t\t<\/a>\n\t\t<div id=\"accordion-3905141879-content\" class=\"accordion-inner\" aria-labelledby=\"accordion-3905141879-label\" >\n\t\t\t\n<p><strong>Coordinator at the University of Barcelona:<\/strong><br \/>\nAurelio Castro Varela | <a href=\"mailto:aurelio.castro@ub.edu\" target=\"_blank\" rel=\"noopener noreferrer\">aurelio.castro@ub.edu<\/a><\/p>\n<p>Administrative Management \u2013 University of Barcelona<br \/>\nAdministration of University Master\u2019s Degrees<br \/>\nStudents and Teaching Secretariat<br \/>\nFaculty of Fine Arts<br \/>\nC\/ Pau Gargallo, 4 \/ 08028 Barcelona<br \/>\nPhone +34 934034055<br \/>\n<a href=\"mailto:master.bellesarts@ub.edu\" target=\"_blank\" rel=\"noopener noreferrer\">master.bellesarts@ub.edu<\/a><br \/>\n<span lang=\"es\">Website Fine Arts:<\/span> <a href=\"https:\/\/www.ub.edu\/portal\/web\/bellasartes\/masteres-universitarios\" target=\"_blank\" rel=\"noopener noreferrer\">https:\/\/www.ub.edu\/portal\/web\/bellasartes\/masteres-universitarios<\/a><\/p>\n<p>&nbsp;<\/p>\n\t\t<\/div>\n\t<\/div>\n\t\n\t<div id=\"accordion-3635772749\" class=\"accordion-item\">\n\t\t<a id=\"accordion-3635772749-label\" class=\"accordion-title plain\" href=\"#accordion-item-administrative_management_\u2013_university_of_girona\" aria-expanded=\"false\" aria-controls=\"accordion-3635772749-content\" >\n\t\t\t<button class=\"toggle\" aria-label=\"Toggle\"><i class=\"icon-angle-down\"><\/i><\/button>\n\t\t\t<span>Administrative Management \u2013 University of Girona<\/span>\n\t\t<\/a>\n\t\t<div id=\"accordion-3635772749-content\" class=\"accordion-inner\" aria-labelledby=\"accordion-3635772749-label\" >\n\t\t\t\n<p><strong>Coordinator at the University of Girona:<\/strong><br \/>\nJoan Vall\u00e9s Villanueva | <a href=\"mailto:joan.valles@udg.edu\">joan.valles@udg.edu<\/a><\/p>\n<p><strong>Administrative Management \u2013 University of Girona<\/strong><br \/>\nUniversity of Girona<br \/>\nDepartment of Specific Didactics<br \/>\nFaculty of Education and Psychology<br \/>\nCampus Barri Vell, Pla\u00e7a Sant Dom\u00e8nec, 9, 77 \u2013 17071 Girona<br \/>\nT: +34 972418332<br \/>\nF: +34 972418301<br \/>\nE-Mail: <a href=\"mailto:dir.didacespec@udg.es\">dir.didacespec@udg.es<\/a><\/p>\n\t\t<\/div>\n\t<\/div>\n\t\n<\/div>\n<h3>Documents<\/h3>\n<p><a href=\"http:\/\/artes-visuales.org\/wp-content\/uploads\/2015\/09\/Convenio_Master_Interuniversitario.pdf\" target=\"_blank\" rel=\"noopener noreferrer\">Inter-University Agreement<\/a><\/p>\n<p><a href=\"http:\/\/artes-visuales.org\/wp-content\/uploads\/2015\/09\/Reglamento-Regimen-Interno-Comisi\u00f3n-Acad\u00e9mica-del-Master-2013.pdf\" target=\"_blank\" rel=\"noopener noreferrer\">Internal Regulations of the Master\u2019s Academic Committee<\/a><\/p>\n<p><a href=\"http:\/\/artes-visuales.org\/wp-content\/uploads\/2015\/09\/2015-16_ACTA-constitucion-CSGIC.pdf\" target=\"_blank\" rel=\"noopener noreferrer\">Minutes of the Meeting for the Establishment of the Internal Quality Assurance Commission (CSGIC)<\/a><\/p>\n<p><a href=\"http:\/\/artes-visuales.org\/wp-content\/uploads\/2015\/09\/2015-16_ACTA-constitucion-CAM_UGR.pdf\" target=\"_blank\" rel=\"noopener noreferrer\">Minutes of the Establishment of the Master\u2019s Academic Committee \u2013 UGR<\/a><\/p>\n<p><a href=\"http:\/\/artes-visuales.org\/wp-content\/uploads\/2015\/09\/2015-16_ACTA-constitucion-CAM-3-universidades.pdf\" target=\"_blank\" rel=\"noopener noreferrer\">Minutes of the Meeting for the Establishment of the Master\u2019s Academic Committee (CAM) \u2013 Academic Year 2015-2016<\/a><\/p>\n<p><a href=\"http:\/\/artes-visuales.org\/wp-content\/uploads\/2020\/05\/indicadores_2016-2020.zip\" target=\"_blank\" rel=\"noopener noreferrer\">Academic Performance Indicators 2016\/20<\/a><\/p>\n<p><a href=\"https:\/\/escuelaposgrado.ugr.es\/pages\/masteres_oficiales\/tramites_admin_alumnos_master\/reconocimiento\" target=\"_blank\" rel=\"noopener noreferrer\">Degree Recognition Regulations<\/a><\/p>\n\t\t<\/div>\n\t\t\t\t\t<\/div>\n\n\t\n\n\t<div id=\"col-1940511219\" class=\"col medium-1\/1 large-12\"  >\n\t\t\t\t<div class=\"col-inner\"  >\n\t\t\t\n\t\t\t\n<h3>Available places at UGR: 30<\/h3>\n<p>Applications received for the academic year 2025-26: 342<\/p>\n<p>Enrolled students: 30<\/p>\n<h3>Available places at UB: 30<\/h3>\n<p>Applications received for the academic year 2025-26: 44<\/p>\n<p>Enrolled students: 23<\/p>\n<h3>Available places at UdG: 30<\/h3>\n<p>Applications received for the academic year 2025-26: 0<\/p>\n<p>Enrolled students: 0<\/p>\n<p>(this academic year 2025-26, due to insufficient applications at the University of Girona, the master\u2019s program will not be delivered at this university)<\/p>\n\t\t<\/div>\n\t\t\t\t\t<\/div>\n\n\t\n<\/div>\n[\/vc_column_text][\/vc_column][\/vc_row]\n<\/div>","protected":false},"excerpt":{"rendered":"[vc_row][vc_column][vc_column_text] [\/vc_column_text][\/vc_column][\/vc_row]\n","protected":false},"author":2,"featured_media":0,"parent":0,"menu_order":0,"comment_status":"closed","ping_status":"closed","template":"page-blank-title-center.php","meta":{"footnotes":""},"class_list":["post-5602","page","type-page","status-publish","hentry"],"yoast_head":"<!-- This site is optimized with the Yoast SEO plugin v20.5 - https:\/\/yoast.com\/wordpress\/plugins\/seo\/ -->\n<title>GENERAL INFORMATION - Artes Visuales y Educaci\u00f3n<\/title>\n<meta name=\"description\" content=\"General Information: Discover the Master in Visual Arts &amp; Education. Interuniversity program by UGR, UB, and UdG. Explore our mission!\" \/>\n<meta name=\"robots\" content=\"index, follow, max-snippet:-1, max-image-preview:large, max-video-preview:-1\" \/>\n<link rel=\"canonical\" href=\"https:\/\/artes-visuales.org\/en\/general-information\/\" \/>\n<meta property=\"og:locale\" content=\"en_US\" \/>\n<meta property=\"og:type\" content=\"article\" \/>\n<meta property=\"og:title\" content=\"GENERAL INFORMATION - Artes Visuales y Educaci\u00f3n\" \/>\n<meta property=\"og:description\" content=\"General Information: Discover the Master in Visual Arts &amp; Education. Interuniversity program by UGR, UB, and UdG. Explore our mission!\" \/>\n<meta property=\"og:url\" content=\"https:\/\/artes-visuales.org\/en\/general-information\/\" \/>\n<meta property=\"og:site_name\" content=\"Artes Visuales y Educaci\u00f3n\" \/>\n<meta property=\"article:modified_time\" content=\"2026-01-08T09:53:38+00:00\" \/>\n<meta name=\"twitter:card\" content=\"summary_large_image\" \/>\n<meta name=\"twitter:label1\" content=\"Est. reading time\" \/>\n\t<meta name=\"twitter:data1\" content=\"2 minutes\" \/>\n<script type=\"application\/ld+json\" class=\"yoast-schema-graph\">{\"@context\":\"https:\/\/schema.org\",\"@graph\":[{\"@type\":\"WebPage\",\"@id\":\"https:\/\/artes-visuales.org\/en\/general-information\/\",\"url\":\"https:\/\/artes-visuales.org\/en\/general-information\/\",\"name\":\"GENERAL INFORMATION - Artes Visuales y Educaci\u00f3n\",\"isPartOf\":{\"@id\":\"https:\/\/artes-visuales.org\/#website\"},\"datePublished\":\"2015-09-10T18:18:42+00:00\",\"dateModified\":\"2026-01-08T09:53:38+00:00\",\"description\":\"General Information: Discover the Master in Visual Arts & Education. Interuniversity program by UGR, UB, and UdG. Explore our mission!\",\"breadcrumb\":{\"@id\":\"https:\/\/artes-visuales.org\/en\/general-information\/#breadcrumb\"},\"inLanguage\":\"en-US\",\"potentialAction\":[{\"@type\":\"ReadAction\",\"target\":[\"https:\/\/artes-visuales.org\/en\/general-information\/\"]}]},{\"@type\":\"BreadcrumbList\",\"@id\":\"https:\/\/artes-visuales.org\/en\/general-information\/#breadcrumb\",\"itemListElement\":[{\"@type\":\"ListItem\",\"position\":1,\"name\":\"Portada\",\"item\":\"https:\/\/artes-visuales.org\/en\/\"},{\"@type\":\"ListItem\",\"position\":2,\"name\":\"GENERAL INFORMATION\"}]},{\"@type\":\"WebSite\",\"@id\":\"https:\/\/artes-visuales.org\/#website\",\"url\":\"https:\/\/artes-visuales.org\/\",\"name\":\"Artes Visuales y Educaci\u00f3n\",\"description\":\"M\u00e1ster UGR\",\"potentialAction\":[{\"@type\":\"SearchAction\",\"target\":{\"@type\":\"EntryPoint\",\"urlTemplate\":\"https:\/\/artes-visuales.org\/?s={search_term_string}\"},\"query-input\":\"required name=search_term_string\"}],\"inLanguage\":\"en-US\"}]}<\/script>\n<!-- \/ Yoast SEO plugin. -->","yoast_head_json":{"title":"GENERAL INFORMATION - Artes Visuales y Educaci\u00f3n","description":"General Information: Discover the Master in Visual Arts & Education. Interuniversity program by UGR, UB, and UdG. Explore our mission!","robots":{"index":"index","follow":"follow","max-snippet":"max-snippet:-1","max-image-preview":"max-image-preview:large","max-video-preview":"max-video-preview:-1"},"canonical":"https:\/\/artes-visuales.org\/en\/general-information\/","og_locale":"en_US","og_type":"article","og_title":"GENERAL INFORMATION - Artes Visuales y Educaci\u00f3n","og_description":"General Information: Discover the Master in Visual Arts & Education. Interuniversity program by UGR, UB, and UdG. Explore our mission!","og_url":"https:\/\/artes-visuales.org\/en\/general-information\/","og_site_name":"Artes Visuales y Educaci\u00f3n","article_modified_time":"2026-01-08T09:53:38+00:00","twitter_card":"summary_large_image","twitter_misc":{"Est. reading time":"2 minutes"},"schema":{"@context":"https:\/\/schema.org","@graph":[{"@type":"WebPage","@id":"https:\/\/artes-visuales.org\/en\/general-information\/","url":"https:\/\/artes-visuales.org\/en\/general-information\/","name":"GENERAL INFORMATION - Artes Visuales y Educaci\u00f3n","isPartOf":{"@id":"https:\/\/artes-visuales.org\/#website"},"datePublished":"2015-09-10T18:18:42+00:00","dateModified":"2026-01-08T09:53:38+00:00","description":"General Information: Discover the Master in Visual Arts & Education. Interuniversity program by UGR, UB, and UdG. Explore our mission!","breadcrumb":{"@id":"https:\/\/artes-visuales.org\/en\/general-information\/#breadcrumb"},"inLanguage":"en-US","potentialAction":[{"@type":"ReadAction","target":["https:\/\/artes-visuales.org\/en\/general-information\/"]}]},{"@type":"BreadcrumbList","@id":"https:\/\/artes-visuales.org\/en\/general-information\/#breadcrumb","itemListElement":[{"@type":"ListItem","position":1,"name":"Portada","item":"https:\/\/artes-visuales.org\/en\/"},{"@type":"ListItem","position":2,"name":"GENERAL INFORMATION"}]},{"@type":"WebSite","@id":"https:\/\/artes-visuales.org\/#website","url":"https:\/\/artes-visuales.org\/","name":"Artes Visuales y Educaci\u00f3n","description":"M\u00e1ster UGR","potentialAction":[{"@type":"SearchAction","target":{"@type":"EntryPoint","urlTemplate":"https:\/\/artes-visuales.org\/?s={search_term_string}"},"query-input":"required name=search_term_string"}],"inLanguage":"en-US"}]}},"_links":{"self":[{"href":"https:\/\/artes-visuales.org\/en\/wp-json\/wp\/v2\/pages\/5602","targetHints":{"allow":["GET"]}}],"collection":[{"href":"https:\/\/artes-visuales.org\/en\/wp-json\/wp\/v2\/pages"}],"about":[{"href":"https:\/\/artes-visuales.org\/en\/wp-json\/wp\/v2\/types\/page"}],"author":[{"embeddable":true,"href":"https:\/\/artes-visuales.org\/en\/wp-json\/wp\/v2\/users\/2"}],"replies":[{"embeddable":true,"href":"https:\/\/artes-visuales.org\/en\/wp-json\/wp\/v2\/comments?post=5602"}],"version-history":[{"count":6,"href":"https:\/\/artes-visuales.org\/en\/wp-json\/wp\/v2\/pages\/5602\/revisions"}],"predecessor-version":[{"id":6236,"href":"https:\/\/artes-visuales.org\/en\/wp-json\/wp\/v2\/pages\/5602\/revisions\/6236"}],"wp:attachment":[{"href":"https:\/\/artes-visuales.org\/en\/wp-json\/wp\/v2\/media?parent=5602"}],"curies":[{"name":"wp","href":"https:\/\/api.w.org\/{rel}","templated":true}]}}