{"id":5595,"date":"2015-09-10T08:37:55","date_gmt":"2015-09-10T08:37:55","guid":{"rendered":"https:\/\/artes-visuales.org\/datos-identificativos-del-programa\/"},"modified":"2026-01-08T10:02:06","modified_gmt":"2026-01-08T10:02:06","slug":"identifying-information-of-the-degree","status":"publish","type":"page","link":"https:\/\/artes-visuales.org\/en\/identifying-information-of-the-degree\/","title":{"rendered":"IDENTIFYING INFORMATION OF THE DEGREE"},"content":{"rendered":"<div class=\"wpb-content-wrapper\">[vc_row][vc_column][vc_column_text]\n<span class=\"cuerpo02\"><strong>Name:<\/strong> <\/span>Arts and Education (inter-university program with Quality Mention MCD2006-00074).<\/p>\n<p><span class=\"cuerpo02\"><strong>Date of publication of the Degree in the BOE:<\/strong> 8 March 2012<\/span><\/p>\n<p><strong>Academic year of implementation:<\/strong> 2008-2009<\/p>\n<p><strong><span class=\"cuerpo02\">Participating universities:<\/span> <\/strong>Barcelona, Granada and Girona.<\/p>\n<p><strong><span class=\"cuerpo02\">Fields of Study:<\/span> <\/strong>Humanities, Social Sciences, Education and Architecture.<\/p>\n<p><strong><span class=\"cuerpo02\">Maximum number of students: <\/span><\/strong>30 per university<\/p>\n<p><strong>Type of instruction:<\/strong> On-site.<\/p>\n<p><strong>Languages used in the delivery of the Degree:<\/strong> UGR (Spanish and English), UB and UdG (Spanish, English and Catalan)<\/p>\n<p><strong><a href=\"http:\/\/artes-visuales.org\/wp-content\/uploads\/2015\/09\/Convenio_Master_Interuniversitario.pdf\" target=\"_blank\" rel=\"noopener noreferrer\">Inter-University Agreement<\/a><\/strong><\/p>\n<p><strong>Official Inter-University Master\u2019s Degree:<\/strong> Visual Arts and Education: A Constructionist Approach (60 ECTS)<\/p>\n<p><span class=\"cuerpo02\"><strong>Program website:<\/strong> <a href=\"https:\/\/artes-visuales.org\/en\/\">https:\/\/artes-visuales.org\/en\/\u00a0<\/a><\/span><\/p>\n<p>&nbsp;<\/p>\n\n\t\t<div class=\"tabbed-content\">\n\t\t\t\n\t\t\t<ul class=\"nav nav-normal nav-uppercase nav-size-normal nav-left\" role=\"tablist\"><li id=\"tab-university-of-granada\" class=\"tab active has-icon\" role=\"presentation\"><a href=\"#tab_university-of-granada\" role=\"tab\" aria-selected=\"true\" aria-controls=\"tab_university-of-granada\"><span>University of Granada<\/span><\/a><\/li>\n<li id=\"tab-university-of-barcelona\" class=\"tab has-icon\" role=\"presentation\"><a href=\"#tab_university-of-barcelona\" tabindex=\"-1\" role=\"tab\" aria-selected=\"false\" aria-controls=\"tab_university-of-barcelona\"><span>University of Barcelona<\/span><\/a><\/li>\n<li id=\"tab-university-of-gerona\" class=\"tab has-icon\" role=\"presentation\"><a href=\"#tab_university-of-gerona\" tabindex=\"-1\" role=\"tab\" aria-selected=\"false\" aria-controls=\"tab_university-of-gerona\"><span>University of Gerona<\/span><\/a><\/li><\/ul><div class=\"tab-panels\"><div id=\"tab_university-of-granada\" class=\"panel active entry-content\" role=\"tabpanel\" aria-labelledby=\"tab-university-of-granada\">\n<p><strong>General Coordinator:<\/strong><\/p>\n<p>Joaqu\u00edn Rold\u00e1n Ram\u00edrez<\/p>\n<p><strong>Coordinator of the Granada campus:<\/strong><\/p>\n<p>Ricardo Mar\u00edn Viadel<\/p>\n<p><strong>Departments:<\/strong><\/p>\n<p>Didactics of Musical, Visual and Body Expression (University of Granada)<\/p>\n<p><strong>Centers:<\/strong><\/p>\n<p>Faculty of Fine Arts and Faculty of Education Sciences (Granada)<\/p>\n<p><strong>Contact:<\/strong><\/p>\n<p>Joaqu\u00edn Rold\u00e1n | <a href=\"mailto:joaquinroldan@ugr.es\">joaquinroldan@ugr.es<\/a><\/p>\n<p>Ricardo Mar\u00edn Viadel | <a href=\"mailto:ricardom@ugr.es\">ricardom@ugr.es<\/a><\/p>\n<p>Tel. +34958246259<\/p>\n<p>Fax +34958246259<\/p>\n<\/div>\n<div id=\"tab_university-of-barcelona\" class=\"panel entry-content\" role=\"tabpanel\" aria-labelledby=\"tab-university-of-barcelona\">\n<p><strong>General Coordinator:<\/strong><\/p>\n<p>Aurelio Castro Varela<\/p>\n<p><strong>Departments:<\/strong><\/p>\n<p>Visual Arts and Design<\/p>\n<p><strong>Centers:<\/strong><\/p>\n<p>Faculty of Fine Arts, University of Barcelona<\/p>\n<p><strong>Contact: <\/strong><\/p>\n<p><a class=\"epigrafesgris\" href=\"mailto:master.artsedu@ub.edu\">master.artsedu@ub.edu<\/a><\/p>\n<p>Tel. +34934034092<\/p>\n<p>Fax: +34934021782<\/p>\n<\/div>\n<div id=\"tab_university-of-gerona\" class=\"panel entry-content\" role=\"tabpanel\" aria-labelledby=\"tab-university-of-gerona\">\n<p><strong>Coordinator:<\/strong><\/p>\n<p>Joan Vall\u00e9s Villanueva<\/p>\n<p><strong>Department:<\/strong><\/p>\n<p>Specific Didactics, University of Girona<\/p>\n<p><strong>Centers<\/strong>:<\/p>\n<p>Faculty of Education and Psychology (Girona)<\/p>\n<p><strong>Contact<\/strong><\/p>\n<p><a href=\"mailto:joan.valles@udg.edu\">joan.valles@udg.edu<\/a><\/p>\n<p>T\u00e9l. +34972418332<\/p>\n<\/div><\/div><\/div>\n<p><span class=\"cuerpo02\"><strong>Research period:<\/strong> <\/span><br \/>\nThe main objective of the program is advanced training in constructionist-based research in fields related to Arts and Education. Since the program is grounded in research lines associated with consolidated research groups and ongoing projects, secondary objectives arise from the aims of these groups and research projects. Therefore, the research lines of the program address the following specific objectives.<\/p>\n<p><strong>Arts education and visual culture<\/strong><br \/>\n<span class=\"cuerpo\">Develop research projects in different educational settings around issues related to experiences of subjectivity mediated by visual representations and the multiple perspectives and interpretations related to the arts and visual culture.<\/span><\/p>\n<p><strong>Cultural pedagogies in heritage, museums and exhibition spaces<\/strong><br \/>\n<span class=\"cuerpo\">Develop research projects on institutional cultures and the discursive practices arising from their cultural pedagogies.<\/span><\/p>\n<p><span class=\"arriba\"><strong>Art, educational intervention and social transformation<\/strong> <\/span><em><br \/>\n<\/em>Develop research projects linked to different educational environments exploring the relationships between proposed interventions and their emancipatory effects.<\/p>\n<p><span class=\"arriba\"><strong>Artistic research methodologies: Arts-based educational research<\/strong> <\/span><em><br \/>\n<\/em>Develop research projects using documentation and interpretation strategies rooted in the arts, exploring knowledge derived from the resulting visual narratives.<\/p>\n<p><span class=\"arriba\"><strong>Comparative education: multicultural, ecological and inclusive approaches to art education<\/strong> <\/span><em><br \/>\n<\/em>Develop research projects that connect artistic education proposals with multicultural, ecological, and inclusion-related issues. Collaborate with different educational professionals and define educational interventions based on classroom observation.<\/p>\n<p><span class=\"arriba\"><strong>Cultural and educational policies based on the interpretation of heritage, museums and art centers<\/strong> <\/span><em><br \/>\n<\/em>Create projects and transfer knowledge at both local and international levels. Collaborate with cultural institutions and related groups within the university and with international partners such as CECA-ICOM, Forum UNESCO and ICOMOS.<\/p>\n<p>Students must present and defend their thesis proposal before a designated committee during the first six months of their participation in the program.<\/p>\n<p><strong>Eligible degrees<\/strong>: Access to the program is possible from Arts, Humanities and Social Sciences degrees such as Fine Arts, Architecture, Photography, Film, Music, Theatre, Dance, Graphic Design, Textile Design, etc., and any other official qualification demonstrating competencies in the creation of artistic images with educational purpose or impact. Admission is also possible from Humanities and Social Sciences degrees including any Education Science specialty, or studies in fields with social impact such as Sociology, Anthropology, Development Cooperation, etc.<br \/>\n[\/vc_column_text][\/vc_column][\/vc_row]\n<\/div>","protected":false},"excerpt":{"rendered":"[vc_row][vc_column][vc_column_text] Name: Arts and Education (inter-university program with Quality Mention MCD2006-00074). Date of publication of the Degree in the BOE: 8 March 2012 Academic year of implementation: 2008-2009 Participating universities: Barcelona, Granada and Girona. Fields of Study: Humanities, Social Sciences, Education and Architecture. Maximum number of students: 30 per university Type of instruction: On-site. Languages [&#8230;]\n","protected":false},"author":2,"featured_media":0,"parent":0,"menu_order":0,"comment_status":"closed","ping_status":"open","template":"page-blank-title-center.php","meta":{"footnotes":""},"class_list":["post-5595","page","type-page","status-publish","hentry"],"yoast_head":"<!-- This site is optimized with the Yoast SEO plugin v20.5 - https:\/\/yoast.com\/wordpress\/plugins\/seo\/ -->\n<title>IDENTIFYING INFORMATION OF THE DEGREE - Artes Visuales y Educaci\u00f3n<\/title>\n<meta name=\"description\" content=\"Official Degree Info: codes, legal framework, and key details of the Master in Visual Arts &amp; Education (UGR, UB, UdG). Learn more here!\" \/>\n<meta name=\"robots\" content=\"index, follow, max-snippet:-1, max-image-preview:large, max-video-preview:-1\" \/>\n<link rel=\"canonical\" href=\"https:\/\/artes-visuales.org\/en\/identifying-information-of-the-degree\/\" \/>\n<meta property=\"og:locale\" content=\"en_US\" \/>\n<meta property=\"og:type\" content=\"article\" \/>\n<meta property=\"og:title\" content=\"IDENTIFYING INFORMATION OF THE DEGREE - Artes Visuales y Educaci\u00f3n\" \/>\n<meta property=\"og:description\" content=\"Official Degree Info: codes, legal framework, and key details of the Master in Visual Arts &amp; Education (UGR, UB, UdG). Learn more here!\" \/>\n<meta property=\"og:url\" content=\"https:\/\/artes-visuales.org\/en\/identifying-information-of-the-degree\/\" \/>\n<meta property=\"og:site_name\" content=\"Artes Visuales y Educaci\u00f3n\" \/>\n<meta property=\"article:modified_time\" content=\"2026-01-08T10:02:06+00:00\" \/>\n<meta name=\"twitter:card\" content=\"summary_large_image\" \/>\n<meta name=\"twitter:label1\" content=\"Est. reading time\" \/>\n\t<meta name=\"twitter:data1\" content=\"3 minutes\" \/>\n<script type=\"application\/ld+json\" class=\"yoast-schema-graph\">{\"@context\":\"https:\/\/schema.org\",\"@graph\":[{\"@type\":\"WebPage\",\"@id\":\"https:\/\/artes-visuales.org\/en\/identifying-information-of-the-degree\/\",\"url\":\"https:\/\/artes-visuales.org\/en\/identifying-information-of-the-degree\/\",\"name\":\"IDENTIFYING INFORMATION OF THE DEGREE - Artes Visuales y Educaci\u00f3n\",\"isPartOf\":{\"@id\":\"https:\/\/artes-visuales.org\/#website\"},\"datePublished\":\"2015-09-10T08:37:55+00:00\",\"dateModified\":\"2026-01-08T10:02:06+00:00\",\"description\":\"Official Degree Info: codes, legal framework, and key details of the Master in Visual Arts & Education (UGR, UB, UdG). Learn more here!\",\"breadcrumb\":{\"@id\":\"https:\/\/artes-visuales.org\/en\/identifying-information-of-the-degree\/#breadcrumb\"},\"inLanguage\":\"en-US\",\"potentialAction\":[{\"@type\":\"ReadAction\",\"target\":[\"https:\/\/artes-visuales.org\/en\/identifying-information-of-the-degree\/\"]}]},{\"@type\":\"BreadcrumbList\",\"@id\":\"https:\/\/artes-visuales.org\/en\/identifying-information-of-the-degree\/#breadcrumb\",\"itemListElement\":[{\"@type\":\"ListItem\",\"position\":1,\"name\":\"Portada\",\"item\":\"https:\/\/artes-visuales.org\/en\/\"},{\"@type\":\"ListItem\",\"position\":2,\"name\":\"IDENTIFYING INFORMATION OF THE DEGREE\"}]},{\"@type\":\"WebSite\",\"@id\":\"https:\/\/artes-visuales.org\/#website\",\"url\":\"https:\/\/artes-visuales.org\/\",\"name\":\"Artes Visuales y Educaci\u00f3n\",\"description\":\"M\u00e1ster UGR\",\"potentialAction\":[{\"@type\":\"SearchAction\",\"target\":{\"@type\":\"EntryPoint\",\"urlTemplate\":\"https:\/\/artes-visuales.org\/?s={search_term_string}\"},\"query-input\":\"required name=search_term_string\"}],\"inLanguage\":\"en-US\"}]}<\/script>\n<!-- \/ Yoast SEO plugin. -->","yoast_head_json":{"title":"IDENTIFYING INFORMATION OF THE DEGREE - Artes Visuales y Educaci\u00f3n","description":"Official Degree Info: codes, legal framework, and key details of the Master in Visual Arts & Education (UGR, UB, UdG). Learn more here!","robots":{"index":"index","follow":"follow","max-snippet":"max-snippet:-1","max-image-preview":"max-image-preview:large","max-video-preview":"max-video-preview:-1"},"canonical":"https:\/\/artes-visuales.org\/en\/identifying-information-of-the-degree\/","og_locale":"en_US","og_type":"article","og_title":"IDENTIFYING INFORMATION OF THE DEGREE - Artes Visuales y Educaci\u00f3n","og_description":"Official Degree Info: codes, legal framework, and key details of the Master in Visual Arts & Education (UGR, UB, UdG). Learn more here!","og_url":"https:\/\/artes-visuales.org\/en\/identifying-information-of-the-degree\/","og_site_name":"Artes Visuales y Educaci\u00f3n","article_modified_time":"2026-01-08T10:02:06+00:00","twitter_card":"summary_large_image","twitter_misc":{"Est. reading time":"3 minutes"},"schema":{"@context":"https:\/\/schema.org","@graph":[{"@type":"WebPage","@id":"https:\/\/artes-visuales.org\/en\/identifying-information-of-the-degree\/","url":"https:\/\/artes-visuales.org\/en\/identifying-information-of-the-degree\/","name":"IDENTIFYING INFORMATION OF THE DEGREE - Artes Visuales y Educaci\u00f3n","isPartOf":{"@id":"https:\/\/artes-visuales.org\/#website"},"datePublished":"2015-09-10T08:37:55+00:00","dateModified":"2026-01-08T10:02:06+00:00","description":"Official Degree Info: codes, legal framework, and key details of the Master in Visual Arts & Education (UGR, UB, UdG). Learn more here!","breadcrumb":{"@id":"https:\/\/artes-visuales.org\/en\/identifying-information-of-the-degree\/#breadcrumb"},"inLanguage":"en-US","potentialAction":[{"@type":"ReadAction","target":["https:\/\/artes-visuales.org\/en\/identifying-information-of-the-degree\/"]}]},{"@type":"BreadcrumbList","@id":"https:\/\/artes-visuales.org\/en\/identifying-information-of-the-degree\/#breadcrumb","itemListElement":[{"@type":"ListItem","position":1,"name":"Portada","item":"https:\/\/artes-visuales.org\/en\/"},{"@type":"ListItem","position":2,"name":"IDENTIFYING INFORMATION OF THE DEGREE"}]},{"@type":"WebSite","@id":"https:\/\/artes-visuales.org\/#website","url":"https:\/\/artes-visuales.org\/","name":"Artes Visuales y Educaci\u00f3n","description":"M\u00e1ster UGR","potentialAction":[{"@type":"SearchAction","target":{"@type":"EntryPoint","urlTemplate":"https:\/\/artes-visuales.org\/?s={search_term_string}"},"query-input":"required name=search_term_string"}],"inLanguage":"en-US"}]}},"_links":{"self":[{"href":"https:\/\/artes-visuales.org\/en\/wp-json\/wp\/v2\/pages\/5595","targetHints":{"allow":["GET"]}}],"collection":[{"href":"https:\/\/artes-visuales.org\/en\/wp-json\/wp\/v2\/pages"}],"about":[{"href":"https:\/\/artes-visuales.org\/en\/wp-json\/wp\/v2\/types\/page"}],"author":[{"embeddable":true,"href":"https:\/\/artes-visuales.org\/en\/wp-json\/wp\/v2\/users\/2"}],"replies":[{"embeddable":true,"href":"https:\/\/artes-visuales.org\/en\/wp-json\/wp\/v2\/comments?post=5595"}],"version-history":[{"count":4,"href":"https:\/\/artes-visuales.org\/en\/wp-json\/wp\/v2\/pages\/5595\/revisions"}],"predecessor-version":[{"id":5709,"href":"https:\/\/artes-visuales.org\/en\/wp-json\/wp\/v2\/pages\/5595\/revisions\/5709"}],"wp:attachment":[{"href":"https:\/\/artes-visuales.org\/en\/wp-json\/wp\/v2\/media?parent=5595"}],"curies":[{"name":"wp","href":"https:\/\/api.w.org\/{rel}","templated":true}]}}