{"id":6081,"date":"2015-11-13T10:06:30","date_gmt":"2015-11-13T10:06:30","guid":{"rendered":"https:\/\/artes-visuales.org\/aviso-legal\/"},"modified":"2025-12-02T08:06:49","modified_gmt":"2025-12-02T08:06:49","slug":"avis-legal","status":"publish","type":"page","link":"https:\/\/artes-visuales.org\/ca\/avis-legal\/","title":{"rendered":"AV\u00cdS LEGAL"},"content":{"rendered":"<h1 class=\"main_title\" style=\"text-align: justify;\">Av\u00eds legal<\/h1>\n<div class=\"entry-content\">\n<div class=\"level1\" style=\"text-align: justify;\">\n<p>La <strong><a class=\"autolink\" href=\"http:\/\/www.ugr.es\/\">Universitat de Granada<\/a><\/strong> \u00e9s una instituci\u00f3 educativa de dret p\u00fablic destinada a la prestaci\u00f3 del servei p\u00fablic d&#8217;educaci\u00f3 superior, amb la ciutat de Granada com a seu del claustre universitari, el rectorat, la ger\u00e8ncia i els serveis centrals de la Universitat.<\/p>\n<p>La <strong><a class=\"autolink\" href=\"http:\/\/www.ugr.es\/\">Universitat de Granada<\/a><\/strong> amb CIF: Q1818002F t\u00e9 la seva seu central a l\u2019Avda. del Hospicio, s\/n C.P. 18071 Granada i est\u00e0 inscrita al Registre d&#8217;Universitats, Centres i T\u00edtols (RUCT), Secci\u00f3 Universitats, del Ministeri d\u2019Educaci\u00f3, amb el codi 08.<\/p>\n<h2>Condicions Generals d\u2019\u00das<\/h2>\n<\/div>\n<div class=\"level1\" style=\"text-align: justify;\">\n<p>L&#8217;acc\u00e9s i \u00fas d\u2019aquesta p\u00e0gina web i de totes les associades a la <a class=\"autolink\" href=\"http:\/\/www.ugr.es\/\">Universitat de Granada<\/a> relatives als seus \u00f2rgans, serveis, facultats, escoles, departaments i instituts (d\u2019ara endavant el Portal) atribueix a qui ho realitza la condici\u00f3 d\u2019usuari i implica l\u2019acceptaci\u00f3 de tots i cadascun dels termes recollits en aquestes Condicions Generals, sense perjudici que l&#8217;acc\u00e9s a algun dels serveis o continguts es pugui veure sotm\u00e8s a l\u2019acceptaci\u00f3 de Condicions Particulars addicionals.<\/p>\n<p>La <a class=\"autolink\" href=\"http:\/\/www.ugr.es\/\">Universitat de Granada<\/a> podr\u00e0 modificar aquestes condicions, que seran objecte de publicaci\u00f3, i l\u2019usuari haur\u00e0 d\u2019accedir-hi peri\u00f2dicament per estar al corrent dels canvis.<\/p>\n<p>Continguts<\/p>\n<\/div>\n<div class=\"level1\" style=\"text-align: justify;\">\n<p>La informaci\u00f3 continguda en aquest Portal t\u00e9 com a objectiu complir la funci\u00f3 d\u2019atenci\u00f3 al ciutad\u00e0 i d\u2019informaci\u00f3 general; no constitueix cap interpretaci\u00f3 normativa ni consideraci\u00f3 jur\u00eddica o econ\u00f2mica segons el Reial decret 208\/1996, de 9 de febrer.<\/p>\n<p>La informaci\u00f3 d\u2019aquest Portal no podr\u00e0 ser al\u00b7legada en processos contradictoris amb l\u2019Administraci\u00f3 P\u00fablica, i la Universitat no ser\u00e0 responsable de l\u2019aplicaci\u00f3 o \u00fas concret que se\u2019n pugui fer ni de les discrep\u00e0ncies entre documents impresos oficials i la publicaci\u00f3 electr\u00f2nica.<\/p>\n<p>La <a class=\"autolink\" href=\"http:\/\/www.ugr.es\/\">Universitat de Granada<\/a> podr\u00e0 modificar o eliminar lliurement la informaci\u00f3 del Portal per mantenir-la actualitzada i lliure d\u2019errors.<\/p>\n<p>Com que l\u2019actualitzaci\u00f3 no \u00e9s immediata, recomanem comprovar la vig\u00e8ncia i exactitud de la informaci\u00f3.<\/p>\n<p>Tot i que la <a class=\"autolink\" href=\"http:\/\/www.ugr.es\/\">Universitat de Granada<\/a> ha adoptat mesures raonables per garantir la correcci\u00f3 de la informaci\u00f3, no assegura que sigui exacta, completa o actualitzada. La seva informaci\u00f3 oficial nom\u00e9s es publica a la seu electr\u00f2nica, als butlletins oficials i als taulers d\u2019anuncis.<\/p>\n<p>L\u2019usuari es compromet a fer un \u00fas correcte dels continguts del Portal, sense utilitzar-los per a activitats il\u00b7l\u00edcites, lesives o contr\u00e0ries a la moral o l\u2019ordre p\u00fablic.<\/p>\n<p>L\u2019\u00fas de la informaci\u00f3 del Portal \u00e9s responsabilitat exclusiva de l\u2019usuari, sense que pugui atribuir-se cap conseq\u00fc\u00e8ncia a la <a class=\"autolink\" href=\"http:\/\/www.ugr.es\/\">Universitat de Granada<\/a>.<\/p>\n<\/div>\n<h1 style=\"text-align: justify;\">Galetes<\/h1>\n<div class=\"level1\" style=\"text-align: justify;\">\n<p>En algunes ocasions, aquest Portal utilitza galetes. Les galetes s\u00f3n petits fitxers de dades generats a l\u2019ordinador de l\u2019usuari que poden permetre obtenir:<\/p>\n<ul>\n<li class=\"level1\">\n<div class=\"li\">El navegador i sistema operatiu de l\u2019ordinador.<\/div>\n<\/li>\n<li class=\"level1\">\n<div class=\"li\">El disseny de continguts escollit en la primera visita.<\/div>\n<\/li>\n<li class=\"level1\">\n<div class=\"li\">Elements de seguretat per al control d\u2019acc\u00e9s a \u00e0rees restringides.<\/div>\n<\/li>\n<\/ul>\n<p>L\u2019usuari pot impedir-ne la instal\u00b7laci\u00f3 mitjan\u00e7ant la configuraci\u00f3 del navegador, encara que aix\u00f2 pot afectar el funcionament correcte del Portal.<\/p>\n<p>Recomanem consultar l\u2019ajuda del navegador.<\/p>\n<\/div>\n<h1 style=\"text-align: justify;\">Seguretat<\/h1>\n<div class=\"level1\" style=\"text-align: justify;\">\n<p>La <a class=\"autolink\" href=\"http:\/\/www.ugr.es\/\">Universitat de Granada<\/a> adopta les mesures de seguretat necess\u00e0ries, per\u00f2 aquestes no s\u00f3n infal\u00b7libles.<\/p>\n<p>La Universitat no ser\u00e0 responsable de danys o p\u00e8rdues derivades de l\u2019acc\u00e9s al Portal o de virus, troians o altres programes maliciosos.<\/p>\n<p>Aix\u00ed mateix, no es garanteix la disponibilitat total del Portal ni l\u2019abs\u00e8ncia d\u2019interrupcions per causes de for\u00e7a major o manteniment.<\/p>\n<\/div>\n<h1 style=\"text-align: justify;\">Drets de Propietat Intel\u00b7lectual i Industrial<\/h1>\n<div class=\"level1\" style=\"text-align: justify;\">\n<p>Aquest Portal \u00e9s propietat de la <a class=\"autolink\" href=\"http:\/\/www.ugr.es\/\">Universitat de Granada<\/a>. Els drets de Propietat Intel\u00b7lectual i Industrial, disseny, codi i continguts s\u00f3n de titularitat exclusiva de la Universitat, excepte aquells elements indicats expressament com a propietat d\u2019altres autors:<\/p>\n<ul>\n<li class=\"level1\">\n<div class=\"li\"><em><a class=\"urlextern\" href=\"http:\/\/www.everaldo.com\/crystal\/?action=license\">Crystal Project<\/a> (Everaldo Coelho)<\/em><\/div>\n<\/li>\n<li class=\"level1\">\n<div class=\"li\"><em><a class=\"urlextern\" href=\"http:\/\/fancybox.net\/\">FancyBox<\/a> (Janis Skarnelis)<\/em><\/div>\n<\/li>\n<li class=\"level1\">\n<div class=\"li\"><em><a class=\"urlextern\" href=\"http:\/\/smoothgallery.jondesign.net\/\">JonDesign\u2019s SmoothGallery<\/a> (Jonathan Schemoul)<\/em><\/div>\n<\/li>\n<li class=\"level1\">\n<div class=\"li\"><em><a class=\"urlextern\" href=\"http:\/\/jquery.org\/license\">jQueryUI<\/a> (jQuery Team)<\/em><\/div>\n<\/li>\n<li class=\"level1\">\n<div class=\"li\"><em><a class=\"urlextern\" href=\"http:\/\/www.jstree.com\/\">jsTree<\/a> (Ivan Bozhanov)<\/em><\/div>\n<\/li>\n<\/ul>\n<p>Se\u2019n permet la reproducci\u00f3 total o parcial sempre que se\u2019n citi l\u2019origen.<\/p>\n<\/div>\n<h1 style=\"text-align: justify;\">Enlla\u00e7os<\/h1>\n<div class=\"level1\" style=\"text-align: justify;\">\n<p>La <a class=\"autolink\" href=\"http:\/\/www.ugr.es\/\">Universitat de Granada<\/a> no assumeix responsabilitat sobre enlla\u00e7os externs inclosos al Portal. L\u2019usuari accedeix sota la seva responsabilitat.<\/p>\n<p>Els llocs web que enllacin al Portal no podran incloure informaci\u00f3 falsa o confusa.<\/p>\n<\/div>\n<h1 style=\"text-align: justify;\">Protecci\u00f3 de dades personals<\/h1>\n<div class=\"level1\" style=\"text-align: justify;\">\n<p>Les dades facilitades a trav\u00e9s del Portal seran tractades per la <a class=\"autolink\" href=\"http:\/\/www.ugr.es\/\">Universitat de Granada<\/a> com a responsable del tractament, segons la LOPD i el seu Reglament.<\/p>\n<p>L\u2019usuari pot exercir els seus drets adre\u00e7ant-se a la Secretaria General aportant c\u00f2pia del seu document identificatiu.<\/p>\n<\/div>\n<h1 style=\"text-align: justify;\">Actuacions prohibides i errors<\/h1>\n<div class=\"level1\" style=\"text-align: justify;\">\n<p>Qualsevol actuaci\u00f3 irregular que afecti al Portal haur\u00e0 de ser comunicada a la Universitat. Tamb\u00e9 es prega informar de qualsevol error detectat.<\/p>\n<\/div>\n<\/div>\n","protected":false},"excerpt":{"rendered":"<p>Av\u00eds legal La Universitat de Granada \u00e9s una instituci\u00f3 educativa de dret p\u00fablic destinada a la prestaci\u00f3 del servei p\u00fablic d&#8217;educaci\u00f3 superior, amb la ciutat de Granada com a seu del claustre universitari, el rectorat, la ger\u00e8ncia i els serveis centrals de la Universitat. La Universitat de Granada amb CIF: Q1818002F t\u00e9 la seva seu [&#8230;]\n","protected":false},"author":2,"featured_media":0,"parent":0,"menu_order":0,"comment_status":"open","ping_status":"closed","template":"","meta":{"footnotes":""},"class_list":["post-6081","page","type-page","status-publish","hentry"],"yoast_head":"<!-- This site is optimized with the Yoast SEO plugin v20.5 - https:\/\/yoast.com\/wordpress\/plugins\/seo\/ -->\n<title>AV\u00cdS LEGAL - Artes Visuales y Educaci\u00f3n<\/title>\n<meta name=\"robots\" content=\"index, follow, max-snippet:-1, max-image-preview:large, max-video-preview:-1\" \/>\n<link rel=\"canonical\" href=\"https:\/\/artes-visuales.org\/ca\/avis-legal\/\" \/>\n<meta property=\"og:locale\" content=\"ca_ES\" \/>\n<meta property=\"og:type\" content=\"article\" \/>\n<meta property=\"og:title\" content=\"AV\u00cdS LEGAL - Artes Visuales y Educaci\u00f3n\" \/>\n<meta property=\"og:description\" content=\"Av\u00eds legal La Universitat de Granada \u00e9s una instituci\u00f3 educativa de dret p\u00fablic destinada a la prestaci\u00f3 del servei p\u00fablic d&#8217;educaci\u00f3 superior, amb la ciutat de Granada com a seu del claustre universitari, el rectorat, la ger\u00e8ncia i els serveis centrals de la Universitat. La Universitat de Granada amb CIF: Q1818002F t\u00e9 la seva seu [...]\" \/>\n<meta property=\"og:url\" content=\"https:\/\/artes-visuales.org\/ca\/avis-legal\/\" \/>\n<meta property=\"og:site_name\" content=\"Artes Visuales y Educaci\u00f3n\" \/>\n<meta property=\"article:modified_time\" content=\"2025-12-02T08:06:49+00:00\" \/>\n<meta name=\"twitter:card\" content=\"summary_large_image\" \/>\n<meta name=\"twitter:label1\" content=\"Temps estimat de lectura\" \/>\n\t<meta name=\"twitter:data1\" content=\"8 minuts\" \/>\n<script type=\"application\/ld+json\" class=\"yoast-schema-graph\">{\"@context\":\"https:\/\/schema.org\",\"@graph\":[{\"@type\":\"WebPage\",\"@id\":\"https:\/\/artes-visuales.org\/ca\/avis-legal\/\",\"url\":\"https:\/\/artes-visuales.org\/ca\/avis-legal\/\",\"name\":\"AV\u00cdS LEGAL - Artes Visuales y Educaci\u00f3n\",\"isPartOf\":{\"@id\":\"https:\/\/artes-visuales.org\/#website\"},\"datePublished\":\"2015-11-13T10:06:30+00:00\",\"dateModified\":\"2025-12-02T08:06:49+00:00\",\"breadcrumb\":{\"@id\":\"https:\/\/artes-visuales.org\/ca\/avis-legal\/#breadcrumb\"},\"inLanguage\":\"ca\",\"potentialAction\":[{\"@type\":\"ReadAction\",\"target\":[\"https:\/\/artes-visuales.org\/ca\/avis-legal\/\"]}]},{\"@type\":\"BreadcrumbList\",\"@id\":\"https:\/\/artes-visuales.org\/ca\/avis-legal\/#breadcrumb\",\"itemListElement\":[{\"@type\":\"ListItem\",\"position\":1,\"name\":\"Portada\",\"item\":\"https:\/\/artes-visuales.org\/ca\/\"},{\"@type\":\"ListItem\",\"position\":2,\"name\":\"AV\u00cdS LEGAL\"}]},{\"@type\":\"WebSite\",\"@id\":\"https:\/\/artes-visuales.org\/#website\",\"url\":\"https:\/\/artes-visuales.org\/\",\"name\":\"Artes Visuales y Educaci\u00f3n\",\"description\":\"M\u00e1ster UGR\",\"potentialAction\":[{\"@type\":\"SearchAction\",\"target\":{\"@type\":\"EntryPoint\",\"urlTemplate\":\"https:\/\/artes-visuales.org\/?s={search_term_string}\"},\"query-input\":\"required name=search_term_string\"}],\"inLanguage\":\"ca\"}]}<\/script>\n<!-- \/ Yoast SEO plugin. -->","yoast_head_json":{"title":"AV\u00cdS LEGAL - Artes Visuales y Educaci\u00f3n","robots":{"index":"index","follow":"follow","max-snippet":"max-snippet:-1","max-image-preview":"max-image-preview:large","max-video-preview":"max-video-preview:-1"},"canonical":"https:\/\/artes-visuales.org\/ca\/avis-legal\/","og_locale":"ca_ES","og_type":"article","og_title":"AV\u00cdS LEGAL - Artes Visuales y Educaci\u00f3n","og_description":"Av\u00eds legal La Universitat de Granada \u00e9s una instituci\u00f3 educativa de dret p\u00fablic destinada a la prestaci\u00f3 del servei p\u00fablic d&#8217;educaci\u00f3 superior, amb la ciutat de Granada com a seu del claustre universitari, el rectorat, la ger\u00e8ncia i els serveis centrals de la Universitat. La Universitat de Granada amb CIF: Q1818002F t\u00e9 la seva seu [...]","og_url":"https:\/\/artes-visuales.org\/ca\/avis-legal\/","og_site_name":"Artes Visuales y Educaci\u00f3n","article_modified_time":"2025-12-02T08:06:49+00:00","twitter_card":"summary_large_image","twitter_misc":{"Temps estimat de lectura":"8 minuts"},"schema":{"@context":"https:\/\/schema.org","@graph":[{"@type":"WebPage","@id":"https:\/\/artes-visuales.org\/ca\/avis-legal\/","url":"https:\/\/artes-visuales.org\/ca\/avis-legal\/","name":"AV\u00cdS LEGAL - Artes Visuales y Educaci\u00f3n","isPartOf":{"@id":"https:\/\/artes-visuales.org\/#website"},"datePublished":"2015-11-13T10:06:30+00:00","dateModified":"2025-12-02T08:06:49+00:00","breadcrumb":{"@id":"https:\/\/artes-visuales.org\/ca\/avis-legal\/#breadcrumb"},"inLanguage":"ca","potentialAction":[{"@type":"ReadAction","target":["https:\/\/artes-visuales.org\/ca\/avis-legal\/"]}]},{"@type":"BreadcrumbList","@id":"https:\/\/artes-visuales.org\/ca\/avis-legal\/#breadcrumb","itemListElement":[{"@type":"ListItem","position":1,"name":"Portada","item":"https:\/\/artes-visuales.org\/ca\/"},{"@type":"ListItem","position":2,"name":"AV\u00cdS LEGAL"}]},{"@type":"WebSite","@id":"https:\/\/artes-visuales.org\/#website","url":"https:\/\/artes-visuales.org\/","name":"Artes Visuales y Educaci\u00f3n","description":"M\u00e1ster UGR","potentialAction":[{"@type":"SearchAction","target":{"@type":"EntryPoint","urlTemplate":"https:\/\/artes-visuales.org\/?s={search_term_string}"},"query-input":"required name=search_term_string"}],"inLanguage":"ca"}]}},"_links":{"self":[{"href":"https:\/\/artes-visuales.org\/ca\/wp-json\/wp\/v2\/pages\/6081","targetHints":{"allow":["GET"]}}],"collection":[{"href":"https:\/\/artes-visuales.org\/ca\/wp-json\/wp\/v2\/pages"}],"about":[{"href":"https:\/\/artes-visuales.org\/ca\/wp-json\/wp\/v2\/types\/page"}],"author":[{"embeddable":true,"href":"https:\/\/artes-visuales.org\/ca\/wp-json\/wp\/v2\/users\/2"}],"replies":[{"embeddable":true,"href":"https:\/\/artes-visuales.org\/ca\/wp-json\/wp\/v2\/comments?post=6081"}],"version-history":[{"count":2,"href":"https:\/\/artes-visuales.org\/ca\/wp-json\/wp\/v2\/pages\/6081\/revisions"}],"predecessor-version":[{"id":6083,"href":"https:\/\/artes-visuales.org\/ca\/wp-json\/wp\/v2\/pages\/6081\/revisions\/6083"}],"wp:attachment":[{"href":"https:\/\/artes-visuales.org\/ca\/wp-json\/wp\/v2\/media?parent=6081"}],"curies":[{"name":"wp","href":"https:\/\/api.w.org\/{rel}","templated":true}]}}