{"id":6071,"date":"2019-10-21T15:09:06","date_gmt":"2019-10-21T15:09:06","guid":{"rendered":"https:\/\/artes-visuales.org\/tutores-de-tfm\/"},"modified":"2025-12-02T09:01:03","modified_gmt":"2025-12-02T09:01:03","slug":"tutors-del-tfm","status":"publish","type":"page","link":"https:\/\/artes-visuales.org\/ca\/tutors-del-tfm\/","title":{"rendered":"TUTORS DEL TFM"},"content":{"rendered":"<p><strong>Professorat que tutoritza els TFM a la seu de la Universitat de Granada:<\/strong><\/p>\n<ul>\n<li><a href=\"http:\/\/demuplac.ugr.es\/pages\/cv-profesorado\/cv-ricardo-marin-viadel\" target=\"_blank\" rel=\"noopener noreferrer\">Ricardo Mar\u00edn Viadel<\/a><\/li>\n<li><a href=\"http:\/\/demuplac.ugr.es\/pages\/cv-profesorado\/cv-joaquin-roldan-ramirez\" target=\"_blank\" rel=\"noopener noreferrer\">Joaqu\u00edn Rold\u00e1n<\/a><\/li>\n<li><a href=\"http:\/\/demuplac.ugr.es\/pages\/cv-profesorado\/cv-angel-garcia-roldan\" target=\"_blank\" rel=\"noopener noreferrer\">\u00c1ngel Garc\u00eda Rold\u00e1n<\/a><\/li>\n<li><a href=\"https:\/\/directorio.ugr.es\/static\/PersonalUGR\/*\/show\/1b5e98309df50b8c1cb34691847706eb\">Mar\u00eda Mart\u00ednez Morales<\/a><\/li>\n<li><a href=\"http:\/\/demuplac.ugr.es\/pages\/cv-profesorado\/cv-rafael-marfil-carmona\" target=\"_blank\" rel=\"noopener noreferrer\">Rafael Marfil Carmona<\/a><\/li>\n<li><a href=\"https:\/\/uoc.academia.edu\/JaimeMenadeTorres\" target=\"_blank\" rel=\"noopener noreferrer\">Jaime Mena de Torres<\/a><\/li>\n<li><a href=\"http:\/\/demuplac.ugr.es\/pages\/cv-profesorado\/cv-xabier-molinet-medina\">Xabier Molinet Medina<\/a><\/li>\n<li><a href=\"https:\/\/produccioncientifica.ugr.es\/investigadores\/352839\/detalle\">Asunci\u00f3n J\u00f3dar Mi\u00f1arro<\/a><\/li>\n<li><a href=\"https:\/\/about.me\/rafaelinan\" target=\"_blank\" rel=\"noopener noreferrer\">Rafael Li\u00f1\u00e1n Vallecillos<\/a><\/li>\n<li><a href=\"https:\/\/www.uji.es\/departaments\/com\/base\/estructura\/personal?p_profesor=86964\">Paloma Palau<\/a><\/li>\n<li><a href=\"https:\/\/portalinvestigacion.uniovi.es\/investigadores\/218677\/detalle\">Andrea Rubio Fern\u00e1ndez<\/a><\/li>\n<\/ul>\n<p><strong>Professorat que tutoritza els TFM a la seu de la Universitat de Barcelona:<\/strong><\/p>\n<ul>\n<li><a href=\"https:\/\/esbrina.eu\/es\/las-personas\/\" target=\"_blank\" rel=\"noopener noreferrer\">Fernando Hern\u00e1ndez Hern\u00e1ndez<\/a><\/li>\n<li><a href=\"https:\/\/esbrina.eu\/es\/las-personas\/\">Fernando Herr\u00e1iz<\/a><\/li>\n<li><a href=\"https:\/\/esbrina.eu\/es\/las-personas\/\" target=\"_blank\" rel=\"noopener noreferrer\">Juana M\u00aa Sancho<\/a><\/li>\n<\/ul>\n<p><strong>Professorat que tutoritza els TFM a la seu de la Universitat de Girona:<\/strong><\/p>\n<ul>\n<li><a href=\"https:\/\/girona.academia.edu\/MuntsaCalb%C3%B3\">Muntsa Calv\u00f3<\/a><\/li>\n<li><a href=\"https:\/\/girona.academia.edu\/RoserJuanolaTerradellas\">Roser Juanola Terradellas<\/a><\/li>\n<\/ul>\n","protected":false},"excerpt":{"rendered":"<p>Professorat que tutoritza els TFM a la seu de la Universitat de Granada: Ricardo Mar\u00edn Viadel Joaqu\u00edn Rold\u00e1n \u00c1ngel Garc\u00eda Rold\u00e1n Mar\u00eda Mart\u00ednez Morales Rafael Marfil Carmona Jaime Mena de Torres Xabier Molinet Medina Asunci\u00f3n J\u00f3dar Mi\u00f1arro Rafael Li\u00f1\u00e1n Vallecillos Paloma Palau Andrea Rubio Fern\u00e1ndez Professorat que tutoritza els TFM a la seu de la [&#8230;]\n","protected":false},"author":2,"featured_media":0,"parent":0,"menu_order":0,"comment_status":"closed","ping_status":"closed","template":"","meta":{"footnotes":""},"class_list":["post-6071","page","type-page","status-publish","hentry"],"yoast_head":"<!-- This site is optimized with the Yoast SEO plugin v20.5 - https:\/\/yoast.com\/wordpress\/plugins\/seo\/ -->\n<title>TUTORS DEL TFM - Artes Visuales y Educaci\u00f3n<\/title>\n<meta name=\"robots\" content=\"index, follow, max-snippet:-1, max-image-preview:large, max-video-preview:-1\" \/>\n<link rel=\"canonical\" href=\"https:\/\/artes-visuales.org\/ca\/tutors-del-tfm\/\" \/>\n<meta property=\"og:locale\" content=\"ca_ES\" \/>\n<meta property=\"og:type\" content=\"article\" \/>\n<meta property=\"og:title\" content=\"TUTORS DEL TFM - Artes Visuales y Educaci\u00f3n\" \/>\n<meta property=\"og:description\" content=\"Professorat que tutoritza els TFM a la seu de la Universitat de Granada: Ricardo Mar\u00edn Viadel Joaqu\u00edn Rold\u00e1n \u00c1ngel Garc\u00eda Rold\u00e1n Mar\u00eda Mart\u00ednez Morales Rafael Marfil Carmona Jaime Mena de Torres Xabier Molinet Medina Asunci\u00f3n J\u00f3dar Mi\u00f1arro Rafael Li\u00f1\u00e1n Vallecillos Paloma Palau Andrea Rubio Fern\u00e1ndez Professorat que tutoritza els TFM a la seu de la [...]\" \/>\n<meta property=\"og:url\" content=\"https:\/\/artes-visuales.org\/ca\/tutors-del-tfm\/\" \/>\n<meta property=\"og:site_name\" content=\"Artes Visuales y Educaci\u00f3n\" \/>\n<meta property=\"article:modified_time\" content=\"2025-12-02T09:01:03+00:00\" \/>\n<meta name=\"twitter:card\" content=\"summary_large_image\" \/>\n<meta name=\"twitter:label1\" content=\"Temps estimat de lectura\" \/>\n\t<meta name=\"twitter:data1\" content=\"1 minut\" \/>\n<script type=\"application\/ld+json\" class=\"yoast-schema-graph\">{\"@context\":\"https:\/\/schema.org\",\"@graph\":[{\"@type\":\"WebPage\",\"@id\":\"https:\/\/artes-visuales.org\/ca\/tutors-del-tfm\/\",\"url\":\"https:\/\/artes-visuales.org\/ca\/tutors-del-tfm\/\",\"name\":\"TUTORS DEL TFM - Artes Visuales y Educaci\u00f3n\",\"isPartOf\":{\"@id\":\"https:\/\/artes-visuales.org\/#website\"},\"datePublished\":\"2019-10-21T15:09:06+00:00\",\"dateModified\":\"2025-12-02T09:01:03+00:00\",\"breadcrumb\":{\"@id\":\"https:\/\/artes-visuales.org\/ca\/tutors-del-tfm\/#breadcrumb\"},\"inLanguage\":\"ca\",\"potentialAction\":[{\"@type\":\"ReadAction\",\"target\":[\"https:\/\/artes-visuales.org\/ca\/tutors-del-tfm\/\"]}]},{\"@type\":\"BreadcrumbList\",\"@id\":\"https:\/\/artes-visuales.org\/ca\/tutors-del-tfm\/#breadcrumb\",\"itemListElement\":[{\"@type\":\"ListItem\",\"position\":1,\"name\":\"Portada\",\"item\":\"https:\/\/artes-visuales.org\/ca\/\"},{\"@type\":\"ListItem\",\"position\":2,\"name\":\"TUTORS DEL TFM\"}]},{\"@type\":\"WebSite\",\"@id\":\"https:\/\/artes-visuales.org\/#website\",\"url\":\"https:\/\/artes-visuales.org\/\",\"name\":\"Artes Visuales y Educaci\u00f3n\",\"description\":\"M\u00e1ster UGR\",\"potentialAction\":[{\"@type\":\"SearchAction\",\"target\":{\"@type\":\"EntryPoint\",\"urlTemplate\":\"https:\/\/artes-visuales.org\/?s={search_term_string}\"},\"query-input\":\"required name=search_term_string\"}],\"inLanguage\":\"ca\"}]}<\/script>\n<!-- \/ Yoast SEO plugin. -->","yoast_head_json":{"title":"TUTORS DEL TFM - Artes Visuales y Educaci\u00f3n","robots":{"index":"index","follow":"follow","max-snippet":"max-snippet:-1","max-image-preview":"max-image-preview:large","max-video-preview":"max-video-preview:-1"},"canonical":"https:\/\/artes-visuales.org\/ca\/tutors-del-tfm\/","og_locale":"ca_ES","og_type":"article","og_title":"TUTORS DEL TFM - Artes Visuales y Educaci\u00f3n","og_description":"Professorat que tutoritza els TFM a la seu de la Universitat de Granada: Ricardo Mar\u00edn Viadel Joaqu\u00edn Rold\u00e1n \u00c1ngel Garc\u00eda Rold\u00e1n Mar\u00eda Mart\u00ednez Morales Rafael Marfil Carmona Jaime Mena de Torres Xabier Molinet Medina Asunci\u00f3n J\u00f3dar Mi\u00f1arro Rafael Li\u00f1\u00e1n Vallecillos Paloma Palau Andrea Rubio Fern\u00e1ndez Professorat que tutoritza els TFM a la seu de la [...]","og_url":"https:\/\/artes-visuales.org\/ca\/tutors-del-tfm\/","og_site_name":"Artes Visuales y Educaci\u00f3n","article_modified_time":"2025-12-02T09:01:03+00:00","twitter_card":"summary_large_image","twitter_misc":{"Temps estimat de lectura":"1 minut"},"schema":{"@context":"https:\/\/schema.org","@graph":[{"@type":"WebPage","@id":"https:\/\/artes-visuales.org\/ca\/tutors-del-tfm\/","url":"https:\/\/artes-visuales.org\/ca\/tutors-del-tfm\/","name":"TUTORS DEL TFM - Artes Visuales y Educaci\u00f3n","isPartOf":{"@id":"https:\/\/artes-visuales.org\/#website"},"datePublished":"2019-10-21T15:09:06+00:00","dateModified":"2025-12-02T09:01:03+00:00","breadcrumb":{"@id":"https:\/\/artes-visuales.org\/ca\/tutors-del-tfm\/#breadcrumb"},"inLanguage":"ca","potentialAction":[{"@type":"ReadAction","target":["https:\/\/artes-visuales.org\/ca\/tutors-del-tfm\/"]}]},{"@type":"BreadcrumbList","@id":"https:\/\/artes-visuales.org\/ca\/tutors-del-tfm\/#breadcrumb","itemListElement":[{"@type":"ListItem","position":1,"name":"Portada","item":"https:\/\/artes-visuales.org\/ca\/"},{"@type":"ListItem","position":2,"name":"TUTORS DEL TFM"}]},{"@type":"WebSite","@id":"https:\/\/artes-visuales.org\/#website","url":"https:\/\/artes-visuales.org\/","name":"Artes Visuales y Educaci\u00f3n","description":"M\u00e1ster UGR","potentialAction":[{"@type":"SearchAction","target":{"@type":"EntryPoint","urlTemplate":"https:\/\/artes-visuales.org\/?s={search_term_string}"},"query-input":"required name=search_term_string"}],"inLanguage":"ca"}]}},"_links":{"self":[{"href":"https:\/\/artes-visuales.org\/ca\/wp-json\/wp\/v2\/pages\/6071","targetHints":{"allow":["GET"]}}],"collection":[{"href":"https:\/\/artes-visuales.org\/ca\/wp-json\/wp\/v2\/pages"}],"about":[{"href":"https:\/\/artes-visuales.org\/ca\/wp-json\/wp\/v2\/types\/page"}],"author":[{"embeddable":true,"href":"https:\/\/artes-visuales.org\/ca\/wp-json\/wp\/v2\/users\/2"}],"replies":[{"embeddable":true,"href":"https:\/\/artes-visuales.org\/ca\/wp-json\/wp\/v2\/comments?post=6071"}],"version-history":[{"count":4,"href":"https:\/\/artes-visuales.org\/ca\/wp-json\/wp\/v2\/pages\/6071\/revisions"}],"predecessor-version":[{"id":6091,"href":"https:\/\/artes-visuales.org\/ca\/wp-json\/wp\/v2\/pages\/6071\/revisions\/6091"}],"wp:attachment":[{"href":"https:\/\/artes-visuales.org\/ca\/wp-json\/wp\/v2\/media?parent=6071"}],"curies":[{"name":"wp","href":"https:\/\/api.w.org\/{rel}","templated":true}]}}