{"id":6062,"date":"2015-12-06T06:35:21","date_gmt":"2015-12-06T06:35:21","guid":{"rendered":"https:\/\/artes-visuales.org\/sistema-de-garantia-de-calidad-procedimientos-indicadores-e-informes\/"},"modified":"2025-12-01T12:59:53","modified_gmt":"2025-12-01T12:59:53","slug":"sistema-de-garantia-de-qualitat-procediments-indicadors-i-informes","status":"publish","type":"page","link":"https:\/\/artes-visuales.org\/ca\/sistema-de-garantia-de-qualitat-procediments-indicadors-i-informes\/","title":{"rendered":"SISTEMA DE GARANTIA DE QUALITAT: PROCEDIMENTS, INDICADORS I INFORMES"},"content":{"rendered":"<div class=\"level1\">Els procediments que integren el Sistema de Garantia de la Qualitat d\u2019aquest t\u00edtol fan refer\u00e8ncia als aspectes seg\u00fcents del pla d\u2019estudis:<\/div>\n<p>1. La doc\u00e8ncia i el <a href=\"https:\/\/artes-visuales.org\/en\/faculty-members\/\" target=\"_blank\" rel=\"noopener\">professorat<\/a><\/p>\n<p>2. Resultats acad\u00e8mics<\/p>\n<p>3. <a href=\"https:\/\/artes-visuales.org\/en\/external-internships\/\" target=\"_blank\" rel=\"noopener\">Les pr\u00e0ctiques externes<\/a><\/p>\n<p>4. <a href=\"https:\/\/artes-visuales.org\/en\/mobility\/\" target=\"_blank\" rel=\"noopener\">Els programes de mobilitat<\/a><\/p>\n<p>5. <a href=\"https:\/\/artes-visuales.org\/en\/labour-market-insertion\/\" target=\"_blank\" rel=\"noopener\">La inserci\u00f3 laboral dels graduats i la seva satisfacci\u00f3 amb la formaci\u00f3 rebuda<\/a><\/p>\n<p>6. La satisfacci\u00f3 dels diferents col\u00b7lectius implicats<\/p>\n<p>7. <a href=\"https:\/\/artes-visuales.org\/en\/complaints-enquiries-and-contact\/\" target=\"_blank\" rel=\"noopener\">L\u2019atenci\u00f3 a les suggeriments i reclamacions<\/a><\/p>\n<p>8. La difusi\u00f3 del pla d\u2019estudis, el seu desenvolupament i resultats<\/p>\n<p>9. Criteris i procediment per a la suspensi\u00f3 eventual o definitiva dels t\u00edtols oficials de postgrau<\/p>\n<p>10. <a href=\"https:\/\/artes-visuales.org\/en\/students-opinion-on-teaching-performance-of-the-faculty\/\" target=\"_blank\" rel=\"noopener\">Opini\u00f3 dels estudiants sobre l\u2019actuaci\u00f3 docent del professorat<\/a><\/p>\n<p style=\"text-align: justify;\">\nLa CGIC del m\u00e0ster duu a terme anualment l\u2019an\u00e0lisi de la informaci\u00f3 relativa als vuit aspectes centrals per al seguiment i l\u2019avaluaci\u00f3 del pla d\u2019estudis. A partir d\u2019aquestes an\u00e0lisis, la Comissi\u00f3 Acad\u00e8mica del m\u00e0ster elabora cada any l\u2019<strong>Autoinforme Preliminar de Seguiment<\/strong>, mitjan\u00e7ant el qual documenta els indicadors inclosos en el sistema, destaca bones pr\u00e0ctiques, identifica punts febles i proposa millores.\n<\/p>\n<p><a href=\"http:\/\/artes-visuales.org\/wp-content\/uploads\/2015\/11\/SGIC_MAVE1516.pdf\" target=\"_blank\" rel=\"noopener\"><br \/>\nSistema de garantia interna de la qualitat del m\u00e0ster en Arts Visuals i Educaci\u00f3<br \/>\n<\/a><\/p>\n<div class=\"li\">\n<a class=\"urlextern\" href=\"http:\/\/secretariageneral.ugr.es\/pages\/normativa#__doku_normativa_de_la_universidad_de_granada\" target=\"_blank\" rel=\"noopener\"><br \/>\nNormativa acad\u00e8mica (Web de Secretaria General)<br \/>\n<\/a>\n<\/div>\n<table class=\"inline\">\n<tbody>\n<tr>\n<th class=\"centeralign\" colspan=\"3\">Indicadors<\/th>\n<\/tr>\n<tr>\n<td class=\"leftalign\">Taxa de graduaci\u00f3<\/td>\n<td class=\"leftalign\">Percentatge d\u2019estudiants que finalitzen l\u2019ensenyament en el temps previst en el pla d\u2019estudis o en un any acad\u00e8mic m\u00e9s, en relaci\u00f3 amb la seva cohort d\u2019entrada.<\/td>\n<\/tr>\n<tr>\n<td class=\"leftalign\">Taxa d\u2019abandonament<\/td>\n<td class=\"leftalign\">Relaci\u00f3 percentual entre el nombre total d\u2019estudiants d\u2019una cohort de nou ingr\u00e9s que haurien d\u2019haver obtingut el t\u00edtol l\u2019any acad\u00e8mic anterior i que no s\u2019han matriculat ni en aquest any ni en l\u2019anterior.<\/td>\n<\/tr>\n<tr>\n<td class=\"leftalign\">Taxa d\u2019efici\u00e8ncia<\/td>\n<td class=\"leftalign\">Relaci\u00f3 percentual entre el total de cr\u00e8dits que els graduats haurien d\u2019haver matriculat i el total real de cr\u00e8dits matriculats.<\/td>\n<\/tr>\n<tr>\n<td class=\"leftalign\">Taxa de rendiment<\/td>\n<td class=\"leftalign\">Relaci\u00f3 percentual entre el total de cr\u00e8dits superats (excloent adaptats, reconeguts o convalidats) i el total de cr\u00e8dits matriculats.<\/td>\n<\/tr>\n<\/tbody>\n<\/table>\n<table class=\"inline\">\n<tbody>\n<tr>\n<th><\/th>\n<th>10\/11<\/th>\n<th>11\/12<\/th>\n<th>12\/13<\/th>\n<th>13\/14<\/th>\n<th>14\/15<\/th>\n<\/tr>\n<tr>\n<td class=\"leftalign\">Taxa de graduaci\u00f3<\/td>\n<td><\/td>\n<td><\/td>\n<td><\/td>\n<td colspan=\"2\"><\/td>\n<\/tr>\n<tr>\n<td class=\"leftalign\">Taxa d\u2019abandonament<\/td>\n<td><\/td>\n<td><\/td>\n<td><\/td>\n<td colspan=\"2\"><\/td>\n<\/tr>\n<tr>\n<td class=\"leftalign\">Taxa d\u2019efici\u00e8ncia<\/td>\n<td><\/td>\n<td><\/td>\n<td><\/td>\n<td colspan=\"2\"><\/td>\n<\/tr>\n<tr>\n<td class=\"leftalign\">Taxa de rendiment<\/td>\n<td><\/td>\n<td><\/td>\n<td><\/td>\n<td colspan=\"2\"><\/td>\n<\/tr>\n<\/tbody>\n<\/table>\n","protected":false},"excerpt":{"rendered":"<p>Els procediments que integren el Sistema de Garantia de la Qualitat d\u2019aquest t\u00edtol fan refer\u00e8ncia als aspectes seg\u00fcents del pla d\u2019estudis: 1. La doc\u00e8ncia i el professorat 2. Resultats acad\u00e8mics 3. Les pr\u00e0ctiques externes 4. Els programes de mobilitat 5. La inserci\u00f3 laboral dels graduats i la seva satisfacci\u00f3 amb la formaci\u00f3 rebuda 6. La [&#8230;]\n","protected":false},"author":2,"featured_media":0,"parent":0,"menu_order":0,"comment_status":"closed","ping_status":"closed","template":"page-blank-title-center.php","meta":{"footnotes":""},"class_list":["post-6062","page","type-page","status-publish","hentry"],"yoast_head":"<!-- This site is optimized with the Yoast SEO plugin v20.5 - https:\/\/yoast.com\/wordpress\/plugins\/seo\/ -->\n<title>SISTEMA DE GARANTIA DE QUALITAT: PROCEDIMENTS, INDICADORS I INFORMES - Artes Visuales y Educaci\u00f3n<\/title>\n<meta name=\"robots\" content=\"index, follow, max-snippet:-1, max-image-preview:large, max-video-preview:-1\" \/>\n<link rel=\"canonical\" href=\"https:\/\/artes-visuales.org\/ca\/sistema-de-garantia-de-qualitat-procediments-indicadors-i-informes\/\" \/>\n<meta property=\"og:locale\" content=\"ca_ES\" \/>\n<meta property=\"og:type\" content=\"article\" \/>\n<meta property=\"og:title\" content=\"SISTEMA DE GARANTIA DE QUALITAT: PROCEDIMENTS, INDICADORS I INFORMES - Artes Visuales y Educaci\u00f3n\" \/>\n<meta property=\"og:description\" content=\"Els procediments que integren el Sistema de Garantia de la Qualitat d\u2019aquest t\u00edtol fan refer\u00e8ncia als aspectes seg\u00fcents del pla d\u2019estudis: 1. La doc\u00e8ncia i el professorat 2. Resultats acad\u00e8mics 3. Les pr\u00e0ctiques externes 4. Els programes de mobilitat 5. La inserci\u00f3 laboral dels graduats i la seva satisfacci\u00f3 amb la formaci\u00f3 rebuda 6. La [...]\" \/>\n<meta property=\"og:url\" content=\"https:\/\/artes-visuales.org\/ca\/sistema-de-garantia-de-qualitat-procediments-indicadors-i-informes\/\" \/>\n<meta property=\"og:site_name\" content=\"Artes Visuales y Educaci\u00f3n\" \/>\n<meta property=\"article:modified_time\" content=\"2025-12-01T12:59:53+00:00\" \/>\n<meta name=\"twitter:card\" content=\"summary_large_image\" \/>\n<meta name=\"twitter:label1\" content=\"Temps estimat de lectura\" \/>\n\t<meta name=\"twitter:data1\" content=\"2 minuts\" \/>\n<script type=\"application\/ld+json\" class=\"yoast-schema-graph\">{\"@context\":\"https:\/\/schema.org\",\"@graph\":[{\"@type\":\"WebPage\",\"@id\":\"https:\/\/artes-visuales.org\/ca\/sistema-de-garantia-de-qualitat-procediments-indicadors-i-informes\/\",\"url\":\"https:\/\/artes-visuales.org\/ca\/sistema-de-garantia-de-qualitat-procediments-indicadors-i-informes\/\",\"name\":\"SISTEMA DE GARANTIA DE QUALITAT: PROCEDIMENTS, INDICADORS I INFORMES - Artes Visuales y Educaci\u00f3n\",\"isPartOf\":{\"@id\":\"https:\/\/artes-visuales.org\/#website\"},\"datePublished\":\"2015-12-06T06:35:21+00:00\",\"dateModified\":\"2025-12-01T12:59:53+00:00\",\"breadcrumb\":{\"@id\":\"https:\/\/artes-visuales.org\/ca\/sistema-de-garantia-de-qualitat-procediments-indicadors-i-informes\/#breadcrumb\"},\"inLanguage\":\"ca\",\"potentialAction\":[{\"@type\":\"ReadAction\",\"target\":[\"https:\/\/artes-visuales.org\/ca\/sistema-de-garantia-de-qualitat-procediments-indicadors-i-informes\/\"]}]},{\"@type\":\"BreadcrumbList\",\"@id\":\"https:\/\/artes-visuales.org\/ca\/sistema-de-garantia-de-qualitat-procediments-indicadors-i-informes\/#breadcrumb\",\"itemListElement\":[{\"@type\":\"ListItem\",\"position\":1,\"name\":\"Portada\",\"item\":\"https:\/\/artes-visuales.org\/ca\/\"},{\"@type\":\"ListItem\",\"position\":2,\"name\":\"SISTEMA DE GARANTIA DE QUALITAT: PROCEDIMENTS, INDICADORS I INFORMES\"}]},{\"@type\":\"WebSite\",\"@id\":\"https:\/\/artes-visuales.org\/#website\",\"url\":\"https:\/\/artes-visuales.org\/\",\"name\":\"Artes Visuales y Educaci\u00f3n\",\"description\":\"M\u00e1ster UGR\",\"potentialAction\":[{\"@type\":\"SearchAction\",\"target\":{\"@type\":\"EntryPoint\",\"urlTemplate\":\"https:\/\/artes-visuales.org\/?s={search_term_string}\"},\"query-input\":\"required name=search_term_string\"}],\"inLanguage\":\"ca\"}]}<\/script>\n<!-- \/ Yoast SEO plugin. -->","yoast_head_json":{"title":"SISTEMA DE GARANTIA DE QUALITAT: PROCEDIMENTS, INDICADORS I INFORMES - Artes Visuales y Educaci\u00f3n","robots":{"index":"index","follow":"follow","max-snippet":"max-snippet:-1","max-image-preview":"max-image-preview:large","max-video-preview":"max-video-preview:-1"},"canonical":"https:\/\/artes-visuales.org\/ca\/sistema-de-garantia-de-qualitat-procediments-indicadors-i-informes\/","og_locale":"ca_ES","og_type":"article","og_title":"SISTEMA DE GARANTIA DE QUALITAT: PROCEDIMENTS, INDICADORS I INFORMES - Artes Visuales y Educaci\u00f3n","og_description":"Els procediments que integren el Sistema de Garantia de la Qualitat d\u2019aquest t\u00edtol fan refer\u00e8ncia als aspectes seg\u00fcents del pla d\u2019estudis: 1. La doc\u00e8ncia i el professorat 2. Resultats acad\u00e8mics 3. Les pr\u00e0ctiques externes 4. Els programes de mobilitat 5. La inserci\u00f3 laboral dels graduats i la seva satisfacci\u00f3 amb la formaci\u00f3 rebuda 6. La [...]","og_url":"https:\/\/artes-visuales.org\/ca\/sistema-de-garantia-de-qualitat-procediments-indicadors-i-informes\/","og_site_name":"Artes Visuales y Educaci\u00f3n","article_modified_time":"2025-12-01T12:59:53+00:00","twitter_card":"summary_large_image","twitter_misc":{"Temps estimat de lectura":"2 minuts"},"schema":{"@context":"https:\/\/schema.org","@graph":[{"@type":"WebPage","@id":"https:\/\/artes-visuales.org\/ca\/sistema-de-garantia-de-qualitat-procediments-indicadors-i-informes\/","url":"https:\/\/artes-visuales.org\/ca\/sistema-de-garantia-de-qualitat-procediments-indicadors-i-informes\/","name":"SISTEMA DE GARANTIA DE QUALITAT: PROCEDIMENTS, INDICADORS I INFORMES - Artes Visuales y Educaci\u00f3n","isPartOf":{"@id":"https:\/\/artes-visuales.org\/#website"},"datePublished":"2015-12-06T06:35:21+00:00","dateModified":"2025-12-01T12:59:53+00:00","breadcrumb":{"@id":"https:\/\/artes-visuales.org\/ca\/sistema-de-garantia-de-qualitat-procediments-indicadors-i-informes\/#breadcrumb"},"inLanguage":"ca","potentialAction":[{"@type":"ReadAction","target":["https:\/\/artes-visuales.org\/ca\/sistema-de-garantia-de-qualitat-procediments-indicadors-i-informes\/"]}]},{"@type":"BreadcrumbList","@id":"https:\/\/artes-visuales.org\/ca\/sistema-de-garantia-de-qualitat-procediments-indicadors-i-informes\/#breadcrumb","itemListElement":[{"@type":"ListItem","position":1,"name":"Portada","item":"https:\/\/artes-visuales.org\/ca\/"},{"@type":"ListItem","position":2,"name":"SISTEMA DE GARANTIA DE QUALITAT: PROCEDIMENTS, INDICADORS I INFORMES"}]},{"@type":"WebSite","@id":"https:\/\/artes-visuales.org\/#website","url":"https:\/\/artes-visuales.org\/","name":"Artes Visuales y Educaci\u00f3n","description":"M\u00e1ster UGR","potentialAction":[{"@type":"SearchAction","target":{"@type":"EntryPoint","urlTemplate":"https:\/\/artes-visuales.org\/?s={search_term_string}"},"query-input":"required name=search_term_string"}],"inLanguage":"ca"}]}},"_links":{"self":[{"href":"https:\/\/artes-visuales.org\/ca\/wp-json\/wp\/v2\/pages\/6062","targetHints":{"allow":["GET"]}}],"collection":[{"href":"https:\/\/artes-visuales.org\/ca\/wp-json\/wp\/v2\/pages"}],"about":[{"href":"https:\/\/artes-visuales.org\/ca\/wp-json\/wp\/v2\/types\/page"}],"author":[{"embeddable":true,"href":"https:\/\/artes-visuales.org\/ca\/wp-json\/wp\/v2\/users\/2"}],"replies":[{"embeddable":true,"href":"https:\/\/artes-visuales.org\/ca\/wp-json\/wp\/v2\/comments?post=6062"}],"version-history":[{"count":3,"href":"https:\/\/artes-visuales.org\/ca\/wp-json\/wp\/v2\/pages\/6062\/revisions"}],"predecessor-version":[{"id":6070,"href":"https:\/\/artes-visuales.org\/ca\/wp-json\/wp\/v2\/pages\/6062\/revisions\/6070"}],"wp:attachment":[{"href":"https:\/\/artes-visuales.org\/ca\/wp-json\/wp\/v2\/media?parent=6062"}],"curies":[{"name":"wp","href":"https:\/\/api.w.org\/{rel}","templated":true}]}}