{"id":6030,"date":"2016-01-26T08:29:45","date_gmt":"2016-01-26T08:29:45","guid":{"rendered":"https:\/\/artes-visuales.org\/opinion-de-los-estudiantes-sobre-la-actuacion-docente-del-profesorado\/"},"modified":"2025-12-01T12:27:50","modified_gmt":"2025-12-01T12:27:50","slug":"opinio-dels-estudiants-sobre-lactuacio-docent-del-professorat","status":"publish","type":"page","link":"https:\/\/artes-visuales.org\/ca\/opinio-dels-estudiants-sobre-lactuacio-docent-del-professorat\/","title":{"rendered":"OPINI\u00d3 DELS ESTUDIANTS SOBRE L\u2019ACTUACI\u00d3 DOCENT DEL PROFESSORAT"},"content":{"rendered":"<p dir=\"ltr\" style=\"text-align: justify;\">L\u2019opini\u00f3 dels estudiants sobre l\u2019actuaci\u00f3 docent \u00e9s notable. Pel que fa a la tutoria i a l\u2019orientaci\u00f3 acad\u00e8mica, l\u2019alumnat mostra una millora considerable respecte al curs anterior avaluat. Igualment, s\u00f3n correctes les valoracions de les pr\u00e0ctiques i de la planificaci\u00f3 i desenvolupament de la doc\u00e8ncia, \u00edtems que es refereixen directament a l\u2019actuaci\u00f3 docent.<\/p>\n<p dir=\"ltr\" style=\"text-align: justify;\">L\u2019\u00edtem pitjor valorat pels estudiants es refereix a la p\u00e0gina web, que durant aquell curs va haver de patir nombrosos canvis en el calendari i l\u2019organitzaci\u00f3 (un dels apartats m\u00e9s visitats per l\u2019alumnat) a causa de problemes t\u00e8cnics d\u2019acc\u00e9s. D\u2019aqu\u00ed el lleu descontentament expressat en l\u2019enquesta de satisfacci\u00f3.<\/p>\n<p dir=\"ltr\" style=\"text-align: justify;\">En general, s\u2019observa un nivell m\u00e9s que acceptable en la valoraci\u00f3 de l\u2019actuaci\u00f3 docent i un nivell excel\u00b7lent en el cas de la gesti\u00f3 acad\u00e8mica.<\/p>\n<table>\n<colgroup>\n<col width=\"350\" \/>\n<col width=\"56\" \/>\n<col width=\"47\" \/>\n<col width=\"48\" \/>\n<col width=\"57\" \/><\/colgroup>\n<tbody>\n<tr>\n<td rowspan=\"2\"><\/td>\n<td colspan=\"2\">\n<p dir=\"ltr\">2014-15<\/p>\n<\/td>\n<td colspan=\"2\">\n<p dir=\"ltr\">2012-13<\/p>\n<\/td>\n<\/tr>\n<tr>\n<td>\n<p dir=\"ltr\">MITJANA<\/p>\n<\/td>\n<td>\n<p dir=\"ltr\">DV<\/p>\n<\/td>\n<td>\n<p dir=\"ltr\">MITJANA<\/p>\n<\/td>\n<td>\n<p dir=\"ltr\">DV<\/p>\n<\/td>\n<\/tr>\n<tr>\n<td>\n<p dir=\"ltr\">Informaci\u00f3 rebuda: disponibilitat i accessibilitat<\/p>\n<\/td>\n<td>\n<p dir=\"ltr\">3.88<\/p>\n<\/td>\n<td>\n<p dir=\"ltr\">1.05<\/p>\n<\/td>\n<td>\n<p dir=\"ltr\">3.79<\/p>\n<\/td>\n<td>\n<p dir=\"ltr\">0.86<\/p>\n<\/td>\n<\/tr>\n<tr>\n<td>\n<p dir=\"ltr\">Assessorament i orientaci\u00f3 acad\u00e8mica \/ professional \/ de recerca rebuts durant el desenvolupament de la titulaci\u00f3<\/p>\n<\/td>\n<td>\n<p dir=\"ltr\">4.43<\/p>\n<\/td>\n<td>\n<p dir=\"ltr\">0.49<\/p>\n<\/td>\n<td>\n<p dir=\"ltr\">3.67<\/p>\n<\/td>\n<td>\n<p dir=\"ltr\">1.11<\/p>\n<\/td>\n<\/tr>\n<tr>\n<td>\n<p dir=\"ltr\">Planificaci\u00f3 i desenvolupament de la doc\u00e8ncia<\/p>\n<\/td>\n<td>\n<p dir=\"ltr\">4.29<\/p>\n<\/td>\n<td>\n<p dir=\"ltr\">0.44<\/p>\n<\/td>\n<td>\n<p dir=\"ltr\">3.80<\/p>\n<\/td>\n<td>\n<p dir=\"ltr\">0.75<\/p>\n<\/td>\n<\/tr>\n<tr>\n<td>\n<p dir=\"ltr\">Resultats assolits<\/p>\n<\/td>\n<td>\n<p dir=\"ltr\">4.63<\/p>\n<\/td>\n<td>\n<p dir=\"ltr\">0.48<\/p>\n<\/td>\n<td>\n<p dir=\"ltr\">3.43<\/p>\n<\/td>\n<td>\n<p dir=\"ltr\">1.05<\/p>\n<\/td>\n<\/tr>\n<tr>\n<td>\n<p dir=\"ltr\">Pr\u00e0ctiques externes<\/p>\n<\/td>\n<td>\n<p dir=\"ltr\">4.00<\/p>\n<\/td>\n<td>\n<p dir=\"ltr\">1.12<\/p>\n<\/td>\n<td>\n<p dir=\"ltr\">3.38<\/p>\n<\/td>\n<td>\n<p dir=\"ltr\">1.21<\/p>\n<\/td>\n<\/tr>\n<tr>\n<td>\n<p dir=\"ltr\">Gesti\u00f3 acad\u00e8mica de la titulaci\u00f3<\/p>\n<\/td>\n<td>\n<p dir=\"ltr\">4.44<\/p>\n<\/td>\n<td>\n<p dir=\"ltr\">0.60<\/p>\n<\/td>\n<td>\n<p dir=\"ltr\">3.00<\/p>\n<\/td>\n<td>\n<p dir=\"ltr\">1.24<\/p>\n<\/td>\n<\/tr>\n<\/tbody>\n<\/table>\n","protected":false},"excerpt":{"rendered":"<p>L\u2019opini\u00f3 dels estudiants sobre l\u2019actuaci\u00f3 docent \u00e9s notable. Pel que fa a la tutoria i a l\u2019orientaci\u00f3 acad\u00e8mica, l\u2019alumnat mostra una millora considerable respecte al curs anterior avaluat. Igualment, s\u00f3n correctes les valoracions de les pr\u00e0ctiques i de la planificaci\u00f3 i desenvolupament de la doc\u00e8ncia, \u00edtems que es refereixen directament a l\u2019actuaci\u00f3 docent. L\u2019\u00edtem pitjor [&#8230;]\n","protected":false},"author":2,"featured_media":0,"parent":0,"menu_order":0,"comment_status":"closed","ping_status":"closed","template":"","meta":{"footnotes":""},"class_list":["post-6030","page","type-page","status-publish","hentry"],"yoast_head":"<!-- This site is optimized with the Yoast SEO plugin v20.5 - https:\/\/yoast.com\/wordpress\/plugins\/seo\/ -->\n<title>OPINI\u00d3 DELS ESTUDIANTS SOBRE L\u2019ACTUACI\u00d3 DOCENT DEL PROFESSORAT - Artes Visuales y Educaci\u00f3n<\/title>\n<meta name=\"robots\" content=\"index, follow, max-snippet:-1, max-image-preview:large, max-video-preview:-1\" \/>\n<link rel=\"canonical\" href=\"https:\/\/artes-visuales.org\/ca\/opinio-dels-estudiants-sobre-lactuacio-docent-del-professorat\/\" \/>\n<meta property=\"og:locale\" content=\"ca_ES\" \/>\n<meta property=\"og:type\" content=\"article\" \/>\n<meta property=\"og:title\" content=\"OPINI\u00d3 DELS ESTUDIANTS SOBRE L\u2019ACTUACI\u00d3 DOCENT DEL PROFESSORAT - Artes Visuales y Educaci\u00f3n\" \/>\n<meta property=\"og:description\" content=\"L\u2019opini\u00f3 dels estudiants sobre l\u2019actuaci\u00f3 docent \u00e9s notable. Pel que fa a la tutoria i a l\u2019orientaci\u00f3 acad\u00e8mica, l\u2019alumnat mostra una millora considerable respecte al curs anterior avaluat. Igualment, s\u00f3n correctes les valoracions de les pr\u00e0ctiques i de la planificaci\u00f3 i desenvolupament de la doc\u00e8ncia, \u00edtems que es refereixen directament a l\u2019actuaci\u00f3 docent. L\u2019\u00edtem pitjor [...]\" \/>\n<meta property=\"og:url\" content=\"https:\/\/artes-visuales.org\/ca\/opinio-dels-estudiants-sobre-lactuacio-docent-del-professorat\/\" \/>\n<meta property=\"og:site_name\" content=\"Artes Visuales y Educaci\u00f3n\" \/>\n<meta property=\"article:modified_time\" content=\"2025-12-01T12:27:50+00:00\" \/>\n<meta name=\"twitter:card\" content=\"summary_large_image\" \/>\n<meta name=\"twitter:label1\" content=\"Temps estimat de lectura\" \/>\n\t<meta name=\"twitter:data1\" content=\"1 minut\" \/>\n<script type=\"application\/ld+json\" class=\"yoast-schema-graph\">{\"@context\":\"https:\/\/schema.org\",\"@graph\":[{\"@type\":\"WebPage\",\"@id\":\"https:\/\/artes-visuales.org\/ca\/opinio-dels-estudiants-sobre-lactuacio-docent-del-professorat\/\",\"url\":\"https:\/\/artes-visuales.org\/ca\/opinio-dels-estudiants-sobre-lactuacio-docent-del-professorat\/\",\"name\":\"OPINI\u00d3 DELS ESTUDIANTS SOBRE L\u2019ACTUACI\u00d3 DOCENT DEL PROFESSORAT - Artes Visuales y Educaci\u00f3n\",\"isPartOf\":{\"@id\":\"https:\/\/artes-visuales.org\/#website\"},\"datePublished\":\"2016-01-26T08:29:45+00:00\",\"dateModified\":\"2025-12-01T12:27:50+00:00\",\"breadcrumb\":{\"@id\":\"https:\/\/artes-visuales.org\/ca\/opinio-dels-estudiants-sobre-lactuacio-docent-del-professorat\/#breadcrumb\"},\"inLanguage\":\"ca\",\"potentialAction\":[{\"@type\":\"ReadAction\",\"target\":[\"https:\/\/artes-visuales.org\/ca\/opinio-dels-estudiants-sobre-lactuacio-docent-del-professorat\/\"]}]},{\"@type\":\"BreadcrumbList\",\"@id\":\"https:\/\/artes-visuales.org\/ca\/opinio-dels-estudiants-sobre-lactuacio-docent-del-professorat\/#breadcrumb\",\"itemListElement\":[{\"@type\":\"ListItem\",\"position\":1,\"name\":\"Portada\",\"item\":\"https:\/\/artes-visuales.org\/ca\/\"},{\"@type\":\"ListItem\",\"position\":2,\"name\":\"OPINI\u00d3 DELS ESTUDIANTS SOBRE L\u2019ACTUACI\u00d3 DOCENT DEL PROFESSORAT\"}]},{\"@type\":\"WebSite\",\"@id\":\"https:\/\/artes-visuales.org\/#website\",\"url\":\"https:\/\/artes-visuales.org\/\",\"name\":\"Artes Visuales y Educaci\u00f3n\",\"description\":\"M\u00e1ster UGR\",\"potentialAction\":[{\"@type\":\"SearchAction\",\"target\":{\"@type\":\"EntryPoint\",\"urlTemplate\":\"https:\/\/artes-visuales.org\/?s={search_term_string}\"},\"query-input\":\"required name=search_term_string\"}],\"inLanguage\":\"ca\"}]}<\/script>\n<!-- \/ Yoast SEO plugin. -->","yoast_head_json":{"title":"OPINI\u00d3 DELS ESTUDIANTS SOBRE L\u2019ACTUACI\u00d3 DOCENT DEL PROFESSORAT - Artes Visuales y Educaci\u00f3n","robots":{"index":"index","follow":"follow","max-snippet":"max-snippet:-1","max-image-preview":"max-image-preview:large","max-video-preview":"max-video-preview:-1"},"canonical":"https:\/\/artes-visuales.org\/ca\/opinio-dels-estudiants-sobre-lactuacio-docent-del-professorat\/","og_locale":"ca_ES","og_type":"article","og_title":"OPINI\u00d3 DELS ESTUDIANTS SOBRE L\u2019ACTUACI\u00d3 DOCENT DEL PROFESSORAT - Artes Visuales y Educaci\u00f3n","og_description":"L\u2019opini\u00f3 dels estudiants sobre l\u2019actuaci\u00f3 docent \u00e9s notable. Pel que fa a la tutoria i a l\u2019orientaci\u00f3 acad\u00e8mica, l\u2019alumnat mostra una millora considerable respecte al curs anterior avaluat. Igualment, s\u00f3n correctes les valoracions de les pr\u00e0ctiques i de la planificaci\u00f3 i desenvolupament de la doc\u00e8ncia, \u00edtems que es refereixen directament a l\u2019actuaci\u00f3 docent. L\u2019\u00edtem pitjor [...]","og_url":"https:\/\/artes-visuales.org\/ca\/opinio-dels-estudiants-sobre-lactuacio-docent-del-professorat\/","og_site_name":"Artes Visuales y Educaci\u00f3n","article_modified_time":"2025-12-01T12:27:50+00:00","twitter_card":"summary_large_image","twitter_misc":{"Temps estimat de lectura":"1 minut"},"schema":{"@context":"https:\/\/schema.org","@graph":[{"@type":"WebPage","@id":"https:\/\/artes-visuales.org\/ca\/opinio-dels-estudiants-sobre-lactuacio-docent-del-professorat\/","url":"https:\/\/artes-visuales.org\/ca\/opinio-dels-estudiants-sobre-lactuacio-docent-del-professorat\/","name":"OPINI\u00d3 DELS ESTUDIANTS SOBRE L\u2019ACTUACI\u00d3 DOCENT DEL PROFESSORAT - Artes Visuales y Educaci\u00f3n","isPartOf":{"@id":"https:\/\/artes-visuales.org\/#website"},"datePublished":"2016-01-26T08:29:45+00:00","dateModified":"2025-12-01T12:27:50+00:00","breadcrumb":{"@id":"https:\/\/artes-visuales.org\/ca\/opinio-dels-estudiants-sobre-lactuacio-docent-del-professorat\/#breadcrumb"},"inLanguage":"ca","potentialAction":[{"@type":"ReadAction","target":["https:\/\/artes-visuales.org\/ca\/opinio-dels-estudiants-sobre-lactuacio-docent-del-professorat\/"]}]},{"@type":"BreadcrumbList","@id":"https:\/\/artes-visuales.org\/ca\/opinio-dels-estudiants-sobre-lactuacio-docent-del-professorat\/#breadcrumb","itemListElement":[{"@type":"ListItem","position":1,"name":"Portada","item":"https:\/\/artes-visuales.org\/ca\/"},{"@type":"ListItem","position":2,"name":"OPINI\u00d3 DELS ESTUDIANTS SOBRE L\u2019ACTUACI\u00d3 DOCENT DEL PROFESSORAT"}]},{"@type":"WebSite","@id":"https:\/\/artes-visuales.org\/#website","url":"https:\/\/artes-visuales.org\/","name":"Artes Visuales y Educaci\u00f3n","description":"M\u00e1ster UGR","potentialAction":[{"@type":"SearchAction","target":{"@type":"EntryPoint","urlTemplate":"https:\/\/artes-visuales.org\/?s={search_term_string}"},"query-input":"required name=search_term_string"}],"inLanguage":"ca"}]}},"_links":{"self":[{"href":"https:\/\/artes-visuales.org\/ca\/wp-json\/wp\/v2\/pages\/6030","targetHints":{"allow":["GET"]}}],"collection":[{"href":"https:\/\/artes-visuales.org\/ca\/wp-json\/wp\/v2\/pages"}],"about":[{"href":"https:\/\/artes-visuales.org\/ca\/wp-json\/wp\/v2\/types\/page"}],"author":[{"embeddable":true,"href":"https:\/\/artes-visuales.org\/ca\/wp-json\/wp\/v2\/users\/2"}],"replies":[{"embeddable":true,"href":"https:\/\/artes-visuales.org\/ca\/wp-json\/wp\/v2\/comments?post=6030"}],"version-history":[{"count":4,"href":"https:\/\/artes-visuales.org\/ca\/wp-json\/wp\/v2\/pages\/6030\/revisions"}],"predecessor-version":[{"id":6040,"href":"https:\/\/artes-visuales.org\/ca\/wp-json\/wp\/v2\/pages\/6030\/revisions\/6040"}],"wp:attachment":[{"href":"https:\/\/artes-visuales.org\/ca\/wp-json\/wp\/v2\/media?parent=6030"}],"curies":[{"name":"wp","href":"https:\/\/api.w.org\/{rel}","templated":true}]}}