{"id":5974,"date":"2015-09-16T09:56:48","date_gmt":"2015-09-16T09:56:48","guid":{"rendered":"https:\/\/artes-visuales.org\/documentos-para-descarga\/"},"modified":"2025-12-01T12:18:45","modified_gmt":"2025-12-01T12:18:45","slug":"documents-per-descarregar","status":"publish","type":"page","link":"https:\/\/artes-visuales.org\/ca\/documents-per-descarregar\/","title":{"rendered":"DOCUMENTS PER A DESCARREGAR"},"content":{"rendered":"<ul>\n<li><a class=\"epigrafesgris\" href=\"http:\/\/artes-visuales.org\/wp-content\/uploads\/2015\/09\/Orientaciones_Tesis_Master_Granada_y_Girona.pdf\" target=\"_blank\" rel=\"noopener\">Orientacions per a l\u2019elaboraci\u00f3 de la tesi de m\u00e0ster (per a juny-setembre de 2012). (Univ. Granada i Girona)<\/a><\/li>\n<li><a class=\"epigrafesgris\" href=\"http:\/\/artes-visuales.org\/wp-content\/uploads\/2015\/09\/transferencia.pdf\" target=\"_blank\" rel=\"noopener\">Transfer\u00e8ncia i reconeixement de cr\u00e8dits: sistema proposat per la Universitat<\/a><\/li>\n<li><a class=\"epigrafesgris\" href=\"http:\/\/artes-visuales.org\/wp-content\/uploads\/2015\/09\/recursos.pdf\" target=\"_blank\" rel=\"noopener\">Recursos materials i serveis<\/a><\/li>\n<\/ul>\n","protected":false},"excerpt":{"rendered":"<p>Orientacions per a l\u2019elaboraci\u00f3 de la tesi de m\u00e0ster (per a juny-setembre de 2012). (Univ. Granada i Girona) Transfer\u00e8ncia i reconeixement de cr\u00e8dits: sistema proposat per la Universitat Recursos materials i serveis<\/p>\n","protected":false},"author":2,"featured_media":0,"parent":0,"menu_order":0,"comment_status":"closed","ping_status":"closed","template":"page-blank-title-center.php","meta":{"footnotes":""},"class_list":["post-5974","page","type-page","status-publish","hentry"],"yoast_head":"<!-- This site is optimized with the Yoast SEO plugin v20.5 - https:\/\/yoast.com\/wordpress\/plugins\/seo\/ -->\n<title>DOCUMENTS PER A DESCARREGAR - Artes Visuales y Educaci\u00f3n<\/title>\n<meta name=\"robots\" content=\"index, follow, max-snippet:-1, max-image-preview:large, max-video-preview:-1\" \/>\n<link rel=\"canonical\" href=\"https:\/\/artes-visuales.org\/ca\/documents-per-descarregar\/\" \/>\n<meta property=\"og:locale\" content=\"ca_ES\" \/>\n<meta property=\"og:type\" content=\"article\" \/>\n<meta property=\"og:title\" content=\"DOCUMENTS PER A DESCARREGAR - Artes Visuales y Educaci\u00f3n\" \/>\n<meta property=\"og:description\" content=\"Orientacions per a l\u2019elaboraci\u00f3 de la tesi de m\u00e0ster (per a juny-setembre de 2012). (Univ. Granada i Girona) Transfer\u00e8ncia i reconeixement de cr\u00e8dits: sistema proposat per la Universitat Recursos materials i serveis\" \/>\n<meta property=\"og:url\" content=\"https:\/\/artes-visuales.org\/ca\/documents-per-descarregar\/\" \/>\n<meta property=\"og:site_name\" content=\"Artes Visuales y Educaci\u00f3n\" \/>\n<meta property=\"article:modified_time\" content=\"2025-12-01T12:18:45+00:00\" \/>\n<meta name=\"twitter:card\" content=\"summary_large_image\" \/>\n<meta name=\"twitter:label1\" content=\"Temps estimat de lectura\" \/>\n\t<meta name=\"twitter:data1\" content=\"1 minut\" \/>\n<script type=\"application\/ld+json\" class=\"yoast-schema-graph\">{\"@context\":\"https:\/\/schema.org\",\"@graph\":[{\"@type\":\"WebPage\",\"@id\":\"https:\/\/artes-visuales.org\/ca\/documents-per-descarregar\/\",\"url\":\"https:\/\/artes-visuales.org\/ca\/documents-per-descarregar\/\",\"name\":\"DOCUMENTS PER A DESCARREGAR - Artes Visuales y Educaci\u00f3n\",\"isPartOf\":{\"@id\":\"https:\/\/artes-visuales.org\/#website\"},\"datePublished\":\"2015-09-16T09:56:48+00:00\",\"dateModified\":\"2025-12-01T12:18:45+00:00\",\"breadcrumb\":{\"@id\":\"https:\/\/artes-visuales.org\/ca\/documents-per-descarregar\/#breadcrumb\"},\"inLanguage\":\"ca\",\"potentialAction\":[{\"@type\":\"ReadAction\",\"target\":[\"https:\/\/artes-visuales.org\/ca\/documents-per-descarregar\/\"]}]},{\"@type\":\"BreadcrumbList\",\"@id\":\"https:\/\/artes-visuales.org\/ca\/documents-per-descarregar\/#breadcrumb\",\"itemListElement\":[{\"@type\":\"ListItem\",\"position\":1,\"name\":\"Portada\",\"item\":\"https:\/\/artes-visuales.org\/ca\/\"},{\"@type\":\"ListItem\",\"position\":2,\"name\":\"DOCUMENTS PER A DESCARREGAR\"}]},{\"@type\":\"WebSite\",\"@id\":\"https:\/\/artes-visuales.org\/#website\",\"url\":\"https:\/\/artes-visuales.org\/\",\"name\":\"Artes Visuales y Educaci\u00f3n\",\"description\":\"M\u00e1ster UGR\",\"potentialAction\":[{\"@type\":\"SearchAction\",\"target\":{\"@type\":\"EntryPoint\",\"urlTemplate\":\"https:\/\/artes-visuales.org\/?s={search_term_string}\"},\"query-input\":\"required name=search_term_string\"}],\"inLanguage\":\"ca\"}]}<\/script>\n<!-- \/ Yoast SEO plugin. -->","yoast_head_json":{"title":"DOCUMENTS PER A DESCARREGAR - Artes Visuales y Educaci\u00f3n","robots":{"index":"index","follow":"follow","max-snippet":"max-snippet:-1","max-image-preview":"max-image-preview:large","max-video-preview":"max-video-preview:-1"},"canonical":"https:\/\/artes-visuales.org\/ca\/documents-per-descarregar\/","og_locale":"ca_ES","og_type":"article","og_title":"DOCUMENTS PER A DESCARREGAR - Artes Visuales y Educaci\u00f3n","og_description":"Orientacions per a l\u2019elaboraci\u00f3 de la tesi de m\u00e0ster (per a juny-setembre de 2012). (Univ. Granada i Girona) Transfer\u00e8ncia i reconeixement de cr\u00e8dits: sistema proposat per la Universitat Recursos materials i serveis","og_url":"https:\/\/artes-visuales.org\/ca\/documents-per-descarregar\/","og_site_name":"Artes Visuales y Educaci\u00f3n","article_modified_time":"2025-12-01T12:18:45+00:00","twitter_card":"summary_large_image","twitter_misc":{"Temps estimat de lectura":"1 minut"},"schema":{"@context":"https:\/\/schema.org","@graph":[{"@type":"WebPage","@id":"https:\/\/artes-visuales.org\/ca\/documents-per-descarregar\/","url":"https:\/\/artes-visuales.org\/ca\/documents-per-descarregar\/","name":"DOCUMENTS PER A DESCARREGAR - Artes Visuales y Educaci\u00f3n","isPartOf":{"@id":"https:\/\/artes-visuales.org\/#website"},"datePublished":"2015-09-16T09:56:48+00:00","dateModified":"2025-12-01T12:18:45+00:00","breadcrumb":{"@id":"https:\/\/artes-visuales.org\/ca\/documents-per-descarregar\/#breadcrumb"},"inLanguage":"ca","potentialAction":[{"@type":"ReadAction","target":["https:\/\/artes-visuales.org\/ca\/documents-per-descarregar\/"]}]},{"@type":"BreadcrumbList","@id":"https:\/\/artes-visuales.org\/ca\/documents-per-descarregar\/#breadcrumb","itemListElement":[{"@type":"ListItem","position":1,"name":"Portada","item":"https:\/\/artes-visuales.org\/ca\/"},{"@type":"ListItem","position":2,"name":"DOCUMENTS PER A DESCARREGAR"}]},{"@type":"WebSite","@id":"https:\/\/artes-visuales.org\/#website","url":"https:\/\/artes-visuales.org\/","name":"Artes Visuales y Educaci\u00f3n","description":"M\u00e1ster UGR","potentialAction":[{"@type":"SearchAction","target":{"@type":"EntryPoint","urlTemplate":"https:\/\/artes-visuales.org\/?s={search_term_string}"},"query-input":"required name=search_term_string"}],"inLanguage":"ca"}]}},"_links":{"self":[{"href":"https:\/\/artes-visuales.org\/ca\/wp-json\/wp\/v2\/pages\/5974","targetHints":{"allow":["GET"]}}],"collection":[{"href":"https:\/\/artes-visuales.org\/ca\/wp-json\/wp\/v2\/pages"}],"about":[{"href":"https:\/\/artes-visuales.org\/ca\/wp-json\/wp\/v2\/types\/page"}],"author":[{"embeddable":true,"href":"https:\/\/artes-visuales.org\/ca\/wp-json\/wp\/v2\/users\/2"}],"replies":[{"embeddable":true,"href":"https:\/\/artes-visuales.org\/ca\/wp-json\/wp\/v2\/comments?post=5974"}],"version-history":[{"count":3,"href":"https:\/\/artes-visuales.org\/ca\/wp-json\/wp\/v2\/pages\/5974\/revisions"}],"predecessor-version":[{"id":6019,"href":"https:\/\/artes-visuales.org\/ca\/wp-json\/wp\/v2\/pages\/5974\/revisions\/6019"}],"wp:attachment":[{"href":"https:\/\/artes-visuales.org\/ca\/wp-json\/wp\/v2\/media?parent=5974"}],"curies":[{"name":"wp","href":"https:\/\/api.w.org\/{rel}","templated":true}]}}