{"id":5968,"date":"2015-12-10T02:52:02","date_gmt":"2015-12-10T02:52:02","guid":{"rendered":"https:\/\/artes-visuales.org\/criterios-generales-de-acceso-de-la-ugr\/"},"modified":"2025-11-28T11:49:50","modified_gmt":"2025-11-28T11:49:50","slug":"criteris-generals-dacces-de-la-ugr","status":"publish","type":"page","link":"https:\/\/artes-visuales.org\/ca\/criteris-generals-dacces-de-la-ugr\/","title":{"rendered":"CRITERIS GENERALS D\u2019ACC\u00c9S DE LA UGR"},"content":{"rendered":"<div class=\"row\"  id=\"row-1589746945\">\n\n\t<div id=\"col-1337670436\" class=\"col medium-1\/1 large-12\"  >\n\t\t\t\t<div class=\"col-inner\"  >\n\t\t\t\n\t\t\t\n<div>\n<div style=\"text-align: justify;\">Com a norma general d&#8217;acc\u00e9s, es tindr\u00e0 en compte el que estableix l\u2019article 16 del Reial decret 1393\/2007, de 29 d\u2019octubre, aix\u00ed com el que estableix l\u2019Article \u00danic del Reial decret 861\/2010, de 2 de juliol, pel qual es modifica l\u2019anterior:<\/div>\n<\/div>\n<div style=\"text-align: justify;\">\n<div> <\/div>\n<\/div>\n<div style=\"text-align: justify;\">\n<div>Per accedir a les ensenyances oficials de M\u00e0ster ser\u00e0 necessari estar en possessi\u00f3 d\u2019un t\u00edtol universitari oficial espanyol o un altre expedit per una instituci\u00f3 d\u2019educaci\u00f3 superior pertanyent a un Estat integrant de l\u2019Espai Europeu d\u2019Educaci\u00f3 Superior que habiliti en aquest Estat per a l\u2019acc\u00e9s a ensenyances de M\u00e0ster.<\/div>\n<\/div>\n<div style=\"text-align: justify;\">\n<div> <\/div>\n<\/div>\n<div style=\"text-align: justify;\">\n<div>Aix\u00ed mateix, podran accedir-hi els titulats conforme a sistemes educatius aliens a l\u2019Espai Europeu d\u2019Educaci\u00f3 Superior sense necessitat de l\u2019homologaci\u00f3 dels seus t\u00edtols, pr\u00e8via comprovaci\u00f3 per part de la Universitat que acrediten un nivell de formaci\u00f3 equivalent als corresponents t\u00edtols universitaris oficials espanyols i que habiliten al pa\u00eds emissor del t\u00edtol per a l\u2019acc\u00e9s a ensenyances de postgrau. L\u2019acc\u00e9s per aquesta via no implicar\u00e0, en cap cas, l\u2019homologaci\u00f3 del t\u00edtol previ del qual sigui titular l\u2019interessat, ni el seu reconeixement a altres efectes que el de cursar estudis de M\u00e0ster.<\/div>\n<\/div>\n<div style=\"text-align: justify;\">\n<div> <\/div>\n<\/div>\n<div style=\"text-align: justify;\">\n<div>La Llei 15\/2003, de 22 de desembre, andalusa d\u2019Universitats, determina al seu article 75 que, als \u00fanics efectes de l\u2019ingr\u00e9s als Centres Universitaris, totes les universitats p\u00fabliques andaluses podran constituir-se en un Districte \u00danic, encomanant-ne la gesti\u00f3 a una comissi\u00f3 espec\u00edfica constitu\u00efda en el si del Consell Andal\u00fas d\u2019Universitats.<\/div>\n<\/div>\n<div style=\"text-align: justify;\">\n<div> <\/div>\n<\/div>\n<div style=\"text-align: justify;\">\n<div>Tenint en compte el R.D. 1393\/2007, de 29 d\u2019octubre, pel qual s\u2019estableix l\u2019ordenaci\u00f3 de les ensenyances universit\u00e0ries oficials, la Comissi\u00f3 del Districte \u00danic Universitari d\u2019Andalusia, en \u00fas de les atribucions conferides i pr\u00e8via deliberaci\u00f3 i informe favorable de la Comissi\u00f3 Assessora de Postgrau, adopta anualment acords pels quals s\u2019estableix el procediment per a l\u2019ingr\u00e9s als m\u00e0sters universitaris.<\/div>\n<\/div>\n<div style=\"text-align: justify;\">\n<div> <\/div>\n<\/div>\n<div style=\"text-align: justify;\">\n<div>Aquesta normativa es completa amb el seg\u00fcent document: <\/div>\n<div><a href=\"http:\/\/secretariageneral.ugr.es\/pages\/normativa\/fichasugr\/ncg732\" target=\"_blank\" rel=\"noopener noreferrer\">Reglament sobre adaptaci\u00f3, reconeixement i transfer\u00e8ncia de cr\u00e8dits de la Universitat de Granada<\/a>, aprovat pel Consell de Govern en sessi\u00f3 celebrada el 19 de juliol de 2013.<\/div>\n<\/div>\n<div style=\"text-align: justify;\">\n<div> <\/div>\n<\/div>\n<div style=\"text-align: justify;\">\n<div>Els aspirants a cursar el M\u00e0ster hauran d\u2019estar en possessi\u00f3 d\u2019algun dels t\u00edtols de Grau o Llicenciat requerits per ser admesos. L&#8217;Escola Internacional de Postgrau de la Universitat de Granada resoldr\u00e0, amb car\u00e0cter previ a la preinscripci\u00f3, sobre les possibilitats d\u2019acc\u00e9s singulars i l\u2019admissi\u00f3 de sol\u00b7licituds amb t\u00edtols obtinguts a l\u2019estranger.<\/div>\n<\/div>\n<div style=\"text-align: justify;\">\n<div> <\/div>\n<\/div>\n<div style=\"text-align: justify;\">\n<div>UNIVERSITAT DE GRANADA<\/div>\n<\/div>\n<div style=\"text-align: justify;\">\n<div> <\/div>\n<\/div>\n<div style=\"text-align: justify;\">\n<div>P\u00e0gina web: <a href=\"http:\/\/artes-visuales.org\/\" target=\"_blank\" rel=\"noopener noreferrer\">www.artes-visuales.org<\/a><\/div>\n<\/div>\n<div style=\"text-align: justify;\">\n<div> <\/div>\n<\/div>\n<div style=\"text-align: justify;\">\n<div>NOTA SOBRE L\u2019OFERTA DE PLACES: Per defecte, si nom\u00e9s s\u2019ofereixen places per a la Fase 1, les sobrants passaran autom\u00e0ticament a la fase seg\u00fcent; en el seu cas, les sobrants de la fase 2 passaran a la fase 3.<\/div>\n<div>Nom\u00e9s a la fase 1 es poden reservar places perqu\u00e8 els estudiants estrangers no competeixin en igualtat de condicions amb els espanyols. Les places sobrants d&#8217;estrangers s\u2019acumularan al grup general de la fase 1.<\/div>\n<div>No obstant aix\u00f2, per acord de la universitat corresponent, es podran reservar places per a diferents fases. Si hi hagu\u00e9s llista d\u2019espera, els sol\u00b7licitants passarien autom\u00e0ticament a la fase seg\u00fcent. <\/div>\n<div>Si no hi ha llista d\u2019espera i sobren places, s\u2019acumularan a la fase seg\u00fcent. Per indicar que no hi ha oferta en una fase, s\u2019ha d\u2019especificar: S\/O.<\/div>\n<div>Fase 1 \u00b7 Fase 2 \u00b7 Fase 3 \u00b7 TOTAL PLACES 30 (GEN 22 \/ EXT 8)<\/div>\n<div><strong>Criteris de valoraci\u00f3 i pes en la puntuaci\u00f3 final:<\/strong><\/div>\n<div>Nota mitjana de l\u2019expedient: 20%<br \/> Coneixement d\u2019idiomes: 10%<br \/> Metes professionals: 30%<br \/> Altres t\u00edtols i m\u00e8rits: 20%<br \/> Entrevista: 20%<\/div>\n<div><strong>Requisits espec\u00edfics d\u2019admissi\u00f3:<\/strong> En l\u2019entrevista es valorar\u00e0 l\u2019actitud i la capacitat per relacionar coneixements.<\/div>\n<\/div>\n\t\t<\/div>\n\t\t\t\t\t<\/div>\n\n\t\n<\/div>\n<p><a class=\"epigrafesgris\" href=\"http:\/\/www.juntadeandalucia.es\/economiainnovacionyciencia\/sguit\/mo_calendario.php\" target=\"_blank\" rel=\"noopener noreferrer\">Fitxa d\u2019informaci\u00f3<\/a><\/p>\n<p><a href=\"http:\/\/artes-visuales.org\/wp-content\/uploads\/2021\/01\/ENTREVISTA-SOLICITANTES_UGR.doc\" target=\"_blank\" rel=\"noopener noreferrer\">Entrevista de sol\u00b7licitants<\/a><\/p>\n<p><a href=\"https:\/\/artes-visuales.org\/ca\/inscripcio-i-matricula\/\" target=\"_blank\" rel=\"noopener noreferrer\">Matr\u00edcula<\/a><\/p>\n","protected":false},"excerpt":{"rendered":"<p>Fitxa d\u2019informaci\u00f3 Entrevista de sol\u00b7licitants Matr\u00edcula<\/p>\n","protected":false},"author":3,"featured_media":0,"parent":0,"menu_order":0,"comment_status":"closed","ping_status":"closed","template":"page-blank-title-center.php","meta":{"footnotes":""},"class_list":["post-5968","page","type-page","status-publish","hentry"],"yoast_head":"<!-- This site is optimized with the Yoast SEO plugin v27.5 - https:\/\/yoast.com\/product\/yoast-seo-wordpress\/ -->\n<title>CRITERIS GENERALS D\u2019ACC\u00c9S DE LA UGR - Artes Visuales y Educaci\u00f3n<\/title>\n<meta name=\"robots\" content=\"index, follow, max-snippet:-1, max-image-preview:large, max-video-preview:-1\" \/>\n<link rel=\"canonical\" href=\"https:\/\/artes-visuales.org\/ca\/criteris-generals-dacces-de-la-ugr\/\" \/>\n<meta property=\"og:locale\" content=\"ca_ES\" \/>\n<meta property=\"og:type\" content=\"article\" \/>\n<meta property=\"og:title\" content=\"CRITERIS GENERALS D\u2019ACC\u00c9S DE LA UGR - Artes Visuales y Educaci\u00f3n\" \/>\n<meta property=\"og:description\" content=\"Fitxa d\u2019informaci\u00f3 Entrevista de sol\u00b7licitants Matr\u00edcula\" \/>\n<meta property=\"og:url\" content=\"https:\/\/artes-visuales.org\/ca\/criteris-generals-dacces-de-la-ugr\/\" \/>\n<meta property=\"og:site_name\" content=\"Artes Visuales y Educaci\u00f3n\" \/>\n<meta property=\"article:modified_time\" content=\"2025-11-28T11:49:50+00:00\" \/>\n<meta name=\"twitter:card\" content=\"summary_large_image\" \/>\n<meta name=\"twitter:label1\" content=\"Temps estimat de lectura\" \/>\n\t<meta name=\"twitter:data1\" content=\"4 minuts\" \/>\n<script type=\"application\/ld+json\" class=\"yoast-schema-graph\">{\"@context\":\"https:\\\/\\\/schema.org\",\"@graph\":[{\"@type\":\"WebPage\",\"@id\":\"https:\\\/\\\/artes-visuales.org\\\/ca\\\/criteris-generals-dacces-de-la-ugr\\\/\",\"url\":\"https:\\\/\\\/artes-visuales.org\\\/ca\\\/criteris-generals-dacces-de-la-ugr\\\/\",\"name\":\"CRITERIS GENERALS D\u2019ACC\u00c9S DE LA UGR - Artes Visuales y Educaci\u00f3n\",\"isPartOf\":{\"@id\":\"https:\\\/\\\/artes-visuales.org\\\/#website\"},\"datePublished\":\"2015-12-10T02:52:02+00:00\",\"dateModified\":\"2025-11-28T11:49:50+00:00\",\"breadcrumb\":{\"@id\":\"https:\\\/\\\/artes-visuales.org\\\/ca\\\/criteris-generals-dacces-de-la-ugr\\\/#breadcrumb\"},\"inLanguage\":\"ca\",\"potentialAction\":[{\"@type\":\"ReadAction\",\"target\":[\"https:\\\/\\\/artes-visuales.org\\\/ca\\\/criteris-generals-dacces-de-la-ugr\\\/\"]}]},{\"@type\":\"BreadcrumbList\",\"@id\":\"https:\\\/\\\/artes-visuales.org\\\/ca\\\/criteris-generals-dacces-de-la-ugr\\\/#breadcrumb\",\"itemListElement\":[{\"@type\":\"ListItem\",\"position\":1,\"name\":\"Portada\",\"item\":\"https:\\\/\\\/artes-visuales.org\\\/ca\\\/\"},{\"@type\":\"ListItem\",\"position\":2,\"name\":\"CRITERIS GENERALS D\u2019ACC\u00c9S DE LA UGR\"}]},{\"@type\":\"WebSite\",\"@id\":\"https:\\\/\\\/artes-visuales.org\\\/#website\",\"url\":\"https:\\\/\\\/artes-visuales.org\\\/\",\"name\":\"Artes Visuales y Educaci\u00f3n\",\"description\":\"M\u00e1ster UGR\",\"potentialAction\":[{\"@type\":\"SearchAction\",\"target\":{\"@type\":\"EntryPoint\",\"urlTemplate\":\"https:\\\/\\\/artes-visuales.org\\\/?s={search_term_string}\"},\"query-input\":{\"@type\":\"PropertyValueSpecification\",\"valueRequired\":true,\"valueName\":\"search_term_string\"}}],\"inLanguage\":\"ca\"}]}<\/script>\n<!-- \/ Yoast SEO plugin. -->","yoast_head_json":{"title":"CRITERIS GENERALS D\u2019ACC\u00c9S DE LA UGR - Artes Visuales y Educaci\u00f3n","robots":{"index":"index","follow":"follow","max-snippet":"max-snippet:-1","max-image-preview":"max-image-preview:large","max-video-preview":"max-video-preview:-1"},"canonical":"https:\/\/artes-visuales.org\/ca\/criteris-generals-dacces-de-la-ugr\/","og_locale":"ca_ES","og_type":"article","og_title":"CRITERIS GENERALS D\u2019ACC\u00c9S DE LA UGR - Artes Visuales y Educaci\u00f3n","og_description":"Fitxa d\u2019informaci\u00f3 Entrevista de sol\u00b7licitants Matr\u00edcula","og_url":"https:\/\/artes-visuales.org\/ca\/criteris-generals-dacces-de-la-ugr\/","og_site_name":"Artes Visuales y Educaci\u00f3n","article_modified_time":"2025-11-28T11:49:50+00:00","twitter_card":"summary_large_image","twitter_misc":{"Temps estimat de lectura":"4 minuts"},"schema":{"@context":"https:\/\/schema.org","@graph":[{"@type":"WebPage","@id":"https:\/\/artes-visuales.org\/ca\/criteris-generals-dacces-de-la-ugr\/","url":"https:\/\/artes-visuales.org\/ca\/criteris-generals-dacces-de-la-ugr\/","name":"CRITERIS GENERALS D\u2019ACC\u00c9S DE LA UGR - Artes Visuales y Educaci\u00f3n","isPartOf":{"@id":"https:\/\/artes-visuales.org\/#website"},"datePublished":"2015-12-10T02:52:02+00:00","dateModified":"2025-11-28T11:49:50+00:00","breadcrumb":{"@id":"https:\/\/artes-visuales.org\/ca\/criteris-generals-dacces-de-la-ugr\/#breadcrumb"},"inLanguage":"ca","potentialAction":[{"@type":"ReadAction","target":["https:\/\/artes-visuales.org\/ca\/criteris-generals-dacces-de-la-ugr\/"]}]},{"@type":"BreadcrumbList","@id":"https:\/\/artes-visuales.org\/ca\/criteris-generals-dacces-de-la-ugr\/#breadcrumb","itemListElement":[{"@type":"ListItem","position":1,"name":"Portada","item":"https:\/\/artes-visuales.org\/ca\/"},{"@type":"ListItem","position":2,"name":"CRITERIS GENERALS D\u2019ACC\u00c9S DE LA UGR"}]},{"@type":"WebSite","@id":"https:\/\/artes-visuales.org\/#website","url":"https:\/\/artes-visuales.org\/","name":"Artes Visuales y Educaci\u00f3n","description":"M\u00e1ster UGR","potentialAction":[{"@type":"SearchAction","target":{"@type":"EntryPoint","urlTemplate":"https:\/\/artes-visuales.org\/?s={search_term_string}"},"query-input":{"@type":"PropertyValueSpecification","valueRequired":true,"valueName":"search_term_string"}}],"inLanguage":"ca"}]}},"_links":{"self":[{"href":"https:\/\/artes-visuales.org\/ca\/wp-json\/wp\/v2\/pages\/5968","targetHints":{"allow":["GET"]}}],"collection":[{"href":"https:\/\/artes-visuales.org\/ca\/wp-json\/wp\/v2\/pages"}],"about":[{"href":"https:\/\/artes-visuales.org\/ca\/wp-json\/wp\/v2\/types\/page"}],"author":[{"embeddable":true,"href":"https:\/\/artes-visuales.org\/ca\/wp-json\/wp\/v2\/users\/3"}],"replies":[{"embeddable":true,"href":"https:\/\/artes-visuales.org\/ca\/wp-json\/wp\/v2\/comments?post=5968"}],"version-history":[{"count":2,"href":"https:\/\/artes-visuales.org\/ca\/wp-json\/wp\/v2\/pages\/5968\/revisions"}],"predecessor-version":[{"id":5972,"href":"https:\/\/artes-visuales.org\/ca\/wp-json\/wp\/v2\/pages\/5968\/revisions\/5972"}],"wp:attachment":[{"href":"https:\/\/artes-visuales.org\/ca\/wp-json\/wp\/v2\/media?parent=5968"}],"curies":[{"name":"wp","href":"https:\/\/api.w.org\/{rel}","templated":true}]}}