{"id":5961,"date":"2015-12-10T03:06:50","date_gmt":"2015-12-10T03:06:50","guid":{"rendered":"https:\/\/artes-visuales.org\/criterios-generales-de-acceso-de-la-udg\/"},"modified":"2025-11-28T11:47:25","modified_gmt":"2025-11-28T11:47:25","slug":"criteris-generals-dacces-de-la-udg","status":"publish","type":"page","link":"https:\/\/artes-visuales.org\/ca\/criteris-generals-dacces-de-la-udg\/","title":{"rendered":"CRITERIS GENERALS D\u2019ACC\u00c9S DE LA UdG"},"content":{"rendered":"<div style=\"text-align: justify;\">\n  <span>Per a l\u2019acc\u00e9s al m\u00e0ster es tindran en compte els criteris seg\u00fcents:<\/span>\n<\/div>\n<div style=\"text-align: justify;\">\n  <strong>FASES DEL PROC\u00c9S:<\/strong>\n<\/div>\n<div style=\"text-align: justify;\">\n  <span>S\u2019estableixen tres fases per a aquelles persones que hagin obtingut el seu t\u00edtol, a Espanya o a l\u2019estranger, amb anterioritat a:<\/span>\n<\/div>\n<div style=\"text-align: justify;\">\n  <strong>Fase 1:<\/strong>\n<\/div>\n<ul style=\"text-align: justify;\">\n<li>Preinscripci\u00f3: de l\u20191 d\u2019abril fins al 30 de juny<\/li>\n<li>Assignaci\u00f3 de places: 17 de juliol<\/li>\n<li>Matr\u00edcula: del 20 al 31 de juliol<\/li>\n<\/ul>\n<div style=\"text-align: justify;\">\n  <strong>Fase 2:<\/strong>\n<\/div>\n<ul style=\"text-align: justify;\">\n<li>Preinscripci\u00f3: del 20 de juliol al 18 de setembre<\/li>\n<li>Assignaci\u00f3 de places: 25 de setembre<\/li>\n<li>Matr\u00edcula: fins al 9 d\u2019octubre<\/li>\n<\/ul>\n<div style=\"text-align: justify;\">\n  <strong>Fase 3:<\/strong>\n<\/div>\n<p style=\"text-align: justify;\">\n  Matr\u00edcula lliure fins a 15 dies despr\u00e9s de l\u2019inici de les activitats acad\u00e8miques del m\u00e0ster.\n<\/p>\n<p style=\"text-align: justify;\">\n  <strong>Per\u00edode extraordinari:<\/strong> de l\u20191 al 15 de febrer\n<\/p>\n<p style=\"text-align: justify;\">\n  Les persones que compleixin els requisits per a una fase i no formalitzin la matr\u00edcula en el per\u00edode establert, podran participar en la seg\u00fcent.<br \/>\n  P\u00e0gina web:<br \/>\n  <a href=\"http:\/\/gigs.udg.edu\/\" target=\"_blank\" rel=\"noopener\">http:\/\/gigs.udg.edu<\/a><br \/>\n  <a href=\"http:\/\/www.udg.edu\/fcee\/tabid\/4096\/Default.aspx\" target=\"_blank\" rel=\"noopener\"><br \/>\n    http:\/\/www.udg.edu\/fcee\/tabid\/4096\/Default.aspx<br \/>\n  <\/a>\n<\/p>\n<p style=\"text-align: justify;\">\n  NOTA SOBRE L\u2019OFERTA DE PLACES: Totes les places queden condicionades a la demanda. Per tant, nom\u00e9s es podran oferir aquelles places<br \/>\n  que no s\u2019hagin cobert en les fases anteriors.\n<\/p>\n<p style=\"text-align: justify;\">\n  TOTAL DE PLACES: 20\n<\/p>\n<p style=\"text-align: justify;\">\n  Criteris de valoraci\u00f3 i pes en la puntuaci\u00f3\n<\/p>\n<p style=\"text-align: justify;\">\n  \u00b7 Nota mitjana de l\u2019expedient: 15%<br \/>\n  \u00b7 Coneixement d\u2019idiomes: 15%<br \/>\n  \u00b7 Inter\u00e8s professional: 30%<br \/>\n  \u00b7 Altres titulacions i m\u00e8rits: 20%<br \/>\n  \u00b7 Entrevista personal: 20%\n<\/p>\n<p style=\"text-align: justify;\">\n  L\u2019entrevista servir\u00e0 per determinar la capacitat de l\u2019estudiant per desenvolupar les compet\u00e8ncies previstes en la titulaci\u00f3.<br \/>\n  Els sol\u00b7licitants amb una titulaci\u00f3 de prefer\u00e8ncia alta sempre tindran prioritat sobre la resta en el proc\u00e9s de selecci\u00f3.<br \/>\n  Es valorar\u00e0 en cada cas l\u2019acc\u00e9s al m\u00e0ster de les persones sol\u00b7licitants que tinguin una titulaci\u00f3 diferent de les indicades en aquest apartat<br \/>\n  i que es pugui considerar assimilable pel seu contingut.\n<\/p>\n<p style=\"text-align: justify;\">\n  Condicions generals d\u2019admissi\u00f3:<br \/>\n  A proposta del Consell d\u2019Estudis de M\u00e0ster, i tenint en compte l\u2019adequaci\u00f3 entre les compet\u00e8ncies i els coneixements derivats de les<br \/>\n  ensenyances cursades i els previstos en el pla d\u2019estudis de les ensenyances de m\u00e0ster sol\u00b7licitades, la UdG podr\u00e0 recon\u00e8ixer cr\u00e8dits a les<br \/>\n  persones que vulguin accedir a aquestes ensenyances sempre que estiguin en possessi\u00f3 d\u2019un t\u00edtol oficial de llicenciatura, Arquitectura o Enginyeria.\n<\/p>\n<p style=\"text-align: justify;\">\n  Aix\u00ed mateix, tenint en compte l\u2019adequaci\u00f3 entre les compet\u00e8ncies i els coneixements derivats de les ensenyances cursades i els previstos en el pla<br \/>\n  d\u2019estudis de les ensenyances de m\u00e0ster sol\u00b7licitades, la UdG podr\u00e0 exigir formaci\u00f3 addicional a les persones que vulguin accedir al m\u00e0ster i que<br \/>\n  estiguin en possessi\u00f3 d\u2019un t\u00edtol oficial de diplomatura, Arquitectura T\u00e8cnica o Enginyeria T\u00e8cnica.\n<\/p>\n<p style=\"text-align: justify;\">\n  Perfils d\u2019ingr\u00e9s, requisits de formaci\u00f3 pr\u00e8via i criteris d\u2019admissi\u00f3 i selecci\u00f3:<br \/>\n  alumnat procedent d\u2019un grau de Mestre d\u2019Educaci\u00f3 Infantil i Prim\u00e0ria, Belles Arts, Hist\u00f2ria de l\u2019Art, Arquitectura, M\u00fasica, Teatre i Literatura<br \/>\n  que reuneixi les caracter\u00edstiques personals i acad\u00e8miques seg\u00fcents:\n<\/p>\n<p style=\"text-align: justify;\">\n  Requisits personals: motivaci\u00f3 espec\u00edfica en relaci\u00f3 amb el programa, capacitat de treball en equip, habilitat per dialogar de manera cr\u00edtica<br \/>\n  amb textos i refer\u00e8ncies, autonomia de criteri i de treball, i empatia per poder treballar en projectes d\u2019intervenci\u00f3.\n<\/p>\n<p style=\"text-align: justify;\">\n  Requisits acad\u00e8mics per a la realitzaci\u00f3 del m\u00e0ster: estar en possessi\u00f3 d\u2019un t\u00edtol de grau o equivalent.\n<\/p>\n<p style=\"text-align: justify;\">\n  D\u2019acord amb el seu car\u00e0cter interdisciplinari, encara que es valoren les titulacions d\u2019acc\u00e9s precedents, no s\u2019exigeix una titulaci\u00f3 vinculada<br \/>\n  a uns estudis de grau determinats. Es valora, encara que no \u00e9s condici\u00f3 indispensable, la formaci\u00f3 i l\u2019experi\u00e8ncia en l\u2019ensenyament i l\u2019educaci\u00f3<br \/>\n  de les arts visuals. Es requereix un coneixement d\u2019angl\u00e8s com a m\u00ednim equivalent al t\u00edtol de First Certificate o superior, de manera que la persona<br \/>\n  estudiant pugui dialogar amb els textos, participar en les sessions amb el professorat convidat i comunicar els seus treballs en revistes i congressos internacionals.<\/p>\n","protected":false},"excerpt":{"rendered":"<p>Per a l\u2019acc\u00e9s al m\u00e0ster es tindran en compte els criteris seg\u00fcents: FASES DEL PROC\u00c9S: S\u2019estableixen tres fases per a aquelles persones que hagin obtingut el seu t\u00edtol, a Espanya o a l\u2019estranger, amb anterioritat a: Fase 1: Preinscripci\u00f3: de l\u20191 d\u2019abril fins al 30 de juny Assignaci\u00f3 de places: 17 de juliol Matr\u00edcula: del [&#8230;]\n","protected":false},"author":2,"featured_media":0,"parent":0,"menu_order":0,"comment_status":"closed","ping_status":"closed","template":"page-blank-title-center.php","meta":{"footnotes":""},"class_list":["post-5961","page","type-page","status-publish","hentry"],"yoast_head":"<!-- This site is optimized with the Yoast SEO plugin v20.5 - https:\/\/yoast.com\/wordpress\/plugins\/seo\/ -->\n<title>CRITERIS GENERALS D\u2019ACC\u00c9S DE LA UdG - Artes Visuales y Educaci\u00f3n<\/title>\n<meta name=\"robots\" content=\"index, follow, max-snippet:-1, max-image-preview:large, max-video-preview:-1\" \/>\n<link rel=\"canonical\" href=\"https:\/\/artes-visuales.org\/ca\/criteris-generals-dacces-de-la-udg\/\" \/>\n<meta property=\"og:locale\" content=\"ca_ES\" \/>\n<meta property=\"og:type\" content=\"article\" \/>\n<meta property=\"og:title\" content=\"CRITERIS GENERALS D\u2019ACC\u00c9S DE LA UdG - Artes Visuales y Educaci\u00f3n\" \/>\n<meta property=\"og:description\" content=\"Per a l\u2019acc\u00e9s al m\u00e0ster es tindran en compte els criteris seg\u00fcents: FASES DEL PROC\u00c9S: S\u2019estableixen tres fases per a aquelles persones que hagin obtingut el seu t\u00edtol, a Espanya o a l\u2019estranger, amb anterioritat a: Fase 1: Preinscripci\u00f3: de l\u20191 d\u2019abril fins al 30 de juny Assignaci\u00f3 de places: 17 de juliol Matr\u00edcula: del [...]\" \/>\n<meta property=\"og:url\" content=\"https:\/\/artes-visuales.org\/ca\/criteris-generals-dacces-de-la-udg\/\" \/>\n<meta property=\"og:site_name\" content=\"Artes Visuales y Educaci\u00f3n\" \/>\n<meta property=\"article:modified_time\" content=\"2025-11-28T11:47:25+00:00\" \/>\n<meta name=\"twitter:card\" content=\"summary_large_image\" \/>\n<meta name=\"twitter:label1\" content=\"Temps estimat de lectura\" \/>\n\t<meta name=\"twitter:data1\" content=\"3 minuts\" \/>\n<script type=\"application\/ld+json\" class=\"yoast-schema-graph\">{\"@context\":\"https:\/\/schema.org\",\"@graph\":[{\"@type\":\"WebPage\",\"@id\":\"https:\/\/artes-visuales.org\/ca\/criteris-generals-dacces-de-la-udg\/\",\"url\":\"https:\/\/artes-visuales.org\/ca\/criteris-generals-dacces-de-la-udg\/\",\"name\":\"CRITERIS GENERALS D\u2019ACC\u00c9S DE LA UdG - Artes Visuales y Educaci\u00f3n\",\"isPartOf\":{\"@id\":\"https:\/\/artes-visuales.org\/#website\"},\"datePublished\":\"2015-12-10T03:06:50+00:00\",\"dateModified\":\"2025-11-28T11:47:25+00:00\",\"breadcrumb\":{\"@id\":\"https:\/\/artes-visuales.org\/ca\/criteris-generals-dacces-de-la-udg\/#breadcrumb\"},\"inLanguage\":\"ca\",\"potentialAction\":[{\"@type\":\"ReadAction\",\"target\":[\"https:\/\/artes-visuales.org\/ca\/criteris-generals-dacces-de-la-udg\/\"]}]},{\"@type\":\"BreadcrumbList\",\"@id\":\"https:\/\/artes-visuales.org\/ca\/criteris-generals-dacces-de-la-udg\/#breadcrumb\",\"itemListElement\":[{\"@type\":\"ListItem\",\"position\":1,\"name\":\"Portada\",\"item\":\"https:\/\/artes-visuales.org\/ca\/\"},{\"@type\":\"ListItem\",\"position\":2,\"name\":\"CRITERIS GENERALS D\u2019ACC\u00c9S DE LA UdG\"}]},{\"@type\":\"WebSite\",\"@id\":\"https:\/\/artes-visuales.org\/#website\",\"url\":\"https:\/\/artes-visuales.org\/\",\"name\":\"Artes Visuales y Educaci\u00f3n\",\"description\":\"M\u00e1ster UGR\",\"potentialAction\":[{\"@type\":\"SearchAction\",\"target\":{\"@type\":\"EntryPoint\",\"urlTemplate\":\"https:\/\/artes-visuales.org\/?s={search_term_string}\"},\"query-input\":\"required name=search_term_string\"}],\"inLanguage\":\"ca\"}]}<\/script>\n<!-- \/ Yoast SEO plugin. -->","yoast_head_json":{"title":"CRITERIS GENERALS D\u2019ACC\u00c9S DE LA UdG - Artes Visuales y Educaci\u00f3n","robots":{"index":"index","follow":"follow","max-snippet":"max-snippet:-1","max-image-preview":"max-image-preview:large","max-video-preview":"max-video-preview:-1"},"canonical":"https:\/\/artes-visuales.org\/ca\/criteris-generals-dacces-de-la-udg\/","og_locale":"ca_ES","og_type":"article","og_title":"CRITERIS GENERALS D\u2019ACC\u00c9S DE LA UdG - Artes Visuales y Educaci\u00f3n","og_description":"Per a l\u2019acc\u00e9s al m\u00e0ster es tindran en compte els criteris seg\u00fcents: FASES DEL PROC\u00c9S: S\u2019estableixen tres fases per a aquelles persones que hagin obtingut el seu t\u00edtol, a Espanya o a l\u2019estranger, amb anterioritat a: Fase 1: Preinscripci\u00f3: de l\u20191 d\u2019abril fins al 30 de juny Assignaci\u00f3 de places: 17 de juliol Matr\u00edcula: del [...]","og_url":"https:\/\/artes-visuales.org\/ca\/criteris-generals-dacces-de-la-udg\/","og_site_name":"Artes Visuales y Educaci\u00f3n","article_modified_time":"2025-11-28T11:47:25+00:00","twitter_card":"summary_large_image","twitter_misc":{"Temps estimat de lectura":"3 minuts"},"schema":{"@context":"https:\/\/schema.org","@graph":[{"@type":"WebPage","@id":"https:\/\/artes-visuales.org\/ca\/criteris-generals-dacces-de-la-udg\/","url":"https:\/\/artes-visuales.org\/ca\/criteris-generals-dacces-de-la-udg\/","name":"CRITERIS GENERALS D\u2019ACC\u00c9S DE LA UdG - Artes Visuales y Educaci\u00f3n","isPartOf":{"@id":"https:\/\/artes-visuales.org\/#website"},"datePublished":"2015-12-10T03:06:50+00:00","dateModified":"2025-11-28T11:47:25+00:00","breadcrumb":{"@id":"https:\/\/artes-visuales.org\/ca\/criteris-generals-dacces-de-la-udg\/#breadcrumb"},"inLanguage":"ca","potentialAction":[{"@type":"ReadAction","target":["https:\/\/artes-visuales.org\/ca\/criteris-generals-dacces-de-la-udg\/"]}]},{"@type":"BreadcrumbList","@id":"https:\/\/artes-visuales.org\/ca\/criteris-generals-dacces-de-la-udg\/#breadcrumb","itemListElement":[{"@type":"ListItem","position":1,"name":"Portada","item":"https:\/\/artes-visuales.org\/ca\/"},{"@type":"ListItem","position":2,"name":"CRITERIS GENERALS D\u2019ACC\u00c9S DE LA UdG"}]},{"@type":"WebSite","@id":"https:\/\/artes-visuales.org\/#website","url":"https:\/\/artes-visuales.org\/","name":"Artes Visuales y Educaci\u00f3n","description":"M\u00e1ster UGR","potentialAction":[{"@type":"SearchAction","target":{"@type":"EntryPoint","urlTemplate":"https:\/\/artes-visuales.org\/?s={search_term_string}"},"query-input":"required name=search_term_string"}],"inLanguage":"ca"}]}},"_links":{"self":[{"href":"https:\/\/artes-visuales.org\/ca\/wp-json\/wp\/v2\/pages\/5961","targetHints":{"allow":["GET"]}}],"collection":[{"href":"https:\/\/artes-visuales.org\/ca\/wp-json\/wp\/v2\/pages"}],"about":[{"href":"https:\/\/artes-visuales.org\/ca\/wp-json\/wp\/v2\/types\/page"}],"author":[{"embeddable":true,"href":"https:\/\/artes-visuales.org\/ca\/wp-json\/wp\/v2\/users\/2"}],"replies":[{"embeddable":true,"href":"https:\/\/artes-visuales.org\/ca\/wp-json\/wp\/v2\/comments?post=5961"}],"version-history":[{"count":2,"href":"https:\/\/artes-visuales.org\/ca\/wp-json\/wp\/v2\/pages\/5961\/revisions"}],"predecessor-version":[{"id":5965,"href":"https:\/\/artes-visuales.org\/ca\/wp-json\/wp\/v2\/pages\/5961\/revisions\/5965"}],"wp:attachment":[{"href":"https:\/\/artes-visuales.org\/ca\/wp-json\/wp\/v2\/media?parent=5961"}],"curies":[{"name":"wp","href":"https:\/\/api.w.org\/{rel}","templated":true}]}}