{"id":5955,"date":"2015-12-10T02:59:54","date_gmt":"2015-12-10T02:59:54","guid":{"rendered":"https:\/\/artes-visuales.org\/criterios-generales-de-acceso-de-la-ub\/"},"modified":"2025-11-28T11:36:15","modified_gmt":"2025-11-28T11:36:15","slug":"criteris-generals-dacces-de-la-ub","status":"publish","type":"page","link":"https:\/\/artes-visuales.org\/ca\/criteris-generals-dacces-de-la-ub\/","title":{"rendered":"CRITERIS GENERALS D\u2019ACC\u00c9S DE LA UB"},"content":{"rendered":"<div class=\"row\"  id=\"row-749335081\">\n\n\t<div id=\"col-1899602696\" class=\"col medium-1\/1 large-12\"  >\n\t\t\t\t<div class=\"col-inner\"  >\n\t\t\t\n\t\t\t\n<p style=\"text-align: justify;\">El proc\u00e9s de preinscripci\u00f3 s\u2019inicia al mes de febrer del curs anterior al qual l\u2019estudiant es presenta. At\u00e8s el seu car\u00e0cter interdisciplinari, no es requereix una titulaci\u00f3 vinculada a uns estudis de grau determinats. Es valora, per\u00f2 no \u00e9s una condici\u00f3 indispensable, la formaci\u00f3 i experi\u00e8ncia en l\u2019ensenyament i educaci\u00f3 de les arts visuals.<\/p>\n<p>Titulacions d\u2019acc\u00e9s preferents: Belles Arts, Pedagogia, Hist\u00f2ria de l\u2019Art, Arquitectura, Comunicaci\u00f3 Audiovisual \u2013 Qualsevol titulaci\u00f3 oficial (es considera idoni i convenient fer el m\u00f2dul de nivellaci\u00f3).<\/p>\n<p>Altres requisits d\u2019admissi\u00f3: Estar en possessi\u00f3 d\u2019un t\u00edtol de grau, o equivalent, i d\u2019un certificat B2 d\u2019angl\u00e8s. Per preinscriure\u2019s, l\u2019alumne\/a tamb\u00e9 ha d\u2019omplir un <a href=\"http:\/\/artes-visuales.org\/wp-content\/uploads\/2022\/01\/Cuestionario-de-preinscripcion.docx\" target=\"_blank\" rel=\"noopener noreferrer\">q\u00fcestionari de motivaci\u00f3<\/a> i pujar-lo juntament amb el seu curr\u00edculum vitae i la resta de documents en aquest portal: <a href=\"https:\/\/www.ub.edu\/portal\/web\/bellasartes\/masteres-universitarios\/-\/ensenyament\/detallEnsenyament\/1047954\" target=\"_blank\" rel=\"noopener noreferrer\">https:\/\/www.ub.edu\/portal\/web\/bellasartes\/masteres-universitarios\/-\/ensenyament\/detallEnsenyament\/1047954<\/a> La comissi\u00f3 d\u2019avaluaci\u00f3 selecciona a partir de la documentaci\u00f3 presentada pels diferents candidats segons els criteris seg\u00fcents:<\/p>\n<p>Estar en possessi\u00f3 d\u2019un t\u00edtol de grau o equivalent.<br \/>\n20% Expedient acad\u00e8mic.<br \/>\n20% T\u00edtols, m\u00e8rits.<br \/>\n30% Experi\u00e8ncia professional.<br \/>\n10% Coneixement d\u2019idiomes.<br \/>\n10% Actitud i motivaci\u00f3.<br \/>\n10% Capacitat per relacionar els coneixements.<\/p>\n<p>Total de places ofertades: 30<br \/>\nEn cas de desacord, es pot presentar una reclamaci\u00f3 davant la comissi\u00f3 de selecci\u00f3.  <\/p>\n<div>La preinscripci\u00f3 del m\u00e0ster a la Universitat de Barcelona s\u2019obre a principis de febrer (<a title=\"https:\/\/www.ub.edu\/portal\/web\/bellasartes\/masteres-universitarios\/-\/ensenyament\/detallEnsenyament\/1047954\" href=\"https:\/\/www.ub.edu\/portal\/web\/bellasartes\/masteres-universitarios\/-\/ensenyament\/detallEnsenyament\/1047954\" target=\"_blank\" rel=\"noopener noreferrer\">acc\u00e9s<\/a>). El proc\u00e9s de selecci\u00f3 sol allargar-se entre un i dos mesos des que la persona candidata fa efectiva la preinscripci\u00f3.<\/div>\n\t\t<\/div>\n\t\t\t\t\t<\/div>\n\n\t\n<\/div>\n","protected":false},"excerpt":{"rendered":"El proc\u00e9s de preinscripci\u00f3 s\u2019inicia al mes de febrer del curs anterior al qual l\u2019estudiant es presenta. At\u00e8s el seu car\u00e0cter interdisciplinari, no es requereix una titulaci\u00f3 vinculada a uns estudis de grau determinats. Es valora, per\u00f2 no \u00e9s una condici\u00f3 indispensable, la formaci\u00f3 i experi\u00e8ncia en l\u2019ensenyament i educaci\u00f3 de les arts visuals. Titulacions [...]","protected":false},"author":2,"featured_media":0,"parent":0,"menu_order":0,"comment_status":"closed","ping_status":"closed","template":"page-blank-title-center.php","meta":{"footnotes":""},"class_list":["post-5955","page","type-page","status-publish","hentry"],"yoast_head":"<!-- This site is optimized with the Yoast SEO plugin v20.5 - https:\/\/yoast.com\/wordpress\/plugins\/seo\/ -->\n<title>CRITERIS GENERALS D\u2019ACC\u00c9S DE LA UB - Artes Visuales y Educaci\u00f3n<\/title>\n<meta name=\"robots\" content=\"index, follow, max-snippet:-1, max-image-preview:large, max-video-preview:-1\" \/>\n<link rel=\"canonical\" href=\"https:\/\/artes-visuales.org\/ca\/criteris-generals-dacces-de-la-ub\/\" \/>\n<meta property=\"og:locale\" content=\"ca_ES\" \/>\n<meta property=\"og:type\" content=\"article\" \/>\n<meta property=\"og:title\" content=\"CRITERIS GENERALS D\u2019ACC\u00c9S DE LA UB - Artes Visuales y Educaci\u00f3n\" \/>\n<meta property=\"og:url\" content=\"https:\/\/artes-visuales.org\/ca\/criteris-generals-dacces-de-la-ub\/\" \/>\n<meta property=\"og:site_name\" content=\"Artes Visuales y Educaci\u00f3n\" \/>\n<meta property=\"article:modified_time\" content=\"2025-11-28T11:36:15+00:00\" \/>\n<meta name=\"twitter:card\" content=\"summary_large_image\" \/>\n<meta name=\"twitter:label1\" content=\"Temps estimat de lectura\" \/>\n\t<meta name=\"twitter:data1\" content=\"2 minuts\" \/>\n<script type=\"application\/ld+json\" class=\"yoast-schema-graph\">{\"@context\":\"https:\/\/schema.org\",\"@graph\":[{\"@type\":\"WebPage\",\"@id\":\"https:\/\/artes-visuales.org\/ca\/criteris-generals-dacces-de-la-ub\/\",\"url\":\"https:\/\/artes-visuales.org\/ca\/criteris-generals-dacces-de-la-ub\/\",\"name\":\"CRITERIS GENERALS D\u2019ACC\u00c9S DE LA UB - Artes Visuales y Educaci\u00f3n\",\"isPartOf\":{\"@id\":\"https:\/\/artes-visuales.org\/#website\"},\"datePublished\":\"2015-12-10T02:59:54+00:00\",\"dateModified\":\"2025-11-28T11:36:15+00:00\",\"breadcrumb\":{\"@id\":\"https:\/\/artes-visuales.org\/ca\/criteris-generals-dacces-de-la-ub\/#breadcrumb\"},\"inLanguage\":\"ca\",\"potentialAction\":[{\"@type\":\"ReadAction\",\"target\":[\"https:\/\/artes-visuales.org\/ca\/criteris-generals-dacces-de-la-ub\/\"]}]},{\"@type\":\"BreadcrumbList\",\"@id\":\"https:\/\/artes-visuales.org\/ca\/criteris-generals-dacces-de-la-ub\/#breadcrumb\",\"itemListElement\":[{\"@type\":\"ListItem\",\"position\":1,\"name\":\"Portada\",\"item\":\"https:\/\/artes-visuales.org\/ca\/\"},{\"@type\":\"ListItem\",\"position\":2,\"name\":\"CRITERIS GENERALS D\u2019ACC\u00c9S DE LA UB\"}]},{\"@type\":\"WebSite\",\"@id\":\"https:\/\/artes-visuales.org\/#website\",\"url\":\"https:\/\/artes-visuales.org\/\",\"name\":\"Artes Visuales y Educaci\u00f3n\",\"description\":\"M\u00e1ster UGR\",\"potentialAction\":[{\"@type\":\"SearchAction\",\"target\":{\"@type\":\"EntryPoint\",\"urlTemplate\":\"https:\/\/artes-visuales.org\/?s={search_term_string}\"},\"query-input\":\"required name=search_term_string\"}],\"inLanguage\":\"ca\"}]}<\/script>\n<!-- \/ Yoast SEO plugin. -->","yoast_head_json":{"title":"CRITERIS GENERALS D\u2019ACC\u00c9S DE LA UB - Artes Visuales y Educaci\u00f3n","robots":{"index":"index","follow":"follow","max-snippet":"max-snippet:-1","max-image-preview":"max-image-preview:large","max-video-preview":"max-video-preview:-1"},"canonical":"https:\/\/artes-visuales.org\/ca\/criteris-generals-dacces-de-la-ub\/","og_locale":"ca_ES","og_type":"article","og_title":"CRITERIS GENERALS D\u2019ACC\u00c9S DE LA UB - Artes Visuales y Educaci\u00f3n","og_url":"https:\/\/artes-visuales.org\/ca\/criteris-generals-dacces-de-la-ub\/","og_site_name":"Artes Visuales y Educaci\u00f3n","article_modified_time":"2025-11-28T11:36:15+00:00","twitter_card":"summary_large_image","twitter_misc":{"Temps estimat de lectura":"2 minuts"},"schema":{"@context":"https:\/\/schema.org","@graph":[{"@type":"WebPage","@id":"https:\/\/artes-visuales.org\/ca\/criteris-generals-dacces-de-la-ub\/","url":"https:\/\/artes-visuales.org\/ca\/criteris-generals-dacces-de-la-ub\/","name":"CRITERIS GENERALS D\u2019ACC\u00c9S DE LA UB - Artes Visuales y Educaci\u00f3n","isPartOf":{"@id":"https:\/\/artes-visuales.org\/#website"},"datePublished":"2015-12-10T02:59:54+00:00","dateModified":"2025-11-28T11:36:15+00:00","breadcrumb":{"@id":"https:\/\/artes-visuales.org\/ca\/criteris-generals-dacces-de-la-ub\/#breadcrumb"},"inLanguage":"ca","potentialAction":[{"@type":"ReadAction","target":["https:\/\/artes-visuales.org\/ca\/criteris-generals-dacces-de-la-ub\/"]}]},{"@type":"BreadcrumbList","@id":"https:\/\/artes-visuales.org\/ca\/criteris-generals-dacces-de-la-ub\/#breadcrumb","itemListElement":[{"@type":"ListItem","position":1,"name":"Portada","item":"https:\/\/artes-visuales.org\/ca\/"},{"@type":"ListItem","position":2,"name":"CRITERIS GENERALS D\u2019ACC\u00c9S DE LA UB"}]},{"@type":"WebSite","@id":"https:\/\/artes-visuales.org\/#website","url":"https:\/\/artes-visuales.org\/","name":"Artes Visuales y Educaci\u00f3n","description":"M\u00e1ster UGR","potentialAction":[{"@type":"SearchAction","target":{"@type":"EntryPoint","urlTemplate":"https:\/\/artes-visuales.org\/?s={search_term_string}"},"query-input":"required name=search_term_string"}],"inLanguage":"ca"}]}},"_links":{"self":[{"href":"https:\/\/artes-visuales.org\/ca\/wp-json\/wp\/v2\/pages\/5955","targetHints":{"allow":["GET"]}}],"collection":[{"href":"https:\/\/artes-visuales.org\/ca\/wp-json\/wp\/v2\/pages"}],"about":[{"href":"https:\/\/artes-visuales.org\/ca\/wp-json\/wp\/v2\/types\/page"}],"author":[{"embeddable":true,"href":"https:\/\/artes-visuales.org\/ca\/wp-json\/wp\/v2\/users\/2"}],"replies":[{"embeddable":true,"href":"https:\/\/artes-visuales.org\/ca\/wp-json\/wp\/v2\/comments?post=5955"}],"version-history":[{"count":2,"href":"https:\/\/artes-visuales.org\/ca\/wp-json\/wp\/v2\/pages\/5955\/revisions"}],"predecessor-version":[{"id":5960,"href":"https:\/\/artes-visuales.org\/ca\/wp-json\/wp\/v2\/pages\/5955\/revisions\/5960"}],"wp:attachment":[{"href":"https:\/\/artes-visuales.org\/ca\/wp-json\/wp\/v2\/media?parent=5955"}],"curies":[{"name":"wp","href":"https:\/\/api.w.org\/{rel}","templated":true}]}}