{"id":5933,"date":"2015-09-16T09:45:33","date_gmt":"2015-09-16T09:45:33","guid":{"rendered":"https:\/\/artes-visuales.org\/alumnado-matriculado\/"},"modified":"2025-11-28T11:21:46","modified_gmt":"2025-11-28T11:21:46","slug":"alumne-matriculat","status":"publish","type":"page","link":"https:\/\/artes-visuales.org\/ca\/alumne-matriculat\/","title":{"rendered":"ALUMNE MATRICULAT"},"content":{"rendered":"<blockquote><p><span class=\"epigrafes\">DISTRIBUCI\u00d3 DELS ALUMNES MATRICULATS AL M\u00c0STER SEGONS LA SEVA UNIVERSITAT D\u2019ORIGEN (CURS 2011-2012)<\/span><\/p>\n<p class=\"cuerpo2gris\">UNIV. GRANADA:<\/p>\n<\/blockquote>\n<table width=\"600\" cellspacing=\"2\" cellpadding=\"2\" align=\"center\">\n<tbody>\n<tr bgcolor=\"#CCCCCC\">\n<td width=\"173\">\n<p class=\"cuerpo\" align=\"center\"><strong>ESPANYA<\/strong><\/p>\n<\/td>\n<td width=\"144\">\n<p class=\"cuerpo\" align=\"center\"><strong>UNIVERSITAT SOL\u00b7LICITANT<\/strong><\/p>\n<\/td>\n<td width=\"120\">\n<p class=\"cuerpo\" align=\"center\"><strong>UNIVERSITATS PARTICIPANTS (doctorats interuniversitaris)<\/strong><\/p>\n<\/td>\n<td width=\"86\">\n<p class=\"cuerpo\" align=\"center\"><strong>RESTA D\u2019UNIVERSITATS ESPANYOLES<\/strong><\/p>\n<\/td>\n<td width=\"95\">\n<p class=\"cuerpo\" align=\"center\"><strong>TOTAL<\/strong><\/p>\n<\/td>\n<\/tr>\n<tr>\n<td width=\"173\">\n<p class=\"epigrafesgris\"><strong>N\u00daM. D\u2019ALUMNES MATRICULATS<\/strong><\/p>\n<\/td>\n<td width=\"144\">\n<p class=\"cuerpo\" align=\"center\">28<\/p>\n<\/td>\n<td width=\"120\"><\/td>\n<td width=\"86\"><\/td>\n<td width=\"95\">\n<p class=\"cuerpo\" align=\"center\">28<\/p>\n<\/td>\n<\/tr>\n<\/tbody>\n<\/table>\n<table width=\"600\" cellspacing=\"2\" cellpadding=\"2\" align=\"center\">\n<tbody>\n<tr bgcolor=\"#CCCCCC\">\n<td width=\"173\">\n<p class=\"cuerpo\" align=\"center\"><strong>ALTRES PA\u00cfSOS<\/strong><\/p>\n<\/td>\n<td width=\"144\">\n<p class=\"cuerpo\" align=\"center\"><strong>PA\u00cfSOS DE L&#8217;E.E.E.S (EXCEPTE ESPANYA)<\/strong><\/p>\n<\/td>\n<td width=\"204\">\n<p class=\"cuerpo\" align=\"center\"><strong>RESTA DEL M\u00d3N<\/strong><\/p>\n<\/td>\n<td width=\"137\">\n<p class=\"cuerpo\" align=\"center\"><strong>TOTAL<\/strong><\/p>\n<\/td>\n<\/tr>\n<tr>\n<td width=\"173\">\n<p class=\"epigrafesgris\"><strong>N\u00daM. D\u2019ALUMNES MATRICULATS<\/strong><\/p>\n<\/td>\n<td width=\"144\">\n<p class=\"cuerpo\" align=\"center\">1<\/p>\n<\/td>\n<td width=\"204\">\n<p class=\"cuerpo\" align=\"center\">2<\/p>\n<\/td>\n<td width=\"137\">\n<p class=\"cuerpo\" align=\"center\">3<\/p>\n<\/td>\n<\/tr>\n<\/tbody>\n<\/table>\n<blockquote>\n<blockquote>\n<p class=\"cuerpo\"><strong>DISTRIBUCI\u00d3 PER \u00c0REES GEOGR\u00c0FIQUES<\/strong><\/p>\n<\/blockquote>\n<\/blockquote>\n<table width=\"600\" cellspacing=\"2\" cellpadding=\"2\" align=\"center\">\n<tbody>\n<tr bgcolor=\"#CCCCCC\">\n<td colspan=\"7\">\n<p class=\"cuerpo\"><strong>N\u00daM. D\u2019ALUMNES MATRICULATS<\/strong><\/p>\n<\/td>\n<\/tr>\n<tr bgcolor=\"#CCCCCC\">\n<td width=\"131\">\n<p class=\"cuerpo\" align=\"center\"><strong>UNI\u00d3 EUROPEA<br \/>(INCLOSA ESPANYA)<\/strong><\/p>\n<\/td>\n<td width=\"97\">\n<p class=\"cuerpo\" align=\"center\"><strong>RESTA DE PA\u00cfSOS EUROPEUS<\/strong><\/p>\n<\/td>\n<td width=\"83\">\n<p class=\"cuerpo\" align=\"center\"><strong>AM\u00c8RICA DEL NORD<\/strong><\/p>\n<\/td>\n<td width=\"88\">\n<p class=\"cuerpo\" align=\"center\"><strong>AM\u00c8RICA DEL SUD I AM\u00c8RICA CENTRAL<\/strong><\/p>\n<\/td>\n<td width=\"86\">\n<p class=\"cuerpo\" align=\"center\"><strong>\u00c0SIA I OCEANIA<\/strong><\/p>\n<\/td>\n<td width=\"84\">\n<p class=\"cuerpo\" align=\"center\"><strong>\u00c0FRICA<\/strong><\/p>\n<\/td>\n<td width=\"66\">\n<p class=\"cuerpo\" align=\"center\"><strong>TOTAL<\/strong><\/p>\n<\/td>\n<\/tr>\n<tr>\n<td width=\"131\">\n<p class=\"cuerpo\" align=\"center\">29<\/p>\n<\/td>\n<td width=\"97\"><\/td>\n<td width=\"83\"><\/td>\n<td width=\"88\">\n<p class=\"cuerpo\" align=\"center\">2<\/p>\n<\/td>\n<td width=\"86\"><\/td>\n<td width=\"84\"><\/td>\n<td width=\"66\">\n<p class=\"cuerpo\" align=\"center\">31<\/p>\n<\/td>\n<\/tr>\n<\/tbody>\n<\/table>\n","protected":false},"excerpt":{"rendered":"<p>DISTRIBUCI\u00d3 DELS ALUMNES MATRICULATS AL M\u00c0STER SEGONS LA SEVA UNIVERSITAT D\u2019ORIGEN (CURS 2011-2012) UNIV. GRANADA: ESPANYA UNIVERSITAT SOL\u00b7LICITANT UNIVERSITATS PARTICIPANTS (doctorats interuniversitaris) RESTA D\u2019UNIVERSITATS ESPANYOLES TOTAL N\u00daM. D\u2019ALUMNES MATRICULATS 28 28 ALTRES PA\u00cfSOS PA\u00cfSOS DE L&#8217;E.E.E.S (EXCEPTE ESPANYA) RESTA DEL M\u00d3N TOTAL N\u00daM. D\u2019ALUMNES MATRICULATS 1 2 3 DISTRIBUCI\u00d3 PER \u00c0REES GEOGR\u00c0FIQUES N\u00daM. D\u2019ALUMNES MATRICULATS [&#8230;]\n","protected":false},"author":2,"featured_media":0,"parent":0,"menu_order":0,"comment_status":"closed","ping_status":"closed","template":"page-blank-title-center.php","meta":{"footnotes":""},"class_list":["post-5933","page","type-page","status-publish","hentry"],"yoast_head":"<!-- This site is optimized with the Yoast SEO plugin v20.5 - https:\/\/yoast.com\/wordpress\/plugins\/seo\/ -->\n<title>ALUMNE MATRICULAT - Artes Visuales y Educaci\u00f3n<\/title>\n<meta name=\"robots\" content=\"index, follow, max-snippet:-1, max-image-preview:large, max-video-preview:-1\" \/>\n<link rel=\"canonical\" href=\"https:\/\/artes-visuales.org\/ca\/alumne-matriculat\/\" \/>\n<meta property=\"og:locale\" content=\"ca_ES\" \/>\n<meta property=\"og:type\" content=\"article\" \/>\n<meta property=\"og:title\" content=\"ALUMNE MATRICULAT - Artes Visuales y Educaci\u00f3n\" \/>\n<meta property=\"og:description\" content=\"DISTRIBUCI\u00d3 DELS ALUMNES MATRICULATS AL M\u00c0STER SEGONS LA SEVA UNIVERSITAT D\u2019ORIGEN (CURS 2011-2012) UNIV. GRANADA: ESPANYA UNIVERSITAT SOL\u00b7LICITANT UNIVERSITATS PARTICIPANTS (doctorats interuniversitaris) RESTA D\u2019UNIVERSITATS ESPANYOLES TOTAL N\u00daM. D\u2019ALUMNES MATRICULATS 28 28 ALTRES PA\u00cfSOS PA\u00cfSOS DE L&#8217;E.E.E.S (EXCEPTE ESPANYA) RESTA DEL M\u00d3N TOTAL N\u00daM. D\u2019ALUMNES MATRICULATS 1 2 3 DISTRIBUCI\u00d3 PER \u00c0REES GEOGR\u00c0FIQUES N\u00daM. D\u2019ALUMNES MATRICULATS [...]\" \/>\n<meta property=\"og:url\" content=\"https:\/\/artes-visuales.org\/ca\/alumne-matriculat\/\" \/>\n<meta property=\"og:site_name\" content=\"Artes Visuales y Educaci\u00f3n\" \/>\n<meta property=\"article:modified_time\" content=\"2025-11-28T11:21:46+00:00\" \/>\n<meta name=\"twitter:card\" content=\"summary_large_image\" \/>\n<meta name=\"twitter:label1\" content=\"Temps estimat de lectura\" \/>\n\t<meta name=\"twitter:data1\" content=\"1 minut\" \/>\n<script type=\"application\/ld+json\" class=\"yoast-schema-graph\">{\"@context\":\"https:\/\/schema.org\",\"@graph\":[{\"@type\":\"WebPage\",\"@id\":\"https:\/\/artes-visuales.org\/ca\/alumne-matriculat\/\",\"url\":\"https:\/\/artes-visuales.org\/ca\/alumne-matriculat\/\",\"name\":\"ALUMNE MATRICULAT - Artes Visuales y Educaci\u00f3n\",\"isPartOf\":{\"@id\":\"https:\/\/artes-visuales.org\/#website\"},\"datePublished\":\"2015-09-16T09:45:33+00:00\",\"dateModified\":\"2025-11-28T11:21:46+00:00\",\"breadcrumb\":{\"@id\":\"https:\/\/artes-visuales.org\/ca\/alumne-matriculat\/#breadcrumb\"},\"inLanguage\":\"ca\",\"potentialAction\":[{\"@type\":\"ReadAction\",\"target\":[\"https:\/\/artes-visuales.org\/ca\/alumne-matriculat\/\"]}]},{\"@type\":\"BreadcrumbList\",\"@id\":\"https:\/\/artes-visuales.org\/ca\/alumne-matriculat\/#breadcrumb\",\"itemListElement\":[{\"@type\":\"ListItem\",\"position\":1,\"name\":\"Portada\",\"item\":\"https:\/\/artes-visuales.org\/ca\/\"},{\"@type\":\"ListItem\",\"position\":2,\"name\":\"ALUMNE MATRICULAT\"}]},{\"@type\":\"WebSite\",\"@id\":\"https:\/\/artes-visuales.org\/#website\",\"url\":\"https:\/\/artes-visuales.org\/\",\"name\":\"Artes Visuales y Educaci\u00f3n\",\"description\":\"M\u00e1ster UGR\",\"potentialAction\":[{\"@type\":\"SearchAction\",\"target\":{\"@type\":\"EntryPoint\",\"urlTemplate\":\"https:\/\/artes-visuales.org\/?s={search_term_string}\"},\"query-input\":\"required name=search_term_string\"}],\"inLanguage\":\"ca\"}]}<\/script>\n<!-- \/ Yoast SEO plugin. -->","yoast_head_json":{"title":"ALUMNE MATRICULAT - Artes Visuales y Educaci\u00f3n","robots":{"index":"index","follow":"follow","max-snippet":"max-snippet:-1","max-image-preview":"max-image-preview:large","max-video-preview":"max-video-preview:-1"},"canonical":"https:\/\/artes-visuales.org\/ca\/alumne-matriculat\/","og_locale":"ca_ES","og_type":"article","og_title":"ALUMNE MATRICULAT - Artes Visuales y Educaci\u00f3n","og_description":"DISTRIBUCI\u00d3 DELS ALUMNES MATRICULATS AL M\u00c0STER SEGONS LA SEVA UNIVERSITAT D\u2019ORIGEN (CURS 2011-2012) UNIV. GRANADA: ESPANYA UNIVERSITAT SOL\u00b7LICITANT UNIVERSITATS PARTICIPANTS (doctorats interuniversitaris) RESTA D\u2019UNIVERSITATS ESPANYOLES TOTAL N\u00daM. D\u2019ALUMNES MATRICULATS 28 28 ALTRES PA\u00cfSOS PA\u00cfSOS DE L&#8217;E.E.E.S (EXCEPTE ESPANYA) RESTA DEL M\u00d3N TOTAL N\u00daM. D\u2019ALUMNES MATRICULATS 1 2 3 DISTRIBUCI\u00d3 PER \u00c0REES GEOGR\u00c0FIQUES N\u00daM. D\u2019ALUMNES MATRICULATS [...]","og_url":"https:\/\/artes-visuales.org\/ca\/alumne-matriculat\/","og_site_name":"Artes Visuales y Educaci\u00f3n","article_modified_time":"2025-11-28T11:21:46+00:00","twitter_card":"summary_large_image","twitter_misc":{"Temps estimat de lectura":"1 minut"},"schema":{"@context":"https:\/\/schema.org","@graph":[{"@type":"WebPage","@id":"https:\/\/artes-visuales.org\/ca\/alumne-matriculat\/","url":"https:\/\/artes-visuales.org\/ca\/alumne-matriculat\/","name":"ALUMNE MATRICULAT - Artes Visuales y Educaci\u00f3n","isPartOf":{"@id":"https:\/\/artes-visuales.org\/#website"},"datePublished":"2015-09-16T09:45:33+00:00","dateModified":"2025-11-28T11:21:46+00:00","breadcrumb":{"@id":"https:\/\/artes-visuales.org\/ca\/alumne-matriculat\/#breadcrumb"},"inLanguage":"ca","potentialAction":[{"@type":"ReadAction","target":["https:\/\/artes-visuales.org\/ca\/alumne-matriculat\/"]}]},{"@type":"BreadcrumbList","@id":"https:\/\/artes-visuales.org\/ca\/alumne-matriculat\/#breadcrumb","itemListElement":[{"@type":"ListItem","position":1,"name":"Portada","item":"https:\/\/artes-visuales.org\/ca\/"},{"@type":"ListItem","position":2,"name":"ALUMNE MATRICULAT"}]},{"@type":"WebSite","@id":"https:\/\/artes-visuales.org\/#website","url":"https:\/\/artes-visuales.org\/","name":"Artes Visuales y Educaci\u00f3n","description":"M\u00e1ster UGR","potentialAction":[{"@type":"SearchAction","target":{"@type":"EntryPoint","urlTemplate":"https:\/\/artes-visuales.org\/?s={search_term_string}"},"query-input":"required name=search_term_string"}],"inLanguage":"ca"}]}},"_links":{"self":[{"href":"https:\/\/artes-visuales.org\/ca\/wp-json\/wp\/v2\/pages\/5933","targetHints":{"allow":["GET"]}}],"collection":[{"href":"https:\/\/artes-visuales.org\/ca\/wp-json\/wp\/v2\/pages"}],"about":[{"href":"https:\/\/artes-visuales.org\/ca\/wp-json\/wp\/v2\/types\/page"}],"author":[{"embeddable":true,"href":"https:\/\/artes-visuales.org\/ca\/wp-json\/wp\/v2\/users\/2"}],"replies":[{"embeddable":true,"href":"https:\/\/artes-visuales.org\/ca\/wp-json\/wp\/v2\/comments?post=5933"}],"version-history":[{"count":2,"href":"https:\/\/artes-visuales.org\/ca\/wp-json\/wp\/v2\/pages\/5933\/revisions"}],"predecessor-version":[{"id":5935,"href":"https:\/\/artes-visuales.org\/ca\/wp-json\/wp\/v2\/pages\/5933\/revisions\/5935"}],"wp:attachment":[{"href":"https:\/\/artes-visuales.org\/ca\/wp-json\/wp\/v2\/media?parent=5933"}],"curies":[{"name":"wp","href":"https:\/\/api.w.org\/{rel}","templated":true}]}}