{"id":5882,"date":"2015-09-07T07:09:55","date_gmt":"2015-09-07T07:09:55","guid":{"rendered":"https:\/\/artes-visuales.org\/quejas-consultas-y-contacto\/"},"modified":"2026-01-08T10:22:19","modified_gmt":"2026-01-08T10:22:19","slug":"queixes-consultes-i-contacte","status":"publish","type":"page","link":"https:\/\/artes-visuales.org\/ca\/queixes-consultes-i-contacte\/","title":{"rendered":"QUEIXES, CONSULTES I CONTACTE"},"content":{"rendered":"<h3 style=\"text-align: center;\">Coordinaci\u00f3 general Joaqu\u00edn Rold\u00e1n | joaquinroldan@ugr.es<\/h3>\n<div class=\"row\"  id=\"row-2136228315\">\n\n\t<div id=\"col-1211080860\" class=\"col medium-1\/3 large-4\"  >\n\t\t\t\t<div class=\"col-inner\"  >\n\t\t\t\n\t\t\t\n<h3 style=\"text-align: center;\"><strong>UGR<\/strong><\/h3>\n<p>Departament de Did\u00e0ctica de l\u2019Expressi\u00f3 Musical, Pl\u00e0stica i Corporal de la UGR<\/p>\n<p><strong>Centres:<\/strong><\/p>\n<p>Facultat de Belles Arts i Ci\u00e8ncies de l\u2019Educaci\u00f3 de Granada<\/p>\n<p><strong>Coordinaci\u00f3 de Granada (UGR):<\/strong><\/p>\n<p>Joaqu\u00edn Rold\u00e1n Ram\u00edrez | <a href=\"mailto:joaquinroldan@ugr.es\">joaquinroldan@ugr.es<\/a><\/p>\n<p>Tel. +34 958 246 259<\/p>\n<p>Fax. +34 958 246 259<\/p>\n<p>&nbsp;<\/p>\n<p><iframe loading=\"lazy\" style=\"border: 0;\" src=\"https:\/\/www.google.com\/maps\/embed?pb=!1m18!1m12!1m3!1d3178.576566773719!2d-3.6021288846992117!3d37.18653267987077!2m3!1f0!2f0!3f0!3m2!1i1024!2i768!4f13.1!3m3!1m2!1s0xd71fcdc123151a3%3A0x122a9e5cbc7ea22c!2sUniversidad+de+Granada+-+Centro+de+Ense%C3%B1anzas+Virtuales!5e0!3m2!1ses!2ses!4v1447840175980\" width=\"300\" height=\"200\" frameborder=\"0\" allowfullscreen=\"allowfullscreen\"><\/iframe><\/p>\n\t\t<\/div>\n\t\t\t\t\t<\/div>\n\n\t\n\n\t<div id=\"col-1627314977\" class=\"col medium-1\/3 large-4\"  >\n\t\t\t\t<div class=\"col-inner\"  >\n\t\t\t\n\t\t\t\n<h3 style=\"text-align: center;\">UB<\/h3>\n<p>Departament d\u2019Arts Visuals i Disseny.<\/p>\n<p><strong>Centres:<\/strong><\/p>\n<p>Facultat de Belles Arts de la UB<\/p>\n<p><strong>Coordinaci\u00f3 de Barcelona (UB):<\/strong><\/p>\n<p>Aurelio Castro Varela<\/p>\n<p><a href=\"mailto:aurelio.castro@ub.edu\">aurelio.castro@ub.edu<\/a><\/p>\n<p>Tel. +34 934 034 092<\/p>\n<p>Fax: +34 934 021 782<\/p>\n<p>&nbsp;<\/p>\n<p><iframe loading=\"lazy\" style=\"border: 0;\" src=\"https:\/\/www.google.com\/maps\/embed?pb=!1m18!1m12!1m3!1d2993.5891044381706!2d2.1118405154256505!3d41.38301117926465!2m3!1f0!2f0!3f0!3m2!1i1024!2i768!4f13.1!3m3!1m2!1s0x12a49857c9f21e39%3A0x57024f8211a9cadc!2sFacultat+de+Belles+Arts!5e0!3m2!1ses!2ses!4v1447840365668\" width=\"300\" height=\"200\" frameborder=\"0\" allowfullscreen=\"allowfullscreen\"><\/iframe><\/p>\n\t\t<\/div>\n\t\t\t\t\t<\/div>\n\n\t\n\n\t<div id=\"col-805645624\" class=\"col medium-1\/3 large-4\"  >\n\t\t\t\t<div class=\"col-inner\"  >\n\t\t\t\n\t\t\t\n<h3 style=\"text-align: center;\">UdG<\/h3>\n<p>Departament de Did\u00e0ctiques Espec\u00edfiques de la UdG<\/p>\n<p><strong>Centres:<\/strong><\/p>\n<p>Facultat d\u2019Educaci\u00f3 i Psicologia de Girona<\/p>\n<p><strong>Coordinaci\u00f3 de Girona (UdG):<\/strong><\/p>\n<p>Montserrat Calvo Angrill<\/p>\n<p><a href=\"mailto:montserrat.calbo@udg.edu\">montserrat.calbo@udg.edu<\/a><\/p>\n<p>T\u00e9l. +34 972 418 318<\/p>\n<p>&nbsp;<\/p>\n<p><iframe loading=\"lazy\" style=\"border: 0;\" src=\"https:\/\/www.google.com\/maps\/embed?pb=!1m18!1m12!1m3!1d5931.369036229695!2d2.8231242348876924!3d41.9855828!2m3!1f0!2f0!3f0!3m2!1i1024!2i768!4f13.1!3m3!1m2!1s0x12bae6e7c4bdd367%3A0x98e77127ac001baf!2sUniversitat+de+Girona!5e0!3m2!1ses!2ses!4v1447840461851\" width=\"300\" height=\"200\" frameborder=\"0\" allowfullscreen=\"allowfullscreen\"><\/iframe><\/p>\n\t\t<\/div>\n\t\t\t\t\t<\/div>\n\n\t\n<\/div>\n","protected":false},"excerpt":{"rendered":"<p>Coordinaci\u00f3 general Joaqu\u00edn Rold\u00e1n | joaquinroldan@ugr.es<\/p>\n","protected":false},"author":2,"featured_media":0,"parent":0,"menu_order":0,"comment_status":"closed","ping_status":"open","template":"","meta":{"footnotes":""},"class_list":["post-5882","page","type-page","status-publish","hentry"],"yoast_head":"<!-- This site is optimized with the Yoast SEO plugin v20.5 - https:\/\/yoast.com\/wordpress\/plugins\/seo\/ -->\n<title>QUEIXES, CONSULTES I CONTACTE - Artes Visuales y Educaci\u00f3n<\/title>\n<meta name=\"description\" content=\"Contacte i consultes: resol els teus dubtes sobre el M\u00e0ster. B\u00fastia de suggeriments, queixes i atenci\u00f3 a UGR, UB i UdG.\" \/>\n<meta name=\"robots\" content=\"index, follow, max-snippet:-1, max-image-preview:large, max-video-preview:-1\" \/>\n<link rel=\"canonical\" href=\"https:\/\/artes-visuales.org\/ca\/queixes-consultes-i-contacte\/\" \/>\n<meta property=\"og:locale\" content=\"ca_ES\" \/>\n<meta property=\"og:type\" content=\"article\" \/>\n<meta property=\"og:title\" content=\"QUEIXES, CONSULTES I CONTACTE - Artes Visuales y Educaci\u00f3n\" \/>\n<meta property=\"og:description\" content=\"Contacte i consultes: resol els teus dubtes sobre el M\u00e0ster. B\u00fastia de suggeriments, queixes i atenci\u00f3 a UGR, UB i UdG.\" \/>\n<meta property=\"og:url\" content=\"https:\/\/artes-visuales.org\/ca\/queixes-consultes-i-contacte\/\" \/>\n<meta property=\"og:site_name\" content=\"Artes Visuales y Educaci\u00f3n\" \/>\n<meta property=\"article:modified_time\" content=\"2026-01-08T10:22:19+00:00\" \/>\n<meta name=\"twitter:card\" content=\"summary_large_image\" \/>\n<meta name=\"twitter:label1\" content=\"Temps estimat de lectura\" \/>\n\t<meta name=\"twitter:data1\" content=\"1 minut\" \/>\n<script type=\"application\/ld+json\" class=\"yoast-schema-graph\">{\"@context\":\"https:\/\/schema.org\",\"@graph\":[{\"@type\":\"WebPage\",\"@id\":\"https:\/\/artes-visuales.org\/ca\/queixes-consultes-i-contacte\/\",\"url\":\"https:\/\/artes-visuales.org\/ca\/queixes-consultes-i-contacte\/\",\"name\":\"QUEIXES, CONSULTES I CONTACTE - Artes Visuales y Educaci\u00f3n\",\"isPartOf\":{\"@id\":\"https:\/\/artes-visuales.org\/#website\"},\"datePublished\":\"2015-09-07T07:09:55+00:00\",\"dateModified\":\"2026-01-08T10:22:19+00:00\",\"description\":\"Contacte i consultes: resol els teus dubtes sobre el M\u00e0ster. B\u00fastia de suggeriments, queixes i atenci\u00f3 a UGR, UB i UdG.\",\"breadcrumb\":{\"@id\":\"https:\/\/artes-visuales.org\/ca\/queixes-consultes-i-contacte\/#breadcrumb\"},\"inLanguage\":\"ca\",\"potentialAction\":[{\"@type\":\"ReadAction\",\"target\":[\"https:\/\/artes-visuales.org\/ca\/queixes-consultes-i-contacte\/\"]}]},{\"@type\":\"BreadcrumbList\",\"@id\":\"https:\/\/artes-visuales.org\/ca\/queixes-consultes-i-contacte\/#breadcrumb\",\"itemListElement\":[{\"@type\":\"ListItem\",\"position\":1,\"name\":\"Portada\",\"item\":\"https:\/\/artes-visuales.org\/ca\/\"},{\"@type\":\"ListItem\",\"position\":2,\"name\":\"QUEIXES, CONSULTES I CONTACTE\"}]},{\"@type\":\"WebSite\",\"@id\":\"https:\/\/artes-visuales.org\/#website\",\"url\":\"https:\/\/artes-visuales.org\/\",\"name\":\"Artes Visuales y Educaci\u00f3n\",\"description\":\"M\u00e1ster UGR\",\"potentialAction\":[{\"@type\":\"SearchAction\",\"target\":{\"@type\":\"EntryPoint\",\"urlTemplate\":\"https:\/\/artes-visuales.org\/?s={search_term_string}\"},\"query-input\":\"required name=search_term_string\"}],\"inLanguage\":\"ca\"}]}<\/script>\n<!-- \/ Yoast SEO plugin. -->","yoast_head_json":{"title":"QUEIXES, CONSULTES I CONTACTE - Artes Visuales y Educaci\u00f3n","description":"Contacte i consultes: resol els teus dubtes sobre el M\u00e0ster. B\u00fastia de suggeriments, queixes i atenci\u00f3 a UGR, UB i UdG.","robots":{"index":"index","follow":"follow","max-snippet":"max-snippet:-1","max-image-preview":"max-image-preview:large","max-video-preview":"max-video-preview:-1"},"canonical":"https:\/\/artes-visuales.org\/ca\/queixes-consultes-i-contacte\/","og_locale":"ca_ES","og_type":"article","og_title":"QUEIXES, CONSULTES I CONTACTE - Artes Visuales y Educaci\u00f3n","og_description":"Contacte i consultes: resol els teus dubtes sobre el M\u00e0ster. B\u00fastia de suggeriments, queixes i atenci\u00f3 a UGR, UB i UdG.","og_url":"https:\/\/artes-visuales.org\/ca\/queixes-consultes-i-contacte\/","og_site_name":"Artes Visuales y Educaci\u00f3n","article_modified_time":"2026-01-08T10:22:19+00:00","twitter_card":"summary_large_image","twitter_misc":{"Temps estimat de lectura":"1 minut"},"schema":{"@context":"https:\/\/schema.org","@graph":[{"@type":"WebPage","@id":"https:\/\/artes-visuales.org\/ca\/queixes-consultes-i-contacte\/","url":"https:\/\/artes-visuales.org\/ca\/queixes-consultes-i-contacte\/","name":"QUEIXES, CONSULTES I CONTACTE - Artes Visuales y Educaci\u00f3n","isPartOf":{"@id":"https:\/\/artes-visuales.org\/#website"},"datePublished":"2015-09-07T07:09:55+00:00","dateModified":"2026-01-08T10:22:19+00:00","description":"Contacte i consultes: resol els teus dubtes sobre el M\u00e0ster. B\u00fastia de suggeriments, queixes i atenci\u00f3 a UGR, UB i UdG.","breadcrumb":{"@id":"https:\/\/artes-visuales.org\/ca\/queixes-consultes-i-contacte\/#breadcrumb"},"inLanguage":"ca","potentialAction":[{"@type":"ReadAction","target":["https:\/\/artes-visuales.org\/ca\/queixes-consultes-i-contacte\/"]}]},{"@type":"BreadcrumbList","@id":"https:\/\/artes-visuales.org\/ca\/queixes-consultes-i-contacte\/#breadcrumb","itemListElement":[{"@type":"ListItem","position":1,"name":"Portada","item":"https:\/\/artes-visuales.org\/ca\/"},{"@type":"ListItem","position":2,"name":"QUEIXES, CONSULTES I CONTACTE"}]},{"@type":"WebSite","@id":"https:\/\/artes-visuales.org\/#website","url":"https:\/\/artes-visuales.org\/","name":"Artes Visuales y Educaci\u00f3n","description":"M\u00e1ster UGR","potentialAction":[{"@type":"SearchAction","target":{"@type":"EntryPoint","urlTemplate":"https:\/\/artes-visuales.org\/?s={search_term_string}"},"query-input":"required name=search_term_string"}],"inLanguage":"ca"}]}},"_links":{"self":[{"href":"https:\/\/artes-visuales.org\/ca\/wp-json\/wp\/v2\/pages\/5882","targetHints":{"allow":["GET"]}}],"collection":[{"href":"https:\/\/artes-visuales.org\/ca\/wp-json\/wp\/v2\/pages"}],"about":[{"href":"https:\/\/artes-visuales.org\/ca\/wp-json\/wp\/v2\/types\/page"}],"author":[{"embeddable":true,"href":"https:\/\/artes-visuales.org\/ca\/wp-json\/wp\/v2\/users\/2"}],"replies":[{"embeddable":true,"href":"https:\/\/artes-visuales.org\/ca\/wp-json\/wp\/v2\/comments?post=5882"}],"version-history":[{"count":1,"href":"https:\/\/artes-visuales.org\/ca\/wp-json\/wp\/v2\/pages\/5882\/revisions"}],"predecessor-version":[{"id":5883,"href":"https:\/\/artes-visuales.org\/ca\/wp-json\/wp\/v2\/pages\/5882\/revisions\/5883"}],"wp:attachment":[{"href":"https:\/\/artes-visuales.org\/ca\/wp-json\/wp\/v2\/media?parent=5882"}],"curies":[{"name":"wp","href":"https:\/\/api.w.org\/{rel}","templated":true}]}}