{"id":5874,"date":"2015-11-10T17:05:43","date_gmt":"2015-11-10T17:05:43","guid":{"rendered":"https:\/\/artes-visuales.org\/evaluacion-mejora-y-seguimiento-del-master\/"},"modified":"2026-01-08T10:21:18","modified_gmt":"2026-01-08T10:21:18","slug":"avaluacio-millora-i-seguiment-del-master","status":"publish","type":"page","link":"https:\/\/artes-visuales.org\/ca\/avaluacio-millora-i-seguiment-del-master\/","title":{"rendered":"AVALUACI\u00d3, MILLORA I SEGUIMENT DEL M\u00c0STER"},"content":{"rendered":"<p style=\"text-align: justify;\"><a href=\"http:\/\/artes-visuales.org\/wp-content\/uploads\/2015\/11\/checklist_MAVE_DEF.pdf\" target=\"_blank\" rel=\"noopener noreferrer\">CHECKLIST PER A L\u2019ACREDITACI\u00d3<\/a><\/p>\n<p style=\"text-align: justify;\">La Universitat de Granada, amb l\u2019objectiu d\u2019afavorir la millora cont\u00ednua dels m\u00e0sters que imparteix, ha establit el Sistema de Garantia Interna de la Qualitat dels mateixos. Les accions proposades en aquest sistema estan en conson\u00e0ncia amb els \u201cCriteris i directrius per a la garantia de qualitat de l\u2019EEES\u201d elaborats per la <i>European Network for Quality Assurance<\/i> (ENQA), aix\u00ed com amb la normativa nacional i regional dictada a aquest efecte.<\/p>\n<p>D\u2019acord amb aix\u00f2, l&#8217;Escola Internacional de Postgrau, juntament amb les persones coordinadores dels M\u00e0sters Oficials de la UGR, es compromet amb els seg\u00fcents objectius generals associats a la qualitat:<\/p>\n<p>1. Estendre la cultura de la qualitat i la millora cont\u00ednua i sistem\u00e0tica en el funcionament administratiu i acad\u00e8mic dels m\u00e0sters oficials de la UGR.<\/p>\n<p>2. Vetlar perqu\u00e8 l\u2019efic\u00e0cia, l\u2019efici\u00e8ncia i la transpar\u00e8ncia siguen els principis de gesti\u00f3 de l&#8217;Escola Internacional de Postgrau i dels m\u00e0sters oficials que gestiona.<\/p>\n<p>3. Impulsar la innovaci\u00f3 docent i de gesti\u00f3, aix\u00ed com la investigaci\u00f3 per a la millora de la qualitat de la doc\u00e8ncia i de la gesti\u00f3 dels M\u00e0sters Oficials de la UGR.<\/p>\n<div>\n<div><strong>Mem\u00f2ria de verificaci\u00f3, modificacions i informes externs<\/strong><\/div>\n<\/div>\n<div>\n<div>\n<div><a href=\"http:\/\/artes-visuales.org\/wp-content\/uploads\/2015\/12\/MEMORIA-VERIFICADA_artes-visuales.pdf\" target=\"_blank\" rel=\"noopener noreferrer\">&#8211; Mem\u00f2ria de Verificaci\u00f3<\/a><\/div>\n<\/div>\n<\/div>\n<div><a href=\"http:\/\/artes-visuales.org\/wp-content\/uploads\/2015\/12\/2010_APROBACION-OFICIAL_VERIFICA-Master_ANECA.pdf\" target=\"_blank\" rel=\"noopener noreferrer\">&#8211; Resoluci\u00f3 ANECA 2010<\/a><\/div>\n<div>\n<div>\n<div><a href=\"http:\/\/artes-visuales.org\/wp-content\/uploads\/2015\/12\/2009_InformeVerificacion_ANECA.pdf\" target=\"_blank\" rel=\"noopener noreferrer\">&#8211; Informe de Verificaci\u00f3 de l\u2019ANECA, 2009<\/a><\/div>\n<\/div>\n<\/div>\n<div>\n<div>\n<div><a href=\"http:\/\/artes-visuales.org\/wp-content\/uploads\/2015\/12\/Autoinforme-de-SEGUIMIENTO_2011-12.doc\" target=\"_blank\" rel=\"noopener noreferrer\">&#8211; Informe de Seguiment de la DEVA, 2011-12<\/a><\/div>\n<\/div>\n<\/div>\n<div>\n<div>\n<div><a href=\"http:\/\/artes-visuales.org\/wp-content\/uploads\/2015\/12\/2013-14_Informe-de-Seguimiento-DEVA.pdf\" target=\"_blank\" rel=\"noopener noreferrer\">&#8211; Informe de Seguiment de la DEVA, 2013-14<\/a><\/div>\n<\/div>\n<\/div>\n<div>\n<div>\n<div><a href=\"http:\/\/artes-visuales.org\/wp-content\/uploads\/2015\/12\/2014-15_Informe-de-Seguimiento-DEVA.pdf\" target=\"_blank\" rel=\"noopener noreferrer\">&#8211; Informe de Seguiment de la DEVA, 2014-15<\/a><\/div>\n<div><a href=\"http:\/\/artes-visuales.org\/wp-content\/uploads\/2020\/05\/20200505_CSGIC-Acta-3-universidades_grupo-de-trabajo.pdf\" target=\"_blank\" rel=\"noopener noreferrer\">&#8211; Coordinaci\u00f3 Interuniversit\u00e0ria<\/a><\/div>\n<\/div>\n<\/div>\n<p>&nbsp;<\/p>\n<p><strong>Comissi\u00f3 de Garantia Interna de la Qualitat: Composici\u00f3 i Reglament<\/strong><\/p>\n<p style=\"text-align: justify;\">L\u2019\u00f2rgan responsable d\u2019integrar el Sistema de Garantia Interna de la Qualitat en el funcionament quotidi\u00e0 d\u2019aquest Programa de postgrau \u00e9s la Comissi\u00f3 de Garantia Interna de la Qualitat del M\u00e0ster (CGIC), que ser\u00e0 creada i aprovada pel Consell Assessor d\u2019Ensenyances de Postgrau, amb l\u2019audi\u00e8ncia de la persona coordinadora del programa.<\/p>\n<ul>\n<li><a href=\"http:\/\/artes-visuales.org\/wp-content\/uploads\/2015\/12\/2015-16_ACTA-constitucio\u0301n-CSGIC.pdf\" target=\"_blank\" rel=\"noopener noreferrer\">Acta de constituci\u00f3 de la CSGIC<\/a><\/li>\n<li><a href=\"http:\/\/artes-visuales.org\/wp-content\/uploads\/2015\/12\/Reglamento-de-Re\u0301gimen-Interno-de-la-Comisio\u0301n-para-la-Garanti\u0301a-Interna-de-la-Calidad-del-Ma\u0301ster-en-Artes-Visuales-y-Educacio\u0301n.docx\" target=\"_blank\" rel=\"noopener noreferrer\">Reglament de R\u00e8gim Intern de la Comissi\u00f3 SGIC<\/a><\/li>\n<\/ul>\n<p style=\"text-align: justify;\"><strong>Composici\u00f3<\/strong> La composici\u00f3 de la Comissi\u00f3 de Garantia Interna de la Qualitat del M\u00e0ster \u00e9s la seg\u00fcent:<\/p>\n<p style=\"text-align: justify;\">Coordinador\/a del M\u00e0ster: Joaqu\u00edn Rold\u00e1n Ram\u00edrez.<\/p>\n<p style=\"text-align: justify;\">Un membre del PAS vinculat amb la gesti\u00f3 administrativa del M\u00e0ster: Mar\u00eda Isabel Quesada Alameda.<\/p>\n<p style=\"text-align: justify;\">Un m\u00ednim de dos professors del M\u00e0ster: Fernando Hern\u00e1ndez Hern\u00e1ndez, Ricardo Mar\u00edn Viadel i Roser Juanola Terradellas.<\/p>\n<p style=\"text-align: justify;\">Aquesta Comissi\u00f3 comptar\u00e0, sempre que ho considere necessari, amb l\u2019assessorament d\u2019un agent extern (professional en exercici o representant d\u2019una altra universitat), la relaci\u00f3 del qual amb la CGIC quedar\u00e0 establerta en el <strong>Reglament de Funcionament Intern de la mateixa comissi\u00f3.<\/strong><\/p>\n<p style=\"text-align: justify;\"><a href=\"https:\/\/artes-visuales.org\/sistema-de-garantia-de-calidad-procedimientos-indicadores-e-informes\/\" target=\"_blank\" rel=\"noopener noreferrer\">Sistema de Garantia de Qualitat: Procediments, indicadors i informes.<\/a><\/p>\n<div><strong>Autoinformes anuals de seguiment i Accions de Millora<\/strong><\/div>\n<div>\n<ul>\n<li><a href=\"http:\/\/artes-visuales.org\/wp-content\/uploads\/2015\/12\/Autoinforme-de-SEGUIMIENTO_2010-11.doc\">Autoinforme de seguiment 2010-11<\/a><\/li>\n<li><a href=\"http:\/\/artes-visuales.org\/wp-content\/uploads\/2015\/12\/Autoinforme-de-SEGUIMIENTO_2011-12.doc\">Autoinforme de seguiment 2011-12<\/a><\/li>\n<li><a href=\"http:\/\/artes-visuales.org\/wp-content\/uploads\/2015\/12\/Autoinforme-de-SEGUIMIENTO_2012-13.doc\">Autoinforme de seguiment 2012-13<\/a><\/li>\n<li><a href=\"http:\/\/artes-visuales.org\/wp-content\/uploads\/2015\/12\/Autoinforme-de-SEGUIMIENTO_2013-14.doc\" target=\"_blank\" rel=\"noopener noreferrer\">Autoinforme de seguiment 2013-14<\/a><\/li>\n<li><a href=\"http:\/\/artes-visuales.org\/wp-content\/uploads\/2015\/11\/2015_Autoinforme-FINAL-VERIFICACION.pdf\" target=\"_blank\" rel=\"noopener noreferrer\">Autoinforme de seguiment 2014-15<\/a><\/li>\n<\/ul>\n<\/div>\n<p><a href=\"http:\/\/artes-visuales.org\/wp-content\/uploads\/2015\/11\/SGIC_MAVE1516.pdf\" target=\"_blank\" rel=\"noopener noreferrer\">Sistema de garantia interna de la qualitat del m\u00e0ster en Arts Visuals i Educaci\u00f3<\/a><\/p>\n<p style=\"text-align: left;\"><a href=\"https:\/\/artes-visuales.org\/ca\/valoracio-dinfraestructura-serveis-i-recursos\/\" target=\"_blank\" rel=\"noopener noreferrer\">Valoraci\u00f3 de l\u2019adequaci\u00f3 de la infraestructura i els recursos disponibles a les caracter\u00edstiques del t\u00edtol. Valoraci\u00f3 de les millores i canvis en la infraestructura, serveis i recursos.<\/a><\/p>\n<p style=\"text-align: left;\"><span style=\"line-height: 1.5;\"><a href=\"https:\/\/artes-visuales.org\/indicadores-de-rendimiento\/\" target=\"_blank\" rel=\"noopener noreferrer\">Indicadors de rendiment<\/a><\/span><\/p>\n<p style=\"text-align: left;\"><a href=\"http:\/\/artes-visuales.org\/wp-content\/uploads\/2015\/11\/SATISFACCION-COLECTIVOS.pdf\" target=\"_blank\" rel=\"noopener noreferrer\">Satisfacci\u00f3 dels col\u00b7lectius implicats<\/a><\/p>\n","protected":false},"excerpt":{"rendered":"<p>CHECKLIST PER A L\u2019ACREDITACI\u00d3 La Universitat de Granada, amb l\u2019objectiu d\u2019afavorir la millora cont\u00ednua dels m\u00e0sters que imparteix, ha establit el Sistema de Garantia Interna de la Qualitat dels mateixos. Les accions proposades en aquest sistema estan en conson\u00e0ncia amb els \u201cCriteris i directrius per a la garantia de qualitat de l\u2019EEES\u201d elaborats per la [&#8230;]\n","protected":false},"author":2,"featured_media":0,"parent":0,"menu_order":0,"comment_status":"closed","ping_status":"closed","template":"","meta":{"footnotes":""},"class_list":["post-5874","page","type-page","status-publish","hentry"],"yoast_head":"<!-- This site is optimized with the Yoast SEO plugin v20.5 - https:\/\/yoast.com\/wordpress\/plugins\/seo\/ -->\n<title>AVALUACI\u00d3, MILLORA I SEGUIMENT DEL M\u00c0STER - Artes Visuales y Educaci\u00f3n<\/title>\n<meta name=\"description\" content=\"Millora i Seguiment: informes de qualitat, indicadors i avaluaci\u00f3 continua del M\u00e0ster. El nostre comprom\u00eds amb l&#039;excel\u00b7l\u00e8ncia acad\u00e8mica.\" \/>\n<meta name=\"robots\" content=\"index, follow, max-snippet:-1, max-image-preview:large, max-video-preview:-1\" \/>\n<link rel=\"canonical\" href=\"https:\/\/artes-visuales.org\/ca\/avaluacio-millora-i-seguiment-del-master\/\" \/>\n<meta property=\"og:locale\" content=\"ca_ES\" \/>\n<meta property=\"og:type\" content=\"article\" \/>\n<meta property=\"og:title\" content=\"AVALUACI\u00d3, MILLORA I SEGUIMENT DEL M\u00c0STER - Artes Visuales y Educaci\u00f3n\" \/>\n<meta property=\"og:description\" content=\"Millora i Seguiment: informes de qualitat, indicadors i avaluaci\u00f3 continua del M\u00e0ster. El nostre comprom\u00eds amb l&#039;excel\u00b7l\u00e8ncia acad\u00e8mica.\" \/>\n<meta property=\"og:url\" content=\"https:\/\/artes-visuales.org\/ca\/avaluacio-millora-i-seguiment-del-master\/\" \/>\n<meta property=\"og:site_name\" content=\"Artes Visuales y Educaci\u00f3n\" \/>\n<meta property=\"article:modified_time\" content=\"2026-01-08T10:21:18+00:00\" \/>\n<meta name=\"twitter:card\" content=\"summary_large_image\" \/>\n<meta name=\"twitter:label1\" content=\"Temps estimat de lectura\" \/>\n\t<meta name=\"twitter:data1\" content=\"3 minuts\" \/>\n<script type=\"application\/ld+json\" class=\"yoast-schema-graph\">{\"@context\":\"https:\/\/schema.org\",\"@graph\":[{\"@type\":\"WebPage\",\"@id\":\"https:\/\/artes-visuales.org\/ca\/avaluacio-millora-i-seguiment-del-master\/\",\"url\":\"https:\/\/artes-visuales.org\/ca\/avaluacio-millora-i-seguiment-del-master\/\",\"name\":\"AVALUACI\u00d3, MILLORA I SEGUIMENT DEL M\u00c0STER - Artes Visuales y Educaci\u00f3n\",\"isPartOf\":{\"@id\":\"https:\/\/artes-visuales.org\/#website\"},\"datePublished\":\"2015-11-10T17:05:43+00:00\",\"dateModified\":\"2026-01-08T10:21:18+00:00\",\"description\":\"Millora i Seguiment: informes de qualitat, indicadors i avaluaci\u00f3 continua del M\u00e0ster. El nostre comprom\u00eds amb l'excel\u00b7l\u00e8ncia acad\u00e8mica.\",\"breadcrumb\":{\"@id\":\"https:\/\/artes-visuales.org\/ca\/avaluacio-millora-i-seguiment-del-master\/#breadcrumb\"},\"inLanguage\":\"ca\",\"potentialAction\":[{\"@type\":\"ReadAction\",\"target\":[\"https:\/\/artes-visuales.org\/ca\/avaluacio-millora-i-seguiment-del-master\/\"]}]},{\"@type\":\"BreadcrumbList\",\"@id\":\"https:\/\/artes-visuales.org\/ca\/avaluacio-millora-i-seguiment-del-master\/#breadcrumb\",\"itemListElement\":[{\"@type\":\"ListItem\",\"position\":1,\"name\":\"Portada\",\"item\":\"https:\/\/artes-visuales.org\/ca\/\"},{\"@type\":\"ListItem\",\"position\":2,\"name\":\"AVALUACI\u00d3, MILLORA I SEGUIMENT DEL M\u00c0STER\"}]},{\"@type\":\"WebSite\",\"@id\":\"https:\/\/artes-visuales.org\/#website\",\"url\":\"https:\/\/artes-visuales.org\/\",\"name\":\"Artes Visuales y Educaci\u00f3n\",\"description\":\"M\u00e1ster UGR\",\"potentialAction\":[{\"@type\":\"SearchAction\",\"target\":{\"@type\":\"EntryPoint\",\"urlTemplate\":\"https:\/\/artes-visuales.org\/?s={search_term_string}\"},\"query-input\":\"required name=search_term_string\"}],\"inLanguage\":\"ca\"}]}<\/script>\n<!-- \/ Yoast SEO plugin. -->","yoast_head_json":{"title":"AVALUACI\u00d3, MILLORA I SEGUIMENT DEL M\u00c0STER - Artes Visuales y Educaci\u00f3n","description":"Millora i Seguiment: informes de qualitat, indicadors i avaluaci\u00f3 continua del M\u00e0ster. El nostre comprom\u00eds amb l'excel\u00b7l\u00e8ncia acad\u00e8mica.","robots":{"index":"index","follow":"follow","max-snippet":"max-snippet:-1","max-image-preview":"max-image-preview:large","max-video-preview":"max-video-preview:-1"},"canonical":"https:\/\/artes-visuales.org\/ca\/avaluacio-millora-i-seguiment-del-master\/","og_locale":"ca_ES","og_type":"article","og_title":"AVALUACI\u00d3, MILLORA I SEGUIMENT DEL M\u00c0STER - Artes Visuales y Educaci\u00f3n","og_description":"Millora i Seguiment: informes de qualitat, indicadors i avaluaci\u00f3 continua del M\u00e0ster. El nostre comprom\u00eds amb l'excel\u00b7l\u00e8ncia acad\u00e8mica.","og_url":"https:\/\/artes-visuales.org\/ca\/avaluacio-millora-i-seguiment-del-master\/","og_site_name":"Artes Visuales y Educaci\u00f3n","article_modified_time":"2026-01-08T10:21:18+00:00","twitter_card":"summary_large_image","twitter_misc":{"Temps estimat de lectura":"3 minuts"},"schema":{"@context":"https:\/\/schema.org","@graph":[{"@type":"WebPage","@id":"https:\/\/artes-visuales.org\/ca\/avaluacio-millora-i-seguiment-del-master\/","url":"https:\/\/artes-visuales.org\/ca\/avaluacio-millora-i-seguiment-del-master\/","name":"AVALUACI\u00d3, MILLORA I SEGUIMENT DEL M\u00c0STER - Artes Visuales y Educaci\u00f3n","isPartOf":{"@id":"https:\/\/artes-visuales.org\/#website"},"datePublished":"2015-11-10T17:05:43+00:00","dateModified":"2026-01-08T10:21:18+00:00","description":"Millora i Seguiment: informes de qualitat, indicadors i avaluaci\u00f3 continua del M\u00e0ster. El nostre comprom\u00eds amb l'excel\u00b7l\u00e8ncia acad\u00e8mica.","breadcrumb":{"@id":"https:\/\/artes-visuales.org\/ca\/avaluacio-millora-i-seguiment-del-master\/#breadcrumb"},"inLanguage":"ca","potentialAction":[{"@type":"ReadAction","target":["https:\/\/artes-visuales.org\/ca\/avaluacio-millora-i-seguiment-del-master\/"]}]},{"@type":"BreadcrumbList","@id":"https:\/\/artes-visuales.org\/ca\/avaluacio-millora-i-seguiment-del-master\/#breadcrumb","itemListElement":[{"@type":"ListItem","position":1,"name":"Portada","item":"https:\/\/artes-visuales.org\/ca\/"},{"@type":"ListItem","position":2,"name":"AVALUACI\u00d3, MILLORA I SEGUIMENT DEL M\u00c0STER"}]},{"@type":"WebSite","@id":"https:\/\/artes-visuales.org\/#website","url":"https:\/\/artes-visuales.org\/","name":"Artes Visuales y Educaci\u00f3n","description":"M\u00e1ster UGR","potentialAction":[{"@type":"SearchAction","target":{"@type":"EntryPoint","urlTemplate":"https:\/\/artes-visuales.org\/?s={search_term_string}"},"query-input":"required name=search_term_string"}],"inLanguage":"ca"}]}},"_links":{"self":[{"href":"https:\/\/artes-visuales.org\/ca\/wp-json\/wp\/v2\/pages\/5874","targetHints":{"allow":["GET"]}}],"collection":[{"href":"https:\/\/artes-visuales.org\/ca\/wp-json\/wp\/v2\/pages"}],"about":[{"href":"https:\/\/artes-visuales.org\/ca\/wp-json\/wp\/v2\/types\/page"}],"author":[{"embeddable":true,"href":"https:\/\/artes-visuales.org\/ca\/wp-json\/wp\/v2\/users\/2"}],"replies":[{"embeddable":true,"href":"https:\/\/artes-visuales.org\/ca\/wp-json\/wp\/v2\/comments?post=5874"}],"version-history":[{"count":3,"href":"https:\/\/artes-visuales.org\/ca\/wp-json\/wp\/v2\/pages\/5874\/revisions"}],"predecessor-version":[{"id":6253,"href":"https:\/\/artes-visuales.org\/ca\/wp-json\/wp\/v2\/pages\/5874\/revisions\/6253"}],"wp:attachment":[{"href":"https:\/\/artes-visuales.org\/ca\/wp-json\/wp\/v2\/media?parent=5874"}],"curies":[{"name":"wp","href":"https:\/\/api.w.org\/{rel}","templated":true}]}}