{"id":5866,"date":"2015-11-11T07:13:14","date_gmt":"2015-11-11T07:13:14","guid":{"rendered":"https:\/\/artes-visuales.org\/insercion-laboral\/"},"modified":"2026-01-08T10:20:49","modified_gmt":"2026-01-08T10:20:49","slug":"insercio-laboral","status":"publish","type":"page","link":"https:\/\/artes-visuales.org\/ca\/insercio-laboral\/","title":{"rendered":"INSERCI\u00d3 LABORAL"},"content":{"rendered":"<div class=\"wpb-content-wrapper\">[vc_row][vc_column][vc_column_text]\n<p style=\"text-align: justify;\">La inserci\u00f3 laboral \u00e9s una de les principals preocupacions d\u2019aquest m\u00e0ster. Diversos \u00e0mbits estan relacionats amb la formaci\u00f3 que es proporciona en aquest t\u00edtol. Des dels m\u00e9s cl\u00e0ssics relacionats amb l\u2019educaci\u00f3 en arts, tant formal com no formal.<\/p>\n<p style=\"text-align: justify;\">Malgrat que aquest m\u00e0ster no \u00e9s prim\u00e0riament professionalitzador, segons el nostre estudi de persones titulades fins a un 48% de l\u2019estudiantat d\u2019aquest m\u00e0ster troba feina en els dos anys seg\u00fcents a la finalitzaci\u00f3 del postgrau. Segons les dades de qu\u00e8 disposem, una part significativa ho fa en activitats relacionades amb la formaci\u00f3 que proporciona aquest m\u00e0ster.<\/p>\n<p style=\"text-align: justify;\"><b>&#8220;L\u2019educaci\u00f3 art\u00edstica&#8221; actual <u>ha sortit de l\u2019escola<\/u><\/b>. Avui dia, l\u2019educaci\u00f3 art\u00edstica es relaciona amb multitud de q\u00fcestions m\u00e9s enll\u00e0 dels temes educatius <b>cl\u00e0ssics<\/b> (aprenentatge, curr\u00edculum, programaci\u00f3, ensenyament\u2026) o dels temes <b>cl\u00e0ssics<\/b> de l\u2019ensenyament de les arts visuals (educaci\u00f3 est\u00e8tica, creativitat, dibuix infantil, aprenentatge de t\u00e8cniques i d\u2019altres\u2026). Avui, l\u2019educaci\u00f3 art\u00edstica tracta tamb\u00e9 q\u00fcestions molt m\u00e9s subtils, relacionades amb la identitat, la cultura, l\u2019artter\u00e0pia, l\u2019educaci\u00f3 emocional, la construcci\u00f3 de l\u2019individu, l\u2019expressi\u00f3 cr\u00edtica del pensament, q\u00fcestions de g\u00e8nere, cultura de pau, metodologia d\u2019ensenyament, intervenci\u00f3 social, inclusi\u00f3, mediaci\u00f3 cultural, l\u2019\u00e8tica, la mem\u00f2ria, la fam\u00edlia, la paternitat i la maternitat, la salut, etc.<\/p>\n<p style=\"text-align: justify;\">Per la seva banda, <b>la creaci\u00f3 art\u00edstica contempor\u00e0nia ha sortit dels museus<\/b>, s\u2019ha fet <b>pol\u00edtica<\/b>. Aix\u00f2 vol dir que s\u2019ha ocupat de m\u00faltiples aspectes de tota mena vital i existencial en qu\u00e8 l\u2019educaci\u00f3 sol estar interessada d\u2019una manera o d\u2019una altra. Des d\u2019aquesta perspectiva, veig molt complicat argumentar que un tema art\u00edstic pugui estar \u201cfora de l\u2019\u00e0mbit educatiu\u201d.<\/p>\n<p style=\"text-align: justify;\">Amb tot, l\u2019educaci\u00f3 art\u00edstica \u00e9s una professi\u00f3 que encara no est\u00e0 suficientment establerta en les nostres societats, sin\u00f3 que intenta trobar espais en el mercat laboral formant professionals que utilitzen els llenguatges visuals amb contingut po\u00e8tic, de disseny, sistematitzaci\u00f3 del coneixement, aprofundiment metodol\u00f2gic i aprenentatges pr\u00e0ctics i compet\u00e8ncies concretes des d\u2019una perspectiva social. Per tant, l\u2019esfor\u00e7 per a la inserci\u00f3 laboral de l\u2019alumnat titulat d\u2019aquest m\u00e0ster ha de ser una tasca constant en el desenvolupament de nous \u00e0mbits de mediaci\u00f3 cultural, educaci\u00f3 inclusiva, gabinets did\u00e0ctics en museus, centres culturals, activitats de sensibilitzaci\u00f3 social a trav\u00e9s de les arts, col\u00b7lectius socials i culturals, artter\u00e0pia, etc. Tot aix\u00f2 juntament amb una urgent i necess\u00e0ria intervenci\u00f3 educativa en l\u2019\u00e0mbit formal, on s\u2019han de generar iniciatives que facin de les arts, en el terreny educatiu, una disciplina molt m\u00e9s protagonista en els processos d\u2019ensenyament i aprenentatge, i que defensen en la societat el gran valor i la necessitat que tenim i continuarem tenint de l\u2019art per a seguir sent \u00e9ssers humans.<\/p>\n<p><a href=\"http:\/\/artes-visuales.org\/wp-content\/uploads\/2025\/11\/PERFILES-DE-EGRESO.pdf\"><strong>Perfils d\u2019eixida<\/strong><\/a><\/p>\n<p style=\"text-align: justify;\"><b><a href=\"http:\/\/artes-visuales.org\/wp-content\/uploads\/2015\/11\/Oferta-plazas-matriculas-egresos.pdf\" target=\"_blank\" rel=\"noopener noreferrer\">Oferta de places \/ Matr\u00edcules \/ Eixides<\/a><\/b><\/p>\n[\/vc_column_text][\/vc_column][\/vc_row][vc_row][vc_column width=&#8221;1\/2&#8243;][vc_btn title=&#8221;Estudi de persones titulades&#8221; align=&#8221;center&#8221; link=&#8221;url:http%3A%2F%2Fartes-visuales.org%2Fwp-content%2Fuploads%2F2020%2F05%2FEstudio-de-Egresados-Master-Artes-Visuales-y-Educacio%CC%81n_-un-enfoque-construccionista.pdf||target:%20_blank|&#8221;][\/vc_column][vc_column width=&#8221;1\/2&#8243;][vc_btn title=&#8221;Estudi d\u2019inserci\u00f3 laboral&#8221; align=&#8221;center&#8221; link=&#8221;url:http%3A%2F%2Fartes-visuales.org%2Fwp-content%2Fuploads%2F2020%2F05%2FEstudios-de-Insercio%CC%81n-Laboral.pdf||target:%20_blank|&#8221;][\/vc_column][\/vc_row][vc_row][vc_column][vc_column_text]\n<table style=\"font-weight: 400;\">\n<tbody>\n<tr>\n<td width=\"119\"><strong>Resultats acad\u00e8mics<\/strong><\/td>\n<td width=\"57\"><strong>2014\/15<\/strong><\/td>\n<td width=\"57\"><strong>2015\/16<\/strong><\/td>\n<td width=\"57\"><strong>2016\/17<\/strong><\/td>\n<td width=\"57\"><strong>2017\/18<\/strong><\/td>\n<\/tr>\n<tr>\n<td width=\"119\">Taxa de graduaci\u00f3<\/td>\n<td width=\"57\">96,55<\/td>\n<td width=\"57\">100,00<\/td>\n<td width=\"57\">100,00<\/td>\n<td width=\"57\">92,59<\/td>\n<\/tr>\n<tr>\n<td width=\"119\">Taxa d\u2019abandonament<\/td>\n<td width=\"57\">3,45<\/td>\n<td width=\"57\">0,00<\/td>\n<td width=\"57\">0,00<\/td>\n<td width=\"57\">3,70<\/td>\n<\/tr>\n<tr>\n<td width=\"119\">Taxa de rendiment<\/td>\n<td width=\"57\">98,00<\/td>\n<td width=\"57\">100,00<\/td>\n<td width=\"57\">93,38<\/td>\n<td width=\"57\">91,90<\/td>\n<\/tr>\n<tr>\n<td width=\"119\">Taxa d\u2019efici\u00e8ncia<\/td>\n<td width=\"57\">93,56<\/td>\n<td width=\"57\">97,00<\/td>\n<td width=\"57\">98,03<\/td>\n<td width=\"57\">96,94<\/td>\n<\/tr>\n<tr>\n<td width=\"119\">Taxa de resultats<\/td>\n<td width=\"57\">95,00<\/td>\n<td width=\"57\">100,00<\/td>\n<td width=\"57\">100,00<\/td>\n<td width=\"57\">100,00<\/td>\n<\/tr>\n<\/tbody>\n<\/table>\n[\/vc_column_text][\/vc_column][\/vc_row]\n<\/div>","protected":false},"excerpt":{"rendered":"[vc_row][vc_column][vc_column_text] La inserci\u00f3 laboral \u00e9s una de les principals preocupacions d\u2019aquest m\u00e0ster. Diversos \u00e0mbits estan relacionats amb la formaci\u00f3 que es proporciona en aquest t\u00edtol. Des dels m\u00e9s cl\u00e0ssics relacionats amb l\u2019educaci\u00f3 en arts, tant formal com no formal. Malgrat que aquest m\u00e0ster no \u00e9s prim\u00e0riament professionalitzador, segons el nostre estudi de persones titulades fins [&#8230;]\n","protected":false},"author":2,"featured_media":0,"parent":0,"menu_order":0,"comment_status":"closed","ping_status":"closed","template":"","meta":{"footnotes":""},"class_list":["post-5866","page","type-page","status-publish","hentry"],"yoast_head":"<!-- This site is optimized with the Yoast SEO plugin v20.5 - https:\/\/yoast.com\/wordpress\/plugins\/seo\/ -->\n<title>INSERCI\u00d3 LABORAL - Artes Visuales y Educaci\u00f3n<\/title>\n<meta name=\"description\" content=\"Inserci\u00f3 laboral: Sortides professionals, ocupabilitat i traject\u00f2ries dels nostres graduats en arts i educaci\u00f3. El teu futur comen\u00e7a aqu\u00ed!\" \/>\n<meta name=\"robots\" content=\"index, follow, max-snippet:-1, max-image-preview:large, max-video-preview:-1\" \/>\n<link rel=\"canonical\" href=\"https:\/\/artes-visuales.org\/ca\/insercio-laboral\/\" \/>\n<meta property=\"og:locale\" content=\"ca_ES\" \/>\n<meta property=\"og:type\" content=\"article\" \/>\n<meta property=\"og:title\" content=\"INSERCI\u00d3 LABORAL - Artes Visuales y Educaci\u00f3n\" \/>\n<meta property=\"og:description\" content=\"Inserci\u00f3 laboral: Sortides professionals, ocupabilitat i traject\u00f2ries dels nostres graduats en arts i educaci\u00f3. El teu futur comen\u00e7a aqu\u00ed!\" \/>\n<meta property=\"og:url\" content=\"https:\/\/artes-visuales.org\/ca\/insercio-laboral\/\" \/>\n<meta property=\"og:site_name\" content=\"Artes Visuales y Educaci\u00f3n\" \/>\n<meta property=\"article:modified_time\" content=\"2026-01-08T10:20:49+00:00\" \/>\n<meta name=\"twitter:card\" content=\"summary_large_image\" \/>\n<meta name=\"twitter:label1\" content=\"Temps estimat de lectura\" \/>\n\t<meta name=\"twitter:data1\" content=\"3 minuts\" \/>\n<script type=\"application\/ld+json\" class=\"yoast-schema-graph\">{\"@context\":\"https:\/\/schema.org\",\"@graph\":[{\"@type\":\"WebPage\",\"@id\":\"https:\/\/artes-visuales.org\/ca\/insercio-laboral\/\",\"url\":\"https:\/\/artes-visuales.org\/ca\/insercio-laboral\/\",\"name\":\"INSERCI\u00d3 LABORAL - Artes Visuales y Educaci\u00f3n\",\"isPartOf\":{\"@id\":\"https:\/\/artes-visuales.org\/#website\"},\"datePublished\":\"2015-11-11T07:13:14+00:00\",\"dateModified\":\"2026-01-08T10:20:49+00:00\",\"description\":\"Inserci\u00f3 laboral: Sortides professionals, ocupabilitat i traject\u00f2ries dels nostres graduats en arts i educaci\u00f3. El teu futur comen\u00e7a aqu\u00ed!\",\"breadcrumb\":{\"@id\":\"https:\/\/artes-visuales.org\/ca\/insercio-laboral\/#breadcrumb\"},\"inLanguage\":\"ca\",\"potentialAction\":[{\"@type\":\"ReadAction\",\"target\":[\"https:\/\/artes-visuales.org\/ca\/insercio-laboral\/\"]}]},{\"@type\":\"BreadcrumbList\",\"@id\":\"https:\/\/artes-visuales.org\/ca\/insercio-laboral\/#breadcrumb\",\"itemListElement\":[{\"@type\":\"ListItem\",\"position\":1,\"name\":\"Portada\",\"item\":\"https:\/\/artes-visuales.org\/ca\/\"},{\"@type\":\"ListItem\",\"position\":2,\"name\":\"INSERCI\u00d3 LABORAL\"}]},{\"@type\":\"WebSite\",\"@id\":\"https:\/\/artes-visuales.org\/#website\",\"url\":\"https:\/\/artes-visuales.org\/\",\"name\":\"Artes Visuales y Educaci\u00f3n\",\"description\":\"M\u00e1ster UGR\",\"potentialAction\":[{\"@type\":\"SearchAction\",\"target\":{\"@type\":\"EntryPoint\",\"urlTemplate\":\"https:\/\/artes-visuales.org\/?s={search_term_string}\"},\"query-input\":\"required name=search_term_string\"}],\"inLanguage\":\"ca\"}]}<\/script>\n<!-- \/ Yoast SEO plugin. -->","yoast_head_json":{"title":"INSERCI\u00d3 LABORAL - Artes Visuales y Educaci\u00f3n","description":"Inserci\u00f3 laboral: Sortides professionals, ocupabilitat i traject\u00f2ries dels nostres graduats en arts i educaci\u00f3. El teu futur comen\u00e7a aqu\u00ed!","robots":{"index":"index","follow":"follow","max-snippet":"max-snippet:-1","max-image-preview":"max-image-preview:large","max-video-preview":"max-video-preview:-1"},"canonical":"https:\/\/artes-visuales.org\/ca\/insercio-laboral\/","og_locale":"ca_ES","og_type":"article","og_title":"INSERCI\u00d3 LABORAL - Artes Visuales y Educaci\u00f3n","og_description":"Inserci\u00f3 laboral: Sortides professionals, ocupabilitat i traject\u00f2ries dels nostres graduats en arts i educaci\u00f3. El teu futur comen\u00e7a aqu\u00ed!","og_url":"https:\/\/artes-visuales.org\/ca\/insercio-laboral\/","og_site_name":"Artes Visuales y Educaci\u00f3n","article_modified_time":"2026-01-08T10:20:49+00:00","twitter_card":"summary_large_image","twitter_misc":{"Temps estimat de lectura":"3 minuts"},"schema":{"@context":"https:\/\/schema.org","@graph":[{"@type":"WebPage","@id":"https:\/\/artes-visuales.org\/ca\/insercio-laboral\/","url":"https:\/\/artes-visuales.org\/ca\/insercio-laboral\/","name":"INSERCI\u00d3 LABORAL - Artes Visuales y Educaci\u00f3n","isPartOf":{"@id":"https:\/\/artes-visuales.org\/#website"},"datePublished":"2015-11-11T07:13:14+00:00","dateModified":"2026-01-08T10:20:49+00:00","description":"Inserci\u00f3 laboral: Sortides professionals, ocupabilitat i traject\u00f2ries dels nostres graduats en arts i educaci\u00f3. El teu futur comen\u00e7a aqu\u00ed!","breadcrumb":{"@id":"https:\/\/artes-visuales.org\/ca\/insercio-laboral\/#breadcrumb"},"inLanguage":"ca","potentialAction":[{"@type":"ReadAction","target":["https:\/\/artes-visuales.org\/ca\/insercio-laboral\/"]}]},{"@type":"BreadcrumbList","@id":"https:\/\/artes-visuales.org\/ca\/insercio-laboral\/#breadcrumb","itemListElement":[{"@type":"ListItem","position":1,"name":"Portada","item":"https:\/\/artes-visuales.org\/ca\/"},{"@type":"ListItem","position":2,"name":"INSERCI\u00d3 LABORAL"}]},{"@type":"WebSite","@id":"https:\/\/artes-visuales.org\/#website","url":"https:\/\/artes-visuales.org\/","name":"Artes Visuales y Educaci\u00f3n","description":"M\u00e1ster UGR","potentialAction":[{"@type":"SearchAction","target":{"@type":"EntryPoint","urlTemplate":"https:\/\/artes-visuales.org\/?s={search_term_string}"},"query-input":"required name=search_term_string"}],"inLanguage":"ca"}]}},"_links":{"self":[{"href":"https:\/\/artes-visuales.org\/ca\/wp-json\/wp\/v2\/pages\/5866","targetHints":{"allow":["GET"]}}],"collection":[{"href":"https:\/\/artes-visuales.org\/ca\/wp-json\/wp\/v2\/pages"}],"about":[{"href":"https:\/\/artes-visuales.org\/ca\/wp-json\/wp\/v2\/types\/page"}],"author":[{"embeddable":true,"href":"https:\/\/artes-visuales.org\/ca\/wp-json\/wp\/v2\/users\/2"}],"replies":[{"embeddable":true,"href":"https:\/\/artes-visuales.org\/ca\/wp-json\/wp\/v2\/comments?post=5866"}],"version-history":[{"count":5,"href":"https:\/\/artes-visuales.org\/ca\/wp-json\/wp\/v2\/pages\/5866\/revisions"}],"predecessor-version":[{"id":5905,"href":"https:\/\/artes-visuales.org\/ca\/wp-json\/wp\/v2\/pages\/5866\/revisions\/5905"}],"wp:attachment":[{"href":"https:\/\/artes-visuales.org\/ca\/wp-json\/wp\/v2\/media?parent=5866"}],"curies":[{"name":"wp","href":"https:\/\/api.w.org\/{rel}","templated":true}]}}