{"id":5861,"date":"2015-09-16T09:44:31","date_gmt":"2015-09-16T09:44:31","guid":{"rendered":"https:\/\/artes-visuales.org\/movilidad\/"},"modified":"2026-01-08T10:18:03","modified_gmt":"2026-01-08T10:18:03","slug":"mobilitat","status":"publish","type":"page","link":"https:\/\/artes-visuales.org\/ca\/mobilitat\/","title":{"rendered":"MOBILITAT"},"content":{"rendered":"<p class=\"cuerpo\" style=\"text-align: justify;\">En els darrers anys, la Universitat de Granada i les altres dues universitats del consorci han fet una aposta decidida per les titulacions internacionals, tant m\u00faltiples com conjuntes, aix\u00ed com per la mobilitat nacional i internacional de l\u2019estudiantat de postgrau.<\/p>\n<p class=\"cuerpo\" style=\"text-align: justify;\">L&#8217;Escola de Postgrau de la Universitat de Granada \u00e9s l\u2019encarregada de gestionar i donar suport administratiu als programes oficials de postgrau, per als quals compta amb una unitat de deu professionals d\u2019administraci\u00f3 i serveis altament qualificats.<\/p>\n<p class=\"cuerpo\" style=\"text-align: justify;\">Entre les seues funcions es troben oferir informaci\u00f3 i gestionar els programes de mobilitat de l\u2019estudiantat en m\u00e0sters oficials i doctorat.<\/p>\n<p class=\"cuerpo\" style=\"text-align: justify;\">Aix\u00ed mateix, i a trav\u00e9s d\u2019acords espec\u00edfics per a Programes de Doctorat, gestiona igualment la mobilitat d\u2019alumnes que participen en doctorats cooperatius, els quals poden optar a beques i exempcions de matr\u00edcula. Actualment, una vintena de programes han subscrit aquests acords.<\/p>\n<p class=\"cuerpo\" style=\"text-align: justify;\">Entre els programes internacionals, gestiona quatre Programes de Doctorat Iberoamericans, sota l\u2019auspici de l\u2019Asociaci\u00f3n Universitaria Iberoamericana de Postgrado (AUIP), organisme internacional no governamental reconegut per la UNESCO i dedicat al foment dels estudis de postgrau i doctorat a Llatinoam\u00e8rica. Els programes compten amb el patrocini i finan\u00e7ament de la Direcci\u00f3 General d\u2019Universitats de la Conselleria d\u2019Innovaci\u00f3, Ci\u00e8ncia i Empresa de la Junta d\u2019Andalusia.<\/p>\n<p class=\"cuerpo\" style=\"text-align: justify;\">En l\u2019actualitat, la Universitat de Granada coordina o participa en quatre M\u00e0sters Erasmus Mundus, als quals l&#8217;Escola de Postgrau ofereix suport administratiu i de gesti\u00f3. L\u2019objectiu global del programa Erasmus Mundus \u00e9s millorar la qualitat de l\u2019educaci\u00f3 superior a Europa, contribuir al desenvolupament de les perspectives professionals de l\u2019estudiantat, afavorir la comprensi\u00f3 intercultural mitjan\u00e7ant la cooperaci\u00f3 amb tercers pa\u00efsos i contribuir al desenvolupament sostenible d\u2019aquests en l\u2019\u00e0mbit de l\u2019educaci\u00f3 superior.<\/p>\n<p class=\"cuerpo\" style=\"text-align: justify;\">La Universitat de Granada gestiona la mobilitat internacional de l\u2019estudiantat de postgrau a trav\u00e9s de la <a href=\"https:\/\/internacional.ugr.es\/pages\/organigrama\/ori\/oficina-de-relaciones-internacionales-y-cooperacion-al-desarrollo\" target=\"_blank\" rel=\"noopener\">Oficina de Relacions Internacionals del mateix Vicerectorat <\/a>i de l\u2019<a href=\"http:\/\/escuelaposgrado.ugr.es\" target=\"_blank\" rel=\"noopener\">Escola de Postgrau<\/a>, que \u00e9s l\u2019encarregada de dur a terme el proc\u00e9s de matriculaci\u00f3.<\/p>\n<p class=\"cuerpo\" style=\"text-align: justify;\">El Servei d\u2019Allotjament de la UGR ofereix informaci\u00f3 i ajuda quant a les opcions d\u2019allotjament per a l\u2019estudiantat propi i el d\u2019intercanvi (resid\u00e8ncies, pisos, fam\u00edlies\u2026).<\/p>\n<p class=\"cuerpo\" style=\"text-align: justify;\">Tamb\u00e9 proporciona una relaci\u00f3 d\u2019hostals i pensions per a aquells que necessiten allotjament temporal en arribar. En aquest darrer cas, cal realitzar una reserva pr\u00e8via directament amb l\u2019establiment, indicant que s\u00f3n usuaris del Servei d\u2019Allotjament de la UGR.<\/p>\n<p class=\"cuerpo\" style=\"text-align: justify;\">La Universitat de Granada va comen\u00e7ar a organitzar cursos per a estrangers l\u2019any 1932. Avui, el Centre de Lleng\u00fces Modernes (CLM) de la Universitat de Granada ofereix un ampli ventall de cursos de llengua i cultura espanyola, entre els quals s\u2019inclouen els organitzats per l\u2019Oficina de Relacions Internacionals per als programes d\u2019intercanvi, com ara LLP\/Erasmus Mundus. El CLM tamb\u00e9 ofereix cursos de moltes altres lleng\u00fces.<\/p>\n<p class=\"cuerpo\" style=\"text-align: justify;\">L\u2019estudiantat del \u201cM\u00e0ster en Arts Visuals i Educaci\u00f3. Un Enfocament Construccionista\u201d, de les tres universitats, pot sol\u00b7licitar ajudes de mobilitat en la convocat\u00f2ria anual per acudir, durant un m\u00ednim d\u2019una setmana i un m\u00e0xim de dues, a les altres dues universitats on no estan matriculats, per tal d&#8217;assistir a activitats docents dels cursos que s\u2019hi ofereixen. Tamb\u00e9 poden participar en activitats complement\u00e0ries com seminaris i confer\u00e8ncies, aix\u00ed com contactar amb altres companys i companyes d\u2019aquestes universitats. Una altra possibilitat \u00e9s concertar entrevistes amb el professorat per rebre assessorament sobre projectes, l\u00ednies d\u2019investigaci\u00f3, etc.<\/p>\n","protected":false},"excerpt":{"rendered":"<p>En els darrers anys, la Universitat de Granada i les altres dues universitats del consorci han fet una aposta decidida per les titulacions internacionals, tant m\u00faltiples com conjuntes, aix\u00ed com per la mobilitat nacional i internacional de l\u2019estudiantat de postgrau. L&#8217;Escola de Postgrau de la Universitat de Granada \u00e9s l\u2019encarregada de gestionar i donar suport [&#8230;]\n","protected":false},"author":2,"featured_media":0,"parent":0,"menu_order":0,"comment_status":"closed","ping_status":"closed","template":"page-blank-title-center.php","meta":{"footnotes":""},"class_list":["post-5861","page","type-page","status-publish","hentry"],"yoast_head":"<!-- This site is optimized with the Yoast SEO plugin v20.5 - https:\/\/yoast.com\/wordpress\/plugins\/seo\/ -->\n<title>MOBILITAT - Artes Visuales y Educaci\u00f3n<\/title>\n<meta name=\"description\" content=\"Mobilitat: Explora programes d&#039;intercanvi, convenis internacionals i beques Erasmus del M\u00e0ster. Amplia els teus horitzons acad\u00e8mics!\" \/>\n<meta name=\"robots\" content=\"index, follow, max-snippet:-1, max-image-preview:large, max-video-preview:-1\" \/>\n<link rel=\"canonical\" href=\"https:\/\/artes-visuales.org\/ca\/mobilitat\/\" \/>\n<meta property=\"og:locale\" content=\"ca_ES\" \/>\n<meta property=\"og:type\" content=\"article\" \/>\n<meta property=\"og:title\" content=\"MOBILITAT - Artes Visuales y Educaci\u00f3n\" \/>\n<meta property=\"og:description\" content=\"Mobilitat: Explora programes d&#039;intercanvi, convenis internacionals i beques Erasmus del M\u00e0ster. Amplia els teus horitzons acad\u00e8mics!\" \/>\n<meta property=\"og:url\" content=\"https:\/\/artes-visuales.org\/ca\/mobilitat\/\" \/>\n<meta property=\"og:site_name\" content=\"Artes Visuales y Educaci\u00f3n\" \/>\n<meta property=\"article:modified_time\" content=\"2026-01-08T10:18:03+00:00\" \/>\n<meta name=\"twitter:card\" content=\"summary_large_image\" \/>\n<meta name=\"twitter:label1\" content=\"Temps estimat de lectura\" \/>\n\t<meta name=\"twitter:data1\" content=\"3 minuts\" \/>\n<script type=\"application\/ld+json\" class=\"yoast-schema-graph\">{\"@context\":\"https:\/\/schema.org\",\"@graph\":[{\"@type\":\"WebPage\",\"@id\":\"https:\/\/artes-visuales.org\/ca\/mobilitat\/\",\"url\":\"https:\/\/artes-visuales.org\/ca\/mobilitat\/\",\"name\":\"MOBILITAT - Artes Visuales y Educaci\u00f3n\",\"isPartOf\":{\"@id\":\"https:\/\/artes-visuales.org\/#website\"},\"datePublished\":\"2015-09-16T09:44:31+00:00\",\"dateModified\":\"2026-01-08T10:18:03+00:00\",\"description\":\"Mobilitat: Explora programes d'intercanvi, convenis internacionals i beques Erasmus del M\u00e0ster. Amplia els teus horitzons acad\u00e8mics!\",\"breadcrumb\":{\"@id\":\"https:\/\/artes-visuales.org\/ca\/mobilitat\/#breadcrumb\"},\"inLanguage\":\"ca\",\"potentialAction\":[{\"@type\":\"ReadAction\",\"target\":[\"https:\/\/artes-visuales.org\/ca\/mobilitat\/\"]}]},{\"@type\":\"BreadcrumbList\",\"@id\":\"https:\/\/artes-visuales.org\/ca\/mobilitat\/#breadcrumb\",\"itemListElement\":[{\"@type\":\"ListItem\",\"position\":1,\"name\":\"Portada\",\"item\":\"https:\/\/artes-visuales.org\/ca\/\"},{\"@type\":\"ListItem\",\"position\":2,\"name\":\"MOBILITAT\"}]},{\"@type\":\"WebSite\",\"@id\":\"https:\/\/artes-visuales.org\/#website\",\"url\":\"https:\/\/artes-visuales.org\/\",\"name\":\"Artes Visuales y Educaci\u00f3n\",\"description\":\"M\u00e1ster UGR\",\"potentialAction\":[{\"@type\":\"SearchAction\",\"target\":{\"@type\":\"EntryPoint\",\"urlTemplate\":\"https:\/\/artes-visuales.org\/?s={search_term_string}\"},\"query-input\":\"required name=search_term_string\"}],\"inLanguage\":\"ca\"}]}<\/script>\n<!-- \/ Yoast SEO plugin. -->","yoast_head_json":{"title":"MOBILITAT - Artes Visuales y Educaci\u00f3n","description":"Mobilitat: Explora programes d'intercanvi, convenis internacionals i beques Erasmus del M\u00e0ster. Amplia els teus horitzons acad\u00e8mics!","robots":{"index":"index","follow":"follow","max-snippet":"max-snippet:-1","max-image-preview":"max-image-preview:large","max-video-preview":"max-video-preview:-1"},"canonical":"https:\/\/artes-visuales.org\/ca\/mobilitat\/","og_locale":"ca_ES","og_type":"article","og_title":"MOBILITAT - Artes Visuales y Educaci\u00f3n","og_description":"Mobilitat: Explora programes d'intercanvi, convenis internacionals i beques Erasmus del M\u00e0ster. Amplia els teus horitzons acad\u00e8mics!","og_url":"https:\/\/artes-visuales.org\/ca\/mobilitat\/","og_site_name":"Artes Visuales y Educaci\u00f3n","article_modified_time":"2026-01-08T10:18:03+00:00","twitter_card":"summary_large_image","twitter_misc":{"Temps estimat de lectura":"3 minuts"},"schema":{"@context":"https:\/\/schema.org","@graph":[{"@type":"WebPage","@id":"https:\/\/artes-visuales.org\/ca\/mobilitat\/","url":"https:\/\/artes-visuales.org\/ca\/mobilitat\/","name":"MOBILITAT - Artes Visuales y Educaci\u00f3n","isPartOf":{"@id":"https:\/\/artes-visuales.org\/#website"},"datePublished":"2015-09-16T09:44:31+00:00","dateModified":"2026-01-08T10:18:03+00:00","description":"Mobilitat: Explora programes d'intercanvi, convenis internacionals i beques Erasmus del M\u00e0ster. Amplia els teus horitzons acad\u00e8mics!","breadcrumb":{"@id":"https:\/\/artes-visuales.org\/ca\/mobilitat\/#breadcrumb"},"inLanguage":"ca","potentialAction":[{"@type":"ReadAction","target":["https:\/\/artes-visuales.org\/ca\/mobilitat\/"]}]},{"@type":"BreadcrumbList","@id":"https:\/\/artes-visuales.org\/ca\/mobilitat\/#breadcrumb","itemListElement":[{"@type":"ListItem","position":1,"name":"Portada","item":"https:\/\/artes-visuales.org\/ca\/"},{"@type":"ListItem","position":2,"name":"MOBILITAT"}]},{"@type":"WebSite","@id":"https:\/\/artes-visuales.org\/#website","url":"https:\/\/artes-visuales.org\/","name":"Artes Visuales y Educaci\u00f3n","description":"M\u00e1ster UGR","potentialAction":[{"@type":"SearchAction","target":{"@type":"EntryPoint","urlTemplate":"https:\/\/artes-visuales.org\/?s={search_term_string}"},"query-input":"required name=search_term_string"}],"inLanguage":"ca"}]}},"_links":{"self":[{"href":"https:\/\/artes-visuales.org\/ca\/wp-json\/wp\/v2\/pages\/5861","targetHints":{"allow":["GET"]}}],"collection":[{"href":"https:\/\/artes-visuales.org\/ca\/wp-json\/wp\/v2\/pages"}],"about":[{"href":"https:\/\/artes-visuales.org\/ca\/wp-json\/wp\/v2\/types\/page"}],"author":[{"embeddable":true,"href":"https:\/\/artes-visuales.org\/ca\/wp-json\/wp\/v2\/users\/2"}],"replies":[{"embeddable":true,"href":"https:\/\/artes-visuales.org\/ca\/wp-json\/wp\/v2\/comments?post=5861"}],"version-history":[{"count":4,"href":"https:\/\/artes-visuales.org\/ca\/wp-json\/wp\/v2\/pages\/5861\/revisions"}],"predecessor-version":[{"id":5903,"href":"https:\/\/artes-visuales.org\/ca\/wp-json\/wp\/v2\/pages\/5861\/revisions\/5903"}],"wp:attachment":[{"href":"https:\/\/artes-visuales.org\/ca\/wp-json\/wp\/v2\/media?parent=5861"}],"curies":[{"name":"wp","href":"https:\/\/api.w.org\/{rel}","templated":true}]}}