{"id":5847,"date":"2015-09-24T11:50:36","date_gmt":"2015-09-24T11:50:36","guid":{"rendered":"https:\/\/artes-visuales.org\/inscripcion-y-matricula\/"},"modified":"2026-01-08T10:17:33","modified_gmt":"2026-01-08T10:17:33","slug":"inscripcio-i-matricula","status":"publish","type":"page","link":"https:\/\/artes-visuales.org\/ca\/inscripcio-i-matricula\/","title":{"rendered":"INSCRIPCI\u00d3 Y MATR\u00cdCULA"},"content":{"rendered":"<div class=\"wpb-content-wrapper\">[vc_row][vc_column][vc_column_text]\n<div><a rel=\"noopener noreferrer\" href=\"http:\/\/artes-visuales.org\/wp-content\/uploads\/2015\/09\/informacion_nuevo_ingreso.pdf\" target=\"_blank\" class=\"button primary is-outline is-large\"  >\n    <span>DESCARREGA LA INFORMACI\u00d3 COMPLETA PER A L\u2019ALUMNAT DE NOU INGR\u00c9S<\/span>\n  <\/a>\n<\/div>\n<p>&nbsp;<\/p>\n<div><a rel=\"noopener noreferrer\" href=\"https:\/\/escuelaposgrado.ugr.es\/pages\/masteres_oficiales\/tramites_admin_alumnos_master\/informacion-y-normativa\/guiamatriculamaster\" target=\"_blank\" class=\"button primary is-outline is-large\"  >\n    <span>TUTORIAL D\u2019AUTOMATR\u00cdCULA AL M\u00c0STER<\/span>\n  <\/a>\n<\/div>\n[\/vc_column_text][\/vc_column][\/vc_row][vc_row][vc_column width=&#8221;1\/3&#8243;][vc_column_text]\n<h3>Universitat de Granada<\/h3>\n<p>\u00c9s necessari realitzar la sol\u00b7licitud <a href=\"https:\/\/www.juntadeandalucia.es\/economiaconocimientoempresasyuniversidad\/sguit\/?q=masteres\">aqu\u00ed.<\/a><\/p>\n<div><\/div>\n<p class=\"cuerpo\">Emplenar l\u2019entrevista d\u2019admissi\u00f3 (alumnat de la Universitat de Granada) 2024-25 (<a class=\"epigrafes\" href=\"http:\/\/artes-visuales.org\/wp-content\/uploads\/2024\/02\/ENTREVISTA-SOLICITANTES_UGR_2024-25.pdf\" target=\"_blank\" rel=\"noopener noreferrer\">DESCARREGAR DES D\u2019AQUEST ENLLA\u00c7<\/a>) i enviar-la a: <a class=\"epigrafes\" href=\"mailto:joaquinroldan@ugr.es\">joaquinroldan@ugr.es<\/a><\/p>\n<ul>\n<li><span style=\"color: #990000;\"><span style=\"color: #282828;\">Els estudiants nous que han estat admesos a trav\u00e9s del sistema de preinscripci\u00f3 han de realitzar la matr\u00edcula en l\u00ednia:<\/span> <a title=\"matricula online\" href=\"https:\/\/oficinavirtual.ugr.es\/apli\/automatricula_master\/identifica.jsp\" target=\"_blank\" rel=\"noopener noreferrer\">Matr\u00edcula en l\u00ednia<\/a><\/span><\/li>\n<li><span style=\"color: #990000;\"><span style=\"color: #282828;\">Els estudiants que desitgen renovar la seva matr\u00edcula han d\u2019obtenir el full de matr\u00edcula:<\/span> <a title=\"Descargar Hoja de matr\u00edcula presencial\" href=\"http:\/\/listados.ugr.es\/cgi-bin\/cgi60?report=hoja_matricula.rdf&amp;curso_academico=2015&amp;dto=M06&amp;plan=56&amp;num=1\" target=\"_blank\" rel=\"noopener noreferrer\">Descarregar full de matr\u00edcula presencial<\/a><\/span><\/li>\n<li><span style=\"color: #990000;\"><span style=\"color: #282828;\">En cas d\u2019error, han d\u2019adre\u00e7ar-se de manera presencial a l&#8217;Escola Internacional de Postgrau: C\/ Paz, 18. O b\u00e9, a trav\u00e9s del nostre contacte web:<\/span> <a title=\"Escuela Internacional de Posgrado\" href=\"http:\/\/escuelaposgrado.ugr.es\/pages\/contacto\" target=\"_blank\" rel=\"noopener noreferrer\">Escola Internacional de Postgrau<\/a><\/span><\/li>\n<\/ul>\n[\/vc_column_text][\/vc_column][vc_column width=&#8221;1\/3&#8243;][vc_column_text]\n<h3><strong>Universitat de Barcelona<\/strong><\/h3>\n<p>\u00c9s necessari realitzar la preinscripci\u00f3 en aquest <a href=\"https:\/\/www.ub.edu\/portal\/web\/bellasartes\/masteres-universitarios\/-\/ensenyament\/detallEnsenyament\/1047954\">enlla\u00e7<\/a>.<\/p>\n<div><\/div>\n<p class=\"cuerpo\">Juntament amb la sol\u00b7licitud s\u2019ha d\u2019incloure el t\u00edtol de grau o similar que d\u00f3na acc\u00e9s al m\u00e0ster, el certificat B2 d\u2019angl\u00e8s, el curr\u00edculum vitae i el <a href=\"http:\/\/artes-visuales.org\/wp-content\/uploads\/2022\/01\/Cuestionario-de-preinscripcion.docx\" target=\"_blank\" rel=\"noopener noreferrer\">q\u00fcestionari de motivaci\u00f3<\/a><\/p>\n[\/vc_column_text][\/vc_column][vc_column width=&#8221;1\/3&#8243;][vc_column_text]\n<h3>Universitat de Girona<\/h3>\n<p>\u00c9s necessari realitzar la preinscripci\u00f3 en aquest <a href=\"https:\/\/www.udg.edu\/es\/estudia\/Acces\/Acces-a-masters\">enlla\u00e7<\/a>.<\/p>\n<p>S\u2019han d\u2019omplir les dades necess\u00e0ries i aportar la <a href=\"https:\/\/www.udg.edu\/ca\/Portals\/1\/Acc%C3%A9s\/MASTERS\/DocMaster23_24_es.pdf\">documentaci\u00f3 requerida<\/a>.[\/vc_column_text][\/vc_column][\/vc_row][vc_row][vc_column][vc_column_text]<b>Reconeixement i transfer\u00e8ncia de cr\u00e8dits<\/b><\/p>\n<p>El reconeixement i la transfer\u00e8ncia de cr\u00e8dits es realitzaran d\u2019acord amb la normativa espec\u00edfica vigent a cadascuna de les seus.<\/p>\n<p><a href=\"https:\/\/masteres.ugr.es\/estudiantes\/tramites\/reconocimiento-creditos\">Universitat de Granada<\/a><\/p>\n<p><a href=\"https:\/\/www.ub.edu\/acad\/noracad\/es\/RC-GRAU-MASTER-ESP.pdf\">Universitat de Barcelona<\/a><\/p>\n<p><a href=\"https:\/\/www.udg.edu\/es\/estudia\/Tramits-normatives-i-preus\/Normatives\/Reconeixement-i-transferencia-de-credits\">Universitat de Girona<\/a><br \/>\n[\/vc_column_text][\/vc_column][\/vc_row][vc_row][vc_column][vc_column_text]\n<h3>Relaci\u00f3 oferta\/demanda en les places de nou ingr\u00e9s<\/h3>\n<p style=\"text-align: justify;\">A Granada s\u2019ha incrementat l\u2019oferta de places del m\u00e0ster, per\u00f2 hi ha una proposta de la Coordinaci\u00f3 per retornar a les 30 places inicialment verificades, aix\u00ed com una sol\u00b7licitud de l\u2019EIP de Granada per augmentar-les fins a 40. Donada la gran demanda del curs 2021-22, la CAM ho estudiar\u00e0.<\/p>\n<p style=\"text-align: justify;\">Igualment, a Barcelona ha augmentat molt el nombre de sol\u00b7licituds en l\u2019\u00faltim curs, cobrint-se pr\u00e0cticament la totalitat de les places (29).<\/p>\n<blockquote>\n<div>\n<table>\n<colgroup>\n<col width=\"95\" \/>\n<col width=\"36\" \/>\n<col width=\"36\" \/>\n<col width=\"34\" \/>\n<col width=\"36\" \/>\n<col width=\"36\" \/>\n<col width=\"33\" \/>\n<col width=\"39\" \/>\n<col width=\"42\" \/>\n<col width=\"33\" \/>\n<col width=\"40\" \/>\n<col width=\"42\" \/>\n<col width=\"33\" \/>\n<col width=\"37\" \/>\n<col width=\"36\" \/>\n<col width=\"36\" \/> <\/colgroup>\n<tbody>\n<tr>\n<td><\/td>\n<td colspan=\"3\">2010\/11<\/td>\n<td colspan=\"3\">2011\/12<\/td>\n<td colspan=\"3\">2012\/13<\/td>\n<td colspan=\"3\">2013\/14<\/td>\n<td colspan=\"3\">2014\/15<\/td>\n<\/tr>\n<tr>\n<td><\/td>\n<td>(1)<\/td>\n<td>(2)<\/td>\n<td>(3)<\/td>\n<td>(1)<\/td>\n<td>(2)<\/td>\n<td>(3)<\/td>\n<td>(1)<\/td>\n<td>(2)<\/td>\n<td>(3)<\/td>\n<td>(1)<\/td>\n<td>(2)<\/td>\n<td>(3)<\/td>\n<td>(1)<\/td>\n<td>(2)<\/td>\n<td>(3)<\/td>\n<\/tr>\n<tr>\n<td>T\u00edtol a la UGR<\/td>\n<td>30<\/td>\n<td>133<\/td>\n<td>4,43<\/td>\n<td>30<\/td>\n<td>95<\/td>\n<td>3,17<\/td>\n<td>35<\/td>\n<td>159<\/td>\n<td>4,54<\/td>\n<td>35<\/td>\n<td>123<\/td>\n<td>3,51<\/td>\n<td>35<\/td>\n<td>56<\/td>\n<td>1,60<\/td>\n<\/tr>\n<tr>\n<td>T\u00edtol a la UB<\/td>\n<td>30<\/td>\n<td>ND<\/td>\n<td>ND<\/td>\n<td>30<\/td>\n<td>ND<\/td>\n<td>ND<\/td>\n<td>30<\/td>\n<td>ND<\/td>\n<td>ND<\/td>\n<td>30<\/td>\n<td>57<\/td>\n<td>1,9<\/td>\n<td>30<\/td>\n<td>48<\/td>\n<td>1,60<\/td>\n<\/tr>\n<tr>\n<td>Rama<\/td>\n<td>2106<\/td>\n<td>2539<\/td>\n<td>1,21<\/td>\n<td>1861<\/td>\n<td>4657<\/td>\n<td>2,50<\/td>\n<td>2009<\/td>\n<td>5058<\/td>\n<td>2,52<\/td>\n<td>2127<\/td>\n<td>5258<\/td>\n<td>2,47<\/td>\n<td>1815<\/td>\n<td>4723<\/td>\n<td>2,60<\/td>\n<\/tr>\n<tr>\n<td>UGR<\/td>\n<td>3969<\/td>\n<td>5921<\/td>\n<td>1,49<\/td>\n<td>3829<\/td>\n<td>8749<\/td>\n<td>2,28<\/td>\n<td>4302<\/td>\n<td>10195<\/td>\n<td>2,37<\/td>\n<td>4527<\/td>\n<td>10348<\/td>\n<td>2,29<\/td>\n<td>4094<\/td>\n<td>9441<\/td>\n<td>2,31<\/td>\n<\/tr>\n<\/tbody>\n<\/table>\n<\/div>\n<\/blockquote>\n<blockquote><p>(1) Oferta, (2) Sol\u00b7licituds, (3) Relaci\u00f3 Sol\u00b7licitud-Oferta<\/p><\/blockquote>\n[\/vc_column_text][\/vc_column][\/vc_row]\n<\/div>","protected":false},"excerpt":{"rendered":"[vc_row][vc_column][vc_column_text] &nbsp; [\/vc_column_text][\/vc_column][\/vc_row][vc_row][vc_column width=&#8221;1\/3&#8243;][vc_column_text] Universitat de Granada \u00c9s necessari realitzar la sol\u00b7licitud aqu\u00ed. Emplenar l\u2019entrevista d\u2019admissi\u00f3 (alumnat de la Universitat de Granada) 2024-25 (DESCARREGAR DES D\u2019AQUEST ENLLA\u00c7) i enviar-la a: joaquinroldan@ugr.es Els estudiants nous que han estat admesos a trav\u00e9s del sistema de preinscripci\u00f3 han de realitzar la matr\u00edcula en l\u00ednia: Matr\u00edcula en l\u00ednia Els [&#8230;]\n","protected":false},"author":2,"featured_media":0,"parent":0,"menu_order":0,"comment_status":"closed","ping_status":"closed","template":"page-blank-title-center.php","meta":{"footnotes":""},"class_list":["post-5847","page","type-page","status-publish","hentry"],"yoast_head":"<!-- This site is optimized with the Yoast SEO plugin v20.5 - https:\/\/yoast.com\/wordpress\/plugins\/seo\/ -->\n<title>INSCRIPCI\u00d3 Y MATR\u00cdCULA - Artes Visuales y Educaci\u00f3n<\/title>\n<meta name=\"description\" content=\"Inscripci\u00f3 i Matr\u00edcula: Guia pas a pas, terminis oficials i preus del M\u00e0ster en Arts Visuals. Reserva la teva pla\u00e7a i matricula&#039;t ara!\" \/>\n<meta name=\"robots\" content=\"index, follow, max-snippet:-1, max-image-preview:large, max-video-preview:-1\" \/>\n<link rel=\"canonical\" href=\"https:\/\/artes-visuales.org\/ca\/inscripcio-i-matricula\/\" \/>\n<meta property=\"og:locale\" content=\"ca_ES\" \/>\n<meta property=\"og:type\" content=\"article\" \/>\n<meta property=\"og:title\" content=\"INSCRIPCI\u00d3 Y MATR\u00cdCULA - Artes Visuales y Educaci\u00f3n\" \/>\n<meta property=\"og:description\" content=\"Inscripci\u00f3 i Matr\u00edcula: Guia pas a pas, terminis oficials i preus del M\u00e0ster en Arts Visuals. Reserva la teva pla\u00e7a i matricula&#039;t ara!\" \/>\n<meta property=\"og:url\" content=\"https:\/\/artes-visuales.org\/ca\/inscripcio-i-matricula\/\" \/>\n<meta property=\"og:site_name\" content=\"Artes Visuales y Educaci\u00f3n\" \/>\n<meta property=\"article:modified_time\" content=\"2026-01-08T10:17:33+00:00\" \/>\n<meta name=\"twitter:card\" content=\"summary_large_image\" \/>\n<meta name=\"twitter:label1\" content=\"Temps estimat de lectura\" \/>\n\t<meta name=\"twitter:data1\" content=\"2 minuts\" \/>\n<script type=\"application\/ld+json\" class=\"yoast-schema-graph\">{\"@context\":\"https:\/\/schema.org\",\"@graph\":[{\"@type\":\"WebPage\",\"@id\":\"https:\/\/artes-visuales.org\/ca\/inscripcio-i-matricula\/\",\"url\":\"https:\/\/artes-visuales.org\/ca\/inscripcio-i-matricula\/\",\"name\":\"INSCRIPCI\u00d3 Y MATR\u00cdCULA - Artes Visuales y Educaci\u00f3n\",\"isPartOf\":{\"@id\":\"https:\/\/artes-visuales.org\/#website\"},\"datePublished\":\"2015-09-24T11:50:36+00:00\",\"dateModified\":\"2026-01-08T10:17:33+00:00\",\"description\":\"Inscripci\u00f3 i Matr\u00edcula: Guia pas a pas, terminis oficials i preus del M\u00e0ster en Arts Visuals. Reserva la teva pla\u00e7a i matricula't ara!\",\"breadcrumb\":{\"@id\":\"https:\/\/artes-visuales.org\/ca\/inscripcio-i-matricula\/#breadcrumb\"},\"inLanguage\":\"ca\",\"potentialAction\":[{\"@type\":\"ReadAction\",\"target\":[\"https:\/\/artes-visuales.org\/ca\/inscripcio-i-matricula\/\"]}]},{\"@type\":\"BreadcrumbList\",\"@id\":\"https:\/\/artes-visuales.org\/ca\/inscripcio-i-matricula\/#breadcrumb\",\"itemListElement\":[{\"@type\":\"ListItem\",\"position\":1,\"name\":\"Portada\",\"item\":\"https:\/\/artes-visuales.org\/ca\/\"},{\"@type\":\"ListItem\",\"position\":2,\"name\":\"INSCRIPCI\u00d3 Y MATR\u00cdCULA\"}]},{\"@type\":\"WebSite\",\"@id\":\"https:\/\/artes-visuales.org\/#website\",\"url\":\"https:\/\/artes-visuales.org\/\",\"name\":\"Artes Visuales y Educaci\u00f3n\",\"description\":\"M\u00e1ster UGR\",\"potentialAction\":[{\"@type\":\"SearchAction\",\"target\":{\"@type\":\"EntryPoint\",\"urlTemplate\":\"https:\/\/artes-visuales.org\/?s={search_term_string}\"},\"query-input\":\"required name=search_term_string\"}],\"inLanguage\":\"ca\"}]}<\/script>\n<!-- \/ Yoast SEO plugin. -->","yoast_head_json":{"title":"INSCRIPCI\u00d3 Y MATR\u00cdCULA - Artes Visuales y Educaci\u00f3n","description":"Inscripci\u00f3 i Matr\u00edcula: Guia pas a pas, terminis oficials i preus del M\u00e0ster en Arts Visuals. Reserva la teva pla\u00e7a i matricula't ara!","robots":{"index":"index","follow":"follow","max-snippet":"max-snippet:-1","max-image-preview":"max-image-preview:large","max-video-preview":"max-video-preview:-1"},"canonical":"https:\/\/artes-visuales.org\/ca\/inscripcio-i-matricula\/","og_locale":"ca_ES","og_type":"article","og_title":"INSCRIPCI\u00d3 Y MATR\u00cdCULA - Artes Visuales y Educaci\u00f3n","og_description":"Inscripci\u00f3 i Matr\u00edcula: Guia pas a pas, terminis oficials i preus del M\u00e0ster en Arts Visuals. Reserva la teva pla\u00e7a i matricula't ara!","og_url":"https:\/\/artes-visuales.org\/ca\/inscripcio-i-matricula\/","og_site_name":"Artes Visuales y Educaci\u00f3n","article_modified_time":"2026-01-08T10:17:33+00:00","twitter_card":"summary_large_image","twitter_misc":{"Temps estimat de lectura":"2 minuts"},"schema":{"@context":"https:\/\/schema.org","@graph":[{"@type":"WebPage","@id":"https:\/\/artes-visuales.org\/ca\/inscripcio-i-matricula\/","url":"https:\/\/artes-visuales.org\/ca\/inscripcio-i-matricula\/","name":"INSCRIPCI\u00d3 Y MATR\u00cdCULA - Artes Visuales y Educaci\u00f3n","isPartOf":{"@id":"https:\/\/artes-visuales.org\/#website"},"datePublished":"2015-09-24T11:50:36+00:00","dateModified":"2026-01-08T10:17:33+00:00","description":"Inscripci\u00f3 i Matr\u00edcula: Guia pas a pas, terminis oficials i preus del M\u00e0ster en Arts Visuals. Reserva la teva pla\u00e7a i matricula't ara!","breadcrumb":{"@id":"https:\/\/artes-visuales.org\/ca\/inscripcio-i-matricula\/#breadcrumb"},"inLanguage":"ca","potentialAction":[{"@type":"ReadAction","target":["https:\/\/artes-visuales.org\/ca\/inscripcio-i-matricula\/"]}]},{"@type":"BreadcrumbList","@id":"https:\/\/artes-visuales.org\/ca\/inscripcio-i-matricula\/#breadcrumb","itemListElement":[{"@type":"ListItem","position":1,"name":"Portada","item":"https:\/\/artes-visuales.org\/ca\/"},{"@type":"ListItem","position":2,"name":"INSCRIPCI\u00d3 Y MATR\u00cdCULA"}]},{"@type":"WebSite","@id":"https:\/\/artes-visuales.org\/#website","url":"https:\/\/artes-visuales.org\/","name":"Artes Visuales y Educaci\u00f3n","description":"M\u00e1ster UGR","potentialAction":[{"@type":"SearchAction","target":{"@type":"EntryPoint","urlTemplate":"https:\/\/artes-visuales.org\/?s={search_term_string}"},"query-input":"required name=search_term_string"}],"inLanguage":"ca"}]}},"_links":{"self":[{"href":"https:\/\/artes-visuales.org\/ca\/wp-json\/wp\/v2\/pages\/5847","targetHints":{"allow":["GET"]}}],"collection":[{"href":"https:\/\/artes-visuales.org\/ca\/wp-json\/wp\/v2\/pages"}],"about":[{"href":"https:\/\/artes-visuales.org\/ca\/wp-json\/wp\/v2\/types\/page"}],"author":[{"embeddable":true,"href":"https:\/\/artes-visuales.org\/ca\/wp-json\/wp\/v2\/users\/2"}],"replies":[{"embeddable":true,"href":"https:\/\/artes-visuales.org\/ca\/wp-json\/wp\/v2\/comments?post=5847"}],"version-history":[{"count":7,"href":"https:\/\/artes-visuales.org\/ca\/wp-json\/wp\/v2\/pages\/5847\/revisions"}],"predecessor-version":[{"id":5922,"href":"https:\/\/artes-visuales.org\/ca\/wp-json\/wp\/v2\/pages\/5847\/revisions\/5922"}],"wp:attachment":[{"href":"https:\/\/artes-visuales.org\/ca\/wp-json\/wp\/v2\/media?parent=5847"}],"curies":[{"name":"wp","href":"https:\/\/api.w.org\/{rel}","templated":true}]}}