{"id":5841,"date":"2025-11-17T11:44:22","date_gmt":"2025-11-17T11:44:22","guid":{"rendered":"https:\/\/artes-visuales.org\/recursos-e-infraestructuras\/"},"modified":"2026-01-08T10:16:20","modified_gmt":"2026-01-08T10:16:20","slug":"recursos-i-infraestructures","status":"publish","type":"page","link":"https:\/\/artes-visuales.org\/ca\/recursos-i-infraestructures\/","title":{"rendered":"RECURSOS I INFRAESTRUCTURES"},"content":{"rendered":"<p style=\"text-align: justify;\">El m\u00e0ster posa a disposici\u00f3 de l\u2019alumnat, a m\u00e9s de les aules destinades a la doc\u00e8ncia te\u00f2rica, una s\u00e8rie d\u2019espais i recursos espec\u00edficament orientats al desenvolupament pr\u00e0ctic i experimental. Aquests entorns \u2014equipats per a la producci\u00f3 visual, la recerca art\u00edstica i el treball col\u00b7laboratiu\u2014 permeten a l\u2019estudiantat explorar materials, tecnologies i metodologies pr\u00f2pies de l\u2019\u00e0mbit de les arts visuals en un context formatiu. La seva finalitat \u00e9s complementar els continguts del programa, oferint condicions adequades per a l\u2019aprenentatge basat en la pr\u00e0ctica i facilitant la realitzaci\u00f3 de projectes, prototips i propostes art\u00edstiques vinculades als diferents m\u00f2duls del m\u00e0ster. Aquests recursos constitueixen un suport fonamental per al desenvolupament competencial i la construcci\u00f3 d\u2019un perfil professional i acad\u00e8mic s\u00f2lid en la intersecci\u00f3 entre art, educaci\u00f3 i mediaci\u00f3 cultural.<\/p>\n\t<div id=\"accordion-3378200291\" class=\"accordion-item\">\n\t\t<a id=\"accordion-3378200291-label\" class=\"accordion-title plain\" href=\"#accordion-item-granada\" aria-expanded=\"false\" aria-controls=\"accordion-3378200291-content\" >\n\t\t\t<button class=\"toggle\" aria-label=\"Toggle\"><i class=\"icon-angle-down\"><\/i><\/button>\n\t\t\t<span>Granada<\/span>\n\t\t<\/a>\n\t\t<div id=\"accordion-3378200291-content\" class=\"accordion-inner\" aria-labelledby=\"accordion-3378200291-label\" >\n\t\t\t\n<p><strong>Laboratori de Fotografia i Imatge Digital<\/strong>. Estudi fotogr\u00e0fic dotat amb focus de llum cont\u00ednua, pantalles difusores, pantalles reflectores, fons neutres, tr\u00edpodes i c\u00e0meres de format complet i APS-C.<\/p>\n<p><strong>Laboratori de 3D i Realitat Virtual.<\/strong> Espai de creaci\u00f3 art\u00edstica equipat amb impressora 3D, esc\u00e0ner 3D, ulleres de realitat virtual i equip inform\u00e0tic de suport.<\/p>\n<p><strong>Laboratori de fotografia anal\u00f2gica.<\/strong> Espai per al revelatge qu\u00edmic dotat amb instruments, ampliadores i productes per al revelatge de negatius B\/N i positivats en B\/N.<\/p>\n<p><strong>Taller de gravat.<\/strong> Espai per a la realitzaci\u00f3 de gravat i estampaci\u00f3 equipat amb un t\u00f2rcul de gran format, aix\u00ed com t\u00f2rculs port\u00e0tils.<\/p>\n<p><a href=\"http:\/\/artes-visuales.org\/wp-content\/uploads\/2025\/11\/indicadors_calitat-infraestructura.pdf\">Indicadors de satisfacci\u00f3 d\u2019infraestructures i recursos<\/a><\/p>\n\t\t<\/div>\n\t<\/div>\n\t\n\t<div id=\"accordion-2919590029\" class=\"accordion-item\">\n\t\t<a id=\"accordion-2919590029-label\" class=\"accordion-title plain\" href=\"#accordion-item-barcelona\" aria-expanded=\"false\" aria-controls=\"accordion-2919590029-content\" >\n\t\t\t<button class=\"toggle\" aria-label=\"Toggle\"><i class=\"icon-angle-down\"><\/i><\/button>\n\t\t\t<span>Barcelona<\/span>\n\t\t<\/a>\n\t\t<div id=\"accordion-2919590029-content\" class=\"accordion-inner\" aria-labelledby=\"accordion-2919590029-label\" >\n\t\t\t\n<p>&nbsp;<\/p>\n\t\t<\/div>\n\t<\/div>\n\t\n\t<div id=\"accordion-318825774\" class=\"accordion-item\">\n\t\t<a id=\"accordion-318825774-label\" class=\"accordion-title plain\" href=\"#accordion-item-girona\" aria-expanded=\"false\" aria-controls=\"accordion-318825774-content\" >\n\t\t\t<button class=\"toggle\" aria-label=\"Toggle\"><i class=\"icon-angle-down\"><\/i><\/button>\n\t\t\t<span>Girona<\/span>\n\t\t<\/a>\n\t\t<div id=\"accordion-318825774-content\" class=\"accordion-inner\" aria-labelledby=\"accordion-318825774-label\" >\n\t\t\t\t\t<\/div>\n\t<\/div>\n\t\n","protected":false},"excerpt":{"rendered":"<p>El m\u00e0ster posa a disposici\u00f3 de l\u2019alumnat, a m\u00e9s de les aules destinades a la doc\u00e8ncia te\u00f2rica, una s\u00e8rie d\u2019espais i recursos espec\u00edficament orientats al desenvolupament pr\u00e0ctic i experimental. Aquests entorns \u2014equipats per a la producci\u00f3 visual, la recerca art\u00edstica i el treball col\u00b7laboratiu\u2014 permeten a l\u2019estudiantat explorar materials, tecnologies i metodologies pr\u00f2pies de l\u2019\u00e0mbit [&#8230;]\n","protected":false},"author":5,"featured_media":0,"parent":0,"menu_order":0,"comment_status":"closed","ping_status":"closed","template":"","meta":{"footnotes":""},"class_list":["post-5841","page","type-page","status-publish","hentry"],"yoast_head":"<!-- This site is optimized with the Yoast SEO plugin v20.5 - https:\/\/yoast.com\/wordpress\/plugins\/seo\/ -->\n<title>RECURSOS I INFRAESTRUCTURES - Artes Visuales y Educaci\u00f3n<\/title>\n<meta name=\"description\" content=\"Recursos i Infraestructures: espais de treball, tallers i equipament t\u00e8cnic per a la recerca en arts visuals. Les millors eines al teu abast!\" \/>\n<meta name=\"robots\" content=\"index, follow, max-snippet:-1, max-image-preview:large, max-video-preview:-1\" \/>\n<link rel=\"canonical\" href=\"https:\/\/artes-visuales.org\/ca\/recursos-i-infraestructures\/\" \/>\n<meta property=\"og:locale\" content=\"ca_ES\" \/>\n<meta property=\"og:type\" content=\"article\" \/>\n<meta property=\"og:title\" content=\"RECURSOS I INFRAESTRUCTURES - Artes Visuales y Educaci\u00f3n\" \/>\n<meta property=\"og:description\" content=\"Recursos i Infraestructures: espais de treball, tallers i equipament t\u00e8cnic per a la recerca en arts visuals. Les millors eines al teu abast!\" \/>\n<meta property=\"og:url\" content=\"https:\/\/artes-visuales.org\/ca\/recursos-i-infraestructures\/\" \/>\n<meta property=\"og:site_name\" content=\"Artes Visuales y Educaci\u00f3n\" \/>\n<meta property=\"article:modified_time\" content=\"2026-01-08T10:16:20+00:00\" \/>\n<meta name=\"twitter:card\" content=\"summary_large_image\" \/>\n<meta name=\"twitter:label1\" content=\"Temps estimat de lectura\" \/>\n\t<meta name=\"twitter:data1\" content=\"2 minuts\" \/>\n<script type=\"application\/ld+json\" class=\"yoast-schema-graph\">{\"@context\":\"https:\/\/schema.org\",\"@graph\":[{\"@type\":\"WebPage\",\"@id\":\"https:\/\/artes-visuales.org\/ca\/recursos-i-infraestructures\/\",\"url\":\"https:\/\/artes-visuales.org\/ca\/recursos-i-infraestructures\/\",\"name\":\"RECURSOS I INFRAESTRUCTURES - Artes Visuales y Educaci\u00f3n\",\"isPartOf\":{\"@id\":\"https:\/\/artes-visuales.org\/#website\"},\"datePublished\":\"2025-11-17T11:44:22+00:00\",\"dateModified\":\"2026-01-08T10:16:20+00:00\",\"description\":\"Recursos i Infraestructures: espais de treball, tallers i equipament t\u00e8cnic per a la recerca en arts visuals. Les millors eines al teu abast!\",\"breadcrumb\":{\"@id\":\"https:\/\/artes-visuales.org\/ca\/recursos-i-infraestructures\/#breadcrumb\"},\"inLanguage\":\"ca\",\"potentialAction\":[{\"@type\":\"ReadAction\",\"target\":[\"https:\/\/artes-visuales.org\/ca\/recursos-i-infraestructures\/\"]}]},{\"@type\":\"BreadcrumbList\",\"@id\":\"https:\/\/artes-visuales.org\/ca\/recursos-i-infraestructures\/#breadcrumb\",\"itemListElement\":[{\"@type\":\"ListItem\",\"position\":1,\"name\":\"Portada\",\"item\":\"https:\/\/artes-visuales.org\/ca\/\"},{\"@type\":\"ListItem\",\"position\":2,\"name\":\"RECURSOS I INFRAESTRUCTURES\"}]},{\"@type\":\"WebSite\",\"@id\":\"https:\/\/artes-visuales.org\/#website\",\"url\":\"https:\/\/artes-visuales.org\/\",\"name\":\"Artes Visuales y Educaci\u00f3n\",\"description\":\"M\u00e1ster UGR\",\"potentialAction\":[{\"@type\":\"SearchAction\",\"target\":{\"@type\":\"EntryPoint\",\"urlTemplate\":\"https:\/\/artes-visuales.org\/?s={search_term_string}\"},\"query-input\":\"required name=search_term_string\"}],\"inLanguage\":\"ca\"}]}<\/script>\n<!-- \/ Yoast SEO plugin. -->","yoast_head_json":{"title":"RECURSOS I INFRAESTRUCTURES - Artes Visuales y Educaci\u00f3n","description":"Recursos i Infraestructures: espais de treball, tallers i equipament t\u00e8cnic per a la recerca en arts visuals. Les millors eines al teu abast!","robots":{"index":"index","follow":"follow","max-snippet":"max-snippet:-1","max-image-preview":"max-image-preview:large","max-video-preview":"max-video-preview:-1"},"canonical":"https:\/\/artes-visuales.org\/ca\/recursos-i-infraestructures\/","og_locale":"ca_ES","og_type":"article","og_title":"RECURSOS I INFRAESTRUCTURES - Artes Visuales y Educaci\u00f3n","og_description":"Recursos i Infraestructures: espais de treball, tallers i equipament t\u00e8cnic per a la recerca en arts visuals. Les millors eines al teu abast!","og_url":"https:\/\/artes-visuales.org\/ca\/recursos-i-infraestructures\/","og_site_name":"Artes Visuales y Educaci\u00f3n","article_modified_time":"2026-01-08T10:16:20+00:00","twitter_card":"summary_large_image","twitter_misc":{"Temps estimat de lectura":"2 minuts"},"schema":{"@context":"https:\/\/schema.org","@graph":[{"@type":"WebPage","@id":"https:\/\/artes-visuales.org\/ca\/recursos-i-infraestructures\/","url":"https:\/\/artes-visuales.org\/ca\/recursos-i-infraestructures\/","name":"RECURSOS I INFRAESTRUCTURES - Artes Visuales y Educaci\u00f3n","isPartOf":{"@id":"https:\/\/artes-visuales.org\/#website"},"datePublished":"2025-11-17T11:44:22+00:00","dateModified":"2026-01-08T10:16:20+00:00","description":"Recursos i Infraestructures: espais de treball, tallers i equipament t\u00e8cnic per a la recerca en arts visuals. Les millors eines al teu abast!","breadcrumb":{"@id":"https:\/\/artes-visuales.org\/ca\/recursos-i-infraestructures\/#breadcrumb"},"inLanguage":"ca","potentialAction":[{"@type":"ReadAction","target":["https:\/\/artes-visuales.org\/ca\/recursos-i-infraestructures\/"]}]},{"@type":"BreadcrumbList","@id":"https:\/\/artes-visuales.org\/ca\/recursos-i-infraestructures\/#breadcrumb","itemListElement":[{"@type":"ListItem","position":1,"name":"Portada","item":"https:\/\/artes-visuales.org\/ca\/"},{"@type":"ListItem","position":2,"name":"RECURSOS I INFRAESTRUCTURES"}]},{"@type":"WebSite","@id":"https:\/\/artes-visuales.org\/#website","url":"https:\/\/artes-visuales.org\/","name":"Artes Visuales y Educaci\u00f3n","description":"M\u00e1ster UGR","potentialAction":[{"@type":"SearchAction","target":{"@type":"EntryPoint","urlTemplate":"https:\/\/artes-visuales.org\/?s={search_term_string}"},"query-input":"required name=search_term_string"}],"inLanguage":"ca"}]}},"_links":{"self":[{"href":"https:\/\/artes-visuales.org\/ca\/wp-json\/wp\/v2\/pages\/5841","targetHints":{"allow":["GET"]}}],"collection":[{"href":"https:\/\/artes-visuales.org\/ca\/wp-json\/wp\/v2\/pages"}],"about":[{"href":"https:\/\/artes-visuales.org\/ca\/wp-json\/wp\/v2\/types\/page"}],"author":[{"embeddable":true,"href":"https:\/\/artes-visuales.org\/ca\/wp-json\/wp\/v2\/users\/5"}],"replies":[{"embeddable":true,"href":"https:\/\/artes-visuales.org\/ca\/wp-json\/wp\/v2\/comments?post=5841"}],"version-history":[{"count":2,"href":"https:\/\/artes-visuales.org\/ca\/wp-json\/wp\/v2\/pages\/5841\/revisions"}],"predecessor-version":[{"id":5845,"href":"https:\/\/artes-visuales.org\/ca\/wp-json\/wp\/v2\/pages\/5841\/revisions\/5845"}],"wp:attachment":[{"href":"https:\/\/artes-visuales.org\/ca\/wp-json\/wp\/v2\/media?parent=5841"}],"curies":[{"name":"wp","href":"https:\/\/api.w.org\/{rel}","templated":true}]}}