{"id":5837,"date":"2015-09-16T09:41:20","date_gmt":"2015-09-16T09:41:20","guid":{"rendered":"https:\/\/artes-visuales.org\/practicas-externas\/"},"modified":"2026-01-08T10:15:17","modified_gmt":"2026-01-08T10:15:17","slug":"practiques-externes","status":"publish","type":"page","link":"https:\/\/artes-visuales.org\/ca\/practiques-externes\/","title":{"rendered":"PR\u00c0CTIQUES EXTERNES"},"content":{"rendered":"<div class=\"wpb-content-wrapper\">[vc_row][vc_column][vc_column_text css=&#8221;&#8221;]\n<p class=\"epigrafes\" style=\"text-align: justify;\" align=\"left\"><span class=\"cuerpo\"><br \/>\nA cada estudiant (o grup d\u2019estudiants en el cas que diversos realitzin les pr\u00e0ctiques en un mateix centre) se li assigna un tutor o tutora, amb qui s\u2019ha de reunir amb una periodicitat quinzenal per fer un seguiment del treball realitzat en les pr\u00e0ctiques i de la mem\u00f2ria de les mateixes, amb la finalitat de discriminar entre diferents perspectives metodol\u00f2giques per realitzar un projecte de recerca sobre les pr\u00e0ctiques culturals vinculades a les arts i dissenyar materials formatius i educatius (en suports virtuals i anal\u00f2gics) relacionats amb les arts visuals.<br \/>\n<\/span><\/p>\n<p class=\"epigrafes\" style=\"text-align: justify;\" align=\"left\"><span class=\"cuerpo\"><br \/>\nAmb periodicitat mensual es realitzen sessions grupals per compartir metodologies de recerca sobre les pr\u00e0ctiques i experi\u00e8ncies discursives relacionades amb les arts visuals i l\u2019educaci\u00f3, i per gestionar projectes formatius relacionats amb les arts visuals i l\u2019educaci\u00f3 en diferents entorns institucionals i comunitaris.<br \/>\n<\/span><\/p>\n<p align=\"left\"><a href=\"https:\/\/artes-visuales.org\/plan-de-coordinacion-de-practicas\/\">Pla de coordinaci\u00f3 de pr\u00e0ctiques<\/a><\/p>\n<p align=\"left\"><a href=\"http:\/\/artes-visuales.org\/wp-content\/uploads\/2025\/11\/Perfiles-academicos-del-profesorado-tutor.pdf\">Perfils gen\u00e8rics per al professorat de pr\u00e0ctiques<\/a><\/p>\n<p align=\"left\"><a href=\"http:\/\/artes-visuales.org\/wp-content\/uploads\/2025\/11\/Profesorado-que-tutoriza-practicas-y-sus-perfiles.pdf\">Professorat que tutoritza pr\u00e0ctiques i els seus perfils<\/a><\/p>\n<h3 class=\"accordion_title\">Nombre d\u2019estudiants i Institucions col\u00b7laboradores per a les pr\u00e0ctiques<\/h3><div class=\"accordion\">\n\t<div id=\"accordion-3326074292\" class=\"accordion-item\">\n\t\t<a id=\"accordion-3326074292-label\" class=\"accordion-title plain\" href=\"#accordion-item-granada\" aria-expanded=\"false\" aria-controls=\"accordion-3326074292-content\" >\n\t\t\t<button class=\"toggle\" aria-label=\"Toggle\"><i class=\"icon-angle-down\"><\/i><\/button>\n\t\t\t<span>Granada<\/span>\n\t\t<\/a>\n\t\t<div id=\"accordion-3326074292-content\" class=\"accordion-inner\" aria-labelledby=\"accordion-3326074292-label\" >\n\t\t\t\n<p><a href=\"http:\/\/artes-visuales.org\/wp-content\/uploads\/2024\/10\/Solicitudes-Practicas-MAVE-2024-25_2.0.pdf\">SOL\u00b7LICITUD PR\u00c0CTIQUES<\/a><\/p>\n<p><strong>LLISTAT D\u2019INSTITUCIONS, ORGANISMES AMB CONVENIS ESTABLERTS I NOMBRE DE PLACES<\/strong><\/p>\n<p>Museu CajaGRANADA Mem\u00f2ria d\u2019Andalusia (3) | <a href=\"http:\/\/www.cajagranadafundacion.es\/home.html\">https:\/\/www.cajagranadafundacion.es\/home.html<\/a><\/p>\n<p>Centre Jos\u00e9 Guerrero (Diputaci\u00f3 de Granada) (1) | <a href=\"http:\/\/www.centroguerrero.org\/\">https:\/\/www.centroguerrero.org<\/a><\/p>\n<p>Alhambra Educa (Granada) (1) | <a href=\"https:\/\/www.alhambra-patronato.es\/descubrir\/aprende\/programas\">https:\/\/www.alhambra-patronato.es\/descubrir\/aprende\/programas<\/a><\/p>\n<p>Museu Parc de les Ci\u00e8ncies de Granada (1) | <a href=\"http:\/\/www.parqueciencias.com\/\">https:\/\/www.parqueciencias.com<\/a><\/p>\n<p>Museu W\u00fcrt (La Rioja, Espanya) (1) | <a href=\"http:\/\/www.museowurth.es\/\">https:\/\/www.museowurth.es<\/a><\/p>\n<p>CA3 Centre Andal\u00fas de Creaci\u00f3 Contempor\u00e0nia (C\u00f2rdova) (1) | <a href=\"https:\/\/www.c3a.es\/\">https:\/\/www.c3a.es<\/a><\/p>\n<p>Societat Cooperativa Andalusa ZAGAL. Col\u00b7legi de Prim\u00e0ria Alquer\u00eda (1) | <a href=\"http:\/\/www.alqueria.es\/\">https:\/\/www.alqueria.es<\/a><\/p>\n<p>Col\u00b7legi Santa Mar\u00eda Micaela de la Chana (1) | <a href=\"http:\/\/www.educateca.com\/centros\/maria-micaela-gr.asp\">https:\/\/www.educateca.com\/centros\/maria-micaela-gr.asp<\/a><\/p>\n<p>Col\u00b7legi Juan XXIII de la Chana (1) | <a href=\"http:\/\/www.juanxxiiigranada.org\/ver_noticia.aspx?id=29158\">https:\/\/www.juanxxiiigranada.org\/ver_noticia.aspx?id=29158<\/a><\/p>\n<p>Col\u00b7legi Concertat Cerrillo de Maracena (1) | <a href=\"http:\/\/colegiocerrillodemaracena.blogspot.com\/\">https:\/\/colegiocerrillodemaracena.blogspot.com<\/a><\/p>\n<p>Fundaci\u00f3 Patronat Avenmariano de Granada (Ave Mar\u00eda San Isidro, Ave Mar\u00eda Albolote, Ave Mar\u00eda de la Quinta, Ave Mar\u00eda San Crist\u00f3bal, Ave Mar\u00eda Casa Madre, Ave Mar\u00eda Varadero Santa Adela, Ave Mar\u00eda Vistillas, Ave Mar\u00eda Esparraguera) (1 per centre) | <a href=\"https:\/\/www.amgr.es\/web\/fundacion\/\">https:\/\/www.amgr.es\/web\/fundacion\/<\/a><\/p>\n<p>Fundaci\u00f3 P\u00fablica Local Granada Educa (1) | <a href=\"https:\/\/www.fundaciongranadaeduca.org\/\">https:\/\/www.fundaciongranadaeduca.org<\/a><\/p>\n<p>Col\u00b7legi Pare Manj\u00f3n Obra Social (1) | <a href=\"https:\/\/www.padremanjon.net\/\">https:\/\/www.padremanjon.net<\/a><\/p>\n<p>Fundaci\u00f3 Trilema Madrid (1) | <a href=\"https:\/\/www.fundaciontrilema.org\/\">https:\/\/www.fundaciontrilema.org<\/a><\/p>\n<p>Facultat de Ci\u00e8ncies de l\u2019Educaci\u00f3 Ciudad Real (1) | <a href=\"http:\/\/www.uclm.es\/cr\/educacion\">https:\/\/www.uclm.es\/cr\/educacion<\/a><\/p>\n<p>Escola Superior d\u2019Arquitectura Universitat de Sevilla (1) | <a href=\"http:\/\/www.etsa.us.es\/\">https:\/\/www.etsa.us.es<\/a><\/p>\n<p>Estaci\u00f3n Dise\u00f1o (Escola Disseny Granada S.L.) | <a href=\"http:\/\/www.estaciondiseno.es\/\">https:\/\/www.estaciondiseno.es\/<\/a><\/p>\n<p>Escola d\u2019Art Granada (1) | <a href=\"https:\/\/www.escuelaartegranada.com\/\">https:\/\/www.escuelaartegranada.com<\/a><\/p>\n<p>Centre de Dansa Entreacto (Almeria) (1) | <a href=\"https:\/\/www.facebook.com\/entreacto.centrodedanza\/\">https:\/\/www.facebook.com\/entreacto.centrodedanza\/<\/a><\/p>\n<p>Ajuntament<\/p>\n<p>Centre Europeu de les Dones \u2018Mariana Pineda\u2019, Ajuntament de Granada (1) | <a href=\"http:\/\/www.marianapineda.com\/\">https:\/\/www.marianapineda.com\/<\/a><\/p>\n<p>Ajuntament de Martos, Ja\u00e9n (1) | <a href=\"http:\/\/www.martos.es\/\">https:\/\/www.martos.es\/<\/a><\/p>\n<p>Ajuntament de Rute (C\u00f2rdova) (1) | <a href=\"https:\/\/www.rute.es\/\">https:\/\/www.rute.es<\/a><\/p>\n<p>Ajuntament de Lanjar\u00f3n (1)<\/p>\n<p>Associaci\u00f3 Marroquina per a la Integraci\u00f3 d\u2019Immigrants (1) | <a href=\"https:\/\/www.asociacionmarroqui.com\/\">https:\/\/www.asociacionmarroqui.com<\/a><\/p>\n<p>Associaci\u00f3 ACOES Granada CREA (<a href=\"http:\/\/artes-visuales.org\/wp-content\/uploads\/2025\/11\/subgrupos-practicas_UGR.jpeg\">subgrup de pr\u00e0ctiques<\/a>) (7) | <a href=\"https:\/\/acoes.org\/\">https:\/\/acoes.org<\/a> | <a href=\"http:\/\/www.arteparaaprender.org\/\">www.arteparaaprender.org<\/a><\/p>\n<p>Associaci\u00f3 Vera Icono Producciones (1) | <a href=\"http:\/\/www.veraiconoproducciones.es\/\">www.veraiconoproducciones.es<\/a><\/p>\n<p>Granada BIP. Associaci\u00f3 de Trastorn Bipolar | <a href=\"http:\/\/www.granabip.org\/\">https:\/\/www.granabip.org<\/a><\/p>\n<p>La Ampliadora (1) | <a href=\"https:\/\/www.laampliadora.org\/\">https:\/\/www.laampliadora.org<\/a><\/p>\n<p>Associaci\u00f3 de Familiars de Malalts d\u2019Alzheimer i Dem\u00e8ncies. AFA \u201cAltaamid\u201d (1) | <a href=\"http:\/\/www.alzheimergranada.com\/\">https:\/\/www.alzheimergranada.com<\/a><\/p>\n<p>Lainopia Educaci\u00f3 Art\u00edstica (1) | <a href=\"http:\/\/www.lainopia.es\/\">https:\/\/www.lainopia.es<\/a><\/p>\n<p>Resid\u00e8ncia de Majors Perpetuo Socorro (1) | <a href=\"https:\/\/www.crperpetuosocorro.org\/\">https:\/\/www.crperpetuosocorro.org<\/a><\/p>\n<p>Associaci\u00f3 Cultural Gestus. Carlos III (Madrid, Espanya) (1) | <a href=\"https:\/\/www.iberinform.es\/empresa\/8611294\/asociacion-cultu-\">https:\/\/www.iberinform.es\/&#8230;\/asociacion-cultural-gestus<\/a><\/p>\n<p>Projecte Arte para Aprender (<a href=\"http:\/\/artes-visuales.org\/wp-content\/uploads\/2025\/11\/subgrupos-practicas_UGR.jpeg\">subgrup de pr\u00e0ctiques<\/a>) (5) | <a href=\"https:\/\/www.arteparaaprender.org\/\">https:\/\/www.arteparaaprender.org<\/a><\/p>\n<p>Projecte Bombearte (Hondures) (<a href=\"http:\/\/artes-visuales.org\/wp-content\/uploads\/2025\/11\/subgrupos-practicas_UGR.jpeg\">subgrup de pr\u00e0ctiques<\/a>) (3) | <a href=\"http:\/\/bombearte.blogspot.com\/\">https:\/\/bombearte.blogspot.com<\/a><\/p>\n<p>Mostra Internacional de Videonarraci\u00f3 Artogr\u00e0fica (1) | <a href=\"https:\/\/veraiconoproduccion.wixsite.com\/videoartografico\/ediciones\">https:\/\/veraiconoproduccion.wixsite.com\/videoartografico\/edicioneswww.videonarracionartografica.es<\/a><\/p>\n<p>* Les places ofertades poden variar en funci\u00f3 de les necessitats espec\u00edfiques de cada centre.<\/p>\n<p><a href=\"http:\/\/artes-visuales.org\/wp-content\/uploads\/2021\/01\/Solicitudes-Practicas-MAVE-2020-21.pdf\" target=\"_blank\" rel=\"noopener noreferrer\">Sol\u00b7licitud de pr\u00e0ctiques al MAVE a la seu de la UGR<\/a><\/p>\n\t\t<\/div>\n\t<\/div>\n\t\n\t<div id=\"accordion-361546340\" class=\"accordion-item\">\n\t\t<a id=\"accordion-361546340-label\" class=\"accordion-title plain\" href=\"#accordion-item-barcelona\" aria-expanded=\"false\" aria-controls=\"accordion-361546340-content\" >\n\t\t\t<button class=\"toggle\" aria-label=\"Toggle\"><i class=\"icon-angle-down\"><\/i><\/button>\n\t\t\t<span>Barcelona<\/span>\n\t\t<\/a>\n\t\t<div id=\"accordion-361546340-content\" class=\"accordion-inner\" aria-labelledby=\"accordion-361546340-label\" >\n\t\t\t\n<p>Escola d\u2019Arts El Prat (fins a 2) | <a href=\"http:\/\/escolaartsprat.blogspot.com.es\/\">https:\/\/escolaartsprat.blogspot.com.es<\/a><br \/>\nEscola del Consum (fins a 2) | <a href=\"http:\/\/www.consum.cat\/escola_de_consum\/index.html\">https:\/\/www.consum.cat\/escola_de_consum\/index.html<\/a><br \/>\nTeleduca (fins a 2) | <a href=\"http:\/\/www.teleduca.org\/\">https:\/\/www.teleduca.org<\/a><br \/>\nSitesize (fins a 2) | <a href=\"http:\/\/www.sitesize.net\/\">https:\/\/www.sitesize.net<\/a><br \/>\nFundaci\u00f3 Antoni T\u00e0pies (fins a 2)<br \/>\nMacba (fins a 2) | <a href=\"http:\/\/www.macba.cat\/\">https:\/\/www.macba.cat<\/a><br \/>\nCentre de Cultura Contempor\u00e0nia de Barcelona (fins a 2) | <a href=\"http:\/\/www.cccb.org\/\">https:\/\/www.cccb.org<\/a><br \/>\nMuseu Mar\u00edtim (fins a 2) | <a href=\"http:\/\/www.mmb.cat\/\">https:\/\/www.mmb.cat<\/a><br \/>\nAcVic (fins a 2) | <a href=\"http:\/\/www.acvic.org\/\">https:\/\/www.acvic.org<\/a><br \/>\nSala d\u2019Art Jove (fins a 2) | <a href=\"http:\/\/saladartjove.wordpress.com\/\">https:\/\/saladartjove.wordpress.com<\/a><br \/>\nEscola Isabel de Villena (fins a 2) | <a href=\"http:\/\/www.isabeldevillena.com\/\">https:\/\/www.isabeldevillena.com<\/a><br \/>\nIES Jaume Balmes (fins a 2) | <a href=\"http:\/\/www.jaumebalmes.net\/\">https:\/\/www.jaumebalmes.net<\/a><br \/>\nCEIP Escola Dovella (fins a 2) | <a href=\"http:\/\/xtec.cat\/ceipdovella\/index.html\">https:\/\/xtec.cat\/ceipdovella\/index.html<\/a><br \/>\nCEIP Escola Serralavella (fins a 2) | <a href=\"https:\/\/sites.google.com\/site\/escolaserralavella\/inici\">https:\/\/sites.google.com\/site\/escolaserralavella\/inici<\/a><\/p>\n\t\t<\/div>\n\t<\/div>\n\t\n\t<div id=\"accordion-2669771657\" class=\"accordion-item\">\n\t\t<a id=\"accordion-2669771657-label\" class=\"accordion-title plain\" href=\"#accordion-item-girona\" aria-expanded=\"false\" aria-controls=\"accordion-2669771657-content\" >\n\t\t\t<button class=\"toggle\" aria-label=\"Toggle\"><i class=\"icon-angle-down\"><\/i><\/button>\n\t\t\t<span>Girona<\/span>\n\t\t<\/a>\n\t\t<div id=\"accordion-2669771657-content\" class=\"accordion-inner\" aria-labelledby=\"accordion-2669771657-label\" >\n\t\t\t\n<p class=\"cuerpo\" align=\"left\">Vicedeganat de Pr\u00e0ctiques de la Facultat de Ci\u00e8ncies de l\u2019Educaci\u00f3 de la Universitat de Girona | <a href=\"http:\/\/www.udg.edu\/Default.aspx?alias=www.udg.edu\/fep\">https:\/\/www.udg.edu\/&#8230;\/fep<\/a><\/p>\n<p class=\"cuerpo\" align=\"left\">Departament d\u2019Educaci\u00f3. SSTT Girona (fins a 3) | <a href=\"http:\/\/www10.gencat.net\/pls\/ense_noti\/p03.chos_tema?v_deleg=06\">https:\/\/www10.gencat.net\/&#8230;\/chos_tema<\/a><\/p>\n<p class=\"cuerpo\" align=\"left\">Museu d\u2019Art de Girona (fins a 3) | <a href=\"http:\/\/www.museuart.com\/\">https:\/\/www.museuart.com<\/a><\/p>\n<p class=\"cuerpo\" align=\"left\">Museu de l\u2019Empord\u00e0 (Figueres, Girona) (fins a 3) | <a href=\"http:\/\/www.museuemporda.org\/\">https:\/\/www.museuemporda.org<\/a><\/p>\n<p class=\"cuerpo\" align=\"left\">Museu de la Ciutadella de Roses (fins a 3) | <a href=\"http:\/\/www.laciutadella.cat\/\">https:\/\/www.laciutadella.cat<\/a><\/p>\n<p class=\"cuerpo\" align=\"left\">Facultat d\u2019Educaci\u00f3, Universitat de Tarragona (fins a 3) | <a href=\"http:\/\/www.fcep.urv.cat\/\">https:\/\/www.fcep.urv.cat<\/a><\/p>\n<p class=\"cuerpo\" align=\"left\">Departament de Did\u00e0ctica de l\u2019Expressi\u00f3 Musical, Pl\u00e0stica i Corporal. Universitat de Val\u00e8ncia (fins a 3) | <a href=\"http:\/\/centros.uv.es\/web\/departamentos\/D95\/castellano\/\">https:\/\/centros.uv.es\/&#8230;\/D95<\/a><\/p>\n<p class=\"cuerpo\" align=\"left\">ERAM \u2013 Escola de Realitzaci\u00f3 Audiovisual i Multim\u00e8dia (fins a 3) | <a href=\"http:\/\/www.eram.cat\/\">https:\/\/www.eram.cat<\/a><\/p>\n<p class=\"cuerpo\" align=\"left\">Museu Mar\u00edtim de Barcelona (fins a 3) | <a href=\"http:\/\/mmb.cat\/\">https:\/\/mmb.cat<\/a><\/p>\n<p class=\"cuerpo\" align=\"left\">Col\u00b7legi Sant Ermengol (Principat d\u2019Andorra) (fins a 3) | <a href=\"http:\/\/www.xena.ad\/sterme\/\">https:\/\/www.xena.ad\/sterme\/<\/a><\/p>\n<p class=\"cuerpo\" align=\"left\"><a href=\"http:\/\/www.unige.ch\/\">Universit\u00e9 de Gen\u00e8ve (Su\u00efssa)<\/a><\/p>\n\t\t<\/div>\n\t<\/div>\n\t\n<\/div>[\/vc_column_text][\/vc_column][\/vc_row]\n<\/div>","protected":false},"excerpt":{"rendered":"[vc_row][vc_column][vc_column_text css=&#8221;&#8221;] A cada estudiant (o grup d\u2019estudiants en el cas que diversos realitzin les pr\u00e0ctiques en un mateix centre) se li assigna un tutor o tutora, amb qui s\u2019ha de reunir amb una periodicitat quinzenal per fer un seguiment del treball realitzat en les pr\u00e0ctiques i de la mem\u00f2ria de les mateixes, amb la [&#8230;]\n","protected":false},"author":2,"featured_media":0,"parent":0,"menu_order":0,"comment_status":"closed","ping_status":"closed","template":"page-blank-title-center.php","meta":{"footnotes":""},"class_list":["post-5837","page","type-page","status-publish","hentry"],"yoast_head":"<!-- This site is optimized with the Yoast SEO plugin v20.5 - https:\/\/yoast.com\/wordpress\/plugins\/seo\/ -->\n<title>PR\u00c0CTIQUES EXTERNES - Artes Visuales y Educaci\u00f3n<\/title>\n<meta name=\"description\" content=\"Pr\u00e0ctiques Externes: Guanya experi\u00e8ncia professional en centres culturals i museus de prestigi. Connecta el teu talent amb el m\u00f3n real!\" \/>\n<meta name=\"robots\" content=\"index, follow, max-snippet:-1, max-image-preview:large, max-video-preview:-1\" \/>\n<link rel=\"canonical\" href=\"https:\/\/artes-visuales.org\/ca\/practiques-externes\/\" \/>\n<meta property=\"og:locale\" content=\"ca_ES\" \/>\n<meta property=\"og:type\" content=\"article\" \/>\n<meta property=\"og:title\" content=\"PR\u00c0CTIQUES EXTERNES - Artes Visuales y Educaci\u00f3n\" \/>\n<meta property=\"og:description\" content=\"Pr\u00e0ctiques Externes: Guanya experi\u00e8ncia professional en centres culturals i museus de prestigi. Connecta el teu talent amb el m\u00f3n real!\" \/>\n<meta property=\"og:url\" content=\"https:\/\/artes-visuales.org\/ca\/practiques-externes\/\" \/>\n<meta property=\"og:site_name\" content=\"Artes Visuales y Educaci\u00f3n\" \/>\n<meta property=\"article:modified_time\" content=\"2026-01-08T10:15:17+00:00\" \/>\n<meta name=\"twitter:card\" content=\"summary_large_image\" \/>\n<meta name=\"twitter:label1\" content=\"Temps estimat de lectura\" \/>\n\t<meta name=\"twitter:data1\" content=\"4 minuts\" \/>\n<script type=\"application\/ld+json\" class=\"yoast-schema-graph\">{\"@context\":\"https:\/\/schema.org\",\"@graph\":[{\"@type\":\"WebPage\",\"@id\":\"https:\/\/artes-visuales.org\/ca\/practiques-externes\/\",\"url\":\"https:\/\/artes-visuales.org\/ca\/practiques-externes\/\",\"name\":\"PR\u00c0CTIQUES EXTERNES - Artes Visuales y Educaci\u00f3n\",\"isPartOf\":{\"@id\":\"https:\/\/artes-visuales.org\/#website\"},\"datePublished\":\"2015-09-16T09:41:20+00:00\",\"dateModified\":\"2026-01-08T10:15:17+00:00\",\"description\":\"Pr\u00e0ctiques Externes: Guanya experi\u00e8ncia professional en centres culturals i museus de prestigi. Connecta el teu talent amb el m\u00f3n real!\",\"breadcrumb\":{\"@id\":\"https:\/\/artes-visuales.org\/ca\/practiques-externes\/#breadcrumb\"},\"inLanguage\":\"ca\",\"potentialAction\":[{\"@type\":\"ReadAction\",\"target\":[\"https:\/\/artes-visuales.org\/ca\/practiques-externes\/\"]}]},{\"@type\":\"BreadcrumbList\",\"@id\":\"https:\/\/artes-visuales.org\/ca\/practiques-externes\/#breadcrumb\",\"itemListElement\":[{\"@type\":\"ListItem\",\"position\":1,\"name\":\"Portada\",\"item\":\"https:\/\/artes-visuales.org\/ca\/\"},{\"@type\":\"ListItem\",\"position\":2,\"name\":\"PR\u00c0CTIQUES EXTERNES\"}]},{\"@type\":\"WebSite\",\"@id\":\"https:\/\/artes-visuales.org\/#website\",\"url\":\"https:\/\/artes-visuales.org\/\",\"name\":\"Artes Visuales y Educaci\u00f3n\",\"description\":\"M\u00e1ster UGR\",\"potentialAction\":[{\"@type\":\"SearchAction\",\"target\":{\"@type\":\"EntryPoint\",\"urlTemplate\":\"https:\/\/artes-visuales.org\/?s={search_term_string}\"},\"query-input\":\"required name=search_term_string\"}],\"inLanguage\":\"ca\"}]}<\/script>\n<!-- \/ Yoast SEO plugin. -->","yoast_head_json":{"title":"PR\u00c0CTIQUES EXTERNES - Artes Visuales y Educaci\u00f3n","description":"Pr\u00e0ctiques Externes: Guanya experi\u00e8ncia professional en centres culturals i museus de prestigi. Connecta el teu talent amb el m\u00f3n real!","robots":{"index":"index","follow":"follow","max-snippet":"max-snippet:-1","max-image-preview":"max-image-preview:large","max-video-preview":"max-video-preview:-1"},"canonical":"https:\/\/artes-visuales.org\/ca\/practiques-externes\/","og_locale":"ca_ES","og_type":"article","og_title":"PR\u00c0CTIQUES EXTERNES - Artes Visuales y Educaci\u00f3n","og_description":"Pr\u00e0ctiques Externes: Guanya experi\u00e8ncia professional en centres culturals i museus de prestigi. Connecta el teu talent amb el m\u00f3n real!","og_url":"https:\/\/artes-visuales.org\/ca\/practiques-externes\/","og_site_name":"Artes Visuales y Educaci\u00f3n","article_modified_time":"2026-01-08T10:15:17+00:00","twitter_card":"summary_large_image","twitter_misc":{"Temps estimat de lectura":"4 minuts"},"schema":{"@context":"https:\/\/schema.org","@graph":[{"@type":"WebPage","@id":"https:\/\/artes-visuales.org\/ca\/practiques-externes\/","url":"https:\/\/artes-visuales.org\/ca\/practiques-externes\/","name":"PR\u00c0CTIQUES EXTERNES - Artes Visuales y Educaci\u00f3n","isPartOf":{"@id":"https:\/\/artes-visuales.org\/#website"},"datePublished":"2015-09-16T09:41:20+00:00","dateModified":"2026-01-08T10:15:17+00:00","description":"Pr\u00e0ctiques Externes: Guanya experi\u00e8ncia professional en centres culturals i museus de prestigi. Connecta el teu talent amb el m\u00f3n real!","breadcrumb":{"@id":"https:\/\/artes-visuales.org\/ca\/practiques-externes\/#breadcrumb"},"inLanguage":"ca","potentialAction":[{"@type":"ReadAction","target":["https:\/\/artes-visuales.org\/ca\/practiques-externes\/"]}]},{"@type":"BreadcrumbList","@id":"https:\/\/artes-visuales.org\/ca\/practiques-externes\/#breadcrumb","itemListElement":[{"@type":"ListItem","position":1,"name":"Portada","item":"https:\/\/artes-visuales.org\/ca\/"},{"@type":"ListItem","position":2,"name":"PR\u00c0CTIQUES EXTERNES"}]},{"@type":"WebSite","@id":"https:\/\/artes-visuales.org\/#website","url":"https:\/\/artes-visuales.org\/","name":"Artes Visuales y Educaci\u00f3n","description":"M\u00e1ster UGR","potentialAction":[{"@type":"SearchAction","target":{"@type":"EntryPoint","urlTemplate":"https:\/\/artes-visuales.org\/?s={search_term_string}"},"query-input":"required name=search_term_string"}],"inLanguage":"ca"}]}},"_links":{"self":[{"href":"https:\/\/artes-visuales.org\/ca\/wp-json\/wp\/v2\/pages\/5837","targetHints":{"allow":["GET"]}}],"collection":[{"href":"https:\/\/artes-visuales.org\/ca\/wp-json\/wp\/v2\/pages"}],"about":[{"href":"https:\/\/artes-visuales.org\/ca\/wp-json\/wp\/v2\/types\/page"}],"author":[{"embeddable":true,"href":"https:\/\/artes-visuales.org\/ca\/wp-json\/wp\/v2\/users\/2"}],"replies":[{"embeddable":true,"href":"https:\/\/artes-visuales.org\/ca\/wp-json\/wp\/v2\/comments?post=5837"}],"version-history":[{"count":8,"href":"https:\/\/artes-visuales.org\/ca\/wp-json\/wp\/v2\/pages\/5837\/revisions"}],"predecessor-version":[{"id":6227,"href":"https:\/\/artes-visuales.org\/ca\/wp-json\/wp\/v2\/pages\/5837\/revisions\/6227"}],"wp:attachment":[{"href":"https:\/\/artes-visuales.org\/ca\/wp-json\/wp\/v2\/media?parent=5837"}],"curies":[{"name":"wp","href":"https:\/\/api.w.org\/{rel}","templated":true}]}}