{"id":5832,"date":"2019-10-24T09:47:02","date_gmt":"2019-10-24T09:47:02","guid":{"rendered":"https:\/\/artes-visuales.org\/plan-de-accion-tutorial\/"},"modified":"2026-01-08T10:14:00","modified_gmt":"2026-01-08T10:14:00","slug":"pla-daccio-tutorial","status":"publish","type":"page","link":"https:\/\/artes-visuales.org\/ca\/pla-daccio-tutorial\/","title":{"rendered":"PLA D&#8217;ACCI\u00d3 TUTORIAL"},"content":{"rendered":"<p><img loading=\"lazy\" decoding=\"async\" class=\"aligncenter size-full wp-image-4909\" src=\"http:\/\/artes-visuales.org\/wp-content\/uploads\/2019\/10\/plan-de-accion-tutorial.png\" alt=\"Plan d'acci\u00f3 tutorial\" width=\"663\" height=\"927\" srcset=\"https:\/\/artes-visuales.org\/wp-content\/uploads\/2019\/10\/plan-de-accion-tutorial.png 663w, https:\/\/artes-visuales.org\/wp-content\/uploads\/2019\/10\/plan-de-accion-tutorial-215x300.png 215w\" sizes=\"auto, (max-width: 663px) 100vw, 663px\" \/><\/p>\n","protected":false},"excerpt":{"rendered":"","protected":false},"author":2,"featured_media":0,"parent":0,"menu_order":0,"comment_status":"closed","ping_status":"closed","template":"","meta":{"footnotes":""},"class_list":["post-5832","page","type-page","status-publish","hentry"],"yoast_head":"<!-- This site is optimized with the Yoast SEO plugin v20.5 - https:\/\/yoast.com\/wordpress\/plugins\/seo\/ -->\n<title>PLA D&#039;ACCI\u00d3 TUTORIAL - Artes Visuales y Educaci\u00f3n<\/title>\n<meta name=\"description\" content=\"Pla d&#039;Acci\u00f3 Tutorial: Orientaci\u00f3 personalitzada, seguiment acad\u00e8mic i suport a l&#039;estudiant del M\u00e0ster. Estem al teu costat en cada pas!\" \/>\n<meta name=\"robots\" content=\"index, follow, max-snippet:-1, max-image-preview:large, max-video-preview:-1\" \/>\n<link rel=\"canonical\" href=\"https:\/\/artes-visuales.org\/ca\/pla-daccio-tutorial\/\" \/>\n<meta property=\"og:locale\" content=\"ca_ES\" \/>\n<meta property=\"og:type\" content=\"article\" \/>\n<meta property=\"og:title\" content=\"PLA D&#039;ACCI\u00d3 TUTORIAL - Artes Visuales y Educaci\u00f3n\" \/>\n<meta property=\"og:description\" content=\"Pla d&#039;Acci\u00f3 Tutorial: Orientaci\u00f3 personalitzada, seguiment acad\u00e8mic i suport a l&#039;estudiant del M\u00e0ster. Estem al teu costat en cada pas!\" \/>\n<meta property=\"og:url\" content=\"https:\/\/artes-visuales.org\/ca\/pla-daccio-tutorial\/\" \/>\n<meta property=\"og:site_name\" content=\"Artes Visuales y Educaci\u00f3n\" \/>\n<meta property=\"article:modified_time\" content=\"2026-01-08T10:14:00+00:00\" \/>\n<meta property=\"og:image\" content=\"http:\/\/artes-visuales.org\/wp-content\/uploads\/2019\/10\/plan-de-accion-tutorial.png\" \/>\n<meta name=\"twitter:card\" content=\"summary_large_image\" \/>\n<meta name=\"twitter:label1\" content=\"Temps estimat de lectura\" \/>\n\t<meta name=\"twitter:data1\" content=\"1 minut\" \/>\n<script type=\"application\/ld+json\" class=\"yoast-schema-graph\">{\"@context\":\"https:\/\/schema.org\",\"@graph\":[{\"@type\":\"WebPage\",\"@id\":\"https:\/\/artes-visuales.org\/ca\/pla-daccio-tutorial\/\",\"url\":\"https:\/\/artes-visuales.org\/ca\/pla-daccio-tutorial\/\",\"name\":\"PLA D'ACCI\u00d3 TUTORIAL - Artes Visuales y Educaci\u00f3n\",\"isPartOf\":{\"@id\":\"https:\/\/artes-visuales.org\/#website\"},\"datePublished\":\"2019-10-24T09:47:02+00:00\",\"dateModified\":\"2026-01-08T10:14:00+00:00\",\"description\":\"Pla d'Acci\u00f3 Tutorial: Orientaci\u00f3 personalitzada, seguiment acad\u00e8mic i suport a l'estudiant del M\u00e0ster. Estem al teu costat en cada pas!\",\"breadcrumb\":{\"@id\":\"https:\/\/artes-visuales.org\/ca\/pla-daccio-tutorial\/#breadcrumb\"},\"inLanguage\":\"ca\",\"potentialAction\":[{\"@type\":\"ReadAction\",\"target\":[\"https:\/\/artes-visuales.org\/ca\/pla-daccio-tutorial\/\"]}]},{\"@type\":\"BreadcrumbList\",\"@id\":\"https:\/\/artes-visuales.org\/ca\/pla-daccio-tutorial\/#breadcrumb\",\"itemListElement\":[{\"@type\":\"ListItem\",\"position\":1,\"name\":\"Portada\",\"item\":\"https:\/\/artes-visuales.org\/ca\/\"},{\"@type\":\"ListItem\",\"position\":2,\"name\":\"PLA D&#8217;ACCI\u00d3 TUTORIAL\"}]},{\"@type\":\"WebSite\",\"@id\":\"https:\/\/artes-visuales.org\/#website\",\"url\":\"https:\/\/artes-visuales.org\/\",\"name\":\"Artes Visuales y Educaci\u00f3n\",\"description\":\"M\u00e1ster UGR\",\"potentialAction\":[{\"@type\":\"SearchAction\",\"target\":{\"@type\":\"EntryPoint\",\"urlTemplate\":\"https:\/\/artes-visuales.org\/?s={search_term_string}\"},\"query-input\":\"required name=search_term_string\"}],\"inLanguage\":\"ca\"}]}<\/script>\n<!-- \/ Yoast SEO plugin. -->","yoast_head_json":{"title":"PLA D'ACCI\u00d3 TUTORIAL - Artes Visuales y Educaci\u00f3n","description":"Pla d'Acci\u00f3 Tutorial: Orientaci\u00f3 personalitzada, seguiment acad\u00e8mic i suport a l'estudiant del M\u00e0ster. Estem al teu costat en cada pas!","robots":{"index":"index","follow":"follow","max-snippet":"max-snippet:-1","max-image-preview":"max-image-preview:large","max-video-preview":"max-video-preview:-1"},"canonical":"https:\/\/artes-visuales.org\/ca\/pla-daccio-tutorial\/","og_locale":"ca_ES","og_type":"article","og_title":"PLA D'ACCI\u00d3 TUTORIAL - Artes Visuales y Educaci\u00f3n","og_description":"Pla d'Acci\u00f3 Tutorial: Orientaci\u00f3 personalitzada, seguiment acad\u00e8mic i suport a l'estudiant del M\u00e0ster. Estem al teu costat en cada pas!","og_url":"https:\/\/artes-visuales.org\/ca\/pla-daccio-tutorial\/","og_site_name":"Artes Visuales y Educaci\u00f3n","article_modified_time":"2026-01-08T10:14:00+00:00","og_image":[{"url":"http:\/\/artes-visuales.org\/wp-content\/uploads\/2019\/10\/plan-de-accion-tutorial.png"}],"twitter_card":"summary_large_image","twitter_misc":{"Temps estimat de lectura":"1 minut"},"schema":{"@context":"https:\/\/schema.org","@graph":[{"@type":"WebPage","@id":"https:\/\/artes-visuales.org\/ca\/pla-daccio-tutorial\/","url":"https:\/\/artes-visuales.org\/ca\/pla-daccio-tutorial\/","name":"PLA D'ACCI\u00d3 TUTORIAL - Artes Visuales y Educaci\u00f3n","isPartOf":{"@id":"https:\/\/artes-visuales.org\/#website"},"datePublished":"2019-10-24T09:47:02+00:00","dateModified":"2026-01-08T10:14:00+00:00","description":"Pla d'Acci\u00f3 Tutorial: Orientaci\u00f3 personalitzada, seguiment acad\u00e8mic i suport a l'estudiant del M\u00e0ster. Estem al teu costat en cada pas!","breadcrumb":{"@id":"https:\/\/artes-visuales.org\/ca\/pla-daccio-tutorial\/#breadcrumb"},"inLanguage":"ca","potentialAction":[{"@type":"ReadAction","target":["https:\/\/artes-visuales.org\/ca\/pla-daccio-tutorial\/"]}]},{"@type":"BreadcrumbList","@id":"https:\/\/artes-visuales.org\/ca\/pla-daccio-tutorial\/#breadcrumb","itemListElement":[{"@type":"ListItem","position":1,"name":"Portada","item":"https:\/\/artes-visuales.org\/ca\/"},{"@type":"ListItem","position":2,"name":"PLA D&#8217;ACCI\u00d3 TUTORIAL"}]},{"@type":"WebSite","@id":"https:\/\/artes-visuales.org\/#website","url":"https:\/\/artes-visuales.org\/","name":"Artes Visuales y Educaci\u00f3n","description":"M\u00e1ster UGR","potentialAction":[{"@type":"SearchAction","target":{"@type":"EntryPoint","urlTemplate":"https:\/\/artes-visuales.org\/?s={search_term_string}"},"query-input":"required name=search_term_string"}],"inLanguage":"ca"}]}},"_links":{"self":[{"href":"https:\/\/artes-visuales.org\/ca\/wp-json\/wp\/v2\/pages\/5832","targetHints":{"allow":["GET"]}}],"collection":[{"href":"https:\/\/artes-visuales.org\/ca\/wp-json\/wp\/v2\/pages"}],"about":[{"href":"https:\/\/artes-visuales.org\/ca\/wp-json\/wp\/v2\/types\/page"}],"author":[{"embeddable":true,"href":"https:\/\/artes-visuales.org\/ca\/wp-json\/wp\/v2\/users\/2"}],"replies":[{"embeddable":true,"href":"https:\/\/artes-visuales.org\/ca\/wp-json\/wp\/v2\/comments?post=5832"}],"version-history":[{"count":3,"href":"https:\/\/artes-visuales.org\/ca\/wp-json\/wp\/v2\/pages\/5832\/revisions"}],"predecessor-version":[{"id":5888,"href":"https:\/\/artes-visuales.org\/ca\/wp-json\/wp\/v2\/pages\/5832\/revisions\/5888"}],"wp:attachment":[{"href":"https:\/\/artes-visuales.org\/ca\/wp-json\/wp\/v2\/media?parent=5832"}],"curies":[{"name":"wp","href":"https:\/\/api.w.org\/{rel}","templated":true}]}}