{"id":5829,"date":"2025-11-20T19:35:09","date_gmt":"2025-11-20T19:35:09","guid":{"rendered":"https:\/\/artes-visuales.org\/evaluacion\/"},"modified":"2026-01-08T10:13:30","modified_gmt":"2026-01-08T10:13:30","slug":"avaluacio","status":"publish","type":"page","link":"https:\/\/artes-visuales.org\/ca\/avaluacio\/","title":{"rendered":"AVALUACI\u00d3"},"content":{"rendered":"<h3><strong>Avaluaci\u00f3 Cont\u00ednua en el M\u00e0ster<\/strong><\/h3>\n<p>&nbsp;<\/p>\n<p><strong>Taula de contextualitzaci\u00f3 i valoraci\u00f3 de l\u2019avaluaci\u00f3 cont\u00ednua en el context del m\u00e0ster:<\/strong><\/p>\n<p>&nbsp;<\/p>\n<table>\n<tbody>\n<tr>\n<td width=\"144\">Tipologia d\u2019activitat avaluable<\/td>\n<td width=\"144\">Ponderaci\u00f3 orientativa<\/td>\n<td width=\"144\">Descripci\u00f3 \/ Finalitat formativa<\/td>\n<td width=\"144\">Evid\u00e8ncies possibles<\/td>\n<\/tr>\n<tr>\n<td width=\"144\">Activitats pr\u00e0ctiques a l\u2019aula, tallers o laboratoris<\/td>\n<td width=\"144\">20\u201330 %<\/td>\n<td width=\"144\">Desenvolupament de compet\u00e8ncies aplicades, experimentaci\u00f3 art\u00edstica i processos de creaci\u00f3 vinculats a l\u2019educaci\u00f3 visual.<\/td>\n<td width=\"144\">Quadern de treball, registres fotogr\u00e0fics, diaris de taller, exercicis individuals o grupals.<\/td>\n<\/tr>\n<tr>\n<td width=\"144\">Projectes vinculats a centres educatius \/ ONGDs \/ museus<\/td>\n<td width=\"144\">20\u201330 %<\/td>\n<td width=\"144\">Aplicaci\u00f3 real en contextos professionals. Es prioritza la rellev\u00e0ncia social i educativa, especialment en entorns d\u2019exclusi\u00f3.<\/td>\n<td width=\"144\">Mem\u00f2ries de projectes, informes de pr\u00e0ctiques, material audiovisual, r\u00fabriques externes.<\/td>\n<\/tr>\n<tr>\n<td width=\"144\">Assaigs o reflexions te\u00f2ric-pr\u00e0ctiques<\/td>\n<td width=\"144\">10\u201320 %<\/td>\n<td width=\"144\">Articulaci\u00f3 cr\u00edtica entre teoria i pr\u00e0ctica; elaboraci\u00f3 del discurs propi de l\u2019estudiant.<\/td>\n<td width=\"144\">Assaigs breus, an\u00e0lisis visuals, ressenyes bibliogr\u00e0fiques.<\/td>\n<\/tr>\n<tr>\n<td width=\"144\">Presentacions orals i defensa de treballs parcials<\/td>\n<td width=\"144\">10\u201315 %<\/td>\n<td width=\"144\">Avaluaci\u00f3 de la comunicaci\u00f3 visual i oral. Capacitat de s\u00edntesi i argumentaci\u00f3 del proc\u00e9s creatiu.<\/td>\n<td width=\"144\">Exposicions p\u00fabliques, presentacions a classe, p\u00f2sters o materials digitals.<\/td>\n<\/tr>\n<tr>\n<td width=\"144\">Portfolio visual \/ quadern d\u2019artista \/ diari a\/r\/togr\u00e0fic<\/td>\n<td width=\"144\">15\u201325 %<\/td>\n<td width=\"144\">Seguiment del proc\u00e9s creatiu i investigador de l\u2019estudiant; reflexi\u00f3 metacognitiva i connexi\u00f3 amb la pr\u00e0ctica educativa.<\/td>\n<td width=\"144\">Portfolio digital\/f\u00edsic, diari visual, cartografies d\u2019investigaci\u00f3.<\/td>\n<\/tr>\n<tr>\n<td width=\"144\">Participaci\u00f3 activa i comprom\u00eds en seminaris i subgrups<\/td>\n<td width=\"144\">5\u201310 %<\/td>\n<td width=\"144\">Implicaci\u00f3 personal, col\u00b7laboraci\u00f3 i treball en comunitat d\u2019aprenentatge.<\/td>\n<td width=\"144\">Registres d\u2019assist\u00e8ncia, autoavaluaci\u00f3, observaci\u00f3 docent.<\/td>\n<\/tr>\n<\/tbody>\n<\/table>\n<p>&nbsp;<\/p>\n<p><a href=\"http:\/\/artes-visuales.org\/wp-content\/uploads\/2025\/11\/rubrica_tfm_artes_visuales-1.pdf\"><strong>R\u00daBRICA AVALUACI\u00d3 TFM<\/strong><\/a><\/p>\n<p>&nbsp;<\/p>\n","protected":false},"excerpt":{"rendered":"<p>Avaluaci\u00f3 Cont\u00ednua en el M\u00e0ster &nbsp; Taula de contextualitzaci\u00f3 i valoraci\u00f3 de l\u2019avaluaci\u00f3 cont\u00ednua en el context del m\u00e0ster: &nbsp; Tipologia d\u2019activitat avaluable Ponderaci\u00f3 orientativa Descripci\u00f3 \/ Finalitat formativa Evid\u00e8ncies possibles Activitats pr\u00e0ctiques a l\u2019aula, tallers o laboratoris 20\u201330 % Desenvolupament de compet\u00e8ncies aplicades, experimentaci\u00f3 art\u00edstica i processos de creaci\u00f3 vinculats a l\u2019educaci\u00f3 visual. Quadern [&#8230;]\n","protected":false},"author":5,"featured_media":0,"parent":0,"menu_order":0,"comment_status":"closed","ping_status":"closed","template":"","meta":{"footnotes":""},"class_list":["post-5829","page","type-page","status-publish","hentry"],"yoast_head":"<!-- This site is optimized with the Yoast SEO plugin v20.5 - https:\/\/yoast.com\/wordpress\/plugins\/seo\/ -->\n<title>AVALUACI\u00d3 - Artes Visuales y Educaci\u00f3n<\/title>\n<meta name=\"description\" content=\"Avaluaci\u00f3: Criteris, sistemes de qualificaci\u00f3 i procediments de revisi\u00f3 del M\u00e0ster en Arts Visuals. Tota la info per al teu \u00e8xit acad\u00e8mic!\" \/>\n<meta name=\"robots\" content=\"index, follow, max-snippet:-1, max-image-preview:large, max-video-preview:-1\" \/>\n<link rel=\"canonical\" href=\"https:\/\/artes-visuales.org\/ca\/avaluacio\/\" \/>\n<meta property=\"og:locale\" content=\"ca_ES\" \/>\n<meta property=\"og:type\" content=\"article\" \/>\n<meta property=\"og:title\" content=\"AVALUACI\u00d3 - Artes Visuales y Educaci\u00f3n\" \/>\n<meta property=\"og:description\" content=\"Avaluaci\u00f3: Criteris, sistemes de qualificaci\u00f3 i procediments de revisi\u00f3 del M\u00e0ster en Arts Visuals. Tota la info per al teu \u00e8xit acad\u00e8mic!\" \/>\n<meta property=\"og:url\" content=\"https:\/\/artes-visuales.org\/ca\/avaluacio\/\" \/>\n<meta property=\"og:site_name\" content=\"Artes Visuales y Educaci\u00f3n\" \/>\n<meta property=\"article:modified_time\" content=\"2026-01-08T10:13:30+00:00\" \/>\n<meta name=\"twitter:card\" content=\"summary_large_image\" \/>\n<meta name=\"twitter:label1\" content=\"Temps estimat de lectura\" \/>\n\t<meta name=\"twitter:data1\" content=\"1 minut\" \/>\n<script type=\"application\/ld+json\" class=\"yoast-schema-graph\">{\"@context\":\"https:\/\/schema.org\",\"@graph\":[{\"@type\":\"WebPage\",\"@id\":\"https:\/\/artes-visuales.org\/ca\/avaluacio\/\",\"url\":\"https:\/\/artes-visuales.org\/ca\/avaluacio\/\",\"name\":\"AVALUACI\u00d3 - Artes Visuales y Educaci\u00f3n\",\"isPartOf\":{\"@id\":\"https:\/\/artes-visuales.org\/#website\"},\"datePublished\":\"2025-11-20T19:35:09+00:00\",\"dateModified\":\"2026-01-08T10:13:30+00:00\",\"description\":\"Avaluaci\u00f3: Criteris, sistemes de qualificaci\u00f3 i procediments de revisi\u00f3 del M\u00e0ster en Arts Visuals. Tota la info per al teu \u00e8xit acad\u00e8mic!\",\"breadcrumb\":{\"@id\":\"https:\/\/artes-visuales.org\/ca\/avaluacio\/#breadcrumb\"},\"inLanguage\":\"ca\",\"potentialAction\":[{\"@type\":\"ReadAction\",\"target\":[\"https:\/\/artes-visuales.org\/ca\/avaluacio\/\"]}]},{\"@type\":\"BreadcrumbList\",\"@id\":\"https:\/\/artes-visuales.org\/ca\/avaluacio\/#breadcrumb\",\"itemListElement\":[{\"@type\":\"ListItem\",\"position\":1,\"name\":\"Portada\",\"item\":\"https:\/\/artes-visuales.org\/ca\/\"},{\"@type\":\"ListItem\",\"position\":2,\"name\":\"AVALUACI\u00d3\"}]},{\"@type\":\"WebSite\",\"@id\":\"https:\/\/artes-visuales.org\/#website\",\"url\":\"https:\/\/artes-visuales.org\/\",\"name\":\"Artes Visuales y Educaci\u00f3n\",\"description\":\"M\u00e1ster UGR\",\"potentialAction\":[{\"@type\":\"SearchAction\",\"target\":{\"@type\":\"EntryPoint\",\"urlTemplate\":\"https:\/\/artes-visuales.org\/?s={search_term_string}\"},\"query-input\":\"required name=search_term_string\"}],\"inLanguage\":\"ca\"}]}<\/script>\n<!-- \/ Yoast SEO plugin. -->","yoast_head_json":{"title":"AVALUACI\u00d3 - Artes Visuales y Educaci\u00f3n","description":"Avaluaci\u00f3: Criteris, sistemes de qualificaci\u00f3 i procediments de revisi\u00f3 del M\u00e0ster en Arts Visuals. Tota la info per al teu \u00e8xit acad\u00e8mic!","robots":{"index":"index","follow":"follow","max-snippet":"max-snippet:-1","max-image-preview":"max-image-preview:large","max-video-preview":"max-video-preview:-1"},"canonical":"https:\/\/artes-visuales.org\/ca\/avaluacio\/","og_locale":"ca_ES","og_type":"article","og_title":"AVALUACI\u00d3 - Artes Visuales y Educaci\u00f3n","og_description":"Avaluaci\u00f3: Criteris, sistemes de qualificaci\u00f3 i procediments de revisi\u00f3 del M\u00e0ster en Arts Visuals. Tota la info per al teu \u00e8xit acad\u00e8mic!","og_url":"https:\/\/artes-visuales.org\/ca\/avaluacio\/","og_site_name":"Artes Visuales y Educaci\u00f3n","article_modified_time":"2026-01-08T10:13:30+00:00","twitter_card":"summary_large_image","twitter_misc":{"Temps estimat de lectura":"1 minut"},"schema":{"@context":"https:\/\/schema.org","@graph":[{"@type":"WebPage","@id":"https:\/\/artes-visuales.org\/ca\/avaluacio\/","url":"https:\/\/artes-visuales.org\/ca\/avaluacio\/","name":"AVALUACI\u00d3 - Artes Visuales y Educaci\u00f3n","isPartOf":{"@id":"https:\/\/artes-visuales.org\/#website"},"datePublished":"2025-11-20T19:35:09+00:00","dateModified":"2026-01-08T10:13:30+00:00","description":"Avaluaci\u00f3: Criteris, sistemes de qualificaci\u00f3 i procediments de revisi\u00f3 del M\u00e0ster en Arts Visuals. Tota la info per al teu \u00e8xit acad\u00e8mic!","breadcrumb":{"@id":"https:\/\/artes-visuales.org\/ca\/avaluacio\/#breadcrumb"},"inLanguage":"ca","potentialAction":[{"@type":"ReadAction","target":["https:\/\/artes-visuales.org\/ca\/avaluacio\/"]}]},{"@type":"BreadcrumbList","@id":"https:\/\/artes-visuales.org\/ca\/avaluacio\/#breadcrumb","itemListElement":[{"@type":"ListItem","position":1,"name":"Portada","item":"https:\/\/artes-visuales.org\/ca\/"},{"@type":"ListItem","position":2,"name":"AVALUACI\u00d3"}]},{"@type":"WebSite","@id":"https:\/\/artes-visuales.org\/#website","url":"https:\/\/artes-visuales.org\/","name":"Artes Visuales y Educaci\u00f3n","description":"M\u00e1ster UGR","potentialAction":[{"@type":"SearchAction","target":{"@type":"EntryPoint","urlTemplate":"https:\/\/artes-visuales.org\/?s={search_term_string}"},"query-input":"required name=search_term_string"}],"inLanguage":"ca"}]}},"_links":{"self":[{"href":"https:\/\/artes-visuales.org\/ca\/wp-json\/wp\/v2\/pages\/5829","targetHints":{"allow":["GET"]}}],"collection":[{"href":"https:\/\/artes-visuales.org\/ca\/wp-json\/wp\/v2\/pages"}],"about":[{"href":"https:\/\/artes-visuales.org\/ca\/wp-json\/wp\/v2\/types\/page"}],"author":[{"embeddable":true,"href":"https:\/\/artes-visuales.org\/ca\/wp-json\/wp\/v2\/users\/5"}],"replies":[{"embeddable":true,"href":"https:\/\/artes-visuales.org\/ca\/wp-json\/wp\/v2\/comments?post=5829"}],"version-history":[{"count":2,"href":"https:\/\/artes-visuales.org\/ca\/wp-json\/wp\/v2\/pages\/5829\/revisions"}],"predecessor-version":[{"id":5831,"href":"https:\/\/artes-visuales.org\/ca\/wp-json\/wp\/v2\/pages\/5829\/revisions\/5831"}],"wp:attachment":[{"href":"https:\/\/artes-visuales.org\/ca\/wp-json\/wp\/v2\/media?parent=5829"}],"curies":[{"name":"wp","href":"https:\/\/api.w.org\/{rel}","templated":true}]}}