{"id":5823,"date":"2015-09-11T11:03:38","date_gmt":"2015-09-11T11:03:38","guid":{"rendered":"https:\/\/artes-visuales.org\/profesorado\/"},"modified":"2026-01-08T10:12:59","modified_gmt":"2026-01-08T10:12:59","slug":"professorat","status":"publish","type":"page","link":"https:\/\/artes-visuales.org\/ca\/professorat\/","title":{"rendered":"PROFESSORAT"},"content":{"rendered":"<div class=\"wpb-content-wrapper\">[vc_row][vc_column][vc_row_inner][vc_column_inner width=&#8221;1\/3&#8243;][vc_column_text]\n<h5><span class=\"cuerpo02\"><strong>Universitat de Granada<\/strong> <\/span><\/h5>\n<h5><em>Professorat \/ investigadors<\/em><\/h5>\n<p><a href=\"http:\/\/demuplac.ugr.es\/pages\/cv-profesorado\/cv-ricardo-marin-viadel\" target=\"_blank\" rel=\"noopener noreferrer\">Ricardo Mar\u00edn Viadel<\/a><\/p>\n<p><a href=\"http:\/\/demuplac.ugr.es\/pages\/cv-profesorado\/cv-joaquin-roldan-ramirez\" target=\"_blank\" rel=\"noopener noreferrer\">Joaqu\u00edn Rold\u00e1n Ram\u00edrez<\/a><\/p>\n<p><a href=\"https:\/\/masteres.ugr.es\/dibujo\/pages\/profesorado_cv\/asuncionjodar\/!\" target=\"_blank\" rel=\"noopener noreferrer\">Asunci\u00f3n J\u00f3dar Mi\u00f1arro<\/a><\/p>\n<p><a href=\"http:\/\/demuplac.ugr.es\/pages\/cv-profesorado\/cv-angel-garcia-roldan\" target=\"_blank\" rel=\"noopener noreferrer\">\u00c1ngel Garc\u00eda Rold\u00e1n<\/a><\/p>\n<p><a href=\"https:\/\/demuplac.ugr.es\/pages\/cv-profesorado\/cv-rafael-marfil-carmona\">Rafael Marfil Carmona<\/a><\/p>\n<p><a href=\"https:\/\/directorio.ugr.es\/static\/PersonalUGR\/*\/show\/1b5e98309df50b8c1cb34691847706eb\">Mar\u00eda Mart\u00ednez Morales<\/a><\/p>\n<p><a href=\"https:\/\/directorio.ugr.es\/static\/PersonalUGR\/*\/show\/0c8cb999595bb55a060a70b76c298b6c\">Jaime Mena de Torres<\/a><\/p>\n<p><a href=\"https:\/\/demuplac.ugr.es\/pages\/cv-profesorado\/cv-xabier-molinet-medina\">Xabier Molinet Medina<\/a><\/p>\n<p>Roc\u00edo Lara Osuna<\/p>\n<p><a href=\"https:\/\/directorio.ugr.es\/static\/PersonalUGR\/*\/show\/31a82b189416c8bbb469e833b480ada3\">Rafael Li\u00f1an Vallecillos<\/a>[\/vc_column_text][\/vc_column_inner][vc_column_inner width=&#8221;1\/3&#8243;][vc_column_text]\n<h5><strong><span class=\"cuerpo02\">Universitat de Barcelona<\/span><\/strong><\/h5>\n<h5><em>Professorat \/ investigadors<\/em><\/h5>\n<p><a href=\"https:\/\/webgrec.ub.edu\/webpages\/000010\/cat\/f.herraiz.ub.edu.html\" target=\"_blank\" rel=\"noopener noreferrer\">Fernando Herraiz Garc\u00eda<\/a><\/p>\n<p><a href=\"https:\/\/webgrec.ub.edu\/webpages\/000010\/cat\/fdohernandez.ub.edu.html\" target=\"_blank\" rel=\"noopener noreferrer\">Fernando Hern\u00e1ndez<\/a><\/p>\n<p>Aurelio Castro<\/p>\n<p>Bridda, Roberta[\/vc_column_text][\/vc_column_inner][vc_column_inner width=&#8221;1\/3&#8243;][vc_column_text]\n<h5><strong><span class=\"cuerpo02\">Universitat de Girona<\/span><\/strong><\/h5>\n<h5><em>Professorat \/ investigadors<\/em><\/h5>\n<p>Muntsa Calb\u00f3 Angrill<\/p>\n<p>Judit Ons\u00e8s Segarra[\/vc_column_text][\/vc_column_inner][\/vc_row_inner][\/vc_column][\/vc_row][vc_row][vc_column][vc_column_text]\n<p style=\"text-align: center;\">PROFESSORAT CONVIDAT<\/p>\n[\/vc_column_text][\/vc_column][\/vc_row][vc_row][vc_column][vc_row_inner][vc_column_inner width=&#8221;1\/2&#8243;][vc_column_text]\n<p style=\"text-align: left;\"><a href=\"http:\/\/ritairwin.com\/\" target=\"_blank\" rel=\"noopener noreferrer\">Rita L. Irwin<\/a><\/p>\n<p style=\"text-align: left;\"><a href=\"http:\/\/wendyewald.com\/\" target=\"_blank\" rel=\"noopener noreferrer\">Wendy Taylor Ewald<\/a> (Artista i fot\u00f2grafa)<\/p>\n<p>Paloma Palau Pellicer (Universitat Jaume I de Castell\u00f3)<\/p>\n<p>Andrea Rubio Fern\u00e1ndez (Universitat d\u2019Oviedo)<\/p>\n<p style=\"text-align: left;\"><a href=\"https:\/\/masteres.ugr.es\/dibujo\/pages\/profesorado_cv\/themisveleni\/!\" target=\"_blank\" rel=\"noopener noreferrer\">Themis Veleni<\/a> (Universitat de Tessal\u00f2nica, Gr\u00e8cia)<\/p>\n<p>Vanessa Acosta Ram\u00edrez (Directora d\u2019Educaci\u00f3, Museu d\u2019Antioquia, Col\u00f2mbia)<\/p>\n<p>Guadalupe P\u00e9rez Cuesta (Coordinadora Alhambra Educa)<br \/>\n[\/vc_column_text][\/vc_column_inner][vc_column_inner width=&#8221;1\/2&#8243;][vc_column_text]\n<p style=\"text-align: left;\"><a href=\"https:\/\/www.ulapland.fi\/EN\/Art-and-Design\/Art-by-our-staff\/Seija-Ulkuniemi\" target=\"_blank\" rel=\"noopener noreferrer\">Seija Ulkuniemi (Universitat de Lapland, Finl\u00e0ndia)<\/a><\/p>\n<p style=\"text-align: left;\"><a href=\"https:\/\/annewhistonspirn.com\/\" target=\"_blank\" rel=\"noopener noreferrer\">Anne Whiston Spirn<\/a> (Massachusetts Institute of Technology)<\/p>\n<p style=\"text-align: left;\"><a href=\"https:\/\/www.linkedin.com\/in\/elo%C3%ADsa-del-alisal-62595936\/?originalSubdomain=es\" target=\"_blank\" rel=\"noopener noreferrer\">Eloisa del Alisal S\u00e1nchez<\/a> (Museu CajaGranada)<\/p>\n<p style=\"text-align: left;\"><a href=\"http:\/\/buscatextual.cnpq.br\/buscatextual\/visualizacv.do?id=K4766967D1\" target=\"_blank\" rel=\"noopener noreferrer\">Miriam C. Martins<\/a> (Universitat Presbiteriana Mackenzie, Brasil)<\/p>\n<p>David Ojeda Abolafia (Real Escola Superior d\u2019Art Dram\u00e0tic de Madrid)<br \/>\n[\/vc_column_text][\/vc_column_inner][\/vc_row_inner][\/vc_column][\/vc_row][vc_row][vc_column][vc_column_text]\n<h3>Criteris de selecci\u00f3 del professorat<\/h3>\n<div>\n<p style=\"text-align: justify;\"><span lang=\"CA\" style=\"font-family: arial, helvetica, sans-serif;\">D\u2019altra banda, es fan constar els criteris de selecci\u00f3 del professorat: els principals criteris de selecci\u00f3 del professorat d\u2019aquesta titulaci\u00f3 es corresponen amb aquells que s\u2019utilitzen habitualment en els \u00e0mbits professionals de les disciplines amb qu\u00e8 es relaciona aquest t\u00edtol. L\u2019acreditaci\u00f3 del coneixement expert de les persones aspirants s\u2019estableix en funci\u00f3 dels organismes i institucions de proced\u00e8ncia. S\u2019estableixen tres grups fonamentals entre el professorat:<\/span><\/p>\n<p style=\"text-align: justify;\"><span lang=\"CA\" style=\"font-family: arial, helvetica, sans-serif;\">1. Professorat universitari de les tres seus d\u2019implantaci\u00f3 del m\u00e0ster i d\u2019altres universitats espanyoles. En aquest cas, es considera necessari que el professorat d\u2019aquesta categoria siga almenys doctor i, a m\u00e9s, que acredite:<\/span><\/p>\n<ul>\n<li style=\"text-align: justify;\"><span lang=\"CA\" style=\"font-family: arial, helvetica, sans-serif;\">Ser expert en una \u00e0rea tem\u00e0tica d\u2019inter\u00e8s per a aquesta titulaci\u00f3 i que supose una aportaci\u00f3 necess\u00e0ria per assolir les compet\u00e8ncies.<\/span><\/li>\n<li style=\"text-align: justify;\"><span lang=\"CA\" style=\"font-family: arial, helvetica, sans-serif;\">Acreditar una l\u00ednia d\u2019investigaci\u00f3 d\u2019excel\u00b7l\u00e8ncia mitjan\u00e7ant el nombre de sexennis d\u2019investigaci\u00f3 reconeguts pel CNEAI.<\/span><\/li>\n<li style=\"text-align: justify;\"><span lang=\"CA\" style=\"font-family: arial, helvetica, sans-serif;\">Una metodologia docent experimentada, innovadora i d\u2019inter\u00e8s per a les compet\u00e8ncies d\u2019aquest m\u00e0ster, habitualment reconeguda a trav\u00e9s de quinquennis d\u2019avaluaci\u00f3 de la qualitat docent de les diferents universitats espanyoles.<\/span><\/li>\n<\/ul>\n<p style=\"text-align: justify;\"><span lang=\"CA\" style=\"font-family: arial, helvetica, sans-serif;\">(Atesa la situaci\u00f3 actual de precarietat laboral en l\u2019\u00e0mbit universitari espanyol, no es pot considerar la categoria contractual com a criteri de qualitat. A m\u00e9s, com que aquesta categoria est\u00e0 associada a la possibilitat de sol\u00b7licitar l\u2019avaluaci\u00f3 de l\u2019activitat docent i investigadora, aquest m\u00e0ster tindr\u00e0 en compte, en aquests casos, altres formes d\u2019acreditaci\u00f3 de l\u2019experi\u00e8ncia docent i investigadora mitjan\u00e7ant especialitzaci\u00f3 en publicacions, projectes, innovaci\u00f3 docent, mobilitat, metodologies d\u2019investigaci\u00f3, etc. No fer-ho suposaria establir un greuge comparatiu entre el professorat espanyol i el professorat estranger o no universitari.)<\/span><\/p>\n<div id=\"supervisores\"><\/div>\n<p style=\"text-align: justify;\"><span lang=\"CA\" style=\"font-family: arial, helvetica, sans-serif;\">2. Professorat universitari procedent d\u2019universitats estrangeres. En aquests casos, el criteri \u00e9s el grau d\u2019expertesa i el prestigi nacional o internacional que demostra la traject\u00f2ria de les persones aspirants.<\/span><\/p>\n<ul>\n<li style=\"text-align: justify;\"><span lang=\"CA\" style=\"font-family: arial, helvetica, sans-serif;\">Ser expert en una \u00e0rea tem\u00e0tica d\u2019inter\u00e8s per a aquesta titulaci\u00f3 i que supose una aportaci\u00f3 necess\u00e0ria per assolir les compet\u00e8ncies.<\/span><\/li>\n<li style=\"text-align: justify;\"><span lang=\"CA\" style=\"font-family: arial, helvetica, sans-serif;\">Acreditar una l\u00ednia d\u2019investigaci\u00f3 d\u2019excel\u00b7l\u00e8ncia mitjan\u00e7ant el prestigi de la instituci\u00f3 d\u2019origen, aix\u00ed com el nombre i la qualitat de publicacions, projectes, premis i grups d\u2019investigaci\u00f3 en qu\u00e8 haja participat.<\/span><\/li>\n<li style=\"text-align: justify;\"><span lang=\"CA\" style=\"font-family: arial, helvetica, sans-serif;\">Una metodologia docent experimentada, innovadora i d\u2019inter\u00e8s per a les compet\u00e8ncies d\u2019aquest m\u00e0ster, habitualment demostrada pels anys d\u2019experi\u00e8ncia docent en institucions de prestigi.<\/span><\/li>\n<\/ul>\n<p lang=\"CA\" style=\"text-align: justify;\">3. Professionals de diverses institucions i empreses. En aquests casos, el m\u00e0ster selecciona professionals que demostren una traject\u00f2ria laboral acreditada en institucions de prestigi o empreses rellevants relacionades amb les arts visuals i l\u2019educaci\u00f3.<\/p>\n<h3 style=\"text-align: justify;\"><b><span lang=\"CA\">El perfil i l&#8217;assignaci\u00f3 de supervisors de pr\u00e0ctiques externes i TFM\u00a0<\/span><\/b><\/h3>\n<p style=\"text-align: justify;\"><span lang=\"CA\">El perfil est\u00e0 associat principalment a l\u2019experi\u00e8ncia docent en postgrau aix\u00ed com a l\u2019experi\u00e8ncia en la direcci\u00f3 de tesis doctorals i treballs de fi de m\u00e0ster, o, en casos excepcionals, al grau d\u2019expertesa en una tem\u00e0tica determinada. La major part dels tutors de TFM pertanyen a alguna de les tres seus del m\u00e0ster i han acreditat aquesta experi\u00e8ncia. Cal destacar que el TFM \u00e9s considerat pels estudiants com la mat\u00e8ria m\u00e9s determinant del t\u00edtol, i aix\u00f2 implica el reconeixement de l\u2019impacte del professorat tutor en els resultats.<\/span><\/p>\n<p><b><span lang=\"CA\">L\u2019assignaci\u00f3 de supervisors de pr\u00e0ctiques externes i TFM<\/span><\/b><span lang=\"CA\"> es realitza segons tres criteris: l\u2019afinitat tem\u00e0tica\/metodol\u00f2gica entre la proposta de treball i les l\u00ednies d\u2019investigaci\u00f3 del tutor; la instituci\u00f3 on es realitzen les pr\u00e0ctiques, que pot veure\u2019s afavorida pels contactes professionals del professorat; i el potencial docent del professorat.<\/span><\/p>\n<p style=\"text-align: justify;\"><span lang=\"CA\" style=\"color: #000000; font-family: arial, helvetica, sans-serif;\"><b>Coordinaci\u00f3 docent.<\/b> El professorat del m\u00e0ster est\u00e0 comprom\u00e9s amb la coordinaci\u00f3 de les seues tasques docents amb la resta d\u2019accions formatives. Forma part de les seues obligacions integrar continguts, m\u00e8todes i propostes amb la resta de la titulaci\u00f3, facilitar la participaci\u00f3 del alumnat en els projectes associats al m\u00e0ster i promoure la visibilitat dels treballs realitzats. La coordinaci\u00f3 amb el professorat es produeix, com a m\u00ednim, en tres moments: (1) programaci\u00f3 del curs i calendari; (2) informaci\u00f3 sobre l\u2019alumnat matriculat, reserva d\u2019espais i necessitats docents; (3) recepci\u00f3 de l\u2019avaluaci\u00f3 i elaboraci\u00f3 de l\u2019acta.<\/span><\/p>\n<p style=\"text-align: justify;\"><span lang=\"CA\" style=\"color: #000000; font-family: arial, helvetica, sans-serif;\"><b>Perfil del professorat que imparteix les assignatures.<\/b> Ha estat seleccionat entre els experts m\u00e9s rellevants a nivell nacional i internacional. El seu prestigi es reflecteix en les universitats, centres acad\u00e8mics i institucions de proced\u00e8ncia. El professorat ha d\u2019implementar el curs seguint la metodologia del m\u00e0ster, les l\u00ednies de desenvolupament de la CAM i les recomanacions de la CSGIC. Tamb\u00e9 \u00e9s responsable de tutoritzar l\u2019alumnat que ho necessite, d\u2019avaluar el seu treball i d\u2019enviar l\u2019acta dins el termini establit.<\/span><\/p>\n<\/div>\n[\/vc_column_text][vc_column_text]<a href=\"http:\/\/artes-visuales.org\/wp-content\/uploads\/2025\/11\/funciones-del-profesorado.pdf\" target=\"_blank\" rel=\"noopener\">FUNCIONS DEL PROFESSORAT<\/a><br \/>\n[\/vc_column_text][\/vc_column][\/vc_row][vc_row][vc_column][vc_column_text]<strong>CURR\u00cdCULUM PROFESSORAT<\/strong><br \/>\n[\/vc_column_text][\/vc_column][\/vc_row][vc_row][vc_column][vc_btn title=&#8221;Profesorat UGR&#8221;][vc_btn title=&#8221;Profesorat UB&#8221;][vc_btn title=&#8221;Profesorat UdG&#8221;][vc_column_text]\n[\/vc_column_text][\/vc_column][\/vc_row]\n<\/div>","protected":false},"excerpt":{"rendered":"[vc_row][vc_column][vc_row_inner][vc_column_inner width=&#8221;1\/3&#8243;][vc_column_text] Universitat de Granada Professorat \/ investigadors Ricardo Mar\u00edn Viadel Joaqu\u00edn Rold\u00e1n Ram\u00edrez Asunci\u00f3n J\u00f3dar Mi\u00f1arro \u00c1ngel Garc\u00eda Rold\u00e1n Rafael Marfil Carmona Mar\u00eda Mart\u00ednez Morales Jaime Mena de Torres Xabier Molinet Medina Roc\u00edo Lara Osuna Rafael Li\u00f1an Vallecillos[\/vc_column_text][\/vc_column_inner][vc_column_inner width=&#8221;1\/3&#8243;][vc_column_text] Universitat de Barcelona Professorat \/ investigadors Fernando Herraiz Garc\u00eda Fernando Hern\u00e1ndez Aurelio Castro Bridda, Roberta[\/vc_column_text][\/vc_column_inner][vc_column_inner [&#8230;]\n","protected":false},"author":2,"featured_media":0,"parent":0,"menu_order":0,"comment_status":"closed","ping_status":"closed","template":"page-blank-title-center.php","meta":{"footnotes":""},"class_list":["post-5823","page","type-page","status-publish","hentry"],"yoast_head":"<!-- This site is optimized with the Yoast SEO plugin v20.5 - https:\/\/yoast.com\/wordpress\/plugins\/seo\/ -->\n<title>PROFESSORAT - Artes Visuales y Educaci\u00f3n<\/title>\n<meta name=\"description\" content=\"Professorat: Coneix l&#039;equip docent i els investigadors d&#039;excel\u00b7l\u00e8ncia de la UGR, UB i UdG. Expertesa en arts visuals i educaci\u00f3.\" \/>\n<meta name=\"robots\" content=\"index, follow, max-snippet:-1, max-image-preview:large, max-video-preview:-1\" \/>\n<link rel=\"canonical\" href=\"https:\/\/artes-visuales.org\/ca\/professorat\/\" \/>\n<meta property=\"og:locale\" content=\"ca_ES\" \/>\n<meta property=\"og:type\" content=\"article\" \/>\n<meta property=\"og:title\" content=\"PROFESSORAT - Artes Visuales y Educaci\u00f3n\" \/>\n<meta property=\"og:description\" content=\"Professorat: Coneix l&#039;equip docent i els investigadors d&#039;excel\u00b7l\u00e8ncia de la UGR, UB i UdG. Expertesa en arts visuals i educaci\u00f3.\" \/>\n<meta property=\"og:url\" content=\"https:\/\/artes-visuales.org\/ca\/professorat\/\" \/>\n<meta property=\"og:site_name\" content=\"Artes Visuales y Educaci\u00f3n\" \/>\n<meta property=\"article:modified_time\" content=\"2026-01-08T10:12:59+00:00\" \/>\n<meta name=\"twitter:card\" content=\"summary_large_image\" \/>\n<meta name=\"twitter:label1\" content=\"Temps estimat de lectura\" \/>\n\t<meta name=\"twitter:data1\" content=\"5 minuts\" \/>\n<script type=\"application\/ld+json\" class=\"yoast-schema-graph\">{\"@context\":\"https:\/\/schema.org\",\"@graph\":[{\"@type\":\"WebPage\",\"@id\":\"https:\/\/artes-visuales.org\/ca\/professorat\/\",\"url\":\"https:\/\/artes-visuales.org\/ca\/professorat\/\",\"name\":\"PROFESSORAT - Artes Visuales y Educaci\u00f3n\",\"isPartOf\":{\"@id\":\"https:\/\/artes-visuales.org\/#website\"},\"datePublished\":\"2015-09-11T11:03:38+00:00\",\"dateModified\":\"2026-01-08T10:12:59+00:00\",\"description\":\"Professorat: Coneix l'equip docent i els investigadors d'excel\u00b7l\u00e8ncia de la UGR, UB i UdG. Expertesa en arts visuals i educaci\u00f3.\",\"breadcrumb\":{\"@id\":\"https:\/\/artes-visuales.org\/ca\/professorat\/#breadcrumb\"},\"inLanguage\":\"ca\",\"potentialAction\":[{\"@type\":\"ReadAction\",\"target\":[\"https:\/\/artes-visuales.org\/ca\/professorat\/\"]}]},{\"@type\":\"BreadcrumbList\",\"@id\":\"https:\/\/artes-visuales.org\/ca\/professorat\/#breadcrumb\",\"itemListElement\":[{\"@type\":\"ListItem\",\"position\":1,\"name\":\"Portada\",\"item\":\"https:\/\/artes-visuales.org\/ca\/\"},{\"@type\":\"ListItem\",\"position\":2,\"name\":\"PROFESSORAT\"}]},{\"@type\":\"WebSite\",\"@id\":\"https:\/\/artes-visuales.org\/#website\",\"url\":\"https:\/\/artes-visuales.org\/\",\"name\":\"Artes Visuales y Educaci\u00f3n\",\"description\":\"M\u00e1ster UGR\",\"potentialAction\":[{\"@type\":\"SearchAction\",\"target\":{\"@type\":\"EntryPoint\",\"urlTemplate\":\"https:\/\/artes-visuales.org\/?s={search_term_string}\"},\"query-input\":\"required name=search_term_string\"}],\"inLanguage\":\"ca\"}]}<\/script>\n<!-- \/ Yoast SEO plugin. -->","yoast_head_json":{"title":"PROFESSORAT - Artes Visuales y Educaci\u00f3n","description":"Professorat: Coneix l'equip docent i els investigadors d'excel\u00b7l\u00e8ncia de la UGR, UB i UdG. Expertesa en arts visuals i educaci\u00f3.","robots":{"index":"index","follow":"follow","max-snippet":"max-snippet:-1","max-image-preview":"max-image-preview:large","max-video-preview":"max-video-preview:-1"},"canonical":"https:\/\/artes-visuales.org\/ca\/professorat\/","og_locale":"ca_ES","og_type":"article","og_title":"PROFESSORAT - Artes Visuales y Educaci\u00f3n","og_description":"Professorat: Coneix l'equip docent i els investigadors d'excel\u00b7l\u00e8ncia de la UGR, UB i UdG. Expertesa en arts visuals i educaci\u00f3.","og_url":"https:\/\/artes-visuales.org\/ca\/professorat\/","og_site_name":"Artes Visuales y Educaci\u00f3n","article_modified_time":"2026-01-08T10:12:59+00:00","twitter_card":"summary_large_image","twitter_misc":{"Temps estimat de lectura":"5 minuts"},"schema":{"@context":"https:\/\/schema.org","@graph":[{"@type":"WebPage","@id":"https:\/\/artes-visuales.org\/ca\/professorat\/","url":"https:\/\/artes-visuales.org\/ca\/professorat\/","name":"PROFESSORAT - Artes Visuales y Educaci\u00f3n","isPartOf":{"@id":"https:\/\/artes-visuales.org\/#website"},"datePublished":"2015-09-11T11:03:38+00:00","dateModified":"2026-01-08T10:12:59+00:00","description":"Professorat: Coneix l'equip docent i els investigadors d'excel\u00b7l\u00e8ncia de la UGR, UB i UdG. Expertesa en arts visuals i educaci\u00f3.","breadcrumb":{"@id":"https:\/\/artes-visuales.org\/ca\/professorat\/#breadcrumb"},"inLanguage":"ca","potentialAction":[{"@type":"ReadAction","target":["https:\/\/artes-visuales.org\/ca\/professorat\/"]}]},{"@type":"BreadcrumbList","@id":"https:\/\/artes-visuales.org\/ca\/professorat\/#breadcrumb","itemListElement":[{"@type":"ListItem","position":1,"name":"Portada","item":"https:\/\/artes-visuales.org\/ca\/"},{"@type":"ListItem","position":2,"name":"PROFESSORAT"}]},{"@type":"WebSite","@id":"https:\/\/artes-visuales.org\/#website","url":"https:\/\/artes-visuales.org\/","name":"Artes Visuales y Educaci\u00f3n","description":"M\u00e1ster UGR","potentialAction":[{"@type":"SearchAction","target":{"@type":"EntryPoint","urlTemplate":"https:\/\/artes-visuales.org\/?s={search_term_string}"},"query-input":"required name=search_term_string"}],"inLanguage":"ca"}]}},"_links":{"self":[{"href":"https:\/\/artes-visuales.org\/ca\/wp-json\/wp\/v2\/pages\/5823","targetHints":{"allow":["GET"]}}],"collection":[{"href":"https:\/\/artes-visuales.org\/ca\/wp-json\/wp\/v2\/pages"}],"about":[{"href":"https:\/\/artes-visuales.org\/ca\/wp-json\/wp\/v2\/types\/page"}],"author":[{"embeddable":true,"href":"https:\/\/artes-visuales.org\/ca\/wp-json\/wp\/v2\/users\/2"}],"replies":[{"embeddable":true,"href":"https:\/\/artes-visuales.org\/ca\/wp-json\/wp\/v2\/comments?post=5823"}],"version-history":[{"count":5,"href":"https:\/\/artes-visuales.org\/ca\/wp-json\/wp\/v2\/pages\/5823\/revisions"}],"predecessor-version":[{"id":5898,"href":"https:\/\/artes-visuales.org\/ca\/wp-json\/wp\/v2\/pages\/5823\/revisions\/5898"}],"wp:attachment":[{"href":"https:\/\/artes-visuales.org\/ca\/wp-json\/wp\/v2\/media?parent=5823"}],"curies":[{"name":"wp","href":"https:\/\/api.w.org\/{rel}","templated":true}]}}