{"id":5810,"date":"2015-09-22T16:52:33","date_gmt":"2015-09-22T16:52:33","guid":{"rendered":"https:\/\/artes-visuales.org\/calendario-y-organizacion\/"},"modified":"2026-01-08T10:12:21","modified_gmt":"2026-01-08T10:12:21","slug":"calendari-i-organitzacio","status":"publish","type":"page","link":"https:\/\/artes-visuales.org\/ca\/calendari-i-organitzacio\/","title":{"rendered":"CALENDARI I ORGANITZACI\u00d3"},"content":{"rendered":"<div class=\"wpb-content-wrapper\"><h1 class=\"entry-title\" style=\"text-align: center;\"><\/h1>\n[vc_row][vc_column][vc_column_text]\n[\/vc_column_text][\/vc_column][\/vc_row][vc_row][vc_column width=&#8221;1\/3&#8243;][vc_interective_banner link=&#8221;mega-int-box&#8221; effects=&#8221;banner-style13&#8243; title=&#8221;CALENDARI UGR&#8221; image_id=&#8221;4378&#8243; url=&#8221;url:https%3A%2F%2Fartes-visuales.org%2Fcalendario-ugr%2F&#8221; title_clr=&#8221;#ffffff&#8221; title_bg=&#8221;#ca2f9c&#8221;][\/vc_column][vc_column width=&#8221;1\/3&#8243;][vc_interective_banner link=&#8221;mega-int-box&#8221; effects=&#8221;banner-style13&#8243; title=&#8221;CALENDARI UB&#8221; image_id=&#8221;4065&#8243; url=&#8221;url:https%3A%2F%2Fartes-visuales.org%2Fcalendario-ugr%2F&#8221; title_clr=&#8221;#ffffff&#8221; title_bg=&#8221;#ca2f9c&#8221;][\/vc_column][vc_column width=&#8221;1\/3&#8243;][vc_interective_banner link=&#8221;mega-int-box&#8221; effects=&#8221;banner-style13&#8243; title=&#8221;CALENDARI UDG&#8221; image_id=&#8221;4030&#8243; url=&#8221;url:https%3A%2F%2Fartes-visuales.org%2Fcalendario-ugr%2F&#8221; title_clr=&#8221;#ffffff&#8221; title_bg=&#8221;#ca2f9c&#8221;][\/vc_column][\/vc_row][vc_row css=&#8221;.vc_custom_1683802361499{padding-top: 3% !important;}&#8221;][vc_column][vc_interective_banner height=&#8221;block&#8221; link=&#8221;mega-int-box&#8221; effects=&#8221;banner-style13&#8243; title=&#8221;ORGANITZACI\u00d3 DEL M\u00c0STER&#8221; image_id=&#8221;4049&#8243; title_clr=&#8221;#ffffff&#8221; title_bg=&#8221;#ca2f9c&#8221; url=&#8221;url:https%3A%2F%2Fartes-visuales.org%2Fwp-content%2Fuploads%2F2016%2F11%2F2016-17_Organizacion-docente-del-Master.pdf&#8221; height_value=&#8221;550&#8243;][\/vc_column][\/vc_row]\n<\/div>","protected":false},"excerpt":{"rendered":"[vc_row][vc_column][vc_column_text] [\/vc_column_text][\/vc_column][\/vc_row][vc_row][vc_column width=&#8221;1\/3&#8243;][vc_interective_banner link=&#8221;mega-int-box&#8221; effects=&#8221;banner-style13&#8243; title=&#8221;CALENDARI UGR&#8221; image_id=&#8221;4378&#8243; url=&#8221;url:https%3A%2F%2Fartes-visuales.org%2Fcalendario-ugr%2F&#8221; title_clr=&#8221;#ffffff&#8221; title_bg=&#8221;#ca2f9c&#8221;][\/vc_column][vc_column width=&#8221;1\/3&#8243;][vc_interective_banner link=&#8221;mega-int-box&#8221; effects=&#8221;banner-style13&#8243; title=&#8221;CALENDARI UB&#8221; image_id=&#8221;4065&#8243; url=&#8221;url:https%3A%2F%2Fartes-visuales.org%2Fcalendario-ugr%2F&#8221; title_clr=&#8221;#ffffff&#8221; title_bg=&#8221;#ca2f9c&#8221;][\/vc_column][vc_column width=&#8221;1\/3&#8243;][vc_interective_banner link=&#8221;mega-int-box&#8221; effects=&#8221;banner-style13&#8243; title=&#8221;CALENDARI UDG&#8221; image_id=&#8221;4030&#8243; url=&#8221;url:https%3A%2F%2Fartes-visuales.org%2Fcalendario-ugr%2F&#8221; title_clr=&#8221;#ffffff&#8221; title_bg=&#8221;#ca2f9c&#8221;][\/vc_column][\/vc_row][vc_row css=&#8221;.vc_custom_1683802361499{padding-top: 3% !important;}&#8221;][vc_column][vc_interective_banner height=&#8221;block&#8221; link=&#8221;mega-int-box&#8221; effects=&#8221;banner-style13&#8243; title=&#8221;ORGANITZACI\u00d3 DEL M\u00c0STER&#8221; image_id=&#8221;4049&#8243; title_clr=&#8221;#ffffff&#8221; title_bg=&#8221;#ca2f9c&#8221; url=&#8221;url:https%3A%2F%2Fartes-visuales.org%2Fwp-content%2Fuploads%2F2016%2F11%2F2016-17_Organizacion-docente-del-Master.pdf&#8221; height_value=&#8221;550&#8243;][\/vc_column][\/vc_row]\n","protected":false},"author":2,"featured_media":0,"parent":0,"menu_order":0,"comment_status":"closed","ping_status":"closed","template":"page-blank-title-center.php","meta":{"footnotes":""},"class_list":["post-5810","page","type-page","status-publish","hentry"],"yoast_head":"<!-- This site is optimized with the Yoast SEO plugin v20.5 - https:\/\/yoast.com\/wordpress\/plugins\/seo\/ -->\n<title>CALENDARI I ORGANITZACI\u00d3 - Artes Visuales y Educaci\u00f3n<\/title>\n<meta name=\"description\" content=\"Calendari i Organitzaci\u00f3: Consulta les dates clau, horaris i la planificaci\u00f3 acad\u00e8mica del M\u00e0ster. Organitza el teu curs amb nosaltres!\" \/>\n<meta name=\"robots\" content=\"index, follow, max-snippet:-1, max-image-preview:large, max-video-preview:-1\" \/>\n<link rel=\"canonical\" href=\"https:\/\/artes-visuales.org\/ca\/calendari-i-organitzacio\/\" \/>\n<meta property=\"og:locale\" content=\"ca_ES\" \/>\n<meta property=\"og:type\" content=\"article\" \/>\n<meta property=\"og:title\" content=\"CALENDARI I ORGANITZACI\u00d3 - Artes Visuales y Educaci\u00f3n\" \/>\n<meta property=\"og:description\" content=\"Calendari i Organitzaci\u00f3: Consulta les dates clau, horaris i la planificaci\u00f3 acad\u00e8mica del M\u00e0ster. Organitza el teu curs amb nosaltres!\" \/>\n<meta property=\"og:url\" content=\"https:\/\/artes-visuales.org\/ca\/calendari-i-organitzacio\/\" \/>\n<meta property=\"og:site_name\" content=\"Artes Visuales y Educaci\u00f3n\" \/>\n<meta property=\"article:modified_time\" content=\"2026-01-08T10:12:21+00:00\" \/>\n<meta name=\"twitter:card\" content=\"summary_large_image\" \/>\n<meta name=\"twitter:label1\" content=\"Temps estimat de lectura\" \/>\n\t<meta name=\"twitter:data1\" content=\"1 minut\" \/>\n<script type=\"application\/ld+json\" class=\"yoast-schema-graph\">{\"@context\":\"https:\/\/schema.org\",\"@graph\":[{\"@type\":\"WebPage\",\"@id\":\"https:\/\/artes-visuales.org\/ca\/calendari-i-organitzacio\/\",\"url\":\"https:\/\/artes-visuales.org\/ca\/calendari-i-organitzacio\/\",\"name\":\"CALENDARI I ORGANITZACI\u00d3 - Artes Visuales y Educaci\u00f3n\",\"isPartOf\":{\"@id\":\"https:\/\/artes-visuales.org\/#website\"},\"datePublished\":\"2015-09-22T16:52:33+00:00\",\"dateModified\":\"2026-01-08T10:12:21+00:00\",\"description\":\"Calendari i Organitzaci\u00f3: Consulta les dates clau, horaris i la planificaci\u00f3 acad\u00e8mica del M\u00e0ster. Organitza el teu curs amb nosaltres!\",\"breadcrumb\":{\"@id\":\"https:\/\/artes-visuales.org\/ca\/calendari-i-organitzacio\/#breadcrumb\"},\"inLanguage\":\"ca\",\"potentialAction\":[{\"@type\":\"ReadAction\",\"target\":[\"https:\/\/artes-visuales.org\/ca\/calendari-i-organitzacio\/\"]}]},{\"@type\":\"BreadcrumbList\",\"@id\":\"https:\/\/artes-visuales.org\/ca\/calendari-i-organitzacio\/#breadcrumb\",\"itemListElement\":[{\"@type\":\"ListItem\",\"position\":1,\"name\":\"Portada\",\"item\":\"https:\/\/artes-visuales.org\/ca\/\"},{\"@type\":\"ListItem\",\"position\":2,\"name\":\"CALENDARI I ORGANITZACI\u00d3\"}]},{\"@type\":\"WebSite\",\"@id\":\"https:\/\/artes-visuales.org\/#website\",\"url\":\"https:\/\/artes-visuales.org\/\",\"name\":\"Artes Visuales y Educaci\u00f3n\",\"description\":\"M\u00e1ster UGR\",\"potentialAction\":[{\"@type\":\"SearchAction\",\"target\":{\"@type\":\"EntryPoint\",\"urlTemplate\":\"https:\/\/artes-visuales.org\/?s={search_term_string}\"},\"query-input\":\"required name=search_term_string\"}],\"inLanguage\":\"ca\"}]}<\/script>\n<!-- \/ Yoast SEO plugin. -->","yoast_head_json":{"title":"CALENDARI I ORGANITZACI\u00d3 - Artes Visuales y Educaci\u00f3n","description":"Calendari i Organitzaci\u00f3: Consulta les dates clau, horaris i la planificaci\u00f3 acad\u00e8mica del M\u00e0ster. Organitza el teu curs amb nosaltres!","robots":{"index":"index","follow":"follow","max-snippet":"max-snippet:-1","max-image-preview":"max-image-preview:large","max-video-preview":"max-video-preview:-1"},"canonical":"https:\/\/artes-visuales.org\/ca\/calendari-i-organitzacio\/","og_locale":"ca_ES","og_type":"article","og_title":"CALENDARI I ORGANITZACI\u00d3 - Artes Visuales y Educaci\u00f3n","og_description":"Calendari i Organitzaci\u00f3: Consulta les dates clau, horaris i la planificaci\u00f3 acad\u00e8mica del M\u00e0ster. Organitza el teu curs amb nosaltres!","og_url":"https:\/\/artes-visuales.org\/ca\/calendari-i-organitzacio\/","og_site_name":"Artes Visuales y Educaci\u00f3n","article_modified_time":"2026-01-08T10:12:21+00:00","twitter_card":"summary_large_image","twitter_misc":{"Temps estimat de lectura":"1 minut"},"schema":{"@context":"https:\/\/schema.org","@graph":[{"@type":"WebPage","@id":"https:\/\/artes-visuales.org\/ca\/calendari-i-organitzacio\/","url":"https:\/\/artes-visuales.org\/ca\/calendari-i-organitzacio\/","name":"CALENDARI I ORGANITZACI\u00d3 - Artes Visuales y Educaci\u00f3n","isPartOf":{"@id":"https:\/\/artes-visuales.org\/#website"},"datePublished":"2015-09-22T16:52:33+00:00","dateModified":"2026-01-08T10:12:21+00:00","description":"Calendari i Organitzaci\u00f3: Consulta les dates clau, horaris i la planificaci\u00f3 acad\u00e8mica del M\u00e0ster. Organitza el teu curs amb nosaltres!","breadcrumb":{"@id":"https:\/\/artes-visuales.org\/ca\/calendari-i-organitzacio\/#breadcrumb"},"inLanguage":"ca","potentialAction":[{"@type":"ReadAction","target":["https:\/\/artes-visuales.org\/ca\/calendari-i-organitzacio\/"]}]},{"@type":"BreadcrumbList","@id":"https:\/\/artes-visuales.org\/ca\/calendari-i-organitzacio\/#breadcrumb","itemListElement":[{"@type":"ListItem","position":1,"name":"Portada","item":"https:\/\/artes-visuales.org\/ca\/"},{"@type":"ListItem","position":2,"name":"CALENDARI I ORGANITZACI\u00d3"}]},{"@type":"WebSite","@id":"https:\/\/artes-visuales.org\/#website","url":"https:\/\/artes-visuales.org\/","name":"Artes Visuales y Educaci\u00f3n","description":"M\u00e1ster UGR","potentialAction":[{"@type":"SearchAction","target":{"@type":"EntryPoint","urlTemplate":"https:\/\/artes-visuales.org\/?s={search_term_string}"},"query-input":"required name=search_term_string"}],"inLanguage":"ca"}]}},"_links":{"self":[{"href":"https:\/\/artes-visuales.org\/ca\/wp-json\/wp\/v2\/pages\/5810","targetHints":{"allow":["GET"]}}],"collection":[{"href":"https:\/\/artes-visuales.org\/ca\/wp-json\/wp\/v2\/pages"}],"about":[{"href":"https:\/\/artes-visuales.org\/ca\/wp-json\/wp\/v2\/types\/page"}],"author":[{"embeddable":true,"href":"https:\/\/artes-visuales.org\/ca\/wp-json\/wp\/v2\/users\/2"}],"replies":[{"embeddable":true,"href":"https:\/\/artes-visuales.org\/ca\/wp-json\/wp\/v2\/comments?post=5810"}],"version-history":[{"count":3,"href":"https:\/\/artes-visuales.org\/ca\/wp-json\/wp\/v2\/pages\/5810\/revisions"}],"predecessor-version":[{"id":6250,"href":"https:\/\/artes-visuales.org\/ca\/wp-json\/wp\/v2\/pages\/5810\/revisions\/6250"}],"wp:attachment":[{"href":"https:\/\/artes-visuales.org\/ca\/wp-json\/wp\/v2\/media?parent=5810"}],"curies":[{"name":"wp","href":"https:\/\/api.w.org\/{rel}","templated":true}]}}