{"id":5801,"date":"2016-01-26T08:38:03","date_gmt":"2016-01-26T08:38:03","guid":{"rendered":"https:\/\/artes-visuales.org\/valoracion-infraestructura-servicios-recursos\/"},"modified":"2026-01-08T10:11:45","modified_gmt":"2026-01-08T10:11:45","slug":"recursos","status":"publish","type":"page","link":"https:\/\/artes-visuales.org\/ca\/recursos\/","title":{"rendered":"RECURSOS"},"content":{"rendered":"<p dir=\"ltr\" style=\"text-align: justify;\">El t\u00edtol disposa de m\u00e9s instal\u00b7lacions i molts m\u00e9s recursos que els proposats en la Mem\u00f2ria de Verificaci\u00f3 del t\u00edtol l\u2019any 2010. La major part provenen de dues fonts:<\/p>\n<p dir=\"ltr\" style=\"text-align: justify;\">\u2013 La millora d\u2019instal\u00b7lacions b\u00e0siques: aules disponibles, laboratoris especialitzats i de pr\u00e0ctiques, seminaris, etc. Aquestes instal\u00b7lacions han millorat tant en nombre (actualment l\u2019EIP a Granada disposa d\u2019un edifici propi per al desenvolupament de la doc\u00e8ncia en m\u00e0sters oficials), com en instal\u00b7lacions tecnol\u00f2giques, com canons inform\u00e0tics, acc\u00e9s wifi, etc. D\u2019altra banda, el Departament de Did\u00e0ctica de l\u2019Expressi\u00f3 Musical, Pl\u00e0stica i Corporal de la UGR ha creat el Laboratori d\u2019Imatge Digital a la Facultat de Ci\u00e8ncies de l\u2019Educaci\u00f3, que est\u00e0 a disposici\u00f3 de l\u2019alumnat del m\u00e0ster. La UB ha adequat les seves instal\u00b7lacions a l\u2019EEES i ha actualitzat nombroses instal\u00b7lacions tecnol\u00f2giques d\u2019\u00fas diari per a l\u2019alumnat del m\u00e0ster. El Departament de Did\u00e0ctiques Espec\u00edfiques de la UdG tamb\u00e9 ha actualitzat les seves aules amb projectors inform\u00e0tics i xarxes sense fils.<\/p>\n<p dir=\"ltr\" style=\"text-align: justify;\">\u2013 L\u2019adquisici\u00f3 d\u2019equipament per a la realitzaci\u00f3 de pr\u00e0ctiques tant en aquestes instal\u00b7lacions com fora d\u2019elles. S\u2019ha adquirit material t\u00e8cnic, fotogr\u00e0fic i videogr\u00e0fic per documentar els processos d\u2019ensenyament-aprenentatge i per al desenvolupament de pr\u00e0ctiques per part de l\u2019alumnat.<\/p>\n<p dir=\"ltr\" style=\"text-align: justify;\">No s\u2019ha produ\u00eft cap queixa, per\u00f2 s\u00ed suggeriments i peticions del professorat i de l\u2019alumnat del m\u00e0ster per a l\u2019adquisici\u00f3 de nou material o la renovaci\u00f3 d\u2019instrumental per a l\u2019\u00fas en pr\u00e0ctiques docents que ha quedat obsolet, aix\u00ed com la petici\u00f3 puntual d\u2019espais i instal\u00b7lacions per a activitats concretes.<\/p>\n<p dir=\"ltr\" style=\"text-align: justify;\">A m\u00e9s del que s\u2019ha indicat anteriorment, cal destacar que l&#8217;Escola Internacional de Postgrau \u00e9s el centre que coordina i gestiona els ensenyaments de postgrau a la Universitat de Granada i \u00e9s responsable de la gesti\u00f3 administrativa dels M\u00e0sters Universitaris.<\/p>\n<p dir=\"ltr\" style=\"text-align: justify;\">Entre els serveis de suport a l\u2019estudiant del m\u00e0ster de la UGR s\u2019inclouen els seg\u00fcents: Biblioteca Universit\u00e0ria, Centre de Serveis d\u2019Inform\u00e0tica i Xarxes de Comunicacions, Escola Internacional de Postgrau, Servei d&#8217;Assist\u00e8ncia Estudiantil, Servei de Beques, Servei d\u2019Alumnes, Centre de Promoci\u00f3, Ocupaci\u00f3 i Pr\u00e0ctiques, Oficina de Relacions Internacionals i Cooperaci\u00f3 al Desenvolupament, Servei d\u2019Assumptes Generals, Menjadors Universitaris, Centre d\u2019Activitats Esportives, Servei d\u2019Extensi\u00f3 Universit\u00e0ria, Resid\u00e8ncies Universit\u00e0ries, Unitat Funcional de Departaments i Unitat Funcional de Laboratoris. L\u2019ordenaci\u00f3 d\u2019aquests serveis correspon a la Ger\u00e8ncia de la UGR en el marc dels Estatuts de la UGR. Tots aquests serveis es troben certificats segons la Norma ISO 9001 i disposen d\u2019una Carta de Serveis publicada al BOJA.<\/p>\n","protected":false},"excerpt":{"rendered":"<p>El t\u00edtol disposa de m\u00e9s instal\u00b7lacions i molts m\u00e9s recursos que els proposats en la Mem\u00f2ria de Verificaci\u00f3 del t\u00edtol l\u2019any 2010. La major part provenen de dues fonts: \u2013 La millora d\u2019instal\u00b7lacions b\u00e0siques: aules disponibles, laboratoris especialitzats i de pr\u00e0ctiques, seminaris, etc. Aquestes instal\u00b7lacions han millorat tant en nombre (actualment l\u2019EIP a Granada disposa [&#8230;]\n","protected":false},"author":2,"featured_media":0,"parent":0,"menu_order":0,"comment_status":"closed","ping_status":"closed","template":"","meta":{"footnotes":""},"class_list":["post-5801","page","type-page","status-publish","hentry"],"yoast_head":"<!-- This site is optimized with the Yoast SEO plugin v20.5 - https:\/\/yoast.com\/wordpress\/plugins\/seo\/ -->\n<title>RECURSOS - Artes Visuales y Educaci\u00f3n<\/title>\n<meta name=\"description\" content=\"Recursos: Accedeix a aules virtuals, biblioteques i repositoris digitals del M\u00e0ster en Arts Visuals. Tot el que necessites en un sol lloc!\" \/>\n<meta name=\"robots\" content=\"index, follow, max-snippet:-1, max-image-preview:large, max-video-preview:-1\" \/>\n<link rel=\"canonical\" href=\"https:\/\/artes-visuales.org\/ca\/recursos\/\" \/>\n<meta property=\"og:locale\" content=\"ca_ES\" \/>\n<meta property=\"og:type\" content=\"article\" \/>\n<meta property=\"og:title\" content=\"RECURSOS - Artes Visuales y Educaci\u00f3n\" \/>\n<meta property=\"og:description\" content=\"Recursos: Accedeix a aules virtuals, biblioteques i repositoris digitals del M\u00e0ster en Arts Visuals. Tot el que necessites en un sol lloc!\" \/>\n<meta property=\"og:url\" content=\"https:\/\/artes-visuales.org\/ca\/recursos\/\" \/>\n<meta property=\"og:site_name\" content=\"Artes Visuales y Educaci\u00f3n\" \/>\n<meta property=\"article:modified_time\" content=\"2026-01-08T10:11:45+00:00\" \/>\n<meta name=\"twitter:card\" content=\"summary_large_image\" \/>\n<meta name=\"twitter:label1\" content=\"Temps estimat de lectura\" \/>\n\t<meta name=\"twitter:data1\" content=\"2 minuts\" \/>\n<script type=\"application\/ld+json\" class=\"yoast-schema-graph\">{\"@context\":\"https:\/\/schema.org\",\"@graph\":[{\"@type\":\"WebPage\",\"@id\":\"https:\/\/artes-visuales.org\/ca\/recursos\/\",\"url\":\"https:\/\/artes-visuales.org\/ca\/recursos\/\",\"name\":\"RECURSOS - Artes Visuales y Educaci\u00f3n\",\"isPartOf\":{\"@id\":\"https:\/\/artes-visuales.org\/#website\"},\"datePublished\":\"2016-01-26T08:38:03+00:00\",\"dateModified\":\"2026-01-08T10:11:45+00:00\",\"description\":\"Recursos: Accedeix a aules virtuals, biblioteques i repositoris digitals del M\u00e0ster en Arts Visuals. Tot el que necessites en un sol lloc!\",\"breadcrumb\":{\"@id\":\"https:\/\/artes-visuales.org\/ca\/recursos\/#breadcrumb\"},\"inLanguage\":\"ca\",\"potentialAction\":[{\"@type\":\"ReadAction\",\"target\":[\"https:\/\/artes-visuales.org\/ca\/recursos\/\"]}]},{\"@type\":\"BreadcrumbList\",\"@id\":\"https:\/\/artes-visuales.org\/ca\/recursos\/#breadcrumb\",\"itemListElement\":[{\"@type\":\"ListItem\",\"position\":1,\"name\":\"Portada\",\"item\":\"https:\/\/artes-visuales.org\/ca\/\"},{\"@type\":\"ListItem\",\"position\":2,\"name\":\"RECURSOS\"}]},{\"@type\":\"WebSite\",\"@id\":\"https:\/\/artes-visuales.org\/#website\",\"url\":\"https:\/\/artes-visuales.org\/\",\"name\":\"Artes Visuales y Educaci\u00f3n\",\"description\":\"M\u00e1ster UGR\",\"potentialAction\":[{\"@type\":\"SearchAction\",\"target\":{\"@type\":\"EntryPoint\",\"urlTemplate\":\"https:\/\/artes-visuales.org\/?s={search_term_string}\"},\"query-input\":\"required name=search_term_string\"}],\"inLanguage\":\"ca\"}]}<\/script>\n<!-- \/ Yoast SEO plugin. -->","yoast_head_json":{"title":"RECURSOS - Artes Visuales y Educaci\u00f3n","description":"Recursos: Accedeix a aules virtuals, biblioteques i repositoris digitals del M\u00e0ster en Arts Visuals. Tot el que necessites en un sol lloc!","robots":{"index":"index","follow":"follow","max-snippet":"max-snippet:-1","max-image-preview":"max-image-preview:large","max-video-preview":"max-video-preview:-1"},"canonical":"https:\/\/artes-visuales.org\/ca\/recursos\/","og_locale":"ca_ES","og_type":"article","og_title":"RECURSOS - Artes Visuales y Educaci\u00f3n","og_description":"Recursos: Accedeix a aules virtuals, biblioteques i repositoris digitals del M\u00e0ster en Arts Visuals. Tot el que necessites en un sol lloc!","og_url":"https:\/\/artes-visuales.org\/ca\/recursos\/","og_site_name":"Artes Visuales y Educaci\u00f3n","article_modified_time":"2026-01-08T10:11:45+00:00","twitter_card":"summary_large_image","twitter_misc":{"Temps estimat de lectura":"2 minuts"},"schema":{"@context":"https:\/\/schema.org","@graph":[{"@type":"WebPage","@id":"https:\/\/artes-visuales.org\/ca\/recursos\/","url":"https:\/\/artes-visuales.org\/ca\/recursos\/","name":"RECURSOS - Artes Visuales y Educaci\u00f3n","isPartOf":{"@id":"https:\/\/artes-visuales.org\/#website"},"datePublished":"2016-01-26T08:38:03+00:00","dateModified":"2026-01-08T10:11:45+00:00","description":"Recursos: Accedeix a aules virtuals, biblioteques i repositoris digitals del M\u00e0ster en Arts Visuals. Tot el que necessites en un sol lloc!","breadcrumb":{"@id":"https:\/\/artes-visuales.org\/ca\/recursos\/#breadcrumb"},"inLanguage":"ca","potentialAction":[{"@type":"ReadAction","target":["https:\/\/artes-visuales.org\/ca\/recursos\/"]}]},{"@type":"BreadcrumbList","@id":"https:\/\/artes-visuales.org\/ca\/recursos\/#breadcrumb","itemListElement":[{"@type":"ListItem","position":1,"name":"Portada","item":"https:\/\/artes-visuales.org\/ca\/"},{"@type":"ListItem","position":2,"name":"RECURSOS"}]},{"@type":"WebSite","@id":"https:\/\/artes-visuales.org\/#website","url":"https:\/\/artes-visuales.org\/","name":"Artes Visuales y Educaci\u00f3n","description":"M\u00e1ster UGR","potentialAction":[{"@type":"SearchAction","target":{"@type":"EntryPoint","urlTemplate":"https:\/\/artes-visuales.org\/?s={search_term_string}"},"query-input":"required name=search_term_string"}],"inLanguage":"ca"}]}},"_links":{"self":[{"href":"https:\/\/artes-visuales.org\/ca\/wp-json\/wp\/v2\/pages\/5801","targetHints":{"allow":["GET"]}}],"collection":[{"href":"https:\/\/artes-visuales.org\/ca\/wp-json\/wp\/v2\/pages"}],"about":[{"href":"https:\/\/artes-visuales.org\/ca\/wp-json\/wp\/v2\/types\/page"}],"author":[{"embeddable":true,"href":"https:\/\/artes-visuales.org\/ca\/wp-json\/wp\/v2\/users\/2"}],"replies":[{"embeddable":true,"href":"https:\/\/artes-visuales.org\/ca\/wp-json\/wp\/v2\/comments?post=5801"}],"version-history":[{"count":3,"href":"https:\/\/artes-visuales.org\/ca\/wp-json\/wp\/v2\/pages\/5801\/revisions"}],"predecessor-version":[{"id":6043,"href":"https:\/\/artes-visuales.org\/ca\/wp-json\/wp\/v2\/pages\/5801\/revisions\/6043"}],"wp:attachment":[{"href":"https:\/\/artes-visuales.org\/ca\/wp-json\/wp\/v2\/media?parent=5801"}],"curies":[{"name":"wp","href":"https:\/\/api.w.org\/{rel}","templated":true}]}}