{"id":5798,"date":"2015-11-11T07:05:07","date_gmt":"2015-11-11T07:05:07","guid":{"rendered":"https:\/\/artes-visuales.org\/apoyo-y-orientacion-estudiantes-matriculados\/"},"modified":"2026-01-08T10:10:59","modified_gmt":"2026-01-08T10:10:59","slug":"suport-i-orientacio-a-lestudiantat-matriculat","status":"publish","type":"page","link":"https:\/\/artes-visuales.org\/ca\/suport-i-orientacio-a-lestudiantat-matriculat\/","title":{"rendered":"SUPORT I ORIENTACI\u00d3 A L\u2019ESTUDIANTAT MATRICULAT"},"content":{"rendered":"<div class=\"wpb-content-wrapper\">[vc_row][vc_column][vc_column_text css=&#8221;&#8221;]\n<h3 style=\"text-align: justify;\">UNIVERSITAT DE GRANADA<\/h3>\n<p style=\"text-align: justify;\">La finalitat \u00e9s que conegui no nom\u00e9s el seu Centre, sin\u00f3 tamb\u00e9 la resta, i es connecti amb el teixit empresarial i cultural de la ciutat aix\u00ed com amb les institucions i \u00e0mbits que puguin donar resposta a les seves inquietuds acad\u00e8miques i personals.<\/p>\n<p style=\"text-align: justify;\">El Secretariat d\u2019Informaci\u00f3 i Participaci\u00f3 Estudiantil (Vicerectorat d\u2019Estudiants) publica anualment la Guia de l\u2019Estudiant, que ofereix informaci\u00f3 completa sobre els aspectes seg\u00fcents: la Universitat de Granada; la ciutat de Granada; el Govern de la Universitat de Granada; el Servei de beques; el Gabinet d\u2019atenci\u00f3 social; l\u2019Oficina de gesti\u00f3 d\u2019allotjaments; el Gabinet d\u2019atenci\u00f3 psicopedag\u00f2gica; el Centre de promoci\u00f3 d\u2019ocupaci\u00f3 i pr\u00e0ctiques; la Casa de l\u2019Estudiant; els Secretariats d\u2019associacionisme, de programes de mobilitat nacional, i d\u2019informaci\u00f3 i participaci\u00f3 estudiantil; el carnet universitari; el bo-bus universitari; la Biblioteca; el Servei d\u2019inform\u00e0tica; el Servei de menjadors; activitats culturals; el Centre juvenil d\u2019orientaci\u00f3 per a la salut; el Defensor universitari; la Inspecci\u00f3 de serveis; la cooperaci\u00f3 internacional; l\u2019ensenyament virtual; programes de mobilitat; cursos d\u2019estiu; ex\u00e0mens; trasllats d\u2019expedient; la simultane\u00eftat d\u2019estudis; t\u00edtols; el mecanisme d\u2019adaptaci\u00f3, convalidacions i reconeixement de cr\u00e8dits; estudis de M\u00e0sters Universitaris i de Doctorat; l\u2019asseguran\u00e7a escolar; beques i ajuts; i un directori d\u2019institucions i centres universitaris. Aquesta guia est\u00e0 a disposici\u00f3 de tots els estudiants, tant si resideixen a Granada com si no, ja que pot descarregar-se gratu\u00eftament des de la p\u00e0gina web del Vicerectorat d\u2019Estudiants.<\/p>\n<p style=\"text-align: justify;\">L&#8217;Escola Internacional de Postgrau compta amb una web pr\u00f2pia (<a href=\"http:\/\/escuelaposgrado.ugr.es\/\">https:\/\/escuelaposgrado.ugr.es<\/a>) que ofereix informaci\u00f3 completa sobre tots els t\u00edtols i programes de postgrau que ofereix la Universitat de Granada, els recursos a disposici\u00f3 dels estudiants, aix\u00ed com informaci\u00f3 pertinent i enlla\u00e7os a cadascun dels t\u00edtols oferts.<\/p>\n<p style=\"text-align: justify;\">Un cop matriculat, l\u2019estudiant continua tenint a la seva disposici\u00f3 permanentment totes les fonts d\u2019informaci\u00f3 ressenyades als apartats 4.1 i 4.2. En especial, cada estudiant comptar\u00e0 amb l\u2019assessorament d\u2019un Tutor assignat a l\u2019inici del curs.<\/p>\n<p style=\"text-align: justify;\">D\u2019altra banda, l\u2019estudiant comptar\u00e0 amb l\u2019ajuda necess\u00e0ria per part de la direcci\u00f3 del M\u00e0ster per a l\u2019acc\u00e9s al suport acad\u00e8mic i l\u2019orientaci\u00f3 en tots aquells temes relacionats amb el desenvolupament del pla d\u2019estudis. La web del M\u00e0ster posar\u00e0 a disposici\u00f3 de l\u2019alumnat una b\u00fastia de suggeriments i un correu electr\u00f2nic a trav\u00e9s dels quals podr\u00e0 cursar els seus dubtes o reclamacions.<\/p>\n<p style=\"text-align: justify;\">Pel que fa a preguntes, suggeriments i reclamacions, cal adre\u00e7ar-se a:<\/p>\n<p>&#8211; Coordinaci\u00f3 del M\u00e0ster: <a href=\"mailto:joaquinroldan@ugr.es\" target=\"_blank\" rel=\"noopener\">joaquinroldan@ugr.es<\/a><\/p>\n<p>&#8211; <a href=\"http:\/\/escuelaposgrado.ugr.es\/pages\/sugerencias\" target=\"_blank\" rel=\"noopener\">P\u00e0gina web de l\u2019Escola Internacional de Postgrau<\/a><\/p>\n<p>&#8211; <a href=\"https:\/\/artes-visuales.org\/quejas-consultas-y-contacto\/\" target=\"_blank\" rel=\"noopener\">P\u00e0gina web del M\u00e0ster: b\u00fastia de consultes, suggeriments i queixes<\/a><\/p>\n<p>&#8211; <a href=\"http:\/\/www.ugr.es\/~inspec\/personal.htm\" target=\"_blank\" rel=\"noopener\">Inspecci\u00f3 de Serveis de la Universitat<\/a><\/p>\n<p>&#8211; <a href=\"http:\/\/www.ugr.es\/~defensor\/\" target=\"_blank\" rel=\"noopener\">Defensor universitari de la Universitat de Granada<\/a><\/p>\n<h3>UNIVERSITAT DE BARCELONA<\/h3>\n<p style=\"text-align: justify;\">Un cop matriculats, s\u2019assigna a cada estudiant un tutor o tutora que li far\u00e0 el seguiment durant el curs. A m\u00e9s, la primera setmana, i durant tres dies, es realitza un seminari introductori al programa en el qual, a m\u00e9s de resoldre tots els dubtes que es plantegen als estudiants, tant aquests com el professorat fan una presentaci\u00f3 de la seva traject\u00f2ria i interessos prioritaris.<\/p>\n<p style=\"text-align: justify;\">La finalitat d\u2019aquesta activitat, que inclou una primera introducci\u00f3 a l\u2019enfocament construccionista, \u00e9s crear ambient de grup i consolidar les relacions entre els participants.<\/p>\n<p style=\"text-align: justify;\">De manera paral\u00b7lela, s\u2019informa dels serveis que poden obtenir a la secci\u00f3 d\u2019atenci\u00f3 als estudiants, especialment en temes relacionats amb els tr\u00e0mits del perm\u00eds de resid\u00e8ncia i d\u2019habitatge.<\/p>\n<p style=\"text-align: justify;\">Sistemes de suport i orientaci\u00f3 dels estudiants un cop matriculats<\/p>\n<p style=\"text-align: justify;\">Sistema d\u2019acollida i orientaci\u00f3 als estudiants de nou ingr\u00e9s de car\u00e0cter com\u00fa per als tres centres:<\/p>\n<p style=\"text-align: justify;\">En el proc\u00e9s de matriculaci\u00f3, cada estudiant t\u00e9 una entrevista amb el professorat encarregat d\u2019orientar-lo en els estudis, amb la finalitat que configuri un perfil adaptat als seus interessos i necessitats formatives.<\/p>\n<p style=\"text-align: justify;\">La primera setmana de l\u2019inici del curs, els estudiants, amb la finalitat d\u2019establir una vinculaci\u00f3 efectiva amb el grup, han de realitzar una presentaci\u00f3 d\u2019algun projecte relacionat amb la seva traject\u00f2ria acad\u00e8mica i professional.<\/p>\n<p style=\"text-align: justify;\">A cada estudiant se li assigna des de l\u2019inici dels estudis un tutor o tutora que l\u2019acompanyar\u00e0 en la seva traject\u00f2ria i amb qui podr\u00e0 afrontar q\u00fcestions relacionades amb la seva adaptaci\u00f3 aix\u00ed com amb la planificaci\u00f3 dels seus estudis.<\/p>\n<h3>UNIVERSITAT DE GIRONA<\/h3>\n<p style=\"text-align: justify;\">Cada any, a l\u2019inici del curs acad\u00e8mic, la UdG organitza unes Jornades destinades als alumnes de nou ingr\u00e9s en qu\u00e8 es realitzen activitats espec\u00edficament dirigides a aquest alumnat, amb l\u2019objectiu de permetre-li prendre contacte amb l\u2019\u00e0mplia (i nova) realitat que representa la Universitat. La finalitat \u00e9s que conegui no nom\u00e9s el seu Centre, sin\u00f3 tamb\u00e9 la resta, i es connecti amb el teixit empresarial i cultural de la ciutat aix\u00ed com amb les institucions i \u00e0mbits que puguin donar resposta a les seves inquietuds acad\u00e8miques i personals.<\/p>\n<p style=\"text-align: justify;\">El <a href=\"https:\/\/www.udg.edu\/ca\/\" target=\"_blank\" rel=\"noopener\">sistema d\u2019informaci\u00f3 de campus<\/a> ofereix informaci\u00f3 completa sobre els aspectes seg\u00fcents:<\/p>\n<p style=\"text-align: justify;\">Sobre la ciutat de Girona:<\/p>\n<ul style=\"text-align: justify;\">\n<li>Cartografia de refer\u00e8ncia<\/li>\n<li>Tra\u00e7ats del carril bici<\/li>\n<li>Parades i l\u00ednies d\u2019autob\u00fas urb\u00e0<\/li>\n<li>Ubicaci\u00f3 de l\u2019estaci\u00f3 de ferrocarril<\/li>\n<\/ul>\n<p style=\"text-align: justify;\">Sobre la Universitat de Girona:<\/p>\n<ul style=\"text-align: justify;\">\n<li>Per\u00edmetre dels campus de la UdG<\/li>\n<li>Edificis de la UdG<\/li>\n<li>Zones verdes de la UdG<\/li>\n<li>Zones d\u2019aparcament<\/li>\n<li>Zones UdG wifi<\/li>\n<li>Punts del pla d\u2019ambientalitzaci\u00f3<\/li>\n<li>Serveis de la UdG<\/li>\n<li>Instal\u00b7lacions esportives<\/li>\n<li>Habitatges d\u2019estudiants<\/li>\n<li>Borsa de transport compartit<\/li>\n<\/ul>\n<p style=\"text-align: justify;\">En <a href=\"http:\/\/www.udg.edu\/Default.aspx?alias=www.udg.edu\/viualaudg\" target=\"_blank\" rel=\"noopener\">aquest enlla\u00e7<\/a> els estudiants poden trobar informaci\u00f3 sobre: activitats culturals realitzades en el marc de la Universitat, aula de teatre, cor de la universitat, festa major, el grup d\u2019activitat l\u00fadica \u201cxoriguers\u201d, atenci\u00f3 a la igualtat, dades, enlla\u00e7os d\u2019inter\u00e8s, equip de treball, pla d\u2019igualtat, ajudes a persones amb discapacitat, pla d\u2019inclusi\u00f3, tot el relacionat amb la recerca, normatives, publicacions, cat\u00e0leg, publicacions electr\u00f2niques, consell d\u2019estudiants, associacions, el que fa refer\u00e8ncia a cooperaci\u00f3 i voluntariat, espais i activitats esportives, competicions, servei de lleng\u00fces modernes, ex\u00e0mens de Cambridge, ex\u00e0mens oficials, formaci\u00f3 i atenci\u00f3 ling\u00fc\u00edstica, etc.<\/p>\n<p style=\"text-align: justify;\">D\u2019altra banda, existeix el <a href=\"https:\/\/www.udg.edu\/ca\/viu\/Serveis-Universitaris\/Punt-dinformacio\" target=\"_blank\" rel=\"noopener\">Centre d\u2019informaci\u00f3 i assessorament a l\u2019estudiant CIAE<\/a>, on podran obtenir tot tipus d\u2019informaci\u00f3, atenci\u00f3 psicopedag\u00f2gica, promoci\u00f3 de l\u2019ocupaci\u00f3 i pr\u00e0ctiques, programes de mobilitat estatal i internacional, cooperaci\u00f3 internacional, cursos d\u2019estiu; ex\u00e0mens; trasllats d\u2019expedient; simultane\u00eftat d\u2019estudis; t\u00edtols; mecanisme d\u2019adaptaci\u00f3, convalidacions i reconeixement de cr\u00e8dits; estudis de tercer cicle i m\u00e0sters oficials; asseguran\u00e7a escolar; beques i ajuts; i un directori d\u2019institucions i centres universitaris.<\/p>\n[\/vc_column_text][\/vc_column][\/vc_row]\n<\/div>","protected":false},"excerpt":{"rendered":"[vc_row][vc_column][vc_column_text css=&#8221;&#8221;] UNIVERSITAT DE GRANADA La finalitat \u00e9s que conegui no nom\u00e9s el seu Centre, sin\u00f3 tamb\u00e9 la resta, i es connecti amb el teixit empresarial i cultural de la ciutat aix\u00ed com amb les institucions i \u00e0mbits que puguin donar resposta a les seves inquietuds acad\u00e8miques i personals. El Secretariat d\u2019Informaci\u00f3 i Participaci\u00f3 Estudiantil [&#8230;]\n","protected":false},"author":2,"featured_media":0,"parent":0,"menu_order":0,"comment_status":"closed","ping_status":"closed","template":"page-blank-title-center.php","meta":{"footnotes":""},"class_list":["post-5798","page","type-page","status-publish","hentry"],"yoast_head":"<!-- This site is optimized with the Yoast SEO plugin v20.5 - https:\/\/yoast.com\/wordpress\/plugins\/seo\/ -->\n<title>SUPORT I ORIENTACI\u00d3 A L\u2019ESTUDIANTAT MATRICULAT - Artes Visuales y Educaci\u00f3n<\/title>\n<meta name=\"description\" content=\"Suport a l&#039;estudiant: orientaci\u00f3 acad\u00e8mica, tutories i recursos personalitzats per al M\u00e0ster. T&#039;ajudem a assolir els teus objectius!\" \/>\n<meta name=\"robots\" content=\"index, follow, max-snippet:-1, max-image-preview:large, max-video-preview:-1\" \/>\n<link rel=\"canonical\" href=\"https:\/\/artes-visuales.org\/ca\/suport-i-orientacio-a-lestudiantat-matriculat\/\" \/>\n<meta property=\"og:locale\" content=\"ca_ES\" \/>\n<meta property=\"og:type\" content=\"article\" \/>\n<meta property=\"og:title\" content=\"SUPORT I ORIENTACI\u00d3 A L\u2019ESTUDIANTAT MATRICULAT - Artes Visuales y Educaci\u00f3n\" \/>\n<meta property=\"og:description\" content=\"Suport a l&#039;estudiant: orientaci\u00f3 acad\u00e8mica, tutories i recursos personalitzats per al M\u00e0ster. T&#039;ajudem a assolir els teus objectius!\" \/>\n<meta property=\"og:url\" content=\"https:\/\/artes-visuales.org\/ca\/suport-i-orientacio-a-lestudiantat-matriculat\/\" \/>\n<meta property=\"og:site_name\" content=\"Artes Visuales y Educaci\u00f3n\" \/>\n<meta property=\"article:modified_time\" content=\"2026-01-08T10:10:59+00:00\" \/>\n<meta name=\"twitter:card\" content=\"summary_large_image\" \/>\n<meta name=\"twitter:label1\" content=\"Temps estimat de lectura\" \/>\n\t<meta name=\"twitter:data1\" content=\"5 minuts\" \/>\n<script type=\"application\/ld+json\" class=\"yoast-schema-graph\">{\"@context\":\"https:\/\/schema.org\",\"@graph\":[{\"@type\":\"WebPage\",\"@id\":\"https:\/\/artes-visuales.org\/ca\/suport-i-orientacio-a-lestudiantat-matriculat\/\",\"url\":\"https:\/\/artes-visuales.org\/ca\/suport-i-orientacio-a-lestudiantat-matriculat\/\",\"name\":\"SUPORT I ORIENTACI\u00d3 A L\u2019ESTUDIANTAT MATRICULAT - Artes Visuales y Educaci\u00f3n\",\"isPartOf\":{\"@id\":\"https:\/\/artes-visuales.org\/#website\"},\"datePublished\":\"2015-11-11T07:05:07+00:00\",\"dateModified\":\"2026-01-08T10:10:59+00:00\",\"description\":\"Suport a l'estudiant: orientaci\u00f3 acad\u00e8mica, tutories i recursos personalitzats per al M\u00e0ster. T'ajudem a assolir els teus objectius!\",\"breadcrumb\":{\"@id\":\"https:\/\/artes-visuales.org\/ca\/suport-i-orientacio-a-lestudiantat-matriculat\/#breadcrumb\"},\"inLanguage\":\"ca\",\"potentialAction\":[{\"@type\":\"ReadAction\",\"target\":[\"https:\/\/artes-visuales.org\/ca\/suport-i-orientacio-a-lestudiantat-matriculat\/\"]}]},{\"@type\":\"BreadcrumbList\",\"@id\":\"https:\/\/artes-visuales.org\/ca\/suport-i-orientacio-a-lestudiantat-matriculat\/#breadcrumb\",\"itemListElement\":[{\"@type\":\"ListItem\",\"position\":1,\"name\":\"Portada\",\"item\":\"https:\/\/artes-visuales.org\/ca\/\"},{\"@type\":\"ListItem\",\"position\":2,\"name\":\"SUPORT I ORIENTACI\u00d3 A L\u2019ESTUDIANTAT MATRICULAT\"}]},{\"@type\":\"WebSite\",\"@id\":\"https:\/\/artes-visuales.org\/#website\",\"url\":\"https:\/\/artes-visuales.org\/\",\"name\":\"Artes Visuales y Educaci\u00f3n\",\"description\":\"M\u00e1ster UGR\",\"potentialAction\":[{\"@type\":\"SearchAction\",\"target\":{\"@type\":\"EntryPoint\",\"urlTemplate\":\"https:\/\/artes-visuales.org\/?s={search_term_string}\"},\"query-input\":\"required name=search_term_string\"}],\"inLanguage\":\"ca\"}]}<\/script>\n<!-- \/ Yoast SEO plugin. -->","yoast_head_json":{"title":"SUPORT I ORIENTACI\u00d3 A L\u2019ESTUDIANTAT MATRICULAT - Artes Visuales y Educaci\u00f3n","description":"Suport a l'estudiant: orientaci\u00f3 acad\u00e8mica, tutories i recursos personalitzats per al M\u00e0ster. T'ajudem a assolir els teus objectius!","robots":{"index":"index","follow":"follow","max-snippet":"max-snippet:-1","max-image-preview":"max-image-preview:large","max-video-preview":"max-video-preview:-1"},"canonical":"https:\/\/artes-visuales.org\/ca\/suport-i-orientacio-a-lestudiantat-matriculat\/","og_locale":"ca_ES","og_type":"article","og_title":"SUPORT I ORIENTACI\u00d3 A L\u2019ESTUDIANTAT MATRICULAT - Artes Visuales y Educaci\u00f3n","og_description":"Suport a l'estudiant: orientaci\u00f3 acad\u00e8mica, tutories i recursos personalitzats per al M\u00e0ster. T'ajudem a assolir els teus objectius!","og_url":"https:\/\/artes-visuales.org\/ca\/suport-i-orientacio-a-lestudiantat-matriculat\/","og_site_name":"Artes Visuales y Educaci\u00f3n","article_modified_time":"2026-01-08T10:10:59+00:00","twitter_card":"summary_large_image","twitter_misc":{"Temps estimat de lectura":"5 minuts"},"schema":{"@context":"https:\/\/schema.org","@graph":[{"@type":"WebPage","@id":"https:\/\/artes-visuales.org\/ca\/suport-i-orientacio-a-lestudiantat-matriculat\/","url":"https:\/\/artes-visuales.org\/ca\/suport-i-orientacio-a-lestudiantat-matriculat\/","name":"SUPORT I ORIENTACI\u00d3 A L\u2019ESTUDIANTAT MATRICULAT - Artes Visuales y Educaci\u00f3n","isPartOf":{"@id":"https:\/\/artes-visuales.org\/#website"},"datePublished":"2015-11-11T07:05:07+00:00","dateModified":"2026-01-08T10:10:59+00:00","description":"Suport a l'estudiant: orientaci\u00f3 acad\u00e8mica, tutories i recursos personalitzats per al M\u00e0ster. T'ajudem a assolir els teus objectius!","breadcrumb":{"@id":"https:\/\/artes-visuales.org\/ca\/suport-i-orientacio-a-lestudiantat-matriculat\/#breadcrumb"},"inLanguage":"ca","potentialAction":[{"@type":"ReadAction","target":["https:\/\/artes-visuales.org\/ca\/suport-i-orientacio-a-lestudiantat-matriculat\/"]}]},{"@type":"BreadcrumbList","@id":"https:\/\/artes-visuales.org\/ca\/suport-i-orientacio-a-lestudiantat-matriculat\/#breadcrumb","itemListElement":[{"@type":"ListItem","position":1,"name":"Portada","item":"https:\/\/artes-visuales.org\/ca\/"},{"@type":"ListItem","position":2,"name":"SUPORT I ORIENTACI\u00d3 A L\u2019ESTUDIANTAT MATRICULAT"}]},{"@type":"WebSite","@id":"https:\/\/artes-visuales.org\/#website","url":"https:\/\/artes-visuales.org\/","name":"Artes Visuales y Educaci\u00f3n","description":"M\u00e1ster UGR","potentialAction":[{"@type":"SearchAction","target":{"@type":"EntryPoint","urlTemplate":"https:\/\/artes-visuales.org\/?s={search_term_string}"},"query-input":"required name=search_term_string"}],"inLanguage":"ca"}]}},"_links":{"self":[{"href":"https:\/\/artes-visuales.org\/ca\/wp-json\/wp\/v2\/pages\/5798","targetHints":{"allow":["GET"]}}],"collection":[{"href":"https:\/\/artes-visuales.org\/ca\/wp-json\/wp\/v2\/pages"}],"about":[{"href":"https:\/\/artes-visuales.org\/ca\/wp-json\/wp\/v2\/types\/page"}],"author":[{"embeddable":true,"href":"https:\/\/artes-visuales.org\/ca\/wp-json\/wp\/v2\/users\/2"}],"replies":[{"embeddable":true,"href":"https:\/\/artes-visuales.org\/ca\/wp-json\/wp\/v2\/comments?post=5798"}],"version-history":[{"count":3,"href":"https:\/\/artes-visuales.org\/ca\/wp-json\/wp\/v2\/pages\/5798\/revisions"}],"predecessor-version":[{"id":6249,"href":"https:\/\/artes-visuales.org\/ca\/wp-json\/wp\/v2\/pages\/5798\/revisions\/6249"}],"wp:attachment":[{"href":"https:\/\/artes-visuales.org\/ca\/wp-json\/wp\/v2\/media?parent=5798"}],"curies":[{"name":"wp","href":"https:\/\/api.w.org\/{rel}","templated":true}]}}