{"id":5794,"date":"2015-09-16T09:40:26","date_gmt":"2015-09-16T09:40:26","guid":{"rendered":"https:\/\/artes-visuales.org\/instituciones-publicas-colaboradoras\/"},"modified":"2026-01-08T10:10:21","modified_gmt":"2026-01-08T10:10:21","slug":"institucions-publiques-col%c2%b7laboradores","status":"publish","type":"page","link":"https:\/\/artes-visuales.org\/ca\/institucions-publiques-col%c2%b7laboradores\/","title":{"rendered":"INSTITUCIONS P\u00daBLIQUES COL\u00b7LABORADORES"},"content":{"rendered":"<p>Universitat de Granada<br \/>\nUniversitat de Barcelona<br \/>\nUniversitat de Girona<br \/>\nUniversitat P\u00fablica de Navarra<br \/>\nUniversitat Complutense de Madrid<br \/>\nUniversitat Aut\u00f2noma de Madrid<br \/>\nUniversitat Rovira i Virgili (Tarragona)<br \/>\nUniversitat Aut\u00f2noma de Barcelona<br \/>\nUniversitat de Sevilla<br \/>\nUniversitat de Madison a Milwaukee (Estats Units)<br \/>\nUniversitat de Ginebra (Su\u00efssa)<br \/>\nUniversity of Lapland (Finl\u00e0ndia)<br \/>\nGoldsmiths College (Regne Unit)<br \/>\nUniversitat de Palerm (It\u00e0lia)<br \/>\nAalto University (Finl\u00e0ndia)<br \/>\nMatrix Evidence (Regne Unit)<br \/>\nUniversidade de S\u00e3o Paulo (Brasil)<\/p>\n","protected":false},"excerpt":{"rendered":"<p>Universitat de Granada Universitat de Barcelona Universitat de Girona Universitat P\u00fablica de Navarra Universitat Complutense de Madrid Universitat Aut\u00f2noma de Madrid Universitat Rovira i Virgili (Tarragona) Universitat Aut\u00f2noma de Barcelona Universitat de Sevilla Universitat de Madison a Milwaukee (Estats Units) Universitat de Ginebra (Su\u00efssa) University of Lapland (Finl\u00e0ndia) Goldsmiths College (Regne Unit) Universitat de Palerm [&#8230;]\n","protected":false},"author":2,"featured_media":0,"parent":0,"menu_order":0,"comment_status":"closed","ping_status":"closed","template":"page-blank-title-center.php","meta":{"footnotes":""},"class_list":["post-5794","page","type-page","status-publish","hentry"],"yoast_head":"<!-- This site is optimized with the Yoast SEO plugin v20.5 - https:\/\/yoast.com\/wordpress\/plugins\/seo\/ -->\n<title>INSTITUCIONS P\u00daBLIQUES COL\u00b7LABORADORES - Artes Visuales y Educaci\u00f3n<\/title>\n<meta name=\"description\" content=\"Institucions col\u00b7laboradores: xarxa de museus i centres culturals a Barcelona, Granada i Girona. Crea els teus vincles professionals!\" \/>\n<meta name=\"robots\" content=\"index, follow, max-snippet:-1, max-image-preview:large, max-video-preview:-1\" \/>\n<link rel=\"canonical\" href=\"https:\/\/artes-visuales.org\/ca\/institucions-publiques-col\u00b7laboradores\/\" \/>\n<meta property=\"og:locale\" content=\"ca_ES\" \/>\n<meta property=\"og:type\" content=\"article\" \/>\n<meta property=\"og:title\" content=\"INSTITUCIONS P\u00daBLIQUES COL\u00b7LABORADORES - Artes Visuales y Educaci\u00f3n\" \/>\n<meta property=\"og:description\" content=\"Institucions col\u00b7laboradores: xarxa de museus i centres culturals a Barcelona, Granada i Girona. Crea els teus vincles professionals!\" \/>\n<meta property=\"og:url\" content=\"https:\/\/artes-visuales.org\/ca\/institucions-publiques-col\u00b7laboradores\/\" \/>\n<meta property=\"og:site_name\" content=\"Artes Visuales y Educaci\u00f3n\" \/>\n<meta property=\"article:modified_time\" content=\"2026-01-08T10:10:21+00:00\" \/>\n<meta name=\"twitter:card\" content=\"summary_large_image\" \/>\n<meta name=\"twitter:label1\" content=\"Temps estimat de lectura\" \/>\n\t<meta name=\"twitter:data1\" content=\"1 minut\" \/>\n<script type=\"application\/ld+json\" class=\"yoast-schema-graph\">{\"@context\":\"https:\/\/schema.org\",\"@graph\":[{\"@type\":\"WebPage\",\"@id\":\"https:\/\/artes-visuales.org\/ca\/institucions-publiques-col%c2%b7laboradores\/\",\"url\":\"https:\/\/artes-visuales.org\/ca\/institucions-publiques-col%c2%b7laboradores\/\",\"name\":\"INSTITUCIONS P\u00daBLIQUES COL\u00b7LABORADORES - Artes Visuales y Educaci\u00f3n\",\"isPartOf\":{\"@id\":\"https:\/\/artes-visuales.org\/#website\"},\"datePublished\":\"2015-09-16T09:40:26+00:00\",\"dateModified\":\"2026-01-08T10:10:21+00:00\",\"description\":\"Institucions col\u00b7laboradores: xarxa de museus i centres culturals a Barcelona, Granada i Girona. Crea els teus vincles professionals!\",\"breadcrumb\":{\"@id\":\"https:\/\/artes-visuales.org\/ca\/institucions-publiques-col%c2%b7laboradores\/#breadcrumb\"},\"inLanguage\":\"ca\",\"potentialAction\":[{\"@type\":\"ReadAction\",\"target\":[\"https:\/\/artes-visuales.org\/ca\/institucions-publiques-col%c2%b7laboradores\/\"]}]},{\"@type\":\"BreadcrumbList\",\"@id\":\"https:\/\/artes-visuales.org\/ca\/institucions-publiques-col%c2%b7laboradores\/#breadcrumb\",\"itemListElement\":[{\"@type\":\"ListItem\",\"position\":1,\"name\":\"Portada\",\"item\":\"https:\/\/artes-visuales.org\/ca\/\"},{\"@type\":\"ListItem\",\"position\":2,\"name\":\"INSTITUCIONS P\u00daBLIQUES COL\u00b7LABORADORES\"}]},{\"@type\":\"WebSite\",\"@id\":\"https:\/\/artes-visuales.org\/#website\",\"url\":\"https:\/\/artes-visuales.org\/\",\"name\":\"Artes Visuales y Educaci\u00f3n\",\"description\":\"M\u00e1ster UGR\",\"potentialAction\":[{\"@type\":\"SearchAction\",\"target\":{\"@type\":\"EntryPoint\",\"urlTemplate\":\"https:\/\/artes-visuales.org\/?s={search_term_string}\"},\"query-input\":\"required name=search_term_string\"}],\"inLanguage\":\"ca\"}]}<\/script>\n<!-- \/ Yoast SEO plugin. -->","yoast_head_json":{"title":"INSTITUCIONS P\u00daBLIQUES COL\u00b7LABORADORES - Artes Visuales y Educaci\u00f3n","description":"Institucions col\u00b7laboradores: xarxa de museus i centres culturals a Barcelona, Granada i Girona. Crea els teus vincles professionals!","robots":{"index":"index","follow":"follow","max-snippet":"max-snippet:-1","max-image-preview":"max-image-preview:large","max-video-preview":"max-video-preview:-1"},"canonical":"https:\/\/artes-visuales.org\/ca\/institucions-publiques-col\u00b7laboradores\/","og_locale":"ca_ES","og_type":"article","og_title":"INSTITUCIONS P\u00daBLIQUES COL\u00b7LABORADORES - Artes Visuales y Educaci\u00f3n","og_description":"Institucions col\u00b7laboradores: xarxa de museus i centres culturals a Barcelona, Granada i Girona. Crea els teus vincles professionals!","og_url":"https:\/\/artes-visuales.org\/ca\/institucions-publiques-col\u00b7laboradores\/","og_site_name":"Artes Visuales y Educaci\u00f3n","article_modified_time":"2026-01-08T10:10:21+00:00","twitter_card":"summary_large_image","twitter_misc":{"Temps estimat de lectura":"1 minut"},"schema":{"@context":"https:\/\/schema.org","@graph":[{"@type":"WebPage","@id":"https:\/\/artes-visuales.org\/ca\/institucions-publiques-col%c2%b7laboradores\/","url":"https:\/\/artes-visuales.org\/ca\/institucions-publiques-col%c2%b7laboradores\/","name":"INSTITUCIONS P\u00daBLIQUES COL\u00b7LABORADORES - Artes Visuales y Educaci\u00f3n","isPartOf":{"@id":"https:\/\/artes-visuales.org\/#website"},"datePublished":"2015-09-16T09:40:26+00:00","dateModified":"2026-01-08T10:10:21+00:00","description":"Institucions col\u00b7laboradores: xarxa de museus i centres culturals a Barcelona, Granada i Girona. Crea els teus vincles professionals!","breadcrumb":{"@id":"https:\/\/artes-visuales.org\/ca\/institucions-publiques-col%c2%b7laboradores\/#breadcrumb"},"inLanguage":"ca","potentialAction":[{"@type":"ReadAction","target":["https:\/\/artes-visuales.org\/ca\/institucions-publiques-col%c2%b7laboradores\/"]}]},{"@type":"BreadcrumbList","@id":"https:\/\/artes-visuales.org\/ca\/institucions-publiques-col%c2%b7laboradores\/#breadcrumb","itemListElement":[{"@type":"ListItem","position":1,"name":"Portada","item":"https:\/\/artes-visuales.org\/ca\/"},{"@type":"ListItem","position":2,"name":"INSTITUCIONS P\u00daBLIQUES COL\u00b7LABORADORES"}]},{"@type":"WebSite","@id":"https:\/\/artes-visuales.org\/#website","url":"https:\/\/artes-visuales.org\/","name":"Artes Visuales y Educaci\u00f3n","description":"M\u00e1ster UGR","potentialAction":[{"@type":"SearchAction","target":{"@type":"EntryPoint","urlTemplate":"https:\/\/artes-visuales.org\/?s={search_term_string}"},"query-input":"required name=search_term_string"}],"inLanguage":"ca"}]}},"_links":{"self":[{"href":"https:\/\/artes-visuales.org\/ca\/wp-json\/wp\/v2\/pages\/5794","targetHints":{"allow":["GET"]}}],"collection":[{"href":"https:\/\/artes-visuales.org\/ca\/wp-json\/wp\/v2\/pages"}],"about":[{"href":"https:\/\/artes-visuales.org\/ca\/wp-json\/wp\/v2\/types\/page"}],"author":[{"embeddable":true,"href":"https:\/\/artes-visuales.org\/ca\/wp-json\/wp\/v2\/users\/2"}],"replies":[{"embeddable":true,"href":"https:\/\/artes-visuales.org\/ca\/wp-json\/wp\/v2\/comments?post=5794"}],"version-history":[{"count":1,"href":"https:\/\/artes-visuales.org\/ca\/wp-json\/wp\/v2\/pages\/5794\/revisions"}],"predecessor-version":[{"id":5797,"href":"https:\/\/artes-visuales.org\/ca\/wp-json\/wp\/v2\/pages\/5794\/revisions\/5797"}],"wp:attachment":[{"href":"https:\/\/artes-visuales.org\/ca\/wp-json\/wp\/v2\/media?parent=5794"}],"curies":[{"name":"wp","href":"https:\/\/api.w.org\/{rel}","templated":true}]}}