{"id":5793,"date":"2015-11-11T11:24:11","date_gmt":"2015-11-11T11:24:11","guid":{"rendered":"https:\/\/artes-visuales.org\/permanencia\/"},"modified":"2026-01-08T10:09:21","modified_gmt":"2026-01-08T10:09:21","slug":"permanencia","status":"publish","type":"page","link":"https:\/\/artes-visuales.org\/ca\/permanencia\/","title":{"rendered":"PERMAN\u00c8NCIA"},"content":{"rendered":"<div class=\"column\">\n<h3 style=\"text-align: justify;\">PERMAN\u00c8NCIA<\/h3>\n<p style=\"text-align: justify;\">La perman\u00e8ncia dels estudiants d\u2019aquest m\u00e0ster es regir\u00e0 pels criteris seg\u00fcents:<\/p>\n<p style=\"text-align: justify;\">1. Els estudiants disposaran d\u2019un nombre m\u00e0xim de quatre convocat\u00f2ries per assignatura, dues per curs acad\u00e8mic (convocat\u00f2ries de febrer\/juny o setembre\/desembre), sempre que el programa continu\u00ef oferint-se.<\/p>\n<p style=\"text-align: justify;\">A efectes de limitaci\u00f3 de convocat\u00f2ries, \u00fanicament es computaran les convocat\u00f2ries de les assignatures qualificades.<\/p>\n<p style=\"text-align: justify;\">2. Per tal d\u2019exigir als seus estudiants un rendiment acad\u00e8mic m\u00ednim que pugui garantir un aprofitament raonable, s\u2019estableix la perman\u00e8ncia m\u00e0xima de 4 anys.<\/p>\n<p style=\"text-align: justify;\">3. Aquells estudiants que exhaureixin el nombre m\u00e0xim de convocat\u00f2ries per assignatura o el m\u00e0xim d\u2019anys de perman\u00e8ncia, podran sol\u00b7licitar, per continuar cursant els estudis del mateix m\u00e0ster, una convocat\u00f2ria addicional (de gr\u00e0cia, extraordin\u00e0ria) abans del dia 31 d\u2019octubre, mitjan\u00e7ant una inst\u00e0ncia adre\u00e7ada al Coordinador, que la elevar\u00e0 a l\u2019\u00f2rgan competent de la Universitat perqu\u00e8 resolgui la petici\u00f3.<\/p>\n<p style=\"text-align: justify;\">4. Un cop exhaurides les convocat\u00f2ries o els anys de perman\u00e8ncia, es procedir\u00e0 al tancament de l\u2019expedient de l\u2019estudiant en aquests estudis de m\u00e0ster, sense perjudici que pugui cursar un altre t\u00edtol de postgrau.<\/p>\n<\/div>\n<h3>SUSPENSI\u00d3 DEL T\u00cdTOL<\/h3>\n<p style=\"text-align: justify;\">Des de l&#8217;Escola Internacional de Postgrau es defineixen els criteris i el procediment espec\u00edfic per al cas d\u2019una possible extinci\u00f3 del t\u00edtol, que permetin garantir els drets de l\u2019alumnat que estigui cursant el t\u00edtol susp\u00e8s.<\/p>\n<p style=\"text-align: justify;\">Es tracta d\u2019un procediment com\u00fa a tots els T\u00edtols Oficials de Postgrau de la UGR.<\/p>\n<h3>NORMATIVA GENERAL<\/h3>\n<p><a href=\"https:\/\/www.ugr.es\/universidad\/normativa\/reglamento-permanencia-ugr-estudiantado-ensenanzas-oficiales-grado-master-universitario-ncg2608\" target=\"_blank\" rel=\"noopener noreferrer\">Universitat de Granada<\/a><\/p>\n<p><a href=\"https:\/\/seu.ub.edu\/normativaMilloradaAnunciPublic\/showPublicacion\/375615?cat.id=775&amp;text=perman%E8ncia&amp;tipusId=775&amp;vigencia=qualsevoll\" target=\"_blank\" rel=\"noopener noreferrer\">Universitat de Barcelona<\/a><\/p>\n<p><a href=\"https:\/\/www.udg.edu\/ca\/Portals\/1\/Normativa\/Normativa_permanencia_masters_ES.pdf\" target=\"_blank\" rel=\"noopener noreferrer\">Universitat de Girona<\/a><\/p>\n","protected":false},"excerpt":{"rendered":"<p>PERMAN\u00c8NCIA La perman\u00e8ncia dels estudiants d\u2019aquest m\u00e0ster es regir\u00e0 pels criteris seg\u00fcents: 1. Els estudiants disposaran d\u2019un nombre m\u00e0xim de quatre convocat\u00f2ries per assignatura, dues per curs acad\u00e8mic (convocat\u00f2ries de febrer\/juny o setembre\/desembre), sempre que el programa continu\u00ef oferint-se. A efectes de limitaci\u00f3 de convocat\u00f2ries, \u00fanicament es computaran les convocat\u00f2ries de les assignatures qualificades. 2. [&#8230;]\n","protected":false},"author":2,"featured_media":0,"parent":0,"menu_order":0,"comment_status":"closed","ping_status":"closed","template":"","meta":{"footnotes":""},"class_list":["post-5793","page","type-page","status-publish","hentry"],"yoast_head":"<!-- This site is optimized with the Yoast SEO plugin v20.5 - https:\/\/yoast.com\/wordpress\/plugins\/seo\/ -->\n<title>PERMAN\u00c8NCIA - Artes Visuales y Educaci\u00f3n<\/title>\n<meta name=\"description\" content=\"Normativa de perman\u00e8ncia: Requisits de progr\u00e9s acad\u00e8mic, l\u00edmits de cr\u00e8dits i regulaci\u00f3 de matr\u00edcula del M\u00e0ster. Informa-te&#039;n aqu\u00ed!\" \/>\n<meta name=\"robots\" content=\"index, follow, max-snippet:-1, max-image-preview:large, max-video-preview:-1\" \/>\n<link rel=\"canonical\" href=\"https:\/\/artes-visuales.org\/ca\/permanencia\/\" \/>\n<meta property=\"og:locale\" content=\"ca_ES\" \/>\n<meta property=\"og:type\" content=\"article\" \/>\n<meta property=\"og:title\" content=\"PERMAN\u00c8NCIA - Artes Visuales y Educaci\u00f3n\" \/>\n<meta property=\"og:description\" content=\"Normativa de perman\u00e8ncia: Requisits de progr\u00e9s acad\u00e8mic, l\u00edmits de cr\u00e8dits i regulaci\u00f3 de matr\u00edcula del M\u00e0ster. Informa-te&#039;n aqu\u00ed!\" \/>\n<meta property=\"og:url\" content=\"https:\/\/artes-visuales.org\/ca\/permanencia\/\" \/>\n<meta property=\"og:site_name\" content=\"Artes Visuales y Educaci\u00f3n\" \/>\n<meta property=\"article:modified_time\" content=\"2026-01-08T10:09:21+00:00\" \/>\n<meta name=\"twitter:card\" content=\"summary_large_image\" \/>\n<meta name=\"twitter:label1\" content=\"Temps estimat de lectura\" \/>\n\t<meta name=\"twitter:data1\" content=\"2 minuts\" \/>\n<script type=\"application\/ld+json\" class=\"yoast-schema-graph\">{\"@context\":\"https:\/\/schema.org\",\"@graph\":[{\"@type\":\"WebPage\",\"@id\":\"https:\/\/artes-visuales.org\/ca\/permanencia\/\",\"url\":\"https:\/\/artes-visuales.org\/ca\/permanencia\/\",\"name\":\"PERMAN\u00c8NCIA - Artes Visuales y Educaci\u00f3n\",\"isPartOf\":{\"@id\":\"https:\/\/artes-visuales.org\/#website\"},\"datePublished\":\"2015-11-11T11:24:11+00:00\",\"dateModified\":\"2026-01-08T10:09:21+00:00\",\"description\":\"Normativa de perman\u00e8ncia: Requisits de progr\u00e9s acad\u00e8mic, l\u00edmits de cr\u00e8dits i regulaci\u00f3 de matr\u00edcula del M\u00e0ster. Informa-te'n aqu\u00ed!\",\"breadcrumb\":{\"@id\":\"https:\/\/artes-visuales.org\/ca\/permanencia\/#breadcrumb\"},\"inLanguage\":\"ca\",\"potentialAction\":[{\"@type\":\"ReadAction\",\"target\":[\"https:\/\/artes-visuales.org\/ca\/permanencia\/\"]}]},{\"@type\":\"BreadcrumbList\",\"@id\":\"https:\/\/artes-visuales.org\/ca\/permanencia\/#breadcrumb\",\"itemListElement\":[{\"@type\":\"ListItem\",\"position\":1,\"name\":\"Portada\",\"item\":\"https:\/\/artes-visuales.org\/ca\/\"},{\"@type\":\"ListItem\",\"position\":2,\"name\":\"PERMAN\u00c8NCIA\"}]},{\"@type\":\"WebSite\",\"@id\":\"https:\/\/artes-visuales.org\/#website\",\"url\":\"https:\/\/artes-visuales.org\/\",\"name\":\"Artes Visuales y Educaci\u00f3n\",\"description\":\"M\u00e1ster UGR\",\"potentialAction\":[{\"@type\":\"SearchAction\",\"target\":{\"@type\":\"EntryPoint\",\"urlTemplate\":\"https:\/\/artes-visuales.org\/?s={search_term_string}\"},\"query-input\":\"required name=search_term_string\"}],\"inLanguage\":\"ca\"}]}<\/script>\n<!-- \/ Yoast SEO plugin. -->","yoast_head_json":{"title":"PERMAN\u00c8NCIA - Artes Visuales y Educaci\u00f3n","description":"Normativa de perman\u00e8ncia: Requisits de progr\u00e9s acad\u00e8mic, l\u00edmits de cr\u00e8dits i regulaci\u00f3 de matr\u00edcula del M\u00e0ster. Informa-te'n aqu\u00ed!","robots":{"index":"index","follow":"follow","max-snippet":"max-snippet:-1","max-image-preview":"max-image-preview:large","max-video-preview":"max-video-preview:-1"},"canonical":"https:\/\/artes-visuales.org\/ca\/permanencia\/","og_locale":"ca_ES","og_type":"article","og_title":"PERMAN\u00c8NCIA - Artes Visuales y Educaci\u00f3n","og_description":"Normativa de perman\u00e8ncia: Requisits de progr\u00e9s acad\u00e8mic, l\u00edmits de cr\u00e8dits i regulaci\u00f3 de matr\u00edcula del M\u00e0ster. Informa-te'n aqu\u00ed!","og_url":"https:\/\/artes-visuales.org\/ca\/permanencia\/","og_site_name":"Artes Visuales y Educaci\u00f3n","article_modified_time":"2026-01-08T10:09:21+00:00","twitter_card":"summary_large_image","twitter_misc":{"Temps estimat de lectura":"2 minuts"},"schema":{"@context":"https:\/\/schema.org","@graph":[{"@type":"WebPage","@id":"https:\/\/artes-visuales.org\/ca\/permanencia\/","url":"https:\/\/artes-visuales.org\/ca\/permanencia\/","name":"PERMAN\u00c8NCIA - Artes Visuales y Educaci\u00f3n","isPartOf":{"@id":"https:\/\/artes-visuales.org\/#website"},"datePublished":"2015-11-11T11:24:11+00:00","dateModified":"2026-01-08T10:09:21+00:00","description":"Normativa de perman\u00e8ncia: Requisits de progr\u00e9s acad\u00e8mic, l\u00edmits de cr\u00e8dits i regulaci\u00f3 de matr\u00edcula del M\u00e0ster. Informa-te'n aqu\u00ed!","breadcrumb":{"@id":"https:\/\/artes-visuales.org\/ca\/permanencia\/#breadcrumb"},"inLanguage":"ca","potentialAction":[{"@type":"ReadAction","target":["https:\/\/artes-visuales.org\/ca\/permanencia\/"]}]},{"@type":"BreadcrumbList","@id":"https:\/\/artes-visuales.org\/ca\/permanencia\/#breadcrumb","itemListElement":[{"@type":"ListItem","position":1,"name":"Portada","item":"https:\/\/artes-visuales.org\/ca\/"},{"@type":"ListItem","position":2,"name":"PERMAN\u00c8NCIA"}]},{"@type":"WebSite","@id":"https:\/\/artes-visuales.org\/#website","url":"https:\/\/artes-visuales.org\/","name":"Artes Visuales y Educaci\u00f3n","description":"M\u00e1ster UGR","potentialAction":[{"@type":"SearchAction","target":{"@type":"EntryPoint","urlTemplate":"https:\/\/artes-visuales.org\/?s={search_term_string}"},"query-input":"required name=search_term_string"}],"inLanguage":"ca"}]}},"_links":{"self":[{"href":"https:\/\/artes-visuales.org\/ca\/wp-json\/wp\/v2\/pages\/5793","targetHints":{"allow":["GET"]}}],"collection":[{"href":"https:\/\/artes-visuales.org\/ca\/wp-json\/wp\/v2\/pages"}],"about":[{"href":"https:\/\/artes-visuales.org\/ca\/wp-json\/wp\/v2\/types\/page"}],"author":[{"embeddable":true,"href":"https:\/\/artes-visuales.org\/ca\/wp-json\/wp\/v2\/users\/2"}],"replies":[{"embeddable":true,"href":"https:\/\/artes-visuales.org\/ca\/wp-json\/wp\/v2\/comments?post=5793"}],"version-history":[{"count":3,"href":"https:\/\/artes-visuales.org\/ca\/wp-json\/wp\/v2\/pages\/5793\/revisions"}],"predecessor-version":[{"id":6248,"href":"https:\/\/artes-visuales.org\/ca\/wp-json\/wp\/v2\/pages\/5793\/revisions\/6248"}],"wp:attachment":[{"href":"https:\/\/artes-visuales.org\/ca\/wp-json\/wp\/v2\/media?parent=5793"}],"curies":[{"name":"wp","href":"https:\/\/api.w.org\/{rel}","templated":true}]}}