{"id":5791,"date":"2015-09-11T11:02:05","date_gmt":"2015-09-11T11:02:05","guid":{"rendered":"https:\/\/artes-visuales.org\/estructura-del-programa\/"},"modified":"2026-01-08T10:08:42","modified_gmt":"2026-01-08T10:08:42","slug":"estructura-del-programa","status":"publish","type":"page","link":"https:\/\/artes-visuales.org\/ca\/estructura-del-programa\/","title":{"rendered":"ESTRUCTURA DEL PROGRAMA"},"content":{"rendered":"<div class=\"row\"  id=\"row-306560030\">\n\n\t<div id=\"col-291877599\" class=\"col medium-1\/1 large-12\"  >\n\t\t\t\t<div class=\"col-inner\"  >\n\t\t\t\n\t\t\t\n<h3 class=\"epigrafes\" style=\"text-align: justify;\">Organitzaci\u00f3 dels estudis en el conjunt del programa, amb indicaci\u00f3 de la denominaci\u00f3 completa del t\u00edtol o t\u00edtols que s\u2019obtindran.<\/h3>\n<p class=\"cuerpo\" style=\"text-align: justify;\"><em>1. Organitzaci\u00f3 dels estudis en el conjunt del programa.<\/em><br \/>\n\u00c9s un programa de postgrau que incorpora un m\u00e0ster en \u201cArts Visuals i Educaci\u00f3: un enfocament construccionista\u201d.<\/p>\n<p class=\"cuerpo\" style=\"text-align: justify;\"><em>2. Denominaci\u00f3 completa dels t\u00edtols que s\u2019obtindran.<\/em><br \/>\nM\u00e0ster en \u201cArts Visuals i Educaci\u00f3: un enfocament construccionista\u201d, per la Universitat de Granada, la Universitat de Barcelona i la Universitat de Girona.<\/p>\n<p class=\"cuerpo\" style=\"text-align: justify;\"><em>3. Estructura acad\u00e8mica.<\/em><br \/>\nCada programa de m\u00e0ster s\u2019organitza en 60 cr\u00e8dits ECTS:<br \/>\n24 cr\u00e8dits ECTS de formaci\u00f3 acad\u00e8mica i investigadora. 12 cr\u00e8dits ECTS de pr\u00e0ctiques, projectes o treball.<br \/>\n24 cr\u00e8dits ECTS de la tesi de m\u00e0ster.<\/p>\n<p class=\"cuerpo\" style=\"text-align: justify;\">Els 24 cr\u00e8dits ECTS de formaci\u00f3 acad\u00e8mica i investigadora s\u2019articulen en tres m\u00f2duls:<br \/>\n1 m\u00f2dul com\u00fa (obligatori) \u201cMetodologies construccionistes entorn de l\u2019aprenentatge i l\u2019ensenyament de les arts visuals\u201d per a tot l\u2019alumnat de les universitats participants (4 cr\u00e8dits ECTS).<br \/>\n1 m\u00f2dul de \u201cFonaments de l\u2019ensenyament i l\u2019educaci\u00f3 de les arts visuals\u201d (10 cr\u00e8dits ECTS)<br \/>\n1 m\u00f2dul \u201cProjectes d\u2019ensenyament i educaci\u00f3 de les arts visuals en les institucions i la comunitat\u201d (10 cr\u00e8dits ECTS)<\/p>\n<p><strong>METODOLOGIES DOCENTS<\/strong><\/p>\n<ol>\n<li>La metodologia per afavorir l\u2019aprenentatge i la participaci\u00f3 de l\u2019alumnat parteix de l\u2019exposici\u00f3 d\u2019un marc introductori per part del docent, per despr\u00e9s dialogar sobre les lectures derivades d\u2019una s\u00e8rie de textos que introdueixen els conceptes i problem\u00e0tiques del curs.<\/li>\n<li>En la segona part s\u2019analitzen casos i experi\u00e8ncies des dels quals es proposa a l\u2019alumnat la realitzaci\u00f3 d\u2019un treball que connecti i ampli\u00ef (amb noves lectures i exemples) les aportacions realitzades.<\/li>\n<li>La metodologia del curs requerir\u00e0 l\u2019\u00fas d\u2019eines de coneixement cr\u00edtic i enfocaments estrat\u00e8gics i creatius propis d\u2019\u00e0rees com Educaci\u00f3 Art\u00edstica, Est\u00e8tica i Estudis Culturals, que permetin distingir els elements i funcions que articulen els discursos entorn del coneixement art\u00edstic i capacitin en les metodologies construccionistes en la investigaci\u00f3 art\u00edstica.<\/li>\n<li>La metodologia per afavorir l\u2019aprenentatge i la participaci\u00f3 de l\u2019alumnat parteix de l\u2019exposici\u00f3 d\u2019un marc introductori per part del docent. Posteriorment s\u2019analitzaran i es discutiran els textos obligatoris, preparats pr\u00e8viament, i es revisaran exemples de projectes que il\u00b7lustrin les diverses metodologies. Finalment es debatr\u00e0 com crear ponts entre els debats te\u00f2rics plantejats al m\u00e0ster i projectes educatius de Mediaci\u00f3 Art\u00edstica. Es compartiran tamb\u00e9 les investigacions desenvolupades per l\u2019alumnat.<\/li>\n<li>La metodologia did\u00e0ctica animar\u00e0 l\u2019alumnat a seguir els seus propis processos d\u2019aprenentatge. A les classes es treballar\u00e0 amb diferents t\u00e8cniques de treball en grup, i s\u2019espera la participaci\u00f3 activa de totes les persones assistents: estudis de casos, debats sobre teories innovadores, etc. El proc\u00e9s d\u2019ensenyament partir\u00e0 de les experi\u00e8ncies pr\u00e8vies de l\u2019alumnat en els seus entorns d\u2019investigaci\u00f3.<\/li>\n<li>Seguiment del Treball de Fi de M\u00e0ster.<\/li>\n<li>Seguiment de les Pr\u00e0ctiques d\u2019investigaci\u00f3 o professionalitzaci\u00f3.<\/li>\n<\/ol>\n<p><strong>SISTEMES D\u2019AVALUACI\u00d3<\/strong><\/p>\n<ol>\n<li>Participaci\u00f3 activa en el desenvolupament de les sessions i comentari de lectures. Participaci\u00f3 col\u00b7laborativa en les activitats proposades al curs. Lectura dels textos i participaci\u00f3 en els debats. Elaboraci\u00f3 d\u2019un mapa de s\u00edntesi de les relacions entre cultura visual i educaci\u00f3 a partir de les lectures i activitats del seminari.<\/li>\n<li>Projectes i treballs on el tema escollit per al projecte sigui rellevant i la seva articulaci\u00f3 estigui ben estructurada. El desplegament i argumentaci\u00f3 de les idees i problem\u00e0tiques es presenta de manera coherent i ordenada d\u2019acord amb la resoluci\u00f3 visual escollida.<\/li>\n<li>Es tenen en compte altres perspectives i aportacions bibliogr\u00e0fiques sobre el tema. S\u2019estableix un di\u00e0leg cr\u00edtic i reflexiu amb els textos citats i s\u2019argumenta de forma dial\u00f2gica.<\/li>\n<li>Valoraci\u00f3 per una comissi\u00f3 avaluadora composta segons la normativa de les universitats.<\/li>\n<li>Valoraci\u00f3 de la mem\u00f2ria presentada despr\u00e9s de les pr\u00e0ctiques. Avaluada entre les persones tutores del m\u00e0ster i de la instituci\u00f3\/empresa on s\u2019hagin realitzat les pr\u00e0ctiques.<\/li>\n<\/ol>\n\t\t<\/div>\n\t\t\t\t\t<\/div>\n\n\t\n<\/div>\n","protected":false},"excerpt":{"rendered":"Organitzaci\u00f3 dels estudis en el conjunt del programa, amb indicaci\u00f3 de la denominaci\u00f3 completa del t\u00edtol o t\u00edtols que s\u2019obtindran. 1. Organitzaci\u00f3 dels estudis en el conjunt del programa. \u00c9s un programa de postgrau que incorpora un m\u00e0ster en \u201cArts Visuals i Educaci\u00f3: un enfocament construccionista\u201d. 2. Denominaci\u00f3 completa dels t\u00edtols que s\u2019obtindran. M\u00e0ster en [...]","protected":false},"author":2,"featured_media":0,"parent":0,"menu_order":0,"comment_status":"closed","ping_status":"closed","template":"page-blank-title-center.php","meta":{"footnotes":""},"class_list":["post-5791","page","type-page","status-publish","hentry"],"yoast_head":"<!-- This site is optimized with the Yoast SEO plugin v20.5 - https:\/\/yoast.com\/wordpress\/plugins\/seo\/ -->\n<title>ESTRUCTURA DEL PROGRAMA - Artes Visuales y Educaci\u00f3n<\/title>\n<meta name=\"description\" content=\"Estructura: 60 cr\u00e8dits ECTS, m\u00f2duls obligatoris, optatius i Treball Final de M\u00e0ster. Consulta el pla d&#039;estudis a Granada, BCN i Girona.\" \/>\n<meta name=\"robots\" content=\"index, follow, max-snippet:-1, max-image-preview:large, max-video-preview:-1\" \/>\n<link rel=\"canonical\" href=\"https:\/\/artes-visuales.org\/ca\/estructura-del-programa\/\" \/>\n<meta property=\"og:locale\" content=\"ca_ES\" \/>\n<meta property=\"og:type\" content=\"article\" \/>\n<meta property=\"og:title\" content=\"ESTRUCTURA DEL PROGRAMA - Artes Visuales y Educaci\u00f3n\" \/>\n<meta property=\"og:description\" content=\"Estructura: 60 cr\u00e8dits ECTS, m\u00f2duls obligatoris, optatius i Treball Final de M\u00e0ster. Consulta el pla d&#039;estudis a Granada, BCN i Girona.\" \/>\n<meta property=\"og:url\" content=\"https:\/\/artes-visuales.org\/ca\/estructura-del-programa\/\" \/>\n<meta property=\"og:site_name\" content=\"Artes Visuales y Educaci\u00f3n\" \/>\n<meta property=\"article:modified_time\" content=\"2026-01-08T10:08:42+00:00\" \/>\n<meta name=\"twitter:card\" content=\"summary_large_image\" \/>\n<meta name=\"twitter:label1\" content=\"Temps estimat de lectura\" \/>\n\t<meta name=\"twitter:data1\" content=\"3 minuts\" \/>\n<script type=\"application\/ld+json\" class=\"yoast-schema-graph\">{\"@context\":\"https:\/\/schema.org\",\"@graph\":[{\"@type\":\"WebPage\",\"@id\":\"https:\/\/artes-visuales.org\/ca\/estructura-del-programa\/\",\"url\":\"https:\/\/artes-visuales.org\/ca\/estructura-del-programa\/\",\"name\":\"ESTRUCTURA DEL PROGRAMA - Artes Visuales y Educaci\u00f3n\",\"isPartOf\":{\"@id\":\"https:\/\/artes-visuales.org\/#website\"},\"datePublished\":\"2015-09-11T11:02:05+00:00\",\"dateModified\":\"2026-01-08T10:08:42+00:00\",\"description\":\"Estructura: 60 cr\u00e8dits ECTS, m\u00f2duls obligatoris, optatius i Treball Final de M\u00e0ster. Consulta el pla d'estudis a Granada, BCN i Girona.\",\"breadcrumb\":{\"@id\":\"https:\/\/artes-visuales.org\/ca\/estructura-del-programa\/#breadcrumb\"},\"inLanguage\":\"ca\",\"potentialAction\":[{\"@type\":\"ReadAction\",\"target\":[\"https:\/\/artes-visuales.org\/ca\/estructura-del-programa\/\"]}]},{\"@type\":\"BreadcrumbList\",\"@id\":\"https:\/\/artes-visuales.org\/ca\/estructura-del-programa\/#breadcrumb\",\"itemListElement\":[{\"@type\":\"ListItem\",\"position\":1,\"name\":\"Portada\",\"item\":\"https:\/\/artes-visuales.org\/ca\/\"},{\"@type\":\"ListItem\",\"position\":2,\"name\":\"ESTRUCTURA DEL PROGRAMA\"}]},{\"@type\":\"WebSite\",\"@id\":\"https:\/\/artes-visuales.org\/#website\",\"url\":\"https:\/\/artes-visuales.org\/\",\"name\":\"Artes Visuales y Educaci\u00f3n\",\"description\":\"M\u00e1ster UGR\",\"potentialAction\":[{\"@type\":\"SearchAction\",\"target\":{\"@type\":\"EntryPoint\",\"urlTemplate\":\"https:\/\/artes-visuales.org\/?s={search_term_string}\"},\"query-input\":\"required name=search_term_string\"}],\"inLanguage\":\"ca\"}]}<\/script>\n<!-- \/ Yoast SEO plugin. -->","yoast_head_json":{"title":"ESTRUCTURA DEL PROGRAMA - Artes Visuales y Educaci\u00f3n","description":"Estructura: 60 cr\u00e8dits ECTS, m\u00f2duls obligatoris, optatius i Treball Final de M\u00e0ster. Consulta el pla d'estudis a Granada, BCN i Girona.","robots":{"index":"index","follow":"follow","max-snippet":"max-snippet:-1","max-image-preview":"max-image-preview:large","max-video-preview":"max-video-preview:-1"},"canonical":"https:\/\/artes-visuales.org\/ca\/estructura-del-programa\/","og_locale":"ca_ES","og_type":"article","og_title":"ESTRUCTURA DEL PROGRAMA - Artes Visuales y Educaci\u00f3n","og_description":"Estructura: 60 cr\u00e8dits ECTS, m\u00f2duls obligatoris, optatius i Treball Final de M\u00e0ster. Consulta el pla d'estudis a Granada, BCN i Girona.","og_url":"https:\/\/artes-visuales.org\/ca\/estructura-del-programa\/","og_site_name":"Artes Visuales y Educaci\u00f3n","article_modified_time":"2026-01-08T10:08:42+00:00","twitter_card":"summary_large_image","twitter_misc":{"Temps estimat de lectura":"3 minuts"},"schema":{"@context":"https:\/\/schema.org","@graph":[{"@type":"WebPage","@id":"https:\/\/artes-visuales.org\/ca\/estructura-del-programa\/","url":"https:\/\/artes-visuales.org\/ca\/estructura-del-programa\/","name":"ESTRUCTURA DEL PROGRAMA - Artes Visuales y Educaci\u00f3n","isPartOf":{"@id":"https:\/\/artes-visuales.org\/#website"},"datePublished":"2015-09-11T11:02:05+00:00","dateModified":"2026-01-08T10:08:42+00:00","description":"Estructura: 60 cr\u00e8dits ECTS, m\u00f2duls obligatoris, optatius i Treball Final de M\u00e0ster. Consulta el pla d'estudis a Granada, BCN i Girona.","breadcrumb":{"@id":"https:\/\/artes-visuales.org\/ca\/estructura-del-programa\/#breadcrumb"},"inLanguage":"ca","potentialAction":[{"@type":"ReadAction","target":["https:\/\/artes-visuales.org\/ca\/estructura-del-programa\/"]}]},{"@type":"BreadcrumbList","@id":"https:\/\/artes-visuales.org\/ca\/estructura-del-programa\/#breadcrumb","itemListElement":[{"@type":"ListItem","position":1,"name":"Portada","item":"https:\/\/artes-visuales.org\/ca\/"},{"@type":"ListItem","position":2,"name":"ESTRUCTURA DEL PROGRAMA"}]},{"@type":"WebSite","@id":"https:\/\/artes-visuales.org\/#website","url":"https:\/\/artes-visuales.org\/","name":"Artes Visuales y Educaci\u00f3n","description":"M\u00e1ster UGR","potentialAction":[{"@type":"SearchAction","target":{"@type":"EntryPoint","urlTemplate":"https:\/\/artes-visuales.org\/?s={search_term_string}"},"query-input":"required name=search_term_string"}],"inLanguage":"ca"}]}},"_links":{"self":[{"href":"https:\/\/artes-visuales.org\/ca\/wp-json\/wp\/v2\/pages\/5791","targetHints":{"allow":["GET"]}}],"collection":[{"href":"https:\/\/artes-visuales.org\/ca\/wp-json\/wp\/v2\/pages"}],"about":[{"href":"https:\/\/artes-visuales.org\/ca\/wp-json\/wp\/v2\/types\/page"}],"author":[{"embeddable":true,"href":"https:\/\/artes-visuales.org\/ca\/wp-json\/wp\/v2\/users\/2"}],"replies":[{"embeddable":true,"href":"https:\/\/artes-visuales.org\/ca\/wp-json\/wp\/v2\/comments?post=5791"}],"version-history":[{"count":3,"href":"https:\/\/artes-visuales.org\/ca\/wp-json\/wp\/v2\/pages\/5791\/revisions"}],"predecessor-version":[{"id":6247,"href":"https:\/\/artes-visuales.org\/ca\/wp-json\/wp\/v2\/pages\/5791\/revisions\/6247"}],"wp:attachment":[{"href":"https:\/\/artes-visuales.org\/ca\/wp-json\/wp\/v2\/media?parent=5791"}],"curies":[{"name":"wp","href":"https:\/\/api.w.org\/{rel}","templated":true}]}}