{"id":5782,"date":"2015-09-11T10:58:55","date_gmt":"2015-09-11T10:58:55","guid":{"rendered":"https:\/\/artes-visuales.org\/competencias\/"},"modified":"2026-01-08T10:08:13","modified_gmt":"2026-01-08T10:08:13","slug":"competencies","status":"publish","type":"page","link":"https:\/\/artes-visuales.org\/ca\/competencies\/","title":{"rendered":"COMPET\u00c8NCIES"},"content":{"rendered":"<p style=\"text-align: justify;\"><div class=\"row\"  id=\"row-951366989\">\n<p style=\"text-align: justify;\">\n\t<div id=\"col-111989926\" class=\"col medium-1\/1 large-12\"  >\n\t\t\t\t<div class=\"col-inner\"  >\n\t\t\t\n\t\t\t\n<h2 class=\"\" style=\"text-align: justify;\"><span style=\"color: #a62895;\">Compet\u00e8ncies b\u00e0siques:<\/span><\/h2>\n<p style=\"text-align: justify;\">\u00b7 CB6 &#8211; Possedir i comprendre coneixements que aportin una base o oportunitat per ser originals en el desenvolupament i\/o aplicaci\u00f3 d\u2019idees, sovint en un context de recerca.<\/p>\n<p style=\"text-align: justify;\">\u00b7 CB7 &#8211; Que els estudiants s\u00e0piguen aplicar els coneixements adquirits i la seva capacitat de resoluci\u00f3 de problemes en entorns nous o poc coneguts dins de contextos m\u00e9s amplis (o multidisciplinaris) relacionats amb la seva \u00e0rea d\u2019estudi.<\/p>\n<p style=\"text-align: justify;\">\u00b7 CB8 &#8211; Que els estudiants siguin capa\u00e7os d\u2019integrar coneixements i afrontar la complexitat de formular judicis a partir d\u2019una informaci\u00f3 que, tot i ser incompleta o limitada, inclogui reflexions sobre les responsabilitats socials i \u00e8tiques vinculades a l\u2019aplicaci\u00f3 dels seus coneixements i judicis.<\/p>\n<p style=\"text-align: justify;\">\u00b7 CB9 &#8211; Que els estudiants s\u00e0piguen comunicar les seves conclusions i els coneixements i raons \u00faltimes que les sustenten a p\u00fablics especialitzats i no especialitzats de manera clara i sense ambig\u00fcitats.<\/p>\n<p style=\"text-align: justify;\">\u00b7 CB10 &#8211; Que els estudiants posseeixin les habilitats d\u2019aprenentatge que els permetin continuar estudiant d\u2019una manera que haur\u00e0 de ser, en gran part, autodirigida o aut\u00f2noma.<\/p>\n<h2 style=\"text-align: justify;\"><span style=\"color: #a62895;\">Compet\u00e8ncies generals:<\/span><\/h2>\n<p style=\"text-align: justify;\">\u00b7 CG1 &#8211; Adquirir compromisos \u00e8tics: capacitat cr\u00edtica davant els problemes tal com s\u00f3n plantejats i autocr\u00edtica per avaluar la qualitat de l\u2019obra pr\u00f2pia en si mateixa i contextualitzada.<\/p>\n<p style=\"text-align: justify;\">\u00b7 CG2 &#8211; Capacitar per al treball en equip (capacitat per col\u00b7laborar amb els altres i contribuir a un projecte com\u00fa; capacitat per col\u00b7laborar en equips interdisciplinaris i multiculturals).<\/p>\n<p style=\"text-align: justify;\">\u00b7 CG3 &#8211; Desenvolupar capacitat creativa i emprenedora (capacitat de formular, dissenyar i gestionar projectes; capacitat de cercar i integrar nous coneixements i actituds).<\/p>\n<p style=\"text-align: justify;\">\u00b7 CG4 &#8211; Capacitar per comprendre i expressar-se oralment i per escrit en catal\u00e0, castell\u00e0 i una tercera llengua, dominant el vocabulari especialitzat; capacitat per cercar, utilitzar i integrar la informaci\u00f3.<\/p>\n<p style=\"text-align: justify;\">\u00b7 CG5 &#8211; Ser capa\u00e7 de formular judicis independents i articular arguments. Estar familiaritzat amb el treball acad\u00e8mic, els seus models de rigor i procediments habituals. Saber documentar-se i gestionar la informaci\u00f3 espec\u00edfica segons les mat\u00e8ries i les tasques concretes; saber seleccionar i utilitzar adequadament les fonts d\u2019informaci\u00f3 i la seva diversitat.<\/p>\n<h2 style=\"text-align: justify;\"><span style=\"color: #a62895;\">Compet\u00e8ncies espec\u00edfiques:<\/span><\/h2>\n<p style=\"text-align: justify;\">\u00b7 CE1 &#8211; Adquirir compet\u00e8ncies conceptuals que permetin contextualitzar i interpretar socialment i hist\u00f2ricament les tend\u00e8ncies i perspectives que relacionen les arts visuals amb l\u2019educaci\u00f3 en diferents contextos.<\/p>\n<p style=\"text-align: justify;\">\u00b7 CE2 &#8211; Relacionar de manera cr\u00edtica i dial\u00f2gica les lectures amb imatges i altres representacions vinculades a les arts visuals i l\u2019educaci\u00f3 en diferents contextos.<\/p>\n<p style=\"text-align: justify;\">\u00b7 CE3 &#8211; Discriminar entre diferents perspectives metodol\u00f2giques per realitzar un projecte de recerca sobre les pr\u00e0ctiques culturals vinculades a les arts visuals i l\u2019educaci\u00f3 en diferents contextos.<\/p>\n<p style=\"text-align: justify;\">\u00b7 CE4 &#8211; Dissenyar i dur a terme projectes d\u2019intervenci\u00f3 social i institucional en el camp de les arts visuals i l\u2019educaci\u00f3 en diferents contextos.<\/p>\n<p style=\"text-align: justify;\">\u00b7 CE5 &#8211; Dissenyar materials formatius i educatius (en suports virtuals i anal\u00f2gics) relacionats amb les arts visuals.<\/p>\n<p style=\"text-align: justify;\">\u00b7 CE6 &#8211; Gestionar projectes formatius relacionats amb les arts visuals i l\u2019educaci\u00f3 en diferents entorns institucionals i amb la comunitat.<\/p>\n<p style=\"text-align: justify;\">\u00b7 CE7 &#8211; Dominar metodologies de recerca sobre les pr\u00e0ctiques i experi\u00e8ncies discursives relacionades amb les arts visuals i l\u2019educaci\u00f3.<\/p>\n<p style=\"text-align: justify;\">\t\t<\/div>\n\t\t\t\t\t<\/div>\n\n\t\n<p style=\"text-align: justify;\"><\/div>\n","protected":false},"excerpt":{"rendered":"Compet\u00e8ncies b\u00e0siques: \u00b7 CB6 - Possedir i comprendre coneixements que aportin una base o oportunitat per ser originals en el desenvolupament i\/o aplicaci\u00f3 d\u2019idees, sovint en un context de recerca. \u00b7 CB7 - Que els estudiants s\u00e0piguen aplicar els coneixements adquirits i la seva capacitat de resoluci\u00f3 de problemes en entorns nous o poc coneguts [...]","protected":false},"author":2,"featured_media":0,"parent":0,"menu_order":0,"comment_status":"closed","ping_status":"closed","template":"","meta":{"footnotes":""},"class_list":["post-5782","page","type-page","status-publish","hentry"],"yoast_head":"<!-- This site is optimized with the Yoast SEO plugin v20.5 - https:\/\/yoast.com\/wordpress\/plugins\/seo\/ -->\n<title>COMPET\u00c8NCIES - Artes Visuales y Educaci\u00f3n<\/title>\n<meta name=\"description\" content=\"Compet\u00e8ncies: desenvolupa recerca avan\u00e7ada, pensament cr\u00edtic i habilitats art\u00edstiques en arts visuals i educaci\u00f3. Impulsa el teu perfil!\" \/>\n<meta name=\"robots\" content=\"index, follow, max-snippet:-1, max-image-preview:large, max-video-preview:-1\" \/>\n<link rel=\"canonical\" href=\"https:\/\/artes-visuales.org\/ca\/competencies\/\" \/>\n<meta property=\"og:locale\" content=\"ca_ES\" \/>\n<meta property=\"og:type\" content=\"article\" \/>\n<meta property=\"og:title\" content=\"COMPET\u00c8NCIES - Artes Visuales y Educaci\u00f3n\" \/>\n<meta property=\"og:description\" content=\"Compet\u00e8ncies: desenvolupa recerca avan\u00e7ada, pensament cr\u00edtic i habilitats art\u00edstiques en arts visuals i educaci\u00f3. Impulsa el teu perfil!\" \/>\n<meta property=\"og:url\" content=\"https:\/\/artes-visuales.org\/ca\/competencies\/\" \/>\n<meta property=\"og:site_name\" content=\"Artes Visuales y Educaci\u00f3n\" \/>\n<meta property=\"article:modified_time\" content=\"2026-01-08T10:08:13+00:00\" \/>\n<meta name=\"twitter:card\" content=\"summary_large_image\" \/>\n<meta name=\"twitter:label1\" content=\"Temps estimat de lectura\" \/>\n\t<meta name=\"twitter:data1\" content=\"3 minuts\" \/>\n<script type=\"application\/ld+json\" class=\"yoast-schema-graph\">{\"@context\":\"https:\/\/schema.org\",\"@graph\":[{\"@type\":\"WebPage\",\"@id\":\"https:\/\/artes-visuales.org\/ca\/competencies\/\",\"url\":\"https:\/\/artes-visuales.org\/ca\/competencies\/\",\"name\":\"COMPET\u00c8NCIES - Artes Visuales y Educaci\u00f3n\",\"isPartOf\":{\"@id\":\"https:\/\/artes-visuales.org\/#website\"},\"datePublished\":\"2015-09-11T10:58:55+00:00\",\"dateModified\":\"2026-01-08T10:08:13+00:00\",\"description\":\"Compet\u00e8ncies: desenvolupa recerca avan\u00e7ada, pensament cr\u00edtic i habilitats art\u00edstiques en arts visuals i educaci\u00f3. Impulsa el teu perfil!\",\"breadcrumb\":{\"@id\":\"https:\/\/artes-visuales.org\/ca\/competencies\/#breadcrumb\"},\"inLanguage\":\"ca\",\"potentialAction\":[{\"@type\":\"ReadAction\",\"target\":[\"https:\/\/artes-visuales.org\/ca\/competencies\/\"]}]},{\"@type\":\"BreadcrumbList\",\"@id\":\"https:\/\/artes-visuales.org\/ca\/competencies\/#breadcrumb\",\"itemListElement\":[{\"@type\":\"ListItem\",\"position\":1,\"name\":\"Portada\",\"item\":\"https:\/\/artes-visuales.org\/ca\/\"},{\"@type\":\"ListItem\",\"position\":2,\"name\":\"COMPET\u00c8NCIES\"}]},{\"@type\":\"WebSite\",\"@id\":\"https:\/\/artes-visuales.org\/#website\",\"url\":\"https:\/\/artes-visuales.org\/\",\"name\":\"Artes Visuales y Educaci\u00f3n\",\"description\":\"M\u00e1ster UGR\",\"potentialAction\":[{\"@type\":\"SearchAction\",\"target\":{\"@type\":\"EntryPoint\",\"urlTemplate\":\"https:\/\/artes-visuales.org\/?s={search_term_string}\"},\"query-input\":\"required name=search_term_string\"}],\"inLanguage\":\"ca\"}]}<\/script>\n<!-- \/ Yoast SEO plugin. -->","yoast_head_json":{"title":"COMPET\u00c8NCIES - Artes Visuales y Educaci\u00f3n","description":"Compet\u00e8ncies: desenvolupa recerca avan\u00e7ada, pensament cr\u00edtic i habilitats art\u00edstiques en arts visuals i educaci\u00f3. Impulsa el teu perfil!","robots":{"index":"index","follow":"follow","max-snippet":"max-snippet:-1","max-image-preview":"max-image-preview:large","max-video-preview":"max-video-preview:-1"},"canonical":"https:\/\/artes-visuales.org\/ca\/competencies\/","og_locale":"ca_ES","og_type":"article","og_title":"COMPET\u00c8NCIES - Artes Visuales y Educaci\u00f3n","og_description":"Compet\u00e8ncies: desenvolupa recerca avan\u00e7ada, pensament cr\u00edtic i habilitats art\u00edstiques en arts visuals i educaci\u00f3. Impulsa el teu perfil!","og_url":"https:\/\/artes-visuales.org\/ca\/competencies\/","og_site_name":"Artes Visuales y Educaci\u00f3n","article_modified_time":"2026-01-08T10:08:13+00:00","twitter_card":"summary_large_image","twitter_misc":{"Temps estimat de lectura":"3 minuts"},"schema":{"@context":"https:\/\/schema.org","@graph":[{"@type":"WebPage","@id":"https:\/\/artes-visuales.org\/ca\/competencies\/","url":"https:\/\/artes-visuales.org\/ca\/competencies\/","name":"COMPET\u00c8NCIES - Artes Visuales y Educaci\u00f3n","isPartOf":{"@id":"https:\/\/artes-visuales.org\/#website"},"datePublished":"2015-09-11T10:58:55+00:00","dateModified":"2026-01-08T10:08:13+00:00","description":"Compet\u00e8ncies: desenvolupa recerca avan\u00e7ada, pensament cr\u00edtic i habilitats art\u00edstiques en arts visuals i educaci\u00f3. Impulsa el teu perfil!","breadcrumb":{"@id":"https:\/\/artes-visuales.org\/ca\/competencies\/#breadcrumb"},"inLanguage":"ca","potentialAction":[{"@type":"ReadAction","target":["https:\/\/artes-visuales.org\/ca\/competencies\/"]}]},{"@type":"BreadcrumbList","@id":"https:\/\/artes-visuales.org\/ca\/competencies\/#breadcrumb","itemListElement":[{"@type":"ListItem","position":1,"name":"Portada","item":"https:\/\/artes-visuales.org\/ca\/"},{"@type":"ListItem","position":2,"name":"COMPET\u00c8NCIES"}]},{"@type":"WebSite","@id":"https:\/\/artes-visuales.org\/#website","url":"https:\/\/artes-visuales.org\/","name":"Artes Visuales y Educaci\u00f3n","description":"M\u00e1ster UGR","potentialAction":[{"@type":"SearchAction","target":{"@type":"EntryPoint","urlTemplate":"https:\/\/artes-visuales.org\/?s={search_term_string}"},"query-input":"required name=search_term_string"}],"inLanguage":"ca"}]}},"_links":{"self":[{"href":"https:\/\/artes-visuales.org\/ca\/wp-json\/wp\/v2\/pages\/5782","targetHints":{"allow":["GET"]}}],"collection":[{"href":"https:\/\/artes-visuales.org\/ca\/wp-json\/wp\/v2\/pages"}],"about":[{"href":"https:\/\/artes-visuales.org\/ca\/wp-json\/wp\/v2\/types\/page"}],"author":[{"embeddable":true,"href":"https:\/\/artes-visuales.org\/ca\/wp-json\/wp\/v2\/users\/2"}],"replies":[{"embeddable":true,"href":"https:\/\/artes-visuales.org\/ca\/wp-json\/wp\/v2\/comments?post=5782"}],"version-history":[{"count":5,"href":"https:\/\/artes-visuales.org\/ca\/wp-json\/wp\/v2\/pages\/5782\/revisions"}],"predecessor-version":[{"id":5790,"href":"https:\/\/artes-visuales.org\/ca\/wp-json\/wp\/v2\/pages\/5782\/revisions\/5790"}],"wp:attachment":[{"href":"https:\/\/artes-visuales.org\/ca\/wp-json\/wp\/v2\/media?parent=5782"}],"curies":[{"name":"wp","href":"https:\/\/api.w.org\/{rel}","templated":true}]}}