{"id":5779,"date":"2015-09-10T18:49:56","date_gmt":"2015-09-10T18:49:56","guid":{"rendered":"https:\/\/artes-visuales.org\/objetivos-especificos\/"},"modified":"2026-01-08T10:07:50","modified_gmt":"2026-01-08T10:07:50","slug":"objectius-especifics","status":"publish","type":"page","link":"https:\/\/artes-visuales.org\/ca\/objectius-especifics\/","title":{"rendered":"OBJECTIUS ESPEC\u00cdFICS"},"content":{"rendered":"<p style=\"text-align: justify;\">\u2022 Explorar les significacions epistemol\u00f2giques, metodol\u00f2giques, narratives i socials del construccionisme social vinculades a l\u2019educaci\u00f3 i a l\u2019ensenyament de les arts visuals.<\/p>\n<p style=\"text-align: justify;\">\u2022 Con\u00e8ixer les connexions de l\u2019enfocament construccionista amb altres metodologies cr\u00edtiques d\u2019investigaci\u00f3 en relaci\u00f3 amb la creaci\u00f3 i la interpretaci\u00f3 d\u2019imatges.<\/p>\n<p style=\"text-align: justify;\">\u2022 Valorar les perspectives contempor\u00e0nies en el camp de l\u2019ensenyament i l\u2019educaci\u00f3 de les arts visuals que permetin desenvolupar projectes d\u2019intervenci\u00f3 i investigaci\u00f3 des d\u2019una perspectiva construccionista.<\/p>\n<p style=\"text-align: justify;\">\u2022 Considerar les relacions entre un enfocament construccionista de l\u2019ensenyament i l\u2019educaci\u00f3 de les arts visuals i les representacions relacionades amb les posicionalitats identit\u00e0ries i subjectives contempor\u00e0nies.<\/p>\n<p style=\"text-align: justify;\">\u2022 Analitzar els canvis en la producci\u00f3 dels sabers i els processos de subjectivaci\u00f3 en la formaci\u00f3 dels professionals vinculats als discursos relacionats amb l\u2019ensenyament i l\u2019educaci\u00f3 de les arts visuals.<\/p>\n<p style=\"text-align: justify;\">\u2022 Compartir les problematitzacions epistemol\u00f2giques i metodol\u00f2giques dels projectes d\u2019investigaci\u00f3 sobre l\u2019educaci\u00f3 i l\u2019ensenyament dels discursos art\u00edstics visuals en el context de les institucions culturals i educatives.<\/p>\n<p style=\"text-align: justify;\">\u2022 Dur a terme un projecte d\u2019investigaci\u00f3 o d\u2019intervenci\u00f3.<\/p>\n<p style=\"text-align: justify;\">\u2022 Vincular-se a xarxes i grups internacionals d\u2019investigaci\u00f3 que treballin des de posicions properes a les del m\u00e0ster.<\/p>\n<p style=\"text-align: justify;\"><strong>Orientaci\u00f3 professional, acad\u00e8mica i investigadora:<\/strong> Gesti\u00f3 de projectes formatius i educatius relacionats amb les arts en diferents entorns institucionals i comunitaris. Disseny de materials formatius i educatius \u2014en suports virtuals i anal\u00f2gics\u2014 relacionats amb les arts visuals. Investigaci\u00f3 vinculada a l\u2019an\u00e0lisi cr\u00edtica dels discursos relacionats amb les propostes d\u2019ensenyament i educaci\u00f3 en el camp de les arts visuals.<\/p>\n<p style=\"text-align: justify;\"><strong>Compet\u00e8ncies generals que s\u2019adquireixen:<\/strong> Compet\u00e8ncies conceptuals per contextualitzar i interpretar socialment i hist\u00f2ricament les tend\u00e8ncies i perspectives d\u2019ensenyament i educaci\u00f3 de les arts visuals. Compet\u00e8ncies cr\u00edtiques i dial\u00f2giques en relaci\u00f3 amb les lectures del curs. Capacitat de discerniment entre diferents perspectives metodol\u00f2giques per a la realitzaci\u00f3 d\u2019un projecte d\u2019investigaci\u00f3. Capacitat de disseny i realitzaci\u00f3 de projectes d\u2019intervenci\u00f3 institucional i comunit\u00e0ria. Estrat\u00e8gies de presentaci\u00f3 de projectes d\u2019investigaci\u00f3 i intervenci\u00f3 mitjan\u00e7ant l\u2019\u00fas de les TIC. Compet\u00e8ncies de treball col\u00b7laboratiu.<\/p>\n","protected":false},"excerpt":{"rendered":"<p>\u2022 Explorar les significacions epistemol\u00f2giques, metodol\u00f2giques, narratives i socials del construccionisme social vinculades a l\u2019educaci\u00f3 i a l\u2019ensenyament de les arts visuals. \u2022 Con\u00e8ixer les connexions de l\u2019enfocament construccionista amb altres metodologies cr\u00edtiques d\u2019investigaci\u00f3 en relaci\u00f3 amb la creaci\u00f3 i la interpretaci\u00f3 d\u2019imatges. \u2022 Valorar les perspectives contempor\u00e0nies en el camp de l\u2019ensenyament i l\u2019educaci\u00f3 [&#8230;]\n","protected":false},"author":2,"featured_media":0,"parent":0,"menu_order":0,"comment_status":"closed","ping_status":"closed","template":"page-blank-title-center.php","meta":{"footnotes":""},"class_list":["post-5779","page","type-page","status-publish","hentry"],"yoast_head":"<!-- This site is optimized with the Yoast SEO plugin v20.5 - https:\/\/yoast.com\/wordpress\/plugins\/seo\/ -->\n<title>OBJECTIUS ESPEC\u00cdFICS - Artes Visuales y Educaci\u00f3n<\/title>\n<meta name=\"description\" content=\"Objectius Espec\u00edfics: cultura visual, recerca art\u00edstica i estudis de g\u00e8nere. Especialitza&#039;t en educaci\u00f3 i arts. Vine i forma&#039;t amb nosaltres!\" \/>\n<meta name=\"robots\" content=\"index, follow, max-snippet:-1, max-image-preview:large, max-video-preview:-1\" \/>\n<link rel=\"canonical\" href=\"https:\/\/artes-visuales.org\/ca\/objectius-especifics\/\" \/>\n<meta property=\"og:locale\" content=\"ca_ES\" \/>\n<meta property=\"og:type\" content=\"article\" \/>\n<meta property=\"og:title\" content=\"OBJECTIUS ESPEC\u00cdFICS - Artes Visuales y Educaci\u00f3n\" \/>\n<meta property=\"og:description\" content=\"Objectius Espec\u00edfics: cultura visual, recerca art\u00edstica i estudis de g\u00e8nere. Especialitza&#039;t en educaci\u00f3 i arts. Vine i forma&#039;t amb nosaltres!\" \/>\n<meta property=\"og:url\" content=\"https:\/\/artes-visuales.org\/ca\/objectius-especifics\/\" \/>\n<meta property=\"og:site_name\" content=\"Artes Visuales y Educaci\u00f3n\" \/>\n<meta property=\"article:modified_time\" content=\"2026-01-08T10:07:50+00:00\" \/>\n<meta name=\"twitter:card\" content=\"summary_large_image\" \/>\n<meta name=\"twitter:label1\" content=\"Temps estimat de lectura\" \/>\n\t<meta name=\"twitter:data1\" content=\"2 minuts\" \/>\n<script type=\"application\/ld+json\" class=\"yoast-schema-graph\">{\"@context\":\"https:\/\/schema.org\",\"@graph\":[{\"@type\":\"WebPage\",\"@id\":\"https:\/\/artes-visuales.org\/ca\/objectius-especifics\/\",\"url\":\"https:\/\/artes-visuales.org\/ca\/objectius-especifics\/\",\"name\":\"OBJECTIUS ESPEC\u00cdFICS - Artes Visuales y Educaci\u00f3n\",\"isPartOf\":{\"@id\":\"https:\/\/artes-visuales.org\/#website\"},\"datePublished\":\"2015-09-10T18:49:56+00:00\",\"dateModified\":\"2026-01-08T10:07:50+00:00\",\"description\":\"Objectius Espec\u00edfics: cultura visual, recerca art\u00edstica i estudis de g\u00e8nere. Especialitza't en educaci\u00f3 i arts. Vine i forma't amb nosaltres!\",\"breadcrumb\":{\"@id\":\"https:\/\/artes-visuales.org\/ca\/objectius-especifics\/#breadcrumb\"},\"inLanguage\":\"ca\",\"potentialAction\":[{\"@type\":\"ReadAction\",\"target\":[\"https:\/\/artes-visuales.org\/ca\/objectius-especifics\/\"]}]},{\"@type\":\"BreadcrumbList\",\"@id\":\"https:\/\/artes-visuales.org\/ca\/objectius-especifics\/#breadcrumb\",\"itemListElement\":[{\"@type\":\"ListItem\",\"position\":1,\"name\":\"Portada\",\"item\":\"https:\/\/artes-visuales.org\/ca\/\"},{\"@type\":\"ListItem\",\"position\":2,\"name\":\"OBJECTIUS ESPEC\u00cdFICS\"}]},{\"@type\":\"WebSite\",\"@id\":\"https:\/\/artes-visuales.org\/#website\",\"url\":\"https:\/\/artes-visuales.org\/\",\"name\":\"Artes Visuales y Educaci\u00f3n\",\"description\":\"M\u00e1ster UGR\",\"potentialAction\":[{\"@type\":\"SearchAction\",\"target\":{\"@type\":\"EntryPoint\",\"urlTemplate\":\"https:\/\/artes-visuales.org\/?s={search_term_string}\"},\"query-input\":\"required name=search_term_string\"}],\"inLanguage\":\"ca\"}]}<\/script>\n<!-- \/ Yoast SEO plugin. -->","yoast_head_json":{"title":"OBJECTIUS ESPEC\u00cdFICS - Artes Visuales y Educaci\u00f3n","description":"Objectius Espec\u00edfics: cultura visual, recerca art\u00edstica i estudis de g\u00e8nere. Especialitza't en educaci\u00f3 i arts. Vine i forma't amb nosaltres!","robots":{"index":"index","follow":"follow","max-snippet":"max-snippet:-1","max-image-preview":"max-image-preview:large","max-video-preview":"max-video-preview:-1"},"canonical":"https:\/\/artes-visuales.org\/ca\/objectius-especifics\/","og_locale":"ca_ES","og_type":"article","og_title":"OBJECTIUS ESPEC\u00cdFICS - Artes Visuales y Educaci\u00f3n","og_description":"Objectius Espec\u00edfics: cultura visual, recerca art\u00edstica i estudis de g\u00e8nere. Especialitza't en educaci\u00f3 i arts. Vine i forma't amb nosaltres!","og_url":"https:\/\/artes-visuales.org\/ca\/objectius-especifics\/","og_site_name":"Artes Visuales y Educaci\u00f3n","article_modified_time":"2026-01-08T10:07:50+00:00","twitter_card":"summary_large_image","twitter_misc":{"Temps estimat de lectura":"2 minuts"},"schema":{"@context":"https:\/\/schema.org","@graph":[{"@type":"WebPage","@id":"https:\/\/artes-visuales.org\/ca\/objectius-especifics\/","url":"https:\/\/artes-visuales.org\/ca\/objectius-especifics\/","name":"OBJECTIUS ESPEC\u00cdFICS - Artes Visuales y Educaci\u00f3n","isPartOf":{"@id":"https:\/\/artes-visuales.org\/#website"},"datePublished":"2015-09-10T18:49:56+00:00","dateModified":"2026-01-08T10:07:50+00:00","description":"Objectius Espec\u00edfics: cultura visual, recerca art\u00edstica i estudis de g\u00e8nere. Especialitza't en educaci\u00f3 i arts. Vine i forma't amb nosaltres!","breadcrumb":{"@id":"https:\/\/artes-visuales.org\/ca\/objectius-especifics\/#breadcrumb"},"inLanguage":"ca","potentialAction":[{"@type":"ReadAction","target":["https:\/\/artes-visuales.org\/ca\/objectius-especifics\/"]}]},{"@type":"BreadcrumbList","@id":"https:\/\/artes-visuales.org\/ca\/objectius-especifics\/#breadcrumb","itemListElement":[{"@type":"ListItem","position":1,"name":"Portada","item":"https:\/\/artes-visuales.org\/ca\/"},{"@type":"ListItem","position":2,"name":"OBJECTIUS ESPEC\u00cdFICS"}]},{"@type":"WebSite","@id":"https:\/\/artes-visuales.org\/#website","url":"https:\/\/artes-visuales.org\/","name":"Artes Visuales y Educaci\u00f3n","description":"M\u00e1ster UGR","potentialAction":[{"@type":"SearchAction","target":{"@type":"EntryPoint","urlTemplate":"https:\/\/artes-visuales.org\/?s={search_term_string}"},"query-input":"required name=search_term_string"}],"inLanguage":"ca"}]}},"_links":{"self":[{"href":"https:\/\/artes-visuales.org\/ca\/wp-json\/wp\/v2\/pages\/5779","targetHints":{"allow":["GET"]}}],"collection":[{"href":"https:\/\/artes-visuales.org\/ca\/wp-json\/wp\/v2\/pages"}],"about":[{"href":"https:\/\/artes-visuales.org\/ca\/wp-json\/wp\/v2\/types\/page"}],"author":[{"embeddable":true,"href":"https:\/\/artes-visuales.org\/ca\/wp-json\/wp\/v2\/users\/2"}],"replies":[{"embeddable":true,"href":"https:\/\/artes-visuales.org\/ca\/wp-json\/wp\/v2\/comments?post=5779"}],"version-history":[{"count":3,"href":"https:\/\/artes-visuales.org\/ca\/wp-json\/wp\/v2\/pages\/5779\/revisions"}],"predecessor-version":[{"id":6246,"href":"https:\/\/artes-visuales.org\/ca\/wp-json\/wp\/v2\/pages\/5779\/revisions\/6246"}],"wp:attachment":[{"href":"https:\/\/artes-visuales.org\/ca\/wp-json\/wp\/v2\/media?parent=5779"}],"curies":[{"name":"wp","href":"https:\/\/api.w.org\/{rel}","templated":true}]}}