{"id":5776,"date":"2015-09-11T10:47:21","date_gmt":"2015-09-11T10:47:21","guid":{"rendered":"https:\/\/artes-visuales.org\/objetivos-de-generales-y-ambitos-del-conocimiento\/"},"modified":"2026-01-08T10:07:04","modified_gmt":"2026-01-08T10:07:04","slug":"objectius-generals-i-ambits-del-coneixement","status":"publish","type":"page","link":"https:\/\/artes-visuales.org\/ca\/objectius-generals-i-ambits-del-coneixement\/","title":{"rendered":"OBJECTIUS GENERALS I \u00c0MBITS DEL CONEIXEMENT"},"content":{"rendered":"<div class=\"row\"  id=\"row-515501883\">\n\n\t<div id=\"col-1023458496\" class=\"col medium-1\/1 large-12\"  >\n\t\t\t\t<div class=\"col-inner\"  >\n\t\t\t\n\t\t\t\n<p style=\"text-align: justify;\">Dins dels Estudis de Postgrau en Belles Arts, Ci\u00e8ncies de l\u2019Educaci\u00f3 i Ci\u00e8ncies Humanes i Socials s\u2019articula la proposta de m\u00e0ster. En la que es presenta a continuaci\u00f3 es planteja la formaci\u00f3 de graduats de diferents \u00e0mbits disciplinaris en l\u2019estudi i la recerca entorn del que ha estat una constant en la hist\u00f2ria de bona part de la humanitat: la relaci\u00f3 de les Arts amb l\u2019educaci\u00f3, tant vinculada a la formaci\u00f3 dels especialistes com a l\u2019educaci\u00f3 per a tots els ciutadans. Per cobrir la formaci\u00f3 dels titulats, es plantegen els objectius seg\u00fcents:<\/p>\n<p class=\"cuerpo\" style=\"text-align: justify;\">1. Explorar les narratives, discursos disciplinaris, pol\u00edtiques i pr\u00e0ctiques institucionals al voltant de les hist\u00f2ries relacionades amb l\u2019ensenyament i l\u2019educaci\u00f3 de les arts.<br \/>\n2. Investigar les relacions entre l\u2019ensenyament i l\u2019educaci\u00f3 de les arts i les perspectives contempor\u00e0nies sobre la innovaci\u00f3 i la creativitat.<br \/>\n3. Contextualitzar les contribucions i alternatives que es deriven de les relacions entre arts, educaci\u00f3 i comunitat per donar resposta a les problem\u00e0tiques socials emergents.<br \/>\n4. Avaluar les aportacions i possibilitats de les Tecnologies de la Informaci\u00f3 i la Comunicaci\u00f3 vinculades a l\u2019educaci\u00f3 i l\u2019ensenyament de les arts.<br \/>\n5. Desenvolupar estrat\u00e8gies per a l\u2019an\u00e0lisi i la transformaci\u00f3 de l\u2019educaci\u00f3 des de la comprensi\u00f3 cr\u00edtica de les narratives, obres i discursos art\u00edstics.<br \/>\n6. Capacitar en la realitzaci\u00f3 de projectes d\u2019intervenci\u00f3 i recerca en l\u2019ensenyament i l\u2019educaci\u00f3 de les arts en diferents entorns socials i culturals.<br \/>\n\u00c0mbits del coneixement en qu\u00e8 s\u2019emmarca: Belles Arts, Ci\u00e8ncies de l\u2019Educaci\u00f3, Arts i Humanitats i M\u00fasica.<\/p>\n\t\t<\/div>\n\t\t\t\t\t<\/div>\n\n\t\n<\/div>\n","protected":false},"excerpt":{"rendered":"Dins dels Estudis de Postgrau en Belles Arts, Ci\u00e8ncies de l\u2019Educaci\u00f3 i Ci\u00e8ncies Humanes i Socials s\u2019articula la proposta de m\u00e0ster. En la que es presenta a continuaci\u00f3 es planteja la formaci\u00f3 de graduats de diferents \u00e0mbits disciplinaris en l\u2019estudi i la recerca entorn del que ha estat una constant en la hist\u00f2ria de bona [...]","protected":false},"author":2,"featured_media":0,"parent":0,"menu_order":0,"comment_status":"closed","ping_status":"closed","template":"page-blank-title-center.php","meta":{"footnotes":""},"class_list":["post-5776","page","type-page","status-publish","hentry"],"yoast_head":"<!-- This site is optimized with the Yoast SEO plugin v20.5 - https:\/\/yoast.com\/wordpress\/plugins\/seo\/ -->\n<title>OBJECTIUS GENERALS I \u00c0MBITS DEL CONEIXEMENT - Artes Visuales y Educaci\u00f3n<\/title>\n<meta name=\"description\" content=\"Objectius i \u00c0mbits: formaci\u00f3 professional i de recerca en arts visuals, educaci\u00f3 i gesti\u00f3 cultural. Defineix el teu futur professional!\" \/>\n<meta name=\"robots\" content=\"index, follow, max-snippet:-1, max-image-preview:large, max-video-preview:-1\" \/>\n<link rel=\"canonical\" href=\"https:\/\/artes-visuales.org\/ca\/objectius-generals-i-ambits-del-coneixement\/\" \/>\n<meta property=\"og:locale\" content=\"ca_ES\" \/>\n<meta property=\"og:type\" content=\"article\" \/>\n<meta property=\"og:title\" content=\"OBJECTIUS GENERALS I \u00c0MBITS DEL CONEIXEMENT - Artes Visuales y Educaci\u00f3n\" \/>\n<meta property=\"og:description\" content=\"Objectius i \u00c0mbits: formaci\u00f3 professional i de recerca en arts visuals, educaci\u00f3 i gesti\u00f3 cultural. Defineix el teu futur professional!\" \/>\n<meta property=\"og:url\" content=\"https:\/\/artes-visuales.org\/ca\/objectius-generals-i-ambits-del-coneixement\/\" \/>\n<meta property=\"og:site_name\" content=\"Artes Visuales y Educaci\u00f3n\" \/>\n<meta property=\"article:modified_time\" content=\"2026-01-08T10:07:04+00:00\" \/>\n<meta name=\"twitter:card\" content=\"summary_large_image\" \/>\n<meta name=\"twitter:label1\" content=\"Temps estimat de lectura\" \/>\n\t<meta name=\"twitter:data1\" content=\"2 minuts\" \/>\n<script type=\"application\/ld+json\" class=\"yoast-schema-graph\">{\"@context\":\"https:\/\/schema.org\",\"@graph\":[{\"@type\":\"WebPage\",\"@id\":\"https:\/\/artes-visuales.org\/ca\/objectius-generals-i-ambits-del-coneixement\/\",\"url\":\"https:\/\/artes-visuales.org\/ca\/objectius-generals-i-ambits-del-coneixement\/\",\"name\":\"OBJECTIUS GENERALS I \u00c0MBITS DEL CONEIXEMENT - Artes Visuales y Educaci\u00f3n\",\"isPartOf\":{\"@id\":\"https:\/\/artes-visuales.org\/#website\"},\"datePublished\":\"2015-09-11T10:47:21+00:00\",\"dateModified\":\"2026-01-08T10:07:04+00:00\",\"description\":\"Objectius i \u00c0mbits: formaci\u00f3 professional i de recerca en arts visuals, educaci\u00f3 i gesti\u00f3 cultural. Defineix el teu futur professional!\",\"breadcrumb\":{\"@id\":\"https:\/\/artes-visuales.org\/ca\/objectius-generals-i-ambits-del-coneixement\/#breadcrumb\"},\"inLanguage\":\"ca\",\"potentialAction\":[{\"@type\":\"ReadAction\",\"target\":[\"https:\/\/artes-visuales.org\/ca\/objectius-generals-i-ambits-del-coneixement\/\"]}]},{\"@type\":\"BreadcrumbList\",\"@id\":\"https:\/\/artes-visuales.org\/ca\/objectius-generals-i-ambits-del-coneixement\/#breadcrumb\",\"itemListElement\":[{\"@type\":\"ListItem\",\"position\":1,\"name\":\"Portada\",\"item\":\"https:\/\/artes-visuales.org\/ca\/\"},{\"@type\":\"ListItem\",\"position\":2,\"name\":\"OBJECTIUS GENERALS I \u00c0MBITS DEL CONEIXEMENT\"}]},{\"@type\":\"WebSite\",\"@id\":\"https:\/\/artes-visuales.org\/#website\",\"url\":\"https:\/\/artes-visuales.org\/\",\"name\":\"Artes Visuales y Educaci\u00f3n\",\"description\":\"M\u00e1ster UGR\",\"potentialAction\":[{\"@type\":\"SearchAction\",\"target\":{\"@type\":\"EntryPoint\",\"urlTemplate\":\"https:\/\/artes-visuales.org\/?s={search_term_string}\"},\"query-input\":\"required name=search_term_string\"}],\"inLanguage\":\"ca\"}]}<\/script>\n<!-- \/ Yoast SEO plugin. -->","yoast_head_json":{"title":"OBJECTIUS GENERALS I \u00c0MBITS DEL CONEIXEMENT - Artes Visuales y Educaci\u00f3n","description":"Objectius i \u00c0mbits: formaci\u00f3 professional i de recerca en arts visuals, educaci\u00f3 i gesti\u00f3 cultural. Defineix el teu futur professional!","robots":{"index":"index","follow":"follow","max-snippet":"max-snippet:-1","max-image-preview":"max-image-preview:large","max-video-preview":"max-video-preview:-1"},"canonical":"https:\/\/artes-visuales.org\/ca\/objectius-generals-i-ambits-del-coneixement\/","og_locale":"ca_ES","og_type":"article","og_title":"OBJECTIUS GENERALS I \u00c0MBITS DEL CONEIXEMENT - Artes Visuales y Educaci\u00f3n","og_description":"Objectius i \u00c0mbits: formaci\u00f3 professional i de recerca en arts visuals, educaci\u00f3 i gesti\u00f3 cultural. Defineix el teu futur professional!","og_url":"https:\/\/artes-visuales.org\/ca\/objectius-generals-i-ambits-del-coneixement\/","og_site_name":"Artes Visuales y Educaci\u00f3n","article_modified_time":"2026-01-08T10:07:04+00:00","twitter_card":"summary_large_image","twitter_misc":{"Temps estimat de lectura":"2 minuts"},"schema":{"@context":"https:\/\/schema.org","@graph":[{"@type":"WebPage","@id":"https:\/\/artes-visuales.org\/ca\/objectius-generals-i-ambits-del-coneixement\/","url":"https:\/\/artes-visuales.org\/ca\/objectius-generals-i-ambits-del-coneixement\/","name":"OBJECTIUS GENERALS I \u00c0MBITS DEL CONEIXEMENT - Artes Visuales y Educaci\u00f3n","isPartOf":{"@id":"https:\/\/artes-visuales.org\/#website"},"datePublished":"2015-09-11T10:47:21+00:00","dateModified":"2026-01-08T10:07:04+00:00","description":"Objectius i \u00c0mbits: formaci\u00f3 professional i de recerca en arts visuals, educaci\u00f3 i gesti\u00f3 cultural. Defineix el teu futur professional!","breadcrumb":{"@id":"https:\/\/artes-visuales.org\/ca\/objectius-generals-i-ambits-del-coneixement\/#breadcrumb"},"inLanguage":"ca","potentialAction":[{"@type":"ReadAction","target":["https:\/\/artes-visuales.org\/ca\/objectius-generals-i-ambits-del-coneixement\/"]}]},{"@type":"BreadcrumbList","@id":"https:\/\/artes-visuales.org\/ca\/objectius-generals-i-ambits-del-coneixement\/#breadcrumb","itemListElement":[{"@type":"ListItem","position":1,"name":"Portada","item":"https:\/\/artes-visuales.org\/ca\/"},{"@type":"ListItem","position":2,"name":"OBJECTIUS GENERALS I \u00c0MBITS DEL CONEIXEMENT"}]},{"@type":"WebSite","@id":"https:\/\/artes-visuales.org\/#website","url":"https:\/\/artes-visuales.org\/","name":"Artes Visuales y Educaci\u00f3n","description":"M\u00e1ster UGR","potentialAction":[{"@type":"SearchAction","target":{"@type":"EntryPoint","urlTemplate":"https:\/\/artes-visuales.org\/?s={search_term_string}"},"query-input":"required name=search_term_string"}],"inLanguage":"ca"}]}},"_links":{"self":[{"href":"https:\/\/artes-visuales.org\/ca\/wp-json\/wp\/v2\/pages\/5776","targetHints":{"allow":["GET"]}}],"collection":[{"href":"https:\/\/artes-visuales.org\/ca\/wp-json\/wp\/v2\/pages"}],"about":[{"href":"https:\/\/artes-visuales.org\/ca\/wp-json\/wp\/v2\/types\/page"}],"author":[{"embeddable":true,"href":"https:\/\/artes-visuales.org\/ca\/wp-json\/wp\/v2\/users\/2"}],"replies":[{"embeddable":true,"href":"https:\/\/artes-visuales.org\/ca\/wp-json\/wp\/v2\/comments?post=5776"}],"version-history":[{"count":3,"href":"https:\/\/artes-visuales.org\/ca\/wp-json\/wp\/v2\/pages\/5776\/revisions"}],"predecessor-version":[{"id":6245,"href":"https:\/\/artes-visuales.org\/ca\/wp-json\/wp\/v2\/pages\/5776\/revisions\/6245"}],"wp:attachment":[{"href":"https:\/\/artes-visuales.org\/ca\/wp-json\/wp\/v2\/media?parent=5776"}],"curies":[{"name":"wp","href":"https:\/\/api.w.org\/{rel}","templated":true}]}}