{"id":5766,"date":"2015-09-10T18:18:42","date_gmt":"2015-09-10T18:18:42","guid":{"rendered":"https:\/\/artes-visuales.org\/datos-generales\/"},"modified":"2026-01-08T10:06:41","modified_gmt":"2026-01-08T10:06:41","slug":"dades-generals","status":"publish","type":"page","link":"https:\/\/artes-visuales.org\/ca\/dades-generals\/","title":{"rendered":"DADES GENERALS"},"content":{"rendered":"<div class=\"wpb-content-wrapper\">[vc_row][vc_column][vc_column_text]<div class=\"row\"  id=\"row-149872666\">[\/vc_column_text][\/vc_column][\/vc_row][vc_row][vc_column][vc_column_text css=&#8221;&#8221;]\n\t<div id=\"col-405092496\" class=\"col medium-1\/2 large-6\"  >\n\t\t\t\t<div class=\"col-inner\"  >\n\t\t\t\n\t\t\t\n<p><strong>Denominaci\u00f3 del m\u00e0ster:<\/strong><br \/>\nM\u00e0ster oficial interuniversitari en Arts Visuals i Educaci\u00f3: un Enfocament Construccionista.<\/p>\n<p><strong>Modalitat d\u2019ensenyament:<\/strong><br \/>\nPresencial.<\/p>\n<p><strong>Modalitat d\u2019ensenyament:<\/strong><br \/>\nPresencial.<\/p>\n<p><strong>Idiomes d\u2019impartici\u00f3:<\/strong><br \/>\nEspanyol, Catal\u00e0 i Angl\u00e8s.<\/p>\n<p><strong>Universitat coordinadora:<\/strong><br \/>\nUniversitat de Granada.<\/p>\n<p><strong>Coordinador general:<\/strong><br \/>\nJoaqu\u00edn Rold\u00e1n Ram\u00edrez | <a href=\"mailto:joaquinroldan@ugr.es\">joaquinroldan@ugr.es<\/a><\/p>\n<p><a href=\"http:\/\/artes-visuales.org\/wp-content\/uploads\/2015\/09\/Funciones-de-coordinacion.pdf\" target=\"_blank\" rel=\"noopener noreferrer\">Funcions de la Coordinaci\u00f3<\/a><\/p>\n<p><strong>T\u00edtol impartit en:<\/strong><\/p>\n<p><strong>Universitat de Granada:<\/strong><\/p>\n<p>Facultat de Belles Arts i Facultat de Ci\u00e8ncies de l\u2019Educaci\u00f3.<\/p>\n<p>Coordinador seu de Granada: Ricardo Mar\u00edn Viadel | <a href=\"mailto:ricardom@ugr.es\" target=\"_blank\" rel=\"noopener noreferrer\">ricardom@ugr.es<\/a><\/p>\n<p><strong>Universitat de Barcelona:<\/strong><\/p>\n<p>Facultat de Belles Arts<\/p>\n<p>Coordinador seu de Barcelona: Aurelio Castro Varela | <a href=\"mailto:aurelio.castro@ub.edu\" target=\"_blank\" rel=\"noopener noreferrer\">aurelio.castro@ub.edu<\/a><\/p>\n<p><strong>Universitat de Girona:<\/strong><\/p>\n<p>Facultat d\u2019Educaci\u00f3 i Psicologia.<\/p>\n<p>Coordinadora seu de Girona: Roser Juanola Terradellas | <a href=\"mailto:roser.juanola@udg.edu\" target=\"_blank\" rel=\"noopener noreferrer\">roser.juanola@udg.edu<\/a><\/p>\n\t\t<\/div>\n\t\t\t\t\t<\/div>\n\n\t\n\n\t<div id=\"col-1378870703\" class=\"col medium-1\/2 large-6\"  >\n\t\t\t\t<div class=\"col-inner\"  >\n\t\t\t\n\t\t\t\n<div class=\"accordion\">\n\t<div id=\"accordion-2002811385\" class=\"accordion-item\">\n\t\t<a id=\"accordion-2002811385-label\" class=\"accordion-title plain\" href=\"#accordion-item-gesti\u00f3_administrativa_universitat_de_granada\" aria-expanded=\"false\" aria-controls=\"accordion-2002811385-content\" >\n\t\t\t<button class=\"toggle\" aria-label=\"Toggle\"><i class=\"icon-angle-down\"><\/i><\/button>\n\t\t\t<span>Gesti\u00f3 administrativa Universitat de Granada<\/span>\n\t\t<\/a>\n\t\t<div id=\"accordion-2002811385-content\" class=\"accordion-inner\" aria-labelledby=\"accordion-2002811385-label\" >\n\t\t\t\n<p>Escola Internacional de Postgrau<br \/>\nDepartament de Did\u00e0ctica de l\u2019Expressi\u00f3 Musical, Pl\u00e0stica i Corporal<br \/>\nFacultat de Ci\u00e8ncies de l\u2019Educaci\u00f3 i Belles Arts<br \/>\nT: +34 958243954<br \/>\nF: +34 958249053<br \/>\nE-mail: <a href=\"mailto:epmasteres@ugr.es\">epmasteres@ugr.es<\/a><\/p>\n\t\t<\/div>\n\t<\/div>\n\t\n\t<div id=\"accordion-2239259806\" class=\"accordion-item\">\n\t\t<a id=\"accordion-2239259806-label\" class=\"accordion-title plain\" href=\"#accordion-item-gesti\u00f3_administrativa_universitat_de_barcelona\" aria-expanded=\"false\" aria-controls=\"accordion-2239259806-content\" >\n\t\t\t<button class=\"toggle\" aria-label=\"Toggle\"><i class=\"icon-angle-down\"><\/i><\/button>\n\t\t\t<span>Gesti\u00f3 administrativa Universitat de Barcelona<\/span>\n\t\t<\/a>\n\t\t<div id=\"accordion-2239259806-content\" class=\"accordion-inner\" aria-labelledby=\"accordion-2239259806-label\" >\n\t\t\t\n<p><strong>Coordinador de la Universitat de Barcelona:<\/strong><br \/>\nAurelio Castro Varela | <a href=\"mailto:aurelio.castro@ub.edu\" target=\"_blank\" rel=\"noopener noreferrer\">aurelio.castro@ub.edu<\/a><\/p>\n<p>Gesti\u00f3 administrativa Universitat de Barcelona<br \/>\nAdministraci\u00f3 de M\u00e0sters Universitaris<br \/>\nSecretaria d\u2019Estudiants i Doc\u00e8ncia<br \/>\nFacultat de Belles Arts<br \/>\nC\/ Pau Gargallo, 4 \/ 08028 Barcelona<br \/>\nTlf. +34 934034055<br \/>\n<a href=\"mailto:master.bellesarts@ub.edu\" target=\"_blank\" rel=\"noopener noreferrer\">master.bellesarts@ub.edu<\/a><br \/>\nWeb BBAA: <a href=\"https:\/\/www.ub.edu\/portal\/web\/bellasartes\/masteres-universitaris\" target=\"_blank\" rel=\"noopener noreferrer\">https:\/\/www.ub.edu\/portal\/web\/bellasartes\/masteres-universitaris<\/a><\/p>\n<p>&nbsp;<\/p>\n\t\t<\/div>\n\t<\/div>\n\t\n\t<div id=\"accordion-3935049505\" class=\"accordion-item\">\n\t\t<a id=\"accordion-3935049505-label\" class=\"accordion-title plain\" href=\"#accordion-item-gesti\u00f3_administrativa_universitat_de_girona\" aria-expanded=\"false\" aria-controls=\"accordion-3935049505-content\" >\n\t\t\t<button class=\"toggle\" aria-label=\"Toggle\"><i class=\"icon-angle-down\"><\/i><\/button>\n\t\t\t<span>Gesti\u00f3 administrativa Universitat de Girona<\/span>\n\t\t<\/a>\n\t\t<div id=\"accordion-3935049505-content\" class=\"accordion-inner\" aria-labelledby=\"accordion-3935049505-label\" >\n\t\t\t\n<p><strong>Coordinador de la Universitat de Girona:<\/strong><br \/>\nJoan Vall\u00e9s Villanueva | <a href=\"mailto:joan.valles@udg.edu\">joan.valles@udg.edu<\/a><\/p>\n<p><strong>Gesti\u00f3 administrativa Universitat de Girona<\/strong><br \/>\nUniversitat de Girona<br \/>\nDepartament de Did\u00e0ctiques Espec\u00edfiques<br \/>\nFacultat d\u2019Educaci\u00f3 i Psicologia<br \/>\nCampus Barri Vell<br \/>\nPla\u00e7a Sant Dom\u00e8nec, 9, 77<br \/>\n17071 GIRONA<br \/>\nT: +34 972418332<br \/>\nF: +34 972418301<br \/>\nE-mail: <a href=\"mailto:dir.didacespec@udg.es\">dir.didacespec@udg.es<\/a><\/p>\n\t\t<\/div>\n\t<\/div>\n\t\n<\/div>\n<h3>Documents<\/h3>\n<p><a href=\"http:\/\/artes-visuales.org\/wp-content\/uploads\/2015\/09\/Convenio_Master_Interuniversitario.pdf\" target=\"_blank\" rel=\"noopener noreferrer\">Conveni Interuniversitari<\/a><\/p>\n<p><a href=\"http:\/\/artes-visuales.org\/wp-content\/uploads\/2015\/09\/Reglamento-Regimen-Interno-Comisi\u00f3n-Acad\u00e9mica-del-Master-2013.pdf\" target=\"_blank\" rel=\"noopener noreferrer\">Reglament de r\u00e8gim intern de la Comissi\u00f3 Acad\u00e8mica del M\u00e0ster<\/a><\/p>\n<p><a href=\"http:\/\/artes-visuales.org\/wp-content\/uploads\/2015\/09\/2015-16_ACTA-constitucion-CSGIC.pdf\" target=\"_blank\" rel=\"noopener noreferrer\">ACTA de la reuni\u00f3 de constituci\u00f3 de la Comissi\u00f3 del Sistema de Garantia Interna de la Qualitat del M\u00e0ster (CSGIC)<\/a><\/p>\n<p><a href=\"http:\/\/artes-visuales.org\/wp-content\/uploads\/2015\/09\/2015-16_ACTA-constitucion-CAM_UGR.pdf\" target=\"_blank\" rel=\"noopener noreferrer\">ACTA de constituci\u00f3 de la Comissi\u00f3 Acad\u00e8mica del M\u00e0ster UGR<\/a><\/p>\n<p><a href=\"http:\/\/artes-visuales.org\/wp-content\/uploads\/2015\/09\/2015-16_ACTA-constitucion-CAM-3-universidades.pdf\" target=\"_blank\" rel=\"noopener noreferrer\">ACTA de la reuni\u00f3 de constituci\u00f3 de la Comissi\u00f3 Acad\u00e8mica del M\u00e0ster (CAM) curs 2015-2016<\/a><\/p>\n<p><a href=\"http:\/\/artes-visuales.org\/wp-content\/uploads\/2020\/05\/indicadores_2016-2020.zip\" target=\"_blank\" rel=\"noopener noreferrer\">Indicadors de rendiment acad\u00e8mic 2016\/20<\/a><\/p>\n<p><a href=\"https:\/\/escuelaposgrado.ugr.es\/pages\/masteres_oficiales\/tramites_admin_alumnos_master\/reconocimiento\" target=\"_blank\" rel=\"noopener noreferrer\">Normativa de reconeixement de t\u00edtols<\/a><\/p>\n\t\t<\/div>\n\t\t\t\t\t<\/div>\n\n\t\n\n\t<div id=\"col-600637251\" class=\"col medium-1\/1 large-12\"  >\n\t\t\t\t<div class=\"col-inner\"  >\n\t\t\t\n\t\t\t\n<h3>Oferta de places a la UGR: 30<\/h3>\n<p>Sol\u00b7licituds rebudes en el curs 2025-26: 342<\/p>\n<p>Alumnat matriculat: 30<\/p>\n<h3>Oferta de places a la UB: 30<\/h3>\n<p>Sol\u00b7licituds rebudes en el curs 2025-26: 44<\/p>\n<p>Alumnat matriculat: 23<\/p>\n<h3>Oferta de places a la UdG: 30<\/h3>\n<p>Sol\u00b7licituds rebudes en el curs 2025-26: 0<\/p>\n<p>Alumnat matriculat: 0<\/p>\n<p>(En aquest curs 2025-26, per no haver-se rebut suficients sol\u00b7licituds a la Universitat de Girona, el m\u00e0ster no s\u2019imparteix en aquesta Universitat.)<\/p>\n\t\t<\/div>\n\t\t\t\t\t<\/div>\n\n\t\n<\/div>\n[\/vc_column_text][\/vc_column][\/vc_row]\n<\/div>","protected":false},"excerpt":{"rendered":"[vc_row][vc_column][vc_column_text] [\/vc_column_text][\/vc_column][\/vc_row]\n","protected":false},"author":2,"featured_media":0,"parent":0,"menu_order":0,"comment_status":"closed","ping_status":"closed","template":"page-blank-title-center.php","meta":{"footnotes":""},"class_list":["post-5766","page","type-page","status-publish","hentry"],"yoast_head":"<!-- This site is optimized with the Yoast SEO plugin v20.5 - https:\/\/yoast.com\/wordpress\/plugins\/seo\/ -->\n<title>DADES GENERALS - Artes Visuales y Educaci\u00f3n<\/title>\n<meta name=\"description\" content=\"Informaci\u00f3 General: M\u00e0ster en Arts Visuals i Educaci\u00f3. Un t\u00edtol interuniversitari de la UGR, UB i UdG. Explora la nostra missi\u00f3 acad\u00e8mica!\" \/>\n<meta name=\"robots\" content=\"index, follow, max-snippet:-1, max-image-preview:large, max-video-preview:-1\" \/>\n<link rel=\"canonical\" href=\"https:\/\/artes-visuales.org\/ca\/dades-generals\/\" \/>\n<meta property=\"og:locale\" content=\"ca_ES\" \/>\n<meta property=\"og:type\" content=\"article\" \/>\n<meta property=\"og:title\" content=\"DADES GENERALS - Artes Visuales y Educaci\u00f3n\" \/>\n<meta property=\"og:description\" content=\"Informaci\u00f3 General: M\u00e0ster en Arts Visuals i Educaci\u00f3. Un t\u00edtol interuniversitari de la UGR, UB i UdG. Explora la nostra missi\u00f3 acad\u00e8mica!\" \/>\n<meta property=\"og:url\" content=\"https:\/\/artes-visuales.org\/ca\/dades-generals\/\" \/>\n<meta property=\"og:site_name\" content=\"Artes Visuales y Educaci\u00f3n\" \/>\n<meta property=\"article:modified_time\" content=\"2026-01-08T10:06:41+00:00\" \/>\n<meta name=\"twitter:card\" content=\"summary_large_image\" \/>\n<meta name=\"twitter:label1\" content=\"Temps estimat de lectura\" \/>\n\t<meta name=\"twitter:data1\" content=\"2 minuts\" \/>\n<script type=\"application\/ld+json\" class=\"yoast-schema-graph\">{\"@context\":\"https:\/\/schema.org\",\"@graph\":[{\"@type\":\"WebPage\",\"@id\":\"https:\/\/artes-visuales.org\/ca\/dades-generals\/\",\"url\":\"https:\/\/artes-visuales.org\/ca\/dades-generals\/\",\"name\":\"DADES GENERALS - Artes Visuales y Educaci\u00f3n\",\"isPartOf\":{\"@id\":\"https:\/\/artes-visuales.org\/#website\"},\"datePublished\":\"2015-09-10T18:18:42+00:00\",\"dateModified\":\"2026-01-08T10:06:41+00:00\",\"description\":\"Informaci\u00f3 General: M\u00e0ster en Arts Visuals i Educaci\u00f3. Un t\u00edtol interuniversitari de la UGR, UB i UdG. Explora la nostra missi\u00f3 acad\u00e8mica!\",\"breadcrumb\":{\"@id\":\"https:\/\/artes-visuales.org\/ca\/dades-generals\/#breadcrumb\"},\"inLanguage\":\"ca\",\"potentialAction\":[{\"@type\":\"ReadAction\",\"target\":[\"https:\/\/artes-visuales.org\/ca\/dades-generals\/\"]}]},{\"@type\":\"BreadcrumbList\",\"@id\":\"https:\/\/artes-visuales.org\/ca\/dades-generals\/#breadcrumb\",\"itemListElement\":[{\"@type\":\"ListItem\",\"position\":1,\"name\":\"Portada\",\"item\":\"https:\/\/artes-visuales.org\/ca\/\"},{\"@type\":\"ListItem\",\"position\":2,\"name\":\"DADES GENERALS\"}]},{\"@type\":\"WebSite\",\"@id\":\"https:\/\/artes-visuales.org\/#website\",\"url\":\"https:\/\/artes-visuales.org\/\",\"name\":\"Artes Visuales y Educaci\u00f3n\",\"description\":\"M\u00e1ster UGR\",\"potentialAction\":[{\"@type\":\"SearchAction\",\"target\":{\"@type\":\"EntryPoint\",\"urlTemplate\":\"https:\/\/artes-visuales.org\/?s={search_term_string}\"},\"query-input\":\"required name=search_term_string\"}],\"inLanguage\":\"ca\"}]}<\/script>\n<!-- \/ Yoast SEO plugin. -->","yoast_head_json":{"title":"DADES GENERALS - Artes Visuales y Educaci\u00f3n","description":"Informaci\u00f3 General: M\u00e0ster en Arts Visuals i Educaci\u00f3. Un t\u00edtol interuniversitari de la UGR, UB i UdG. Explora la nostra missi\u00f3 acad\u00e8mica!","robots":{"index":"index","follow":"follow","max-snippet":"max-snippet:-1","max-image-preview":"max-image-preview:large","max-video-preview":"max-video-preview:-1"},"canonical":"https:\/\/artes-visuales.org\/ca\/dades-generals\/","og_locale":"ca_ES","og_type":"article","og_title":"DADES GENERALS - Artes Visuales y Educaci\u00f3n","og_description":"Informaci\u00f3 General: M\u00e0ster en Arts Visuals i Educaci\u00f3. Un t\u00edtol interuniversitari de la UGR, UB i UdG. Explora la nostra missi\u00f3 acad\u00e8mica!","og_url":"https:\/\/artes-visuales.org\/ca\/dades-generals\/","og_site_name":"Artes Visuales y Educaci\u00f3n","article_modified_time":"2026-01-08T10:06:41+00:00","twitter_card":"summary_large_image","twitter_misc":{"Temps estimat de lectura":"2 minuts"},"schema":{"@context":"https:\/\/schema.org","@graph":[{"@type":"WebPage","@id":"https:\/\/artes-visuales.org\/ca\/dades-generals\/","url":"https:\/\/artes-visuales.org\/ca\/dades-generals\/","name":"DADES GENERALS - Artes Visuales y Educaci\u00f3n","isPartOf":{"@id":"https:\/\/artes-visuales.org\/#website"},"datePublished":"2015-09-10T18:18:42+00:00","dateModified":"2026-01-08T10:06:41+00:00","description":"Informaci\u00f3 General: M\u00e0ster en Arts Visuals i Educaci\u00f3. Un t\u00edtol interuniversitari de la UGR, UB i UdG. Explora la nostra missi\u00f3 acad\u00e8mica!","breadcrumb":{"@id":"https:\/\/artes-visuales.org\/ca\/dades-generals\/#breadcrumb"},"inLanguage":"ca","potentialAction":[{"@type":"ReadAction","target":["https:\/\/artes-visuales.org\/ca\/dades-generals\/"]}]},{"@type":"BreadcrumbList","@id":"https:\/\/artes-visuales.org\/ca\/dades-generals\/#breadcrumb","itemListElement":[{"@type":"ListItem","position":1,"name":"Portada","item":"https:\/\/artes-visuales.org\/ca\/"},{"@type":"ListItem","position":2,"name":"DADES GENERALS"}]},{"@type":"WebSite","@id":"https:\/\/artes-visuales.org\/#website","url":"https:\/\/artes-visuales.org\/","name":"Artes Visuales y Educaci\u00f3n","description":"M\u00e1ster UGR","potentialAction":[{"@type":"SearchAction","target":{"@type":"EntryPoint","urlTemplate":"https:\/\/artes-visuales.org\/?s={search_term_string}"},"query-input":"required name=search_term_string"}],"inLanguage":"ca"}]}},"_links":{"self":[{"href":"https:\/\/artes-visuales.org\/ca\/wp-json\/wp\/v2\/pages\/5766","targetHints":{"allow":["GET"]}}],"collection":[{"href":"https:\/\/artes-visuales.org\/ca\/wp-json\/wp\/v2\/pages"}],"about":[{"href":"https:\/\/artes-visuales.org\/ca\/wp-json\/wp\/v2\/types\/page"}],"author":[{"embeddable":true,"href":"https:\/\/artes-visuales.org\/ca\/wp-json\/wp\/v2\/users\/2"}],"replies":[{"embeddable":true,"href":"https:\/\/artes-visuales.org\/ca\/wp-json\/wp\/v2\/comments?post=5766"}],"version-history":[{"count":6,"href":"https:\/\/artes-visuales.org\/ca\/wp-json\/wp\/v2\/pages\/5766\/revisions"}],"predecessor-version":[{"id":6244,"href":"https:\/\/artes-visuales.org\/ca\/wp-json\/wp\/v2\/pages\/5766\/revisions\/6244"}],"wp:attachment":[{"href":"https:\/\/artes-visuales.org\/ca\/wp-json\/wp\/v2\/media?parent=5766"}],"curies":[{"name":"wp","href":"https:\/\/api.w.org\/{rel}","templated":true}]}}