{"id":5763,"date":"2015-09-11T10:42:41","date_gmt":"2015-09-11T10:42:41","guid":{"rendered":"https:\/\/artes-visuales.org\/justificacion-del-programa\/"},"modified":"2026-01-08T10:03:25","modified_gmt":"2026-01-08T10:03:25","slug":"justificacio-del-programa","status":"publish","type":"page","link":"https:\/\/artes-visuales.org\/ca\/justificacio-del-programa\/","title":{"rendered":"JUSTIFICACI\u00d3 DEL PROGRAMA"},"content":{"rendered":"<div class=\"row\"  id=\"row-756512755\">\n\n\t<div id=\"col-1436659889\" class=\"col medium-1\/1 large-12\"  >\n\t\t\t\t<div class=\"col-inner\"  >\n\t\t\t\n\t\t\t\n<h3><span class=\"epigrafes\">RELLEV\u00c0NCIA EN L\u2019ENTORN SOCIAL I PRODUCTIU DE LA R+D+I DINS DEL SECTOR CIENT\u00cdFIC O PROFESSIONAL DEL PROGRAMA<\/span><\/h3>\n<p style=\"text-align: justify;\" align=\"justify\"><span class=\"cuerpo\"><br \/>\nEn diferents informes internacionals relacionats amb la recerca en Educaci\u00f3 i Arts Visuals (The Arts &amp; Humanities Research Board -Regne Unit-, The European League of Institutes of the Arts (ELIA), The Arts in Education, New Opportunities for Research (2004), Art Based Teaching and Learning (Rooney, 2004) i The Wow Factor. Global Research Compendium on the Impact of the Arts in Education (Bradford, 2006), es constata un increment notable d\u2019institucions p\u00fabliques i privades que sostenen la import\u00e0ncia de la investigaci\u00f3 associada a l\u2019educaci\u00f3 en les arts visuals, especialment en la seva relaci\u00f3 amb la creativitat, en la mesura que contribueix a la qualitat de l\u2019educaci\u00f3, el desenvolupament econ\u00f2mic, la millora de les condicions socials i la conviv\u00e8ncia cultural. En aquest sentit, l\u2019abril de 2004 el govern brit\u00e0nic va establir com a tema prioritari per a l\u2019educaci\u00f3 i per a la innovaci\u00f3 el foment de la creativitat. El fonament d\u2019aquesta decisi\u00f3 fou que la ind\u00fastria relacionada amb la creativitat constitueix la segona font d\u2019ingressos del pa\u00eds. En la mateixa direcci\u00f3, el llibre de Richard Florida, *L\u2019ascens de la classe creativa*, posa de manifest que les \u00e0rees de major prosperitat als Estats Units s\u00f3n aquelles on es concentra una major quantitat de creatius. Finalment, l\u2019informe recent realitzat pel Ministeri de Cultura espanyol (2005) tamb\u00e9 manifesta la import\u00e0ncia de la \u201cind\u00fastria de la creativitat\u201d en la contribuci\u00f3 al PIB nacional.<br \/>\n<\/span><\/p>\n<p style=\"text-align: justify;\">Aquests antecedents situen la rellev\u00e0ncia en l\u2019entorn social i productiu d\u2019aquest programa de postgrau, en la mesura que, si b\u00e9 tradicionalment es considera l\u2019Educaci\u00f3 de les Arts Visuals vinculada al coneixement i a la pr\u00e0ctica art\u00edstica, en l\u2019actualitat constitueix un dels camps de recerca que no nom\u00e9s s\u2019associa amb el desenvolupament de la creativitat i la millora de l\u2019educaci\u00f3, sin\u00f3 tamb\u00e9 amb la construcci\u00f3 d\u2019una societat m\u00e9s inclusiva. A m\u00e9s, tenen repercussi\u00f3 els seus coneixements i resultats de recerca per a la ind\u00fastria audiovisual, la gesti\u00f3 cultural i el desenvolupament comunitari.<\/p>\n<p style=\"text-align: justify;\">En aquest marc, els estudis i investigacions relacionats amb l\u2019Educaci\u00f3 de les Arts Visuals es configuren com un camp interdisciplinari, que es nodreix dels Estudis Postestructuralistes, Feministes, Culturals, Performatius i de Cultura Visual (entre d\u2019altres), i en el qual s\u2019exploren, des de la recerca, q\u00fcestions emergents relacionades amb la identitat, la difer\u00e8ncia i l\u2019equitat, posant especial \u00e8mfasi en la relaci\u00f3 entre els subjectes i els discursos visuals. Aquestes investigacions se situen tant en institucions educatives com en museus, centres culturals, experi\u00e8ncies comunit\u00e0ries o Internet.<br \/>\nEl present programa de postgrau tracta de respondre a aquests reptes, essent un dels pocs d\u2019aquestes caracter\u00edstiques que s\u2019ofereix a Europa i a l\u2019Am\u00e8rica Llatina. Aix\u00f2 fa que bona part dels nostres estudiants procedeixin de pa\u00efsos llatinoamericans i que, quan tornen als seus llocs d\u2019origen, s\u2019integrin, amb reconeixement de la seva formaci\u00f3, en universitats o empreses com a docents i\/o investigadors.<\/p>\n<p style=\"text-align: justify;\">En resum, els aspectes que justifiquen la rellev\u00e0ncia acad\u00e8mica, social i productiva d\u2019aquest programa de postgrau s\u00f3n els seg\u00fcents:<\/p>\n<p class=\"cuerpo\" style=\"text-align: justify;\" align=\"justify\">1. La import\u00e0ncia de la recerca entorn a l\u2019ensenyament i l\u2019aprenentatge de les Arts Visuals, en particular la vinculada a una perspectiva construccionista, per la seva contribuci\u00f3 no nom\u00e9s a la millora de l\u2019educaci\u00f3, sin\u00f3 tamb\u00e9 a la comprensi\u00f3 que ofereix sobre la construcci\u00f3 de processos identitaris i de subjectivitzaci\u00f3 en les societats contempor\u00e0nies.<\/p>\n<p style=\"text-align: justify;\">2. L\u2019emerg\u00e8ncia d\u2019un camp d\u2019estudis i recerca en relaci\u00f3 amb l\u2019Educaci\u00f3 de les Arts Visuals i la Cultura Visual, amb aplicacions en contextos institucionals i comunitaris, \u00fatil per abordar noves problem\u00e0tiques socials.<\/p>\n<p style=\"text-align: justify;\">3. L\u2019auge de demanda social de professionals relacionats amb la innovaci\u00f3\/creativitat i l\u2019educaci\u00f3 en les arts visuals i la cultura visual en contextos institucionals i comunitaris.<\/p>\n<p style=\"text-align: justify;\">4. La garantia que ofereix una relaci\u00f3 continuada de les universitats participants en el consorci durant deu anys en la consecuci\u00f3 dels objectius proposats.<\/p>\n<p style=\"text-align: justify;\">5. L\u2019inter\u00e8s d\u2019altres universitats espanyoles i europees per participar en el programa de postgrau, la qual cosa pot constituir una garantia de reconeixement nacional i internacional.<\/p>\n<p style=\"text-align: justify;\">6. L\u2019atractiu que exerceix el programa en estudiants de diferents camps disciplinaris i proced\u00e8ncies internacionals, pel seu car\u00e0cter innovador i pioner.<\/p>\n<p style=\"text-align: justify;\">7. El reconeixement internacional que t\u00e9 tant el programa de doctorat interuniversitari de refer\u00e8ncia com el seu professorat.<\/p>\n<p style=\"text-align: justify;\">\t\t<\/div>\n\t\t\t\t\t<\/div>\n\n\t\n<p style=\"text-align: justify;\"><\/div>\n","protected":false},"excerpt":{"rendered":"RELLEV\u00c0NCIA EN L\u2019ENTORN SOCIAL I PRODUCTIU DE LA R+D+I DINS DEL SECTOR CIENT\u00cdFIC O PROFESSIONAL DEL PROGRAMA En diferents informes internacionals relacionats amb la recerca en Educaci\u00f3 i Arts Visuals (The Arts &amp; Humanities Research Board -Regne Unit-, The European League of Institutes of the Arts (ELIA), The Arts in Education, New Opportunities for Research [...]","protected":false},"author":2,"featured_media":0,"parent":0,"menu_order":0,"comment_status":"closed","ping_status":"closed","template":"page-blank-title-center.php","meta":{"footnotes":""},"class_list":["post-5763","page","type-page","status-publish","hentry"],"yoast_head":"<!-- This site is optimized with the Yoast SEO plugin v20.5 - https:\/\/yoast.com\/wordpress\/plugins\/seo\/ -->\n<title>JUSTIFICACI\u00d3 DEL PROGRAMA - Artes Visuales y Educaci\u00f3n<\/title>\n<meta name=\"description\" content=\"Justificaci\u00f3: La import\u00e0ncia de les arts visuals i l&#039;educaci\u00f3 en la cultura actual. Recerca, teoria i pr\u00e0ctica. Descobreix el nostre lideratge.\" \/>\n<meta name=\"robots\" content=\"index, follow, max-snippet:-1, max-image-preview:large, max-video-preview:-1\" \/>\n<link rel=\"canonical\" href=\"https:\/\/artes-visuales.org\/ca\/justificacio-del-programa\/\" \/>\n<meta property=\"og:locale\" content=\"ca_ES\" \/>\n<meta property=\"og:type\" content=\"article\" \/>\n<meta property=\"og:title\" content=\"JUSTIFICACI\u00d3 DEL PROGRAMA - Artes Visuales y Educaci\u00f3n\" \/>\n<meta property=\"og:description\" content=\"Justificaci\u00f3: La import\u00e0ncia de les arts visuals i l&#039;educaci\u00f3 en la cultura actual. Recerca, teoria i pr\u00e0ctica. Descobreix el nostre lideratge.\" \/>\n<meta property=\"og:url\" content=\"https:\/\/artes-visuales.org\/ca\/justificacio-del-programa\/\" \/>\n<meta property=\"og:site_name\" content=\"Artes Visuales y Educaci\u00f3n\" \/>\n<meta property=\"article:modified_time\" content=\"2026-01-08T10:03:25+00:00\" \/>\n<meta name=\"twitter:card\" content=\"summary_large_image\" \/>\n<meta name=\"twitter:label1\" content=\"Temps estimat de lectura\" \/>\n\t<meta name=\"twitter:data1\" content=\"4 minuts\" \/>\n<script type=\"application\/ld+json\" class=\"yoast-schema-graph\">{\"@context\":\"https:\/\/schema.org\",\"@graph\":[{\"@type\":\"WebPage\",\"@id\":\"https:\/\/artes-visuales.org\/ca\/justificacio-del-programa\/\",\"url\":\"https:\/\/artes-visuales.org\/ca\/justificacio-del-programa\/\",\"name\":\"JUSTIFICACI\u00d3 DEL PROGRAMA - Artes Visuales y Educaci\u00f3n\",\"isPartOf\":{\"@id\":\"https:\/\/artes-visuales.org\/#website\"},\"datePublished\":\"2015-09-11T10:42:41+00:00\",\"dateModified\":\"2026-01-08T10:03:25+00:00\",\"description\":\"Justificaci\u00f3: La import\u00e0ncia de les arts visuals i l'educaci\u00f3 en la cultura actual. Recerca, teoria i pr\u00e0ctica. Descobreix el nostre lideratge.\",\"breadcrumb\":{\"@id\":\"https:\/\/artes-visuales.org\/ca\/justificacio-del-programa\/#breadcrumb\"},\"inLanguage\":\"ca\",\"potentialAction\":[{\"@type\":\"ReadAction\",\"target\":[\"https:\/\/artes-visuales.org\/ca\/justificacio-del-programa\/\"]}]},{\"@type\":\"BreadcrumbList\",\"@id\":\"https:\/\/artes-visuales.org\/ca\/justificacio-del-programa\/#breadcrumb\",\"itemListElement\":[{\"@type\":\"ListItem\",\"position\":1,\"name\":\"Portada\",\"item\":\"https:\/\/artes-visuales.org\/ca\/\"},{\"@type\":\"ListItem\",\"position\":2,\"name\":\"JUSTIFICACI\u00d3 DEL PROGRAMA\"}]},{\"@type\":\"WebSite\",\"@id\":\"https:\/\/artes-visuales.org\/#website\",\"url\":\"https:\/\/artes-visuales.org\/\",\"name\":\"Artes Visuales y Educaci\u00f3n\",\"description\":\"M\u00e1ster UGR\",\"potentialAction\":[{\"@type\":\"SearchAction\",\"target\":{\"@type\":\"EntryPoint\",\"urlTemplate\":\"https:\/\/artes-visuales.org\/?s={search_term_string}\"},\"query-input\":\"required name=search_term_string\"}],\"inLanguage\":\"ca\"}]}<\/script>\n<!-- \/ Yoast SEO plugin. -->","yoast_head_json":{"title":"JUSTIFICACI\u00d3 DEL PROGRAMA - Artes Visuales y Educaci\u00f3n","description":"Justificaci\u00f3: La import\u00e0ncia de les arts visuals i l'educaci\u00f3 en la cultura actual. Recerca, teoria i pr\u00e0ctica. Descobreix el nostre lideratge.","robots":{"index":"index","follow":"follow","max-snippet":"max-snippet:-1","max-image-preview":"max-image-preview:large","max-video-preview":"max-video-preview:-1"},"canonical":"https:\/\/artes-visuales.org\/ca\/justificacio-del-programa\/","og_locale":"ca_ES","og_type":"article","og_title":"JUSTIFICACI\u00d3 DEL PROGRAMA - Artes Visuales y Educaci\u00f3n","og_description":"Justificaci\u00f3: La import\u00e0ncia de les arts visuals i l'educaci\u00f3 en la cultura actual. Recerca, teoria i pr\u00e0ctica. Descobreix el nostre lideratge.","og_url":"https:\/\/artes-visuales.org\/ca\/justificacio-del-programa\/","og_site_name":"Artes Visuales y Educaci\u00f3n","article_modified_time":"2026-01-08T10:03:25+00:00","twitter_card":"summary_large_image","twitter_misc":{"Temps estimat de lectura":"4 minuts"},"schema":{"@context":"https:\/\/schema.org","@graph":[{"@type":"WebPage","@id":"https:\/\/artes-visuales.org\/ca\/justificacio-del-programa\/","url":"https:\/\/artes-visuales.org\/ca\/justificacio-del-programa\/","name":"JUSTIFICACI\u00d3 DEL PROGRAMA - Artes Visuales y Educaci\u00f3n","isPartOf":{"@id":"https:\/\/artes-visuales.org\/#website"},"datePublished":"2015-09-11T10:42:41+00:00","dateModified":"2026-01-08T10:03:25+00:00","description":"Justificaci\u00f3: La import\u00e0ncia de les arts visuals i l'educaci\u00f3 en la cultura actual. Recerca, teoria i pr\u00e0ctica. Descobreix el nostre lideratge.","breadcrumb":{"@id":"https:\/\/artes-visuales.org\/ca\/justificacio-del-programa\/#breadcrumb"},"inLanguage":"ca","potentialAction":[{"@type":"ReadAction","target":["https:\/\/artes-visuales.org\/ca\/justificacio-del-programa\/"]}]},{"@type":"BreadcrumbList","@id":"https:\/\/artes-visuales.org\/ca\/justificacio-del-programa\/#breadcrumb","itemListElement":[{"@type":"ListItem","position":1,"name":"Portada","item":"https:\/\/artes-visuales.org\/ca\/"},{"@type":"ListItem","position":2,"name":"JUSTIFICACI\u00d3 DEL PROGRAMA"}]},{"@type":"WebSite","@id":"https:\/\/artes-visuales.org\/#website","url":"https:\/\/artes-visuales.org\/","name":"Artes Visuales y Educaci\u00f3n","description":"M\u00e1ster UGR","potentialAction":[{"@type":"SearchAction","target":{"@type":"EntryPoint","urlTemplate":"https:\/\/artes-visuales.org\/?s={search_term_string}"},"query-input":"required name=search_term_string"}],"inLanguage":"ca"}]}},"_links":{"self":[{"href":"https:\/\/artes-visuales.org\/ca\/wp-json\/wp\/v2\/pages\/5763","targetHints":{"allow":["GET"]}}],"collection":[{"href":"https:\/\/artes-visuales.org\/ca\/wp-json\/wp\/v2\/pages"}],"about":[{"href":"https:\/\/artes-visuales.org\/ca\/wp-json\/wp\/v2\/types\/page"}],"author":[{"embeddable":true,"href":"https:\/\/artes-visuales.org\/ca\/wp-json\/wp\/v2\/users\/2"}],"replies":[{"embeddable":true,"href":"https:\/\/artes-visuales.org\/ca\/wp-json\/wp\/v2\/comments?post=5763"}],"version-history":[{"count":3,"href":"https:\/\/artes-visuales.org\/ca\/wp-json\/wp\/v2\/pages\/5763\/revisions"}],"predecessor-version":[{"id":6242,"href":"https:\/\/artes-visuales.org\/ca\/wp-json\/wp\/v2\/pages\/5763\/revisions\/6242"}],"wp:attachment":[{"href":"https:\/\/artes-visuales.org\/ca\/wp-json\/wp\/v2\/media?parent=5763"}],"curies":[{"name":"wp","href":"https:\/\/api.w.org\/{rel}","templated":true}]}}