{"id":5759,"date":"2015-09-10T08:37:55","date_gmt":"2015-09-10T08:37:55","guid":{"rendered":"https:\/\/artes-visuales.org\/datos-identificativos-del-programa\/"},"modified":"2026-01-08T10:04:33","modified_gmt":"2026-01-08T10:04:33","slug":"dades-identificatives-del-titol","status":"publish","type":"page","link":"https:\/\/artes-visuales.org\/ca\/dades-identificatives-del-titol\/","title":{"rendered":"DADES IDENTIFICATIVES DEL T\u00cdTOL"},"content":{"rendered":"<div class=\"wpb-content-wrapper\">[vc_row][vc_column][vc_column_text]<span class=\"cuerpo02\"><strong>Denominaci\u00f3:<\/strong><\/span> Arts i Educaci\u00f3 (programa interuniversitari amb menci\u00f3 de qualitat MCD2006-00074).<\/p>\n<p><span class=\"cuerpo02\"><strong>Data de publicaci\u00f3 del t\u00edtol al BOE:<\/strong><\/span> 8 de mar\u00e7 de 2012<\/p>\n<p><strong>Cursos acad\u00e8mics d\u2019implantaci\u00f3 del t\u00edtol:<\/strong> 2008-2009<\/p>\n<p><strong><span class=\"cuerpo02\">Universitats participants:<\/span><\/strong> Barcelona, Granada i Girona.<\/p>\n<p><strong><span class=\"cuerpo02\">\u00c0mbits d\u2019estudi:<\/span><\/strong> Humanitats, Ci\u00e8ncies Socials, Educaci\u00f3 i Arquitectura.<\/p>\n<p><strong><span class=\"cuerpo02\">Nombre m\u00e0xim d\u2019estudiants:<\/span><\/strong> 30 per universitat<\/p>\n<p><strong>Tipus d\u2019ensenyament:<\/strong> Presencial.<\/p>\n<p><strong>Lleng\u00fces utilitzades en la impartici\u00f3 del t\u00edtol:<\/strong> UGR (Espanyol i Angl\u00e8s), UB i UdG (Espanyol, Angl\u00e8s i Catal\u00e0)<\/p>\n<p><strong><a href=\"http:\/\/artes-visuales.org\/wp-content\/uploads\/2015\/09\/Convenio_Master_Interuniversitario.pdf\" target=\"_blank\" rel=\"noopener\">Conveni Interuniversitari<\/a><\/strong><\/p>\n<p><strong>M\u00e0ster Oficial Interuniversitari:<\/strong> Arts Visuals i Educaci\u00f3: un enfocament construccionista (60 ECTS)<\/p>\n<p><span class=\"cuerpo02\"><strong>Web del programa: <\/strong><\/span><a href=\"http:\/\/artes-visuales.org\/\">http:\/\/artes-visuales.org<\/a><\/p>\n<p>&nbsp;<\/p>\n<p><!-- INICI TABS --><br \/>\n\n\t\t<div class=\"tabbed-content\">\n\t\t\t\n\t\t\t<ul class=\"nav nav-normal nav-uppercase nav-size-normal nav-left\" role=\"tablist\"><li id=\"tab-universitat-de-granada\" class=\"tab active has-icon\" role=\"presentation\"><a href=\"#tab_universitat-de-granada\" role=\"tab\" aria-selected=\"true\" aria-controls=\"tab_universitat-de-granada\"><span>Universitat de Granada<\/span><\/a><\/li>\n<li id=\"tab-universitat-de-barcelona\" class=\"tab has-icon\" role=\"presentation\"><a href=\"#tab_universitat-de-barcelona\" tabindex=\"-1\" role=\"tab\" aria-selected=\"false\" aria-controls=\"tab_universitat-de-barcelona\"><span>Universitat de Barcelona<\/span><\/a><\/li>\n<li id=\"tab-universitat-de-girona\" class=\"tab has-icon\" role=\"presentation\"><a href=\"#tab_universitat-de-girona\" tabindex=\"-1\" role=\"tab\" aria-selected=\"false\" aria-controls=\"tab_universitat-de-girona\"><span>Universitat de Girona<\/span><\/a><\/li><\/ul><div class=\"tab-panels\"><div id=\"tab_universitat-de-granada\" class=\"panel active entry-content\" role=\"tabpanel\" aria-labelledby=\"tab-universitat-de-granada\">\n<p><strong>Coordinador general:<\/strong><\/p>\n<p>Joaqu\u00edn Rold\u00e1n Ram\u00edrez<\/p>\n<p><strong>Coordinador de la seu de Granada:<\/strong><\/p>\n<p>Ricardo Mar\u00edn Viadel<\/p>\n<p><strong>Departaments:<\/strong><\/p>\n<p>Did\u00e0ctica de l\u2019Expressi\u00f3 Musical, Pl\u00e0stica i Corporal de la Universitat de Granada<\/p>\n<p><strong>Centres:<\/strong><\/p>\n<p>Facultat de Belles Arts i Ci\u00e8ncies de l\u2019Educaci\u00f3 de Granada<\/p>\n<p><strong>Contacte:<\/strong><\/p>\n<p>Joaqu\u00edn Rold\u00e1n | <a href=\"mailto:joaquinroldan@ugr.es\">joaquinroldan@ugr.es<\/a><\/p>\n<p>Ricardo Mar\u00edn Viadel | <a href=\"mailto:ricardom@ugr.es\">ricardom@ugr.es<\/a><\/p>\n<p>Tel. +34958246259<\/p>\n<p>Fax. +34958246259<\/p>\n<\/div>\n<div id=\"tab_universitat-de-barcelona\" class=\"panel entry-content\" role=\"tabpanel\" aria-labelledby=\"tab-universitat-de-barcelona\">\n<p><strong>Coordinador general:<\/strong><\/p>\n<p>Aurelio Castro Varela<\/p>\n<p><strong>Departaments:<\/strong><\/p>\n<p>Arts Visuals i Disseny<\/p>\n<p><strong>Centres:<\/strong><\/p>\n<p>Facultat de Belles Arts de la Universitat de Barcelona<\/p>\n<p><strong>Contacte:<\/strong><\/p>\n<p><a href=\"mailto:master.artsedu@ub.edu\">master.artsedu@ub.edu<\/a><\/p>\n<p>Tel. +34934034092<\/p>\n<p>Fax. +34934021782<\/p>\n<\/div>\n<div id=\"tab_universitat-de-girona\" class=\"panel entry-content\" role=\"tabpanel\" aria-labelledby=\"tab-universitat-de-girona\">\n<p><strong>Coordinador:<\/strong><\/p>\n<p>Joan Vall\u00e9s Villanueva<\/p>\n<p><strong>Departament:<\/strong><\/p>\n<p>Did\u00e0ctiques Espec\u00edfiques de la Universitat de Girona<\/p>\n<p><strong>Centres:<\/strong><\/p>\n<p>Facultat d\u2019Educaci\u00f3 i Psicologia de Girona<\/p>\n<p><strong>Contacte:<\/strong><\/p>\n<p><a href=\"mailto:joan.valles@udg.edu\">joan.valles@udg.edu<\/a><\/p>\n<p>Tel. +34972418332<\/p>\n<\/div><\/div><\/div>\n<!-- FI TABS --><\/p>\n<p><span class=\"cuerpo02\"><strong>Per\u00edode d\u2019investigaci\u00f3:<\/strong><\/span><br \/>\nEl programa t\u00e9 com a objectiu fonamental la formaci\u00f3 avan\u00e7ada en investigaci\u00f3 de car\u00e0cter construccionista en els camps relacionats amb les Arts i l\u2019Educaci\u00f3. At\u00e8s que el programa es fonamenta en l\u00ednies d\u2019investigaci\u00f3 vinculades a grups consolidats i projectes vigents, els objectius secundaris del programa deriven dels objectius d\u2019aquests grups i projectes. Aix\u00ed, les l\u00ednies d\u2019investigaci\u00f3 del programa inclouen els seg\u00fcents objectius espec\u00edfics.<\/p>\n<p><strong>Educaci\u00f3 de les arts i la cultura visual<\/strong><br \/>\nDesenvolupar projectes d\u2019investigaci\u00f3 en diversos entorns educatius al voltant de problem\u00e0tiques relacionades amb les experi\u00e8ncies de subjectivitat mediades per representacions visuals i les diferents mirades i interpretacions vinculades a les arts i la cultura visual.<\/p>\n<p><strong>Pedagogies culturals en patrimoni, museus i espais expositius<\/strong><br \/>\nDesenvolupar projectes d\u2019investigaci\u00f3 sobre les cultures de les institucions i les pr\u00e0ctiques discursives derivades de les seves pedagogies culturals.<\/p>\n<p><strong>Art, intervenci\u00f3 educativa i transformaci\u00f3 social<\/strong><br \/>\nDesenvolupar investigacions en entorns educatius sobre les relacions entre les propostes plantejades i els seus efectes emancipadors.<\/p>\n<p><strong>Metodologies art\u00edstiques de recerca: Investigaci\u00f3 educativa basada en les arts<\/strong><br \/>\nDesenvolupar projectes que utilitzin estrat\u00e8gies de documentaci\u00f3 i interpretaci\u00f3 vinculades a les arts i que explorin el coneixement derivat de les narratives visuals.<\/p>\n<p><strong>Educaci\u00f3 comparada: enfocaments multiculturals, ecol\u00f2gics i inclusius<\/strong><br \/>\nDesenvolupar projectes que vinculin propostes d\u2019educaci\u00f3 art\u00edstica amb problem\u00e0tiques multiculturals, ecol\u00f2giques i d\u2019inclusi\u00f3. Col\u00b7laborar amb professionals de l\u2019educaci\u00f3 i aportar elements d\u2019intervenci\u00f3 basats en l\u2019observaci\u00f3.<\/p>\n<p><strong>Pol\u00edtiques culturals i educatives basades en la interpretaci\u00f3 del patrimoni, museus i centres art\u00edstics<\/strong><br \/>\nCrear projectes i transferir coneixement a escala local i internacional. Col\u00b7laborar amb institucions culturals i amb grups afins, tant de la universitat com internacionals (CECA-ICOM, Forum UNESCO, ICOMOS).<\/p>\n<p>Els estudiants han de presentar i defensar el seu projecte de tesi davant d\u2019una comissi\u00f3 espec\u00edfica durant els primers sis mesos al programa.<\/p>\n<p><strong>Titulacions d\u2019acc\u00e9s:<\/strong> L\u2019acc\u00e9s pot realitzar-se des de graus d\u2019Arts i Humanitats i de Ci\u00e8ncies Socials: Belles Arts, Arquitectura, Fotografia, Cinema, M\u00fasica, Teatre, Dansa, Disseny Gr\u00e0fic, T\u00e8xtil, etc.; i altres titulacions oficials relacionades amb la creaci\u00f3 d\u2019imatges art\u00edstiques amb impacte educatiu. Tamb\u00e9 \u00e9s possible accedir des de titulacions de Ci\u00e8ncies de l\u2019Educaci\u00f3 o estudis de Ci\u00e8ncies Socials com Sociologia, Antropologia o Cooperaci\u00f3 al Desenvolupament.[\/vc_column_text][\/vc_column][\/vc_row]\n<\/div>","protected":false},"excerpt":{"rendered":"[vc_row][vc_column][vc_column_text]Denominaci\u00f3: Arts i Educaci\u00f3 (programa interuniversitari amb menci\u00f3 de qualitat MCD2006-00074). Data de publicaci\u00f3 del t\u00edtol al BOE: 8 de mar\u00e7 de 2012 Cursos acad\u00e8mics d\u2019implantaci\u00f3 del t\u00edtol: 2008-2009 Universitats participants: Barcelona, Granada i Girona. \u00c0mbits d\u2019estudi: Humanitats, Ci\u00e8ncies Socials, Educaci\u00f3 i Arquitectura. Nombre m\u00e0xim d\u2019estudiants: 30 per universitat Tipus d\u2019ensenyament: Presencial. Lleng\u00fces utilitzades en [&#8230;]\n","protected":false},"author":2,"featured_media":0,"parent":0,"menu_order":0,"comment_status":"closed","ping_status":"open","template":"page-blank-title-center.php","meta":{"footnotes":""},"class_list":["post-5759","page","type-page","status-publish","hentry"],"yoast_head":"<!-- This site is optimized with the Yoast SEO plugin v20.5 - https:\/\/yoast.com\/wordpress\/plugins\/seo\/ -->\n<title>DADES IDENTIFICATIVES DEL T\u00cdTOL - Artes Visuales y Educaci\u00f3n<\/title>\n<meta name=\"description\" content=\"Dades del t\u00edtol: codis oficials, marc legal i detalls clau del M\u00e0ster en Arts Visuals i Educaci\u00f3 (UGR, UB, UdG). Informa-te&#039;n aqu\u00ed!\" \/>\n<meta name=\"robots\" content=\"index, follow, max-snippet:-1, max-image-preview:large, max-video-preview:-1\" \/>\n<link rel=\"canonical\" href=\"https:\/\/artes-visuales.org\/ca\/dades-identificatives-del-titol\/\" \/>\n<meta property=\"og:locale\" content=\"ca_ES\" \/>\n<meta property=\"og:type\" content=\"article\" \/>\n<meta property=\"og:title\" content=\"DADES IDENTIFICATIVES DEL T\u00cdTOL - Artes Visuales y Educaci\u00f3n\" \/>\n<meta property=\"og:description\" content=\"Dades del t\u00edtol: codis oficials, marc legal i detalls clau del M\u00e0ster en Arts Visuals i Educaci\u00f3 (UGR, UB, UdG). Informa-te&#039;n aqu\u00ed!\" \/>\n<meta property=\"og:url\" content=\"https:\/\/artes-visuales.org\/ca\/dades-identificatives-del-titol\/\" \/>\n<meta property=\"og:site_name\" content=\"Artes Visuales y Educaci\u00f3n\" \/>\n<meta property=\"article:modified_time\" content=\"2026-01-08T10:04:33+00:00\" \/>\n<meta name=\"twitter:card\" content=\"summary_large_image\" \/>\n<meta name=\"twitter:label1\" content=\"Temps estimat de lectura\" \/>\n\t<meta name=\"twitter:data1\" content=\"3 minuts\" \/>\n<script type=\"application\/ld+json\" class=\"yoast-schema-graph\">{\"@context\":\"https:\/\/schema.org\",\"@graph\":[{\"@type\":\"WebPage\",\"@id\":\"https:\/\/artes-visuales.org\/ca\/dades-identificatives-del-titol\/\",\"url\":\"https:\/\/artes-visuales.org\/ca\/dades-identificatives-del-titol\/\",\"name\":\"DADES IDENTIFICATIVES DEL T\u00cdTOL - Artes Visuales y Educaci\u00f3n\",\"isPartOf\":{\"@id\":\"https:\/\/artes-visuales.org\/#website\"},\"datePublished\":\"2015-09-10T08:37:55+00:00\",\"dateModified\":\"2026-01-08T10:04:33+00:00\",\"description\":\"Dades del t\u00edtol: codis oficials, marc legal i detalls clau del M\u00e0ster en Arts Visuals i Educaci\u00f3 (UGR, UB, UdG). Informa-te'n aqu\u00ed!\",\"breadcrumb\":{\"@id\":\"https:\/\/artes-visuales.org\/ca\/dades-identificatives-del-titol\/#breadcrumb\"},\"inLanguage\":\"ca\",\"potentialAction\":[{\"@type\":\"ReadAction\",\"target\":[\"https:\/\/artes-visuales.org\/ca\/dades-identificatives-del-titol\/\"]}]},{\"@type\":\"BreadcrumbList\",\"@id\":\"https:\/\/artes-visuales.org\/ca\/dades-identificatives-del-titol\/#breadcrumb\",\"itemListElement\":[{\"@type\":\"ListItem\",\"position\":1,\"name\":\"Portada\",\"item\":\"https:\/\/artes-visuales.org\/ca\/\"},{\"@type\":\"ListItem\",\"position\":2,\"name\":\"DADES IDENTIFICATIVES DEL T\u00cdTOL\"}]},{\"@type\":\"WebSite\",\"@id\":\"https:\/\/artes-visuales.org\/#website\",\"url\":\"https:\/\/artes-visuales.org\/\",\"name\":\"Artes Visuales y Educaci\u00f3n\",\"description\":\"M\u00e1ster UGR\",\"potentialAction\":[{\"@type\":\"SearchAction\",\"target\":{\"@type\":\"EntryPoint\",\"urlTemplate\":\"https:\/\/artes-visuales.org\/?s={search_term_string}\"},\"query-input\":\"required name=search_term_string\"}],\"inLanguage\":\"ca\"}]}<\/script>\n<!-- \/ Yoast SEO plugin. -->","yoast_head_json":{"title":"DADES IDENTIFICATIVES DEL T\u00cdTOL - Artes Visuales y Educaci\u00f3n","description":"Dades del t\u00edtol: codis oficials, marc legal i detalls clau del M\u00e0ster en Arts Visuals i Educaci\u00f3 (UGR, UB, UdG). Informa-te'n aqu\u00ed!","robots":{"index":"index","follow":"follow","max-snippet":"max-snippet:-1","max-image-preview":"max-image-preview:large","max-video-preview":"max-video-preview:-1"},"canonical":"https:\/\/artes-visuales.org\/ca\/dades-identificatives-del-titol\/","og_locale":"ca_ES","og_type":"article","og_title":"DADES IDENTIFICATIVES DEL T\u00cdTOL - Artes Visuales y Educaci\u00f3n","og_description":"Dades del t\u00edtol: codis oficials, marc legal i detalls clau del M\u00e0ster en Arts Visuals i Educaci\u00f3 (UGR, UB, UdG). Informa-te'n aqu\u00ed!","og_url":"https:\/\/artes-visuales.org\/ca\/dades-identificatives-del-titol\/","og_site_name":"Artes Visuales y Educaci\u00f3n","article_modified_time":"2026-01-08T10:04:33+00:00","twitter_card":"summary_large_image","twitter_misc":{"Temps estimat de lectura":"3 minuts"},"schema":{"@context":"https:\/\/schema.org","@graph":[{"@type":"WebPage","@id":"https:\/\/artes-visuales.org\/ca\/dades-identificatives-del-titol\/","url":"https:\/\/artes-visuales.org\/ca\/dades-identificatives-del-titol\/","name":"DADES IDENTIFICATIVES DEL T\u00cdTOL - Artes Visuales y Educaci\u00f3n","isPartOf":{"@id":"https:\/\/artes-visuales.org\/#website"},"datePublished":"2015-09-10T08:37:55+00:00","dateModified":"2026-01-08T10:04:33+00:00","description":"Dades del t\u00edtol: codis oficials, marc legal i detalls clau del M\u00e0ster en Arts Visuals i Educaci\u00f3 (UGR, UB, UdG). Informa-te'n aqu\u00ed!","breadcrumb":{"@id":"https:\/\/artes-visuales.org\/ca\/dades-identificatives-del-titol\/#breadcrumb"},"inLanguage":"ca","potentialAction":[{"@type":"ReadAction","target":["https:\/\/artes-visuales.org\/ca\/dades-identificatives-del-titol\/"]}]},{"@type":"BreadcrumbList","@id":"https:\/\/artes-visuales.org\/ca\/dades-identificatives-del-titol\/#breadcrumb","itemListElement":[{"@type":"ListItem","position":1,"name":"Portada","item":"https:\/\/artes-visuales.org\/ca\/"},{"@type":"ListItem","position":2,"name":"DADES IDENTIFICATIVES DEL T\u00cdTOL"}]},{"@type":"WebSite","@id":"https:\/\/artes-visuales.org\/#website","url":"https:\/\/artes-visuales.org\/","name":"Artes Visuales y Educaci\u00f3n","description":"M\u00e1ster UGR","potentialAction":[{"@type":"SearchAction","target":{"@type":"EntryPoint","urlTemplate":"https:\/\/artes-visuales.org\/?s={search_term_string}"},"query-input":"required name=search_term_string"}],"inLanguage":"ca"}]}},"_links":{"self":[{"href":"https:\/\/artes-visuales.org\/ca\/wp-json\/wp\/v2\/pages\/5759","targetHints":{"allow":["GET"]}}],"collection":[{"href":"https:\/\/artes-visuales.org\/ca\/wp-json\/wp\/v2\/pages"}],"about":[{"href":"https:\/\/artes-visuales.org\/ca\/wp-json\/wp\/v2\/types\/page"}],"author":[{"embeddable":true,"href":"https:\/\/artes-visuales.org\/ca\/wp-json\/wp\/v2\/users\/2"}],"replies":[{"embeddable":true,"href":"https:\/\/artes-visuales.org\/ca\/wp-json\/wp\/v2\/comments?post=5759"}],"version-history":[{"count":6,"href":"https:\/\/artes-visuales.org\/ca\/wp-json\/wp\/v2\/pages\/5759\/revisions"}],"predecessor-version":[{"id":5892,"href":"https:\/\/artes-visuales.org\/ca\/wp-json\/wp\/v2\/pages\/5759\/revisions\/5892"}],"wp:attachment":[{"href":"https:\/\/artes-visuales.org\/ca\/wp-json\/wp\/v2\/media?parent=5759"}],"curies":[{"name":"wp","href":"https:\/\/api.w.org\/{rel}","templated":true}]}}