{"id":5756,"date":"2015-09-10T08:31:29","date_gmt":"2015-09-10T08:31:29","guid":{"rendered":"https:\/\/artes-visuales.org\/introduccion\/"},"modified":"2026-01-08T10:05:09","modified_gmt":"2026-01-08T10:05:09","slug":"introduccio","status":"publish","type":"page","link":"https:\/\/artes-visuales.org\/ca\/introduccio\/","title":{"rendered":"INTRODUCCI\u00d3"},"content":{"rendered":"<p style=\"text-align: justify;\">El postgrau interuniversitari &#8220;Arts i Educaci\u00f3&#8221; est\u00e0 format pel M\u00e0ster &#8220;Arts Visuals i Educaci\u00f3: Un Enfocament Construccionista&#8221;. El seu objectiu \u00e9s formar l\u2019alumnat de postgrau en una doble vessant professionalitzadora i investigadora, en all\u00f2 relacionat amb la pedagogia i la did\u00e0ctica de les arts visuals i la seva repercussi\u00f3 en \u00e0mbits educatius formals i no formals.<\/p>\n<p style=\"text-align: justify;\">El programa s\u2019ofereix a les Universitats de Granada, Barcelona i Girona i compta amb professorat de les tres universitats, aix\u00ed com amb professors\/es convidats\/des de diverses universitats d\u2019Europa i Am\u00e8rica. Es tracta d\u2019un programa que prov\u00e9 d\u2019un Doctorat amb Menci\u00f3 de Qualitat que ha superat els controls de qualitat per configurar-se com l\u2019\u00fanic referent a l\u2019Estat espanyol relacionat amb aquesta tem\u00e0tica i un dels pocs a Europa. El programa est\u00e0 adre\u00e7at a titulats\/des en Arquitectura i Llicenciats\/des o Graduats\/des en Belles Arts, Comunicaci\u00f3 Audiovisual, Hist\u00f2ria, Hist\u00f2ria de l\u2019Art, Hist\u00f2ria i Ci\u00e8ncies de la M\u00fasica, Pedagogia i Psicopedagogia.<\/p>\n","protected":false},"excerpt":{"rendered":"<p>El postgrau interuniversitari &#8220;Arts i Educaci\u00f3&#8221; est\u00e0 format pel M\u00e0ster &#8220;Arts Visuals i Educaci\u00f3: Un Enfocament Construccionista&#8221;. El seu objectiu \u00e9s formar l\u2019alumnat de postgrau en una doble vessant professionalitzadora i investigadora, en all\u00f2 relacionat amb la pedagogia i la did\u00e0ctica de les arts visuals i la seva repercussi\u00f3 en \u00e0mbits educatius formals i no [&#8230;]\n","protected":false},"author":2,"featured_media":0,"parent":0,"menu_order":0,"comment_status":"closed","ping_status":"open","template":"page-blank-title-center.php","meta":{"footnotes":""},"class_list":["post-5756","page","type-page","status-publish","hentry"],"yoast_head":"<!-- This site is optimized with the Yoast SEO plugin v20.5 - https:\/\/yoast.com\/wordpress\/plugins\/seo\/ -->\n<title>INTRODUCCI\u00d3 - Artes Visuales y Educaci\u00f3n<\/title>\n<meta name=\"description\" content=\"Introducci\u00f3: Descobreix el M\u00e0ster en Arts Visuals i Educaci\u00f3. Un programa interuniversitari de recerca i pr\u00e0ctica art\u00edstica. Uneix-te!\" \/>\n<meta name=\"robots\" content=\"index, follow, max-snippet:-1, max-image-preview:large, max-video-preview:-1\" \/>\n<link rel=\"canonical\" href=\"https:\/\/artes-visuales.org\/ca\/introduccio\/\" \/>\n<meta property=\"og:locale\" content=\"ca_ES\" \/>\n<meta property=\"og:type\" content=\"article\" \/>\n<meta property=\"og:title\" content=\"INTRODUCCI\u00d3 - Artes Visuales y Educaci\u00f3n\" \/>\n<meta property=\"og:description\" content=\"Introducci\u00f3: Descobreix el M\u00e0ster en Arts Visuals i Educaci\u00f3. Un programa interuniversitari de recerca i pr\u00e0ctica art\u00edstica. Uneix-te!\" \/>\n<meta property=\"og:url\" content=\"https:\/\/artes-visuales.org\/ca\/introduccio\/\" \/>\n<meta property=\"og:site_name\" content=\"Artes Visuales y Educaci\u00f3n\" \/>\n<meta property=\"article:modified_time\" content=\"2026-01-08T10:05:09+00:00\" \/>\n<meta name=\"twitter:card\" content=\"summary_large_image\" \/>\n<meta name=\"twitter:label1\" content=\"Temps estimat de lectura\" \/>\n\t<meta name=\"twitter:data1\" content=\"1 minut\" \/>\n<script type=\"application\/ld+json\" class=\"yoast-schema-graph\">{\"@context\":\"https:\/\/schema.org\",\"@graph\":[{\"@type\":\"WebPage\",\"@id\":\"https:\/\/artes-visuales.org\/ca\/introduccio\/\",\"url\":\"https:\/\/artes-visuales.org\/ca\/introduccio\/\",\"name\":\"INTRODUCCI\u00d3 - Artes Visuales y Educaci\u00f3n\",\"isPartOf\":{\"@id\":\"https:\/\/artes-visuales.org\/#website\"},\"datePublished\":\"2015-09-10T08:31:29+00:00\",\"dateModified\":\"2026-01-08T10:05:09+00:00\",\"description\":\"Introducci\u00f3: Descobreix el M\u00e0ster en Arts Visuals i Educaci\u00f3. Un programa interuniversitari de recerca i pr\u00e0ctica art\u00edstica. Uneix-te!\",\"breadcrumb\":{\"@id\":\"https:\/\/artes-visuales.org\/ca\/introduccio\/#breadcrumb\"},\"inLanguage\":\"ca\",\"potentialAction\":[{\"@type\":\"ReadAction\",\"target\":[\"https:\/\/artes-visuales.org\/ca\/introduccio\/\"]}]},{\"@type\":\"BreadcrumbList\",\"@id\":\"https:\/\/artes-visuales.org\/ca\/introduccio\/#breadcrumb\",\"itemListElement\":[{\"@type\":\"ListItem\",\"position\":1,\"name\":\"Portada\",\"item\":\"https:\/\/artes-visuales.org\/ca\/\"},{\"@type\":\"ListItem\",\"position\":2,\"name\":\"INTRODUCCI\u00d3\"}]},{\"@type\":\"WebSite\",\"@id\":\"https:\/\/artes-visuales.org\/#website\",\"url\":\"https:\/\/artes-visuales.org\/\",\"name\":\"Artes Visuales y Educaci\u00f3n\",\"description\":\"M\u00e1ster UGR\",\"potentialAction\":[{\"@type\":\"SearchAction\",\"target\":{\"@type\":\"EntryPoint\",\"urlTemplate\":\"https:\/\/artes-visuales.org\/?s={search_term_string}\"},\"query-input\":\"required name=search_term_string\"}],\"inLanguage\":\"ca\"}]}<\/script>\n<!-- \/ Yoast SEO plugin. -->","yoast_head_json":{"title":"INTRODUCCI\u00d3 - Artes Visuales y Educaci\u00f3n","description":"Introducci\u00f3: Descobreix el M\u00e0ster en Arts Visuals i Educaci\u00f3. Un programa interuniversitari de recerca i pr\u00e0ctica art\u00edstica. Uneix-te!","robots":{"index":"index","follow":"follow","max-snippet":"max-snippet:-1","max-image-preview":"max-image-preview:large","max-video-preview":"max-video-preview:-1"},"canonical":"https:\/\/artes-visuales.org\/ca\/introduccio\/","og_locale":"ca_ES","og_type":"article","og_title":"INTRODUCCI\u00d3 - Artes Visuales y Educaci\u00f3n","og_description":"Introducci\u00f3: Descobreix el M\u00e0ster en Arts Visuals i Educaci\u00f3. Un programa interuniversitari de recerca i pr\u00e0ctica art\u00edstica. Uneix-te!","og_url":"https:\/\/artes-visuales.org\/ca\/introduccio\/","og_site_name":"Artes Visuales y Educaci\u00f3n","article_modified_time":"2026-01-08T10:05:09+00:00","twitter_card":"summary_large_image","twitter_misc":{"Temps estimat de lectura":"1 minut"},"schema":{"@context":"https:\/\/schema.org","@graph":[{"@type":"WebPage","@id":"https:\/\/artes-visuales.org\/ca\/introduccio\/","url":"https:\/\/artes-visuales.org\/ca\/introduccio\/","name":"INTRODUCCI\u00d3 - Artes Visuales y Educaci\u00f3n","isPartOf":{"@id":"https:\/\/artes-visuales.org\/#website"},"datePublished":"2015-09-10T08:31:29+00:00","dateModified":"2026-01-08T10:05:09+00:00","description":"Introducci\u00f3: Descobreix el M\u00e0ster en Arts Visuals i Educaci\u00f3. Un programa interuniversitari de recerca i pr\u00e0ctica art\u00edstica. Uneix-te!","breadcrumb":{"@id":"https:\/\/artes-visuales.org\/ca\/introduccio\/#breadcrumb"},"inLanguage":"ca","potentialAction":[{"@type":"ReadAction","target":["https:\/\/artes-visuales.org\/ca\/introduccio\/"]}]},{"@type":"BreadcrumbList","@id":"https:\/\/artes-visuales.org\/ca\/introduccio\/#breadcrumb","itemListElement":[{"@type":"ListItem","position":1,"name":"Portada","item":"https:\/\/artes-visuales.org\/ca\/"},{"@type":"ListItem","position":2,"name":"INTRODUCCI\u00d3"}]},{"@type":"WebSite","@id":"https:\/\/artes-visuales.org\/#website","url":"https:\/\/artes-visuales.org\/","name":"Artes Visuales y Educaci\u00f3n","description":"M\u00e1ster UGR","potentialAction":[{"@type":"SearchAction","target":{"@type":"EntryPoint","urlTemplate":"https:\/\/artes-visuales.org\/?s={search_term_string}"},"query-input":"required name=search_term_string"}],"inLanguage":"ca"}]}},"_links":{"self":[{"href":"https:\/\/artes-visuales.org\/ca\/wp-json\/wp\/v2\/pages\/5756","targetHints":{"allow":["GET"]}}],"collection":[{"href":"https:\/\/artes-visuales.org\/ca\/wp-json\/wp\/v2\/pages"}],"about":[{"href":"https:\/\/artes-visuales.org\/ca\/wp-json\/wp\/v2\/types\/page"}],"author":[{"embeddable":true,"href":"https:\/\/artes-visuales.org\/ca\/wp-json\/wp\/v2\/users\/2"}],"replies":[{"embeddable":true,"href":"https:\/\/artes-visuales.org\/ca\/wp-json\/wp\/v2\/comments?post=5756"}],"version-history":[{"count":2,"href":"https:\/\/artes-visuales.org\/ca\/wp-json\/wp\/v2\/pages\/5756\/revisions"}],"predecessor-version":[{"id":5758,"href":"https:\/\/artes-visuales.org\/ca\/wp-json\/wp\/v2\/pages\/5756\/revisions\/5758"}],"wp:attachment":[{"href":"https:\/\/artes-visuales.org\/ca\/wp-json\/wp\/v2\/media?parent=5756"}],"curies":[{"name":"wp","href":"https:\/\/api.w.org\/{rel}","templated":true}]}}