{"id":5564,"date":"2015-06-03T11:24:44","date_gmt":"2015-06-03T11:24:44","guid":{"rendered":"https:\/\/artes-visuales.org\/inicio\/"},"modified":"2026-02-05T13:10:50","modified_gmt":"2026-02-05T13:10:50","slug":"inicio","status":"publish","type":"page","link":"https:\/\/artes-visuales.org\/ca\/","title":{"rendered":"INICI"},"content":{"rendered":"<div class=\"wpb-content-wrapper\">[vc_row][vc_column]\n\t\t\t<!-- START Slider catal\u00e1n REVOLUTION SLIDER 6.6.13 --><p class=\"rs-p-wp-fix\"><\/p>\n\t\t\t<rs-module-wrap id=\"rev_slider_4_1_wrapper\" data-source=\"gallery\" style=\"visibility:hidden;background:transparent;padding:0;margin:0px auto;margin-top:0;margin-bottom:0;\">\n\t\t\t\t<rs-module id=\"rev_slider_4_1\" style=\"\" data-version=\"6.6.13\">\n\t\t\t\t\t<rs-slides style=\"overflow: hidden; position: absolute;\">\n\t\t\t\t\t\t<rs-slide style=\"position: absolute;\" data-key=\"rs-8\" data-title=\"Slide\" data-thumb=\"\/\/artes-visuales.org\/wp-content\/uploads\/2015\/06\/master-artes-visuales-slide1-50x100.jpg\" data-in=\"o:0;\" data-out=\"a:false;\">\n\t\t\t\t\t\t\t<img decoding=\"async\" src=\"\/\/artes-visuales.org\/wp-content\/plugins\/revslider\/public\/assets\/assets\/dummy.png\" alt=\"\" title=\"master artes visuales slide1\" width=\"1500\" height=\"587\" class=\"rev-slidebg tp-rs-img rs-lazyload\" data-lazyload=\"\/\/artes-visuales.org\/wp-content\/uploads\/2015\/06\/master-artes-visuales-slide1.jpg\" data-no-retina>\n<!--\n\t\t\t\t\t\t\t--><rs-layer\n\t\t\t\t\t\t\t\tid=\"slider-4-slide-8-layer-0\" \n\t\t\t\t\t\t\t\tdata-type=\"text\"\n\t\t\t\t\t\t\t\tdata-color=\"#fff\"\n\t\t\t\t\t\t\t\tdata-rsp_ch=\"on\"\n\t\t\t\t\t\t\t\tdata-xy=\"xo:116px,121px,206px,71px;yo:204px,215px,146px,62px;\"\n\t\t\t\t\t\t\t\tdata-text=\"w:normal;s:50,59,60,56;l:50,71,72,66;fw:500,400,400,400;a:center;\"\n\t\t\t\t\t\t\t\tdata-dim=\"w:auto,auto,auto,356px;minh:0,none,none,none;\"\n\t\t\t\t\t\t\t\tdata-padding=\"t:11,12,12,11;r:11,12,12,11;b:11,12,12,11;l:11,12,12,11;\"\n\t\t\t\t\t\t\t\tdata-frame_0=\"x:left;\"\n\t\t\t\t\t\t\t\tdata-frame_1=\"sp:1000;\"\n\t\t\t\t\t\t\t\tdata-frame_999=\"o:0;st:w;\"\n\t\t\t\t\t\t\t\tstyle=\"z-index:5;background-color:rgba(58,58,58,0.44);font-family:'Arial';\"\n\t\t\t\t\t\t\t>ARTS<br \/>\nVISUALS I<br \/>\nEDUCACI\u00d3 \n\t\t\t\t\t\t\t<\/rs-layer><!--\n-->\t\t\t\t\t\t<\/rs-slide>\n\t\t\t\t\t\t<rs-slide style=\"position: absolute;\" data-key=\"rs-7\" data-title=\"Slide\" data-thumb=\"\/\/artes-visuales.org\/wp-content\/uploads\/2015\/09\/master-artes-visuales-slide2-50x100.jpg\" data-in=\"o:0;\" data-out=\"a:false;\">\n\t\t\t\t\t\t\t<img decoding=\"async\" src=\"\/\/artes-visuales.org\/wp-content\/plugins\/revslider\/public\/assets\/assets\/dummy.png\" alt=\"\" title=\"master artes visuales slide2\" width=\"1500\" height=\"587\" class=\"rev-slidebg tp-rs-img rs-lazyload\" data-lazyload=\"\/\/artes-visuales.org\/wp-content\/uploads\/2015\/09\/master-artes-visuales-slide2.jpg\" data-no-retina>\n<!--\n\t\t\t\t\t\t\t--><rs-layer\n\t\t\t\t\t\t\t\tid=\"slider-4-slide-7-layer-0\" \n\t\t\t\t\t\t\t\tdata-type=\"text\"\n\t\t\t\t\t\t\t\tdata-color=\"#fff\"\n\t\t\t\t\t\t\t\tdata-rsp_ch=\"on\"\n\t\t\t\t\t\t\t\tdata-xy=\"xo:30px,44px,36px,29px;yo:330px,404px,171px,52px;\"\n\t\t\t\t\t\t\t\tdata-text=\"w:normal;s:50,56,65,44;l:50,56,65,44;fw:500,400,400,400;a:center;\"\n\t\t\t\t\t\t\t\tdata-dim=\"w:640,643,697,422;h:192,192,281,233;minh:0,none,none,none;\"\n\t\t\t\t\t\t\t\tdata-padding=\"t:10,9,10,7;r:10,9,10,7;b:10,9,10,7;l:10,9,10,7;\"\n\t\t\t\t\t\t\t\tdata-frame_0=\"x:left;\"\n\t\t\t\t\t\t\t\tdata-frame_1=\"sp:1000;\"\n\t\t\t\t\t\t\t\tdata-frame_999=\"o:0;st:w;\"\n\t\t\t\t\t\t\t\tstyle=\"z-index:5;background-color:rgba(58,58,58,0.44);font-family:'Arial';\"\n\t\t\t\t\t\t\t>CONNECTA LA TEVA<br \/>\nCREACI\u00d3 ART\u00cdSTICA<br \/>\nI LA TEVA RECERCA \n\t\t\t\t\t\t\t<\/rs-layer><!--\n-->\t\t\t\t\t\t<\/rs-slide>\n\t\t\t\t\t<\/rs-slides>\n\t\t\t\t<\/rs-module>\n\t\t\t\t<script>\n\t\t\t\t\tsetREVStartSize({c: 'rev_slider_4_1',rl:[1240,1024,778,480],el:[557,768,960,720],gw:[1000,1024,778,480],gh:[557,768,960,720],type:'standard',justify:'',layout:'fullwidth',mh:\"0\"});if (window.RS_MODULES!==undefined && window.RS_MODULES.modules!==undefined && window.RS_MODULES.modules[\"revslider41\"]!==undefined) {window.RS_MODULES.modules[\"revslider41\"].once = false;window.revapi4 = undefined;if (window.RS_MODULES.checkMinimal!==undefined) window.RS_MODULES.checkMinimal()}\n\t\t\t\t<\/script>\n\t\t\t<\/rs-module-wrap>\n\t\t\t<!-- END REVOLUTION SLIDER -->\n[\/vc_column][\/vc_row][vc_row css=&#8221;.vc_custom_1683792880278{padding-top: 7% !important;padding-bottom: 7% !important;}&#8221;][vc_column width=&#8221;1\/4&#8243; css=&#8221;.vc_custom_1683794114601{padding-left: 15% !important;}&#8221;][vc_interective_banner height=&#8221;block&#8221; link=&#8221;mega-int-box&#8221; effects=&#8221;banner-style13&#8243; title_size=&#8221;16&#8243; title=&#8221;INSCRIPCI\u00d3 I MATR\u00cdCULA&#8221; image_id=&#8221;4025&#8243; height_value=&#8221;180&#8243; title_clr=&#8221;#ffffff&#8221; title_bg=&#8221;#ca2f9c&#8221; url=&#8221;url:https%3A%2F%2Fartes-visuales.org%2Fca%2Finscripcio-i-matricula%2F|title:INSCRIPCI%C3%93%20I%20MATR%C3%8DCULA&#8221; alt=&#8221;Inscripci\u00f3n&#8221;][\/vc_column][vc_column width=&#8221;1\/4&#8243;][vc_interective_banner link=&#8221;mega-int-box&#8221; effects=&#8221;banner-style13&#8243; title_size=&#8221;16&#8243; title=&#8221;CALENDARI I ORGANITZACI\u00d3&#8221; image_id=&#8221;4043&#8243; title_clr=&#8221;#ffffff&#8221; title_bg=&#8221;#ca2f9c&#8221; url=&#8221;url:https%3A%2F%2Fartes-visuales.org%2Fca%2Fcalendari-i-organitzacio%2F|title:CALENDARI%20I%20ORGANITZACI%C3%93&#8243; alt=&#8221;CALENDARI I ORGANITZACI\u00d3&#8221;][\/vc_column][vc_column width=&#8221;1\/4&#8243;][vc_interective_banner link=&#8221;mega-int-box&#8221; effects=&#8221;banner-style13&#8243; title_size=&#8221;16&#8243; title=&#8221;PROJECTES ASSOCIATS&#8221; image_id=&#8221;4051&#8243; title_clr=&#8221;#ffffff&#8221; title_bg=&#8221;#ca2f9c&#8221; url=&#8221;url:https%3A%2F%2Fartes-visuales.org%2Fca%2Fproyectos-asociados%2F|title:PROJECTES%20ASSOCIATS&#8221; alt=&#8221;PROJECTES ASSOCIATS&#8221;][\/vc_column][vc_column width=&#8221;1\/4&#8243; css=&#8221;.vc_custom_1683794559062{padding-right: 15% !important;}&#8221;][vc_interective_banner height=&#8221;block&#8221; link=&#8221;mega-int-box&#8221; effects=&#8221;banner-style13&#8243; title_size=&#8221;16&#8243; desc_size=&#8221;16&#8243; title=&#8221;DOCTORAT&#8221; image_id=&#8221;4055&#8243; height_value=&#8221;180&#8243; title_clr=&#8221;#ffffff&#8221; title_bg=&#8221;#ca2f9c&#8221; url=&#8221;url:https%3A%2F%2Fdoctorados.ugr.es%2Farteducacion%2F|title:DOCTORAT&#8221; alt=&#8221;DOCTORAT&#8221;][\/vc_column][\/vc_row]\n<\/div>","protected":false},"excerpt":{"rendered":"[vc_row][vc_column][\/vc_column][\/vc_row][vc_row css=&#8221;.vc_custom_1683792880278{padding-top: 7% !important;padding-bottom: 7% !important;}&#8221;][vc_column width=&#8221;1\/4&#8243; css=&#8221;.vc_custom_1683794114601{padding-left: 15% !important;}&#8221;][vc_interective_banner height=&#8221;block&#8221; link=&#8221;mega-int-box&#8221; effects=&#8221;banner-style13&#8243; title_size=&#8221;16&#8243; title=&#8221;INSCRIPCI\u00d3 I MATR\u00cdCULA&#8221; image_id=&#8221;4025&#8243; height_value=&#8221;180&#8243; title_clr=&#8221;#ffffff&#8221; title_bg=&#8221;#ca2f9c&#8221; url=&#8221;url:https%3A%2F%2Fartes-visuales.org%2Fca%2Finscripcio-i-matricula%2F|title:INSCRIPCI%C3%93%20I%20MATR%C3%8DCULA&#8221; alt=&#8221;Inscripci\u00f3n&#8221;][\/vc_column][vc_column width=&#8221;1\/4&#8243;][vc_interective_banner link=&#8221;mega-int-box&#8221; effects=&#8221;banner-style13&#8243; title_size=&#8221;16&#8243; title=&#8221;CALENDARI I ORGANITZACI\u00d3&#8221; image_id=&#8221;4043&#8243; title_clr=&#8221;#ffffff&#8221; title_bg=&#8221;#ca2f9c&#8221; url=&#8221;url:https%3A%2F%2Fartes-visuales.org%2Fca%2Fcalendari-i-organitzacio%2F|title:CALENDARI%20I%20ORGANITZACI%C3%93&#8243; alt=&#8221;CALENDARI I ORGANITZACI\u00d3&#8221;][\/vc_column][vc_column width=&#8221;1\/4&#8243;][vc_interective_banner link=&#8221;mega-int-box&#8221; effects=&#8221;banner-style13&#8243; title_size=&#8221;16&#8243; title=&#8221;PROJECTES ASSOCIATS&#8221; image_id=&#8221;4051&#8243; title_clr=&#8221;#ffffff&#8221; title_bg=&#8221;#ca2f9c&#8221; url=&#8221;url:https%3A%2F%2Fartes-visuales.org%2Fca%2Fproyectos-asociados%2F|title:PROJECTES%20ASSOCIATS&#8221; alt=&#8221;PROJECTES ASSOCIATS&#8221;][\/vc_column][vc_column width=&#8221;1\/4&#8243; css=&#8221;.vc_custom_1683794559062{padding-right: 15% !important;}&#8221;][vc_interective_banner height=&#8221;block&#8221; link=&#8221;mega-int-box&#8221; [&#8230;]\n","protected":false},"author":2,"featured_media":0,"parent":0,"menu_order":0,"comment_status":"closed","ping_status":"open","template":"page-blank.php","meta":{"footnotes":""},"class_list":["post-5564","page","type-page","status-publish","hentry"],"yoast_head":"<!-- This site is optimized with the Yoast SEO plugin v20.5 - https:\/\/yoast.com\/wordpress\/plugins\/seo\/ -->\n<title>M\u00e1ster de Artes Visuales y Educaci\u00f3n<\/title>\n<meta name=\"description\" content=\"Web del M\u00e1ster Oficial de Artes Visuales y Educaci\u00f3n de la UGR, UBU y UdG. M\u00e1ster de Artes Visuales y Educaci\u00f3n: Un enfoque construccionista.\" \/>\n<meta name=\"robots\" content=\"index, follow, max-snippet:-1, max-image-preview:large, max-video-preview:-1\" \/>\n<link rel=\"canonical\" href=\"https:\/\/artes-visuales.org\/ca\/\" \/>\n<meta property=\"og:locale\" content=\"ca_ES\" \/>\n<meta property=\"og:type\" content=\"article\" \/>\n<meta property=\"og:title\" content=\"M\u00e1ster de Artes Visuales y Educaci\u00f3n\" \/>\n<meta property=\"og:description\" content=\"Web del M\u00e1ster Oficial de Artes Visuales y Educaci\u00f3n de la UGR, UBU y UdG. M\u00e1ster de Artes Visuales y Educaci\u00f3n: Un enfoque construccionista.\" \/>\n<meta property=\"og:url\" content=\"https:\/\/artes-visuales.org\/ca\/\" \/>\n<meta property=\"og:site_name\" content=\"Artes Visuales y Educaci\u00f3n\" \/>\n<meta property=\"article:modified_time\" content=\"2026-02-05T13:10:50+00:00\" \/>\n<meta name=\"twitter:card\" content=\"summary_large_image\" \/>\n<meta name=\"twitter:label1\" content=\"Temps estimat de lectura\" \/>\n\t<meta name=\"twitter:data1\" content=\"1 minut\" \/>\n<script type=\"application\/ld+json\" class=\"yoast-schema-graph\">{\"@context\":\"https:\/\/schema.org\",\"@graph\":[{\"@type\":\"WebPage\",\"@id\":\"https:\/\/artes-visuales.org\/ca\/\",\"url\":\"https:\/\/artes-visuales.org\/ca\/\",\"name\":\"M\u00e1ster de Artes Visuales y Educaci\u00f3n\",\"isPartOf\":{\"@id\":\"https:\/\/artes-visuales.org\/#website\"},\"datePublished\":\"2015-06-03T11:24:44+00:00\",\"dateModified\":\"2026-02-05T13:10:50+00:00\",\"description\":\"Web del M\u00e1ster Oficial de Artes Visuales y Educaci\u00f3n de la UGR, UBU y UdG. M\u00e1ster de Artes Visuales y Educaci\u00f3n: Un enfoque construccionista.\",\"breadcrumb\":{\"@id\":\"https:\/\/artes-visuales.org\/ca\/#breadcrumb\"},\"inLanguage\":\"ca\",\"potentialAction\":[{\"@type\":\"ReadAction\",\"target\":[\"https:\/\/artes-visuales.org\/ca\/\"]}]},{\"@type\":\"BreadcrumbList\",\"@id\":\"https:\/\/artes-visuales.org\/ca\/#breadcrumb\",\"itemListElement\":[{\"@type\":\"ListItem\",\"position\":1,\"name\":\"Portada\",\"item\":\"https:\/\/artes-visuales.org\/ca\/\"},{\"@type\":\"ListItem\",\"position\":2,\"name\":\"INICI\"}]},{\"@type\":\"WebSite\",\"@id\":\"https:\/\/artes-visuales.org\/#website\",\"url\":\"https:\/\/artes-visuales.org\/\",\"name\":\"Artes Visuales y Educaci\u00f3n\",\"description\":\"M\u00e1ster UGR\",\"potentialAction\":[{\"@type\":\"SearchAction\",\"target\":{\"@type\":\"EntryPoint\",\"urlTemplate\":\"https:\/\/artes-visuales.org\/?s={search_term_string}\"},\"query-input\":\"required name=search_term_string\"}],\"inLanguage\":\"ca\"}]}<\/script>\n<!-- \/ Yoast SEO plugin. -->","yoast_head_json":{"title":"M\u00e1ster de Artes Visuales y Educaci\u00f3n","description":"Web del M\u00e1ster Oficial de Artes Visuales y Educaci\u00f3n de la UGR, UBU y UdG. M\u00e1ster de Artes Visuales y Educaci\u00f3n: Un enfoque construccionista.","robots":{"index":"index","follow":"follow","max-snippet":"max-snippet:-1","max-image-preview":"max-image-preview:large","max-video-preview":"max-video-preview:-1"},"canonical":"https:\/\/artes-visuales.org\/ca\/","og_locale":"ca_ES","og_type":"article","og_title":"M\u00e1ster de Artes Visuales y Educaci\u00f3n","og_description":"Web del M\u00e1ster Oficial de Artes Visuales y Educaci\u00f3n de la UGR, UBU y UdG. M\u00e1ster de Artes Visuales y Educaci\u00f3n: Un enfoque construccionista.","og_url":"https:\/\/artes-visuales.org\/ca\/","og_site_name":"Artes Visuales y Educaci\u00f3n","article_modified_time":"2026-02-05T13:10:50+00:00","twitter_card":"summary_large_image","twitter_misc":{"Temps estimat de lectura":"1 minut"},"schema":{"@context":"https:\/\/schema.org","@graph":[{"@type":"WebPage","@id":"https:\/\/artes-visuales.org\/ca\/","url":"https:\/\/artes-visuales.org\/ca\/","name":"M\u00e1ster de Artes Visuales y Educaci\u00f3n","isPartOf":{"@id":"https:\/\/artes-visuales.org\/#website"},"datePublished":"2015-06-03T11:24:44+00:00","dateModified":"2026-02-05T13:10:50+00:00","description":"Web del M\u00e1ster Oficial de Artes Visuales y Educaci\u00f3n de la UGR, UBU y UdG. M\u00e1ster de Artes Visuales y Educaci\u00f3n: Un enfoque construccionista.","breadcrumb":{"@id":"https:\/\/artes-visuales.org\/ca\/#breadcrumb"},"inLanguage":"ca","potentialAction":[{"@type":"ReadAction","target":["https:\/\/artes-visuales.org\/ca\/"]}]},{"@type":"BreadcrumbList","@id":"https:\/\/artes-visuales.org\/ca\/#breadcrumb","itemListElement":[{"@type":"ListItem","position":1,"name":"Portada","item":"https:\/\/artes-visuales.org\/ca\/"},{"@type":"ListItem","position":2,"name":"INICI"}]},{"@type":"WebSite","@id":"https:\/\/artes-visuales.org\/#website","url":"https:\/\/artes-visuales.org\/","name":"Artes Visuales y Educaci\u00f3n","description":"M\u00e1ster UGR","potentialAction":[{"@type":"SearchAction","target":{"@type":"EntryPoint","urlTemplate":"https:\/\/artes-visuales.org\/?s={search_term_string}"},"query-input":"required name=search_term_string"}],"inLanguage":"ca"}]}},"_links":{"self":[{"href":"https:\/\/artes-visuales.org\/ca\/wp-json\/wp\/v2\/pages\/5564","targetHints":{"allow":["GET"]}}],"collection":[{"href":"https:\/\/artes-visuales.org\/ca\/wp-json\/wp\/v2\/pages"}],"about":[{"href":"https:\/\/artes-visuales.org\/ca\/wp-json\/wp\/v2\/types\/page"}],"author":[{"embeddable":true,"href":"https:\/\/artes-visuales.org\/ca\/wp-json\/wp\/v2\/users\/2"}],"replies":[{"embeddable":true,"href":"https:\/\/artes-visuales.org\/ca\/wp-json\/wp\/v2\/comments?post=5564"}],"version-history":[{"count":10,"href":"https:\/\/artes-visuales.org\/ca\/wp-json\/wp\/v2\/pages\/5564\/revisions"}],"predecessor-version":[{"id":6266,"href":"https:\/\/artes-visuales.org\/ca\/wp-json\/wp\/v2\/pages\/5564\/revisions\/6266"}],"wp:attachment":[{"href":"https:\/\/artes-visuales.org\/ca\/wp-json\/wp\/v2\/media?parent=5564"}],"curies":[{"name":"wp","href":"https:\/\/api.w.org\/{rel}","templated":true}]}}